{"id":297,"date":"2019-04-08T15:19:40","date_gmt":"2019-04-08T18:19:40","guid":{"rendered":"https:\/\/www.ufsm.br\/cursos\/pos-graduacao\/santa-maria\/ppgee\/?page_id=297"},"modified":"2023-06-14T15:36:42","modified_gmt":"2023-06-14T18:36:42","slug":"defesa-fechada-ao-publico","status":"publish","type":"page","link":"https:\/\/www.ufsm.br\/cursos\/pos-graduacao\/santa-maria\/ppgee\/defesa-fechada-ao-publico","title":{"rendered":"Defesa Fechada ao P\u00fablico"},"content":{"rendered":"\n<p>O trabalho de conclus\u00e3o, disserta\u00e7\u00e3o e tese, bem como, o exame de qualifica\u00e7\u00e3o dever\u00e3o ser realizados publicamente, exceto, no caso de conter informa\u00e7\u00f5es sigilosas no projeto de pesquisa. Neste caso, dever\u00e3o ser fechados ao p\u00fablico e os membros da comiss\u00e3o examinadora, externos ao programa, exercer\u00e3o suas atividades mediante assinatura do termo de confidencialidade e sigilo (<a href=\"https:\/\/www.ufsm.br\/orgaos-executivos\/agittec\/wp-content\/uploads\/sites\/399\/2019\/07\/Termo-de-confidencialidade-e-sigilo-banca-1.docx\">Clique aqui para visualizar o documento<\/a>) que ficar\u00e1 de posse da coordena\u00e7\u00e3o do respectivo programa, conforme previsto na Resolu\u00e7\u00e3o N. 015\/2014, que aprova o Regimento Geral da P\u00f3s-Gradua\u00e7\u00e3o Stricto Sensu e Lato Sensu da Universidade Federal de Santa Maria.<\/p>\n<p>\u00c9 de responsabilidade do discente a abertura online do processo de defesa fechada (<a href=\"https:\/\/www.ufsm.br\/orgaos-executivos\/agittec\/wp-content\/uploads\/sites\/399\/2020\/04\/Passo-a-Passo-Defesa-Fechada.pdf\">verificar passo a passo<\/a>). Para que a solicita\u00e7\u00e3o de defesa fechada seja deferida \u00e9 necess\u00e1rio que o requerente protocole junto \u00e0 Ag\u00eancia de Inova\u00e7\u00e3o e Transfer\u00eancia de Tecnologia processo de comunicado de inven\u00e7\u00e3o.<\/p>\n<p>\u00a0<\/p>\n<p>Mais informa\u00e7\u00f5es:<\/p>\n<p><a href=\"https:\/\/www.ufsm.br\/pro-reitorias\/proinova\/defesa-fechada-3\" target=\"_blank\" rel=\"noopener\">https:\/\/www.ufsm.br\/pro-reitorias\/proinova\/defesa-fechada-3<\/a><br \/>PROINOVA &#8211; Pr\u00f3-Reitoria de Inova\u00e7\u00e3o e Empreendedorismo<br \/>Fone: 55 3220 8887<br \/>proinova@ufsm.br<\/p>\n<p>\u00a0<\/p>\n","protected":false},"excerpt":{"rendered":"<p>O trabalho de conclus\u00e3o, disserta\u00e7\u00e3o e tese, bem como, o exame de qualifica\u00e7\u00e3o dever\u00e3o ser realizados publicamente, exceto, no caso de conter informa\u00e7\u00f5es sigilosas no projeto de pesquisa. Neste caso, dever\u00e3o ser fechados ao p\u00fablico e os membros da comiss\u00e3o examinadora, externos ao programa, exercer\u00e3o suas atividades mediante assinatura do termo de confidencialidade e sigilo [&hellip;]<\/p>\n","protected":false},"author":115,"featured_media":0,"parent":0,"menu_order":0,"comment_status":"closed","ping_status":"closed","template":"","meta":{"footnotes":""},"categories":[],"tags":[],"class_list":["post-297","page","type-page","status-publish","hentry"],"acf":[],"_links":{"self":[{"href":"https:\/\/www.ufsm.br\/cursos\/pos-graduacao\/santa-maria\/ppgee\/wp-json\/wp\/v2\/pages\/297","targetHints":{"allow":["GET"]}}],"collection":[{"href":"https:\/\/www.ufsm.br\/cursos\/pos-graduacao\/santa-maria\/ppgee\/wp-json\/wp\/v2\/pages"}],"about":[{"href":"https:\/\/www.ufsm.br\/cursos\/pos-graduacao\/santa-maria\/ppgee\/wp-json\/wp\/v2\/types\/page"}],"author":[{"embeddable":true,"href":"https:\/\/www.ufsm.br\/cursos\/pos-graduacao\/santa-maria\/ppgee\/wp-json\/wp\/v2\/users\/115"}],"replies":[{"embeddable":true,"href":"https:\/\/www.ufsm.br\/cursos\/pos-graduacao\/santa-maria\/ppgee\/wp-json\/wp\/v2\/comments?post=297"}],"version-history":[{"count":0,"href":"https:\/\/www.ufsm.br\/cursos\/pos-graduacao\/santa-maria\/ppgee\/wp-json\/wp\/v2\/pages\/297\/revisions"}],"wp:attachment":[{"href":"https:\/\/www.ufsm.br\/cursos\/pos-graduacao\/santa-maria\/ppgee\/wp-json\/wp\/v2\/media?parent=297"}],"wp:term":[{"taxonomy":"category","embeddable":true,"href":"https:\/\/www.ufsm.br\/cursos\/pos-graduacao\/santa-maria\/ppgee\/wp-json\/wp\/v2\/categories?post=297"},{"taxonomy":"post_tag","embeddable":true,"href":"https:\/\/www.ufsm.br\/cursos\/pos-graduacao\/santa-maria\/ppgee\/wp-json\/wp\/v2\/tags?post=297"}],"curies":[{"name":"wp","href":"https:\/\/api.w.org\/{rel}","templated":true}]}}