{"id":302,"date":"2019-04-08T15:24:38","date_gmt":"2019-04-08T18:24:38","guid":{"rendered":"https:\/\/www.ufsm.br\/cursos\/pos-graduacao\/santa-maria\/ppgee\/?page_id=302"},"modified":"2019-04-08T15:24:51","modified_gmt":"2019-04-08T18:24:51","slug":"reserva-de-sala-para-defesa","status":"publish","type":"page","link":"https:\/\/www.ufsm.br\/cursos\/pos-graduacao\/santa-maria\/ppgee\/reserva-de-sala-para-defesa","title":{"rendered":"Reserva de Sala para Defesa"},"content":{"rendered":"\n<p>Abaixo algumas op\u00e7\u00f5es para reserva de sala:<\/p>\n<p><strong>Audit\u00f3rio P\u00e9rcio Reis &#8211; 1\u00b0 piso do Centro de Tecnologia<\/strong><\/p>\n<p>Para o agendamento da sala o aluno deve verificar a disponibilidade no Portal de Agendamento da UFSM,\u00a0<a href=\"https:\/\/portal.ufsm.br\/agendamento\">https:\/\/portal.ufsm.br\/agendamento<\/a>, e ap\u00f3s, informar a Secretaria PPGEE, conforme consta em:\u00a0<a href=\"http:\/\/coral.ufsm.br\/ppgee\/index.php\/pt-br\/auxilios-financeiros\/banca\">http:\/\/coral.ufsm.br\/ppgee\/index.php\/pt-br\/auxilios-financeiros\/banca<\/a>.<\/p>\n<p>\u00a0<\/p>\n<p><strong>Sala 259 &#8211; Anexo A do Centro de Tecnologia &#8211; 2\u00b0 piso<\/strong><\/p>\n<p>Deve ser solicitada atrav\u00e9s do e-mail:\u00a0<span id=\"cloak50f462dbc7cd901dcb826d364d7a88bc\"><a href=\"mailto:ppgeeufsm@gmail.com\">ppgeeufsm@gmail.com<\/a><\/span>. Na solicita\u00e7\u00e3o deve constar as seguintes informa\u00e7\u00f5es: data, hor\u00e1rio, professor respons\u00e1vel e motivo (defesa de Tese\/Disserta\u00e7\u00e3o).<\/p>\n<p>A reserva fica condicionada \u00e0 disponibilidade da sala, que ser\u00e1 informada pela Secretaria PPGEE.<\/p>\n<p>\u00a0<\/p>\n<p><strong>Sala 355 &#8211; Audit\u00f3rio do Anexo A do Centro de Tecnologia \u2013 3\u00b0 piso<\/strong><\/p>\n<p>Para o agendamento da sala o aluno deve verificar a disponibilidade no Portal de Agendamento da UFSM,\u00a0<a href=\"https:\/\/portal.ufsm.br\/agendamento\">https:\/\/portal.ufsm.br\/agendamento<\/a>, e ap\u00f3s, informar a Secretaria PPGEE, conforme consta em:\u00a0<a href=\"http:\/\/coral.ufsm.br\/ppgee\/index.php\/pt-br\/auxilios-financeiros\/banca\">http:\/\/coral.ufsm.br\/ppgee\/index.php\/pt-br\/auxilios-financeiros\/banca<\/a>.<\/p>\n<p>\u00a0<\/p>\n<p><strong>Sala 2053 &#8211; Pr\u00e9dio do INPE &#8211; 2\u00b0 piso (ao lado da Secretaria PPGEE)<\/strong><\/p>\n<p>Deve ser solicitada atrav\u00e9s do e-mail:\u00a0<span id=\"cloaka32d03d74b8cbdff7b89ff9e8b3927a7\"><\/span><a href=\"mailto:ppgeeufsm@gmail.com\">ppgeeufsm@gmail.com<\/a>.\u00a0Na solicita\u00e7\u00e3o deve constar as seguintes informa\u00e7\u00f5es: data, hor\u00e1rio, professor respons\u00e1vel e motivo (defesa de Tese\/Disserta\u00e7\u00e3o).<\/p>\n<p>A reserva fica condicionada \u00e0 disponibilidade da sala, que ser\u00e1 informada pela Secretaria PPGEE.<\/p>\n<p>\u00a0<\/p>\n<p><strong>Sala de Videoconfer\u00eancia &#8211; CPD &#8211; Pr\u00e9dio 67 (ao lado da FATEC) e Pr\u00e9dio 48<\/strong><\/p>\n<p>O Centro de Processamento de Dados (CPD) possui tr\u00eas salas de videoconfer\u00eancia para a realiza\u00e7\u00e3o de defesas quando n\u00e3o \u00e9 poss\u00edvel que o membro externo da Comiss\u00e3o Examinadora esteja presente no dia da defesa.<\/p>\n<p>Para o agendamento da sala o aluno deve verificar a disponibilidade no Portal de Agendamento da UFSM,<a href=\"https:\/\/portal.ufsm.br\/agendamento\" target=\"_blank\" rel=\"noopener noreferrer\">https:\/\/portal.ufsm.br\/agendamento<\/a>, s\u00e3o 3 salas dispon\u00edveis:<\/p>\n<ul>\n<li>Pr\u00e9dio 67 &#8211; Sala de Apoio (Videoconfer\u00eancia)<\/li>\n<li>Pr\u00e9dio 67 &#8211; Sala Vip (Videoconfer\u00eancia)\u00a0<\/li>\n<li>Pr\u00e9dio 48 &#8211; Audit\u00f3rio do CPD (Videoconfer\u00eancia)<\/li>\n<\/ul>\n<p>Ap\u00f3s, informar a Secretaria PPGEE, conforme consta em:\u00a0<a href=\"http:\/\/coral.ufsm.br\/ppgee\/index.php\/pt-br\/auxilios-financeiros\/banca\">http:\/\/coral.ufsm.br\/ppgee\/index.php\/pt-br\/auxilios-financeiros\/banca<\/a>.<\/p>\n<p>\u00a0<\/p>\n<p><strong>Sala de Videoconfer\u00eancia &#8211; Est\u00fadio SAB\/CTISM &#8211; Pr\u00e9dio 05E<\/strong><\/p>\n<p>O Est\u00fadio SAB\/CTISM possui uma sala de videoconfer\u00eancia para a realiza\u00e7\u00e3o de defesas quando n\u00e3o \u00e9 poss\u00edvel que o membro externo da Comiss\u00e3o Examinadora esteja presente no dia da defesa.<\/p>\n<p>Para o agendamento da sala o aluno deve verificar a disponibilidade no Portal de Agendamento da UFSM,<a href=\"https:\/\/portal.ufsm.br\/agendamento\">https:\/\/portal.ufsm.br\/agendamento<\/a>, e ap\u00f3s, informar a Secretaria PPGEE, conforme consta em:\u00a0<a href=\"http:\/\/coral.ufsm.br\/ppgee\/index.php\/pt-br\/auxilios-financeiros\/banca\">http:\/\/coral.ufsm.br\/ppgee\/index.php\/pt-br\/auxilios-financeiros\/banca<\/a>.<\/p>\n","protected":false},"excerpt":{"rendered":"<p>Abaixo algumas op\u00e7\u00f5es para reserva de sala: Audit\u00f3rio P\u00e9rcio Reis &#8211; 1\u00b0 piso do Centro de Tecnologia Para o agendamento da sala o aluno deve verificar a disponibilidade no Portal de Agendamento da UFSM,\u00a0https:\/\/portal.ufsm.br\/agendamento, e ap\u00f3s, informar a Secretaria PPGEE, conforme consta em:\u00a0http:\/\/coral.ufsm.br\/ppgee\/index.php\/pt-br\/auxilios-financeiros\/banca. \u00a0 Sala 259 &#8211; Anexo A do Centro de Tecnologia &#8211; 2\u00b0 [&hellip;]<\/p>\n","protected":false},"author":115,"featured_media":0,"parent":0,"menu_order":0,"comment_status":"closed","ping_status":"closed","template":"","meta":{"footnotes":""},"categories":[],"tags":[],"class_list":["post-302","page","type-page","status-publish","hentry"],"acf":[],"_links":{"self":[{"href":"https:\/\/www.ufsm.br\/cursos\/pos-graduacao\/santa-maria\/ppgee\/wp-json\/wp\/v2\/pages\/302","targetHints":{"allow":["GET"]}}],"collection":[{"href":"https:\/\/www.ufsm.br\/cursos\/pos-graduacao\/santa-maria\/ppgee\/wp-json\/wp\/v2\/pages"}],"about":[{"href":"https:\/\/www.ufsm.br\/cursos\/pos-graduacao\/santa-maria\/ppgee\/wp-json\/wp\/v2\/types\/page"}],"author":[{"embeddable":true,"href":"https:\/\/www.ufsm.br\/cursos\/pos-graduacao\/santa-maria\/ppgee\/wp-json\/wp\/v2\/users\/115"}],"replies":[{"embeddable":true,"href":"https:\/\/www.ufsm.br\/cursos\/pos-graduacao\/santa-maria\/ppgee\/wp-json\/wp\/v2\/comments?post=302"}],"version-history":[{"count":0,"href":"https:\/\/www.ufsm.br\/cursos\/pos-graduacao\/santa-maria\/ppgee\/wp-json\/wp\/v2\/pages\/302\/revisions"}],"wp:attachment":[{"href":"https:\/\/www.ufsm.br\/cursos\/pos-graduacao\/santa-maria\/ppgee\/wp-json\/wp\/v2\/media?parent=302"}],"wp:term":[{"taxonomy":"category","embeddable":true,"href":"https:\/\/www.ufsm.br\/cursos\/pos-graduacao\/santa-maria\/ppgee\/wp-json\/wp\/v2\/categories?post=302"},{"taxonomy":"post_tag","embeddable":true,"href":"https:\/\/www.ufsm.br\/cursos\/pos-graduacao\/santa-maria\/ppgee\/wp-json\/wp\/v2\/tags?post=302"}],"curies":[{"name":"wp","href":"https:\/\/api.w.org\/{rel}","templated":true}]}}