{"id":304,"date":"2019-04-08T15:25:53","date_gmt":"2019-04-08T18:25:53","guid":{"rendered":"https:\/\/www.ufsm.br\/cursos\/pos-graduacao\/santa-maria\/ppgee\/?page_id=304"},"modified":"2022-04-19T11:27:22","modified_gmt":"2022-04-19T14:27:22","slug":"normas-para-elaboracao-de-trabalhos-na-ufsm","status":"publish","type":"page","link":"https:\/\/www.ufsm.br\/cursos\/pos-graduacao\/santa-maria\/ppgee\/normas-para-elaboracao-de-trabalhos-na-ufsm","title":{"rendered":"Normas para elabora\u00e7\u00e3o de trabalhos na UFSM"},"content":{"rendered":"\n<p>O Manual de Disserta\u00e7\u00f5es e Teses da UFSM tem como objetivo orientar e definir a forma de apresenta\u00e7\u00e3o de trabalhos cient\u00edficos da Universidade Federal de Santa Maria (UFSM), abrangendo os elementos gr\u00e1ficos de organiza\u00e7\u00e3o e reda\u00e7\u00e3o de disserta\u00e7\u00f5es e teses.\u00a0<\/p>\n<p><a href=\"https:\/\/www.ufsm.br\/app\/uploads\/sites\/542\/2021\/12\/Manual-de-Dissertac%CC%A7o%CC%83es-e-Teses_MDT_2021.pdf\"><img fetchpriority=\"high\" decoding=\"async\" class=\"alignleft wp-image-3696\" src=\"https:\/\/www.ufsm.br\/app\/uploads\/sites\/553\/2022\/04\/MDT2021_CAPA-212x300.jpg\" alt=\"\" width=\"242\" height=\"342\" srcset=\"https:\/\/www.ufsm.br\/app\/uploads\/sites\/553\/2022\/04\/MDT2021_CAPA-212x300.jpg 212w, https:\/\/www.ufsm.br\/app\/uploads\/sites\/553\/2022\/04\/MDT2021_CAPA.jpg 715w\" sizes=\"(max-width: 242px) 100vw, 242px\" \/><\/a><\/p>\n<p>\u00a0<\/p>\n<p>\u00a0<\/p>\n<p>\u00a0<\/p>\n<p>\u00a0<\/p>\n<p>\u00a0<\/p>\n<p>\u00a0<\/p>\n<p>\u00a0<\/p>\n<p><br \/><br \/>Fonte:\u00a0Livraria UFSM<\/p>\n<p>Esse documento engloba tamb\u00e9m a orienta\u00e7\u00e3o de outros trabalhos acad\u00eamicos, tais como: trabalhos de conclus\u00e3o de curso de gradua\u00e7\u00e3o, de p\u00f3s-gradua\u00e7\u00e3o e de inicia\u00e7\u00e3o cient\u00edfica. A Comiss\u00e3o respons\u00e1vel pela edi\u00e7\u00e3o do Manual de Disserta\u00e7\u00f5es e Teses da UFSM preocupou-se em oferecer ao leitor um guia pr\u00e1tico e objetivo quanto \u00e0 forma de tratar os conte\u00fados e regras metodol\u00f3gicas, pautado tanto pelas necessidades cotidianas e eventuais do ato de produzir conhecimento e de sua orienta\u00e7\u00e3o.<\/p>\n","protected":false},"excerpt":{"rendered":"<p>O Manual de Disserta\u00e7\u00f5es e Teses da UFSM tem como objetivo orientar e definir a forma de apresenta\u00e7\u00e3o de trabalhos cient\u00edficos da Universidade Federal de Santa Maria (UFSM), abrangendo os elementos gr\u00e1ficos de organiza\u00e7\u00e3o e reda\u00e7\u00e3o de disserta\u00e7\u00f5es e teses.\u00a0 \u00a0 \u00a0 \u00a0 \u00a0 \u00a0 \u00a0 \u00a0 Fonte:\u00a0Livraria UFSM Esse documento engloba tamb\u00e9m a orienta\u00e7\u00e3o [&hellip;]<\/p>\n","protected":false},"author":115,"featured_media":0,"parent":0,"menu_order":0,"comment_status":"closed","ping_status":"closed","template":"","meta":{"footnotes":""},"categories":[],"tags":[],"class_list":["post-304","page","type-page","status-publish","hentry"],"acf":[],"_links":{"self":[{"href":"https:\/\/www.ufsm.br\/cursos\/pos-graduacao\/santa-maria\/ppgee\/wp-json\/wp\/v2\/pages\/304","targetHints":{"allow":["GET"]}}],"collection":[{"href":"https:\/\/www.ufsm.br\/cursos\/pos-graduacao\/santa-maria\/ppgee\/wp-json\/wp\/v2\/pages"}],"about":[{"href":"https:\/\/www.ufsm.br\/cursos\/pos-graduacao\/santa-maria\/ppgee\/wp-json\/wp\/v2\/types\/page"}],"author":[{"embeddable":true,"href":"https:\/\/www.ufsm.br\/cursos\/pos-graduacao\/santa-maria\/ppgee\/wp-json\/wp\/v2\/users\/115"}],"replies":[{"embeddable":true,"href":"https:\/\/www.ufsm.br\/cursos\/pos-graduacao\/santa-maria\/ppgee\/wp-json\/wp\/v2\/comments?post=304"}],"version-history":[{"count":0,"href":"https:\/\/www.ufsm.br\/cursos\/pos-graduacao\/santa-maria\/ppgee\/wp-json\/wp\/v2\/pages\/304\/revisions"}],"wp:attachment":[{"href":"https:\/\/www.ufsm.br\/cursos\/pos-graduacao\/santa-maria\/ppgee\/wp-json\/wp\/v2\/media?parent=304"}],"wp:term":[{"taxonomy":"category","embeddable":true,"href":"https:\/\/www.ufsm.br\/cursos\/pos-graduacao\/santa-maria\/ppgee\/wp-json\/wp\/v2\/categories?post=304"},{"taxonomy":"post_tag","embeddable":true,"href":"https:\/\/www.ufsm.br\/cursos\/pos-graduacao\/santa-maria\/ppgee\/wp-json\/wp\/v2\/tags?post=304"}],"curies":[{"name":"wp","href":"https:\/\/api.w.org\/{rel}","templated":true}]}}