{"id":310,"date":"2019-04-08T15:35:59","date_gmt":"2019-04-08T18:35:59","guid":{"rendered":"https:\/\/www.ufsm.br\/cursos\/pos-graduacao\/santa-maria\/ppgee\/?page_id=310"},"modified":"2024-08-15T14:27:55","modified_gmt":"2024-08-15T17:27:55","slug":"solicitacao-de-auxilio-financeiro-para-publicacao-de-artigo-paginas-extras","status":"publish","type":"page","link":"https:\/\/www.ufsm.br\/cursos\/pos-graduacao\/santa-maria\/ppgee\/solicitacao-de-auxilio-financeiro-para-publicacao-de-artigo-paginas-extras","title":{"rendered":"Solicita\u00e7\u00e3o de Aux\u00edlio Financeiro para Publica\u00e7\u00e3o de Artigo\/P\u00e1ginas Extras"},"content":{"rendered":"\n<p><strong>Documenta\u00e7\u00e3o para solicita\u00e7\u00e3o e presta\u00e7\u00e3o de contas de Taxa de Publica\u00e7\u00e3o ou P\u00e1ginas Extras<\/strong><strong>:<\/strong><\/p>\n<p><br \/>Para solicita\u00e7\u00e3o de aux\u00edlio de taxa de publica\u00e7\u00e3o de artigo cient\u00edfico, ou p\u00e1ginas extras, deve-se anexar os documentos abaixo em formato PDF e enviar para o e-mail\u00a0<span id=\"cloakf98032877764679408705ca3e861b9ae\"><a href=\"mailto:financeiroppgee@gmail.com\">financeiroppgee@ufsm.br<\/a><\/span>\u00a0, com t\u00edtulo constando a sigla do peri\u00f3dico, al\u00e9m dos itens solicitados, conforme modelo:\u00a0<strong>Solicita\u00e7\u00e3o [SOBRAEP] &#8211; Taxa de Publica\u00e7\u00e3o ou P\u00e1ginas Extras<\/strong>.\u00a0<\/p>\n<p>1. Formul\u00e1rio de Solicita\u00e7\u00e3o de Taxa de Publica\u00e7\u00e3o\/ P\u00e1ginas Extras preenchido e assinado;<br \/>2. C\u00f3pia do artigo a ser publicado onde conste que o discente \u00e9 autor do trabalho, com coautoria de docente do PPGEE e agradecimento expl\u00edcito ao apoio recebido da CAPES\/PROEX, no idioma do trabalho, como segue: \u201c<strong>O presente trabalho foi realizado com apoio da Coordena\u00e7\u00e3o de Aperfei\u00e7oamento de Pessoal de N\u00edvel Superior &#8211; Brasil (CAPES\/PROEX) &#8211; C\u00f3digo de Financiamento 001<\/strong>&#8220;. Caso o artigo seja redigido em ingl\u00eas: &#8220;<strong>This study was financed in part by the Coordena\u00e7\u00e3o de Aperfei\u00e7oamento de Pessoal de N\u00edvel Superior &#8211; Brasil (CAPES\/PROEX) &#8211; Finance Code 001<\/strong>&#8220;;<br \/>3. Documento comprobat\u00f3rio de aceita\u00e7\u00e3o oficial da publica\u00e7\u00e3o. Ex.: c\u00f3pia do e-mail recebido;<br \/>4. Documento que conste a descri\u00e7\u00e3o do ve\u00edculo de comunica\u00e7\u00e3o cient\u00edfica, local, valores da taxa de publica\u00e7\u00e3o, ISBN, ISSN ou DOI;<br \/>5. Invoice, nota fiscal ou recibo de &#8220;Taxa de Publica\u00e7\u00e3o&#8221; assinado pela organiza\u00e7\u00e3o do evento em nome de \u201c<strong>MARCO ANT\u00d4NIO DALLA COSTA &#8211; CAPES\/PROEX 1592\/2024, CPF: (informado em &#8220;Orienta\u00e7\u00f5es para Solicita\u00e7\u00e3o de Aux\u00edlio PROEX&#8221;)<\/strong>, al\u00e9m de comprovante de pagamento.<\/p>\n<p>\u00a0<\/p>\n","protected":false},"excerpt":{"rendered":"<p>Documenta\u00e7\u00e3o para solicita\u00e7\u00e3o e presta\u00e7\u00e3o de contas de Taxa de Publica\u00e7\u00e3o ou P\u00e1ginas Extras: Para solicita\u00e7\u00e3o de aux\u00edlio de taxa de publica\u00e7\u00e3o de artigo cient\u00edfico, ou p\u00e1ginas extras, deve-se anexar os documentos abaixo em formato PDF e enviar para o e-mail\u00a0financeiroppgee@ufsm.br\u00a0, com t\u00edtulo constando a sigla do peri\u00f3dico, al\u00e9m dos itens solicitados, conforme modelo:\u00a0Solicita\u00e7\u00e3o [SOBRAEP] [&hellip;]<\/p>\n","protected":false},"author":115,"featured_media":0,"parent":0,"menu_order":0,"comment_status":"closed","ping_status":"closed","template":"","meta":{"footnotes":""},"categories":[],"tags":[],"class_list":["post-310","page","type-page","status-publish","hentry"],"acf":[],"_links":{"self":[{"href":"https:\/\/www.ufsm.br\/cursos\/pos-graduacao\/santa-maria\/ppgee\/wp-json\/wp\/v2\/pages\/310","targetHints":{"allow":["GET"]}}],"collection":[{"href":"https:\/\/www.ufsm.br\/cursos\/pos-graduacao\/santa-maria\/ppgee\/wp-json\/wp\/v2\/pages"}],"about":[{"href":"https:\/\/www.ufsm.br\/cursos\/pos-graduacao\/santa-maria\/ppgee\/wp-json\/wp\/v2\/types\/page"}],"author":[{"embeddable":true,"href":"https:\/\/www.ufsm.br\/cursos\/pos-graduacao\/santa-maria\/ppgee\/wp-json\/wp\/v2\/users\/115"}],"replies":[{"embeddable":true,"href":"https:\/\/www.ufsm.br\/cursos\/pos-graduacao\/santa-maria\/ppgee\/wp-json\/wp\/v2\/comments?post=310"}],"version-history":[{"count":0,"href":"https:\/\/www.ufsm.br\/cursos\/pos-graduacao\/santa-maria\/ppgee\/wp-json\/wp\/v2\/pages\/310\/revisions"}],"wp:attachment":[{"href":"https:\/\/www.ufsm.br\/cursos\/pos-graduacao\/santa-maria\/ppgee\/wp-json\/wp\/v2\/media?parent=310"}],"wp:term":[{"taxonomy":"category","embeddable":true,"href":"https:\/\/www.ufsm.br\/cursos\/pos-graduacao\/santa-maria\/ppgee\/wp-json\/wp\/v2\/categories?post=310"},{"taxonomy":"post_tag","embeddable":true,"href":"https:\/\/www.ufsm.br\/cursos\/pos-graduacao\/santa-maria\/ppgee\/wp-json\/wp\/v2\/tags?post=310"}],"curies":[{"name":"wp","href":"https:\/\/api.w.org\/{rel}","templated":true}]}}