{"id":314,"date":"2019-04-08T15:39:11","date_gmt":"2019-04-08T18:39:11","guid":{"rendered":"https:\/\/www.ufsm.br\/cursos\/pos-graduacao\/santa-maria\/ppgee\/?page_id=314"},"modified":"2024-08-15T14:09:51","modified_gmt":"2024-08-15T17:09:51","slug":"solicitacao-de-auxilio-financeiro-para-membro-externo-de-banca-de-defesa","status":"publish","type":"page","link":"https:\/\/www.ufsm.br\/cursos\/pos-graduacao\/santa-maria\/ppgee\/solicitacao-de-auxilio-financeiro-para-membro-externo-de-banca-de-defesa","title":{"rendered":"Solicita\u00e7\u00e3o de Aux\u00edlio Financeiro para Participa\u00e7\u00e3o Presencial de Membro Externo de Banca de Defesa"},"content":{"rendered":"\n<p>Os recursos PROEX podem ser utilizados para pagamento de aux\u00edlio di\u00e1rio, passagem rodovi\u00e1ria e passagem a\u00e9rea, para membros externos que participam de banca de defesa de Disserta\u00e7\u00e3o, Qualifica\u00e7\u00e3o de Tese e Tese.<\/p>\n<p>O valor da di\u00e1ria \u00e9 R$ 320,00, conforme Portaria CAPES N\u00ba 132 de 18\/08\/2016. \u00c9 necess\u00e1ria a assinatura do recibo &#8220;Modelo A&#8221; e da ata de defesa, documentos providenciados pela secretaria.<\/p>\n<p>A passagem rodovi\u00e1ria \u00e9 paga na forma de reembolso, mediante apresenta\u00e7\u00e3o dos comprovantes\/passagens e assinatura de recibo.<\/p>\n<p>A passagem a\u00e9rea \u00e9 comprada pelo PPGEE, o membro externo dever\u00e1 enviar para o e-mail: financeiroppgee@ufsm.br os cart\u00f5es de embarque ou passagens.<\/p>\n<p>N\u00famero m\u00ednimo de membro externo para cada tipo de defesa:<\/p>\n<ul>\n<li>Defesa de Disserta\u00e7\u00e3o: 1<\/li>\n<li>Defesa de Qualifica\u00e7\u00e3o de Tese: 1<\/li>\n<li>Defesa de Tese: 2<\/li>\n<\/ul>\n<p>\u00a0<\/p>\n<p><strong>Procedimento para solicita\u00e7\u00e3o de aux\u00edlio para participa\u00e7\u00e3o de membro externo em banca de defesa<\/strong><\/p>\n<p>O orientador ou o aluno que ir\u00e1 defender, dever\u00e1 enviar um e-mail para <span id=\"cloakdf929a206f904edb735174c3efe7b0c9\"><a href=\"mailto:financeiroppgee@gmail.com\">financeiroppgee@ufsm.br<\/a><\/span>\u00a0com as seguintes informa\u00e7\u00f5es referentes ao participante externo:\u00a0<\/p>\n<p>Nome completo:<\/p>\n<p>E-mail:<\/p>\n<p>Institui\u00e7\u00e3o:<\/p>\n<p>Forma de participa\u00e7\u00e3o: ( ) Presencial ( ) Videoconfer\u00eancia<\/p>\n<p>Se presencial, solicita: ( ) Di\u00e1ria ( ) Passagem rodovi\u00e1ria ( ) Passagem a\u00e9rea<\/p>\n<p>Estimativa de gastos: R$<\/p>\n<p>Defesa de: ( ) Disserta\u00e7\u00e3o ( ) Qualifica\u00e7\u00e3o de Tese ( ) Tese<\/p>\n<p>Data da defesa:<\/p>\n<p>Hor\u00e1rio da defesa:<\/p>\n<p>Sala da defesa:<\/p>\n<p>Obs.: informa\u00e7\u00f5es para reserva de sala, acesse\u00a0<strong><a href=\"https:\/\/www.ufsm.br\/cursos\/pos-graduacao\/santa-maria\/ppgee\/reserva-de-sala-para-defesa\/\">aqui<\/a><\/strong>.\u00a0<\/p>\n","protected":false},"excerpt":{"rendered":"<p>Os recursos PROEX podem ser utilizados para pagamento de aux\u00edlio di\u00e1rio, passagem rodovi\u00e1ria e passagem a\u00e9rea, para membros externos que participam de banca de defesa de Disserta\u00e7\u00e3o, Qualifica\u00e7\u00e3o de Tese e Tese. O valor da di\u00e1ria \u00e9 R$ 320,00, conforme Portaria CAPES N\u00ba 132 de 18\/08\/2016. \u00c9 necess\u00e1ria a assinatura do recibo &#8220;Modelo A&#8221; e [&hellip;]<\/p>\n","protected":false},"author":115,"featured_media":0,"parent":0,"menu_order":0,"comment_status":"closed","ping_status":"closed","template":"","meta":{"footnotes":""},"categories":[],"tags":[],"class_list":["post-314","page","type-page","status-publish","hentry"],"acf":[],"_links":{"self":[{"href":"https:\/\/www.ufsm.br\/cursos\/pos-graduacao\/santa-maria\/ppgee\/wp-json\/wp\/v2\/pages\/314","targetHints":{"allow":["GET"]}}],"collection":[{"href":"https:\/\/www.ufsm.br\/cursos\/pos-graduacao\/santa-maria\/ppgee\/wp-json\/wp\/v2\/pages"}],"about":[{"href":"https:\/\/www.ufsm.br\/cursos\/pos-graduacao\/santa-maria\/ppgee\/wp-json\/wp\/v2\/types\/page"}],"author":[{"embeddable":true,"href":"https:\/\/www.ufsm.br\/cursos\/pos-graduacao\/santa-maria\/ppgee\/wp-json\/wp\/v2\/users\/115"}],"replies":[{"embeddable":true,"href":"https:\/\/www.ufsm.br\/cursos\/pos-graduacao\/santa-maria\/ppgee\/wp-json\/wp\/v2\/comments?post=314"}],"version-history":[{"count":0,"href":"https:\/\/www.ufsm.br\/cursos\/pos-graduacao\/santa-maria\/ppgee\/wp-json\/wp\/v2\/pages\/314\/revisions"}],"wp:attachment":[{"href":"https:\/\/www.ufsm.br\/cursos\/pos-graduacao\/santa-maria\/ppgee\/wp-json\/wp\/v2\/media?parent=314"}],"wp:term":[{"taxonomy":"category","embeddable":true,"href":"https:\/\/www.ufsm.br\/cursos\/pos-graduacao\/santa-maria\/ppgee\/wp-json\/wp\/v2\/categories?post=314"},{"taxonomy":"post_tag","embeddable":true,"href":"https:\/\/www.ufsm.br\/cursos\/pos-graduacao\/santa-maria\/ppgee\/wp-json\/wp\/v2\/tags?post=314"}],"curies":[{"name":"wp","href":"https:\/\/api.w.org\/{rel}","templated":true}]}}