{"id":332,"date":"2019-04-08T16:15:57","date_gmt":"2019-04-08T19:15:57","guid":{"rendered":"https:\/\/www.ufsm.br\/cursos\/pos-graduacao\/santa-maria\/ppgee\/?page_id=332"},"modified":"2026-03-27T10:14:49","modified_gmt":"2026-03-27T13:14:49","slug":"solicitacao-de-auxilio-financeiro-para-pagamento-de-servico-de-terceiros","status":"publish","type":"page","link":"https:\/\/www.ufsm.br\/cursos\/pos-graduacao\/santa-maria\/ppgee\/solicitacao-de-auxilio-financeiro-para-pagamento-de-servico-de-terceiros","title":{"rendered":"Solicita\u00e7\u00e3o de Aux\u00edlio Financeiro para Pagamento de Material de Consumo ou Servi\u00e7o de Terceiros"},"content":{"rendered":"\n<p><strong>Documenta\u00e7\u00e3o para solicita\u00e7\u00e3o e presta\u00e7\u00e3o de contas de Material de Consumo ou Servi\u00e7o de Terceiros<\/strong><strong>:<\/strong><\/p>\n<p>Para solicita\u00e7\u00e3o de aux\u00edlio para reembolso do pagamento de material de consumo ou servi\u00e7o de terceiros, deve-se anexar os documentos abaixo em formato PDF e enviar para o e-mail <span id=\"cloakf98032877764679408705ca3e861b9ae\"><a href=\"mailto:financeiroppgee@gmail.com\">financeiroppgee@ufsm.br<\/a><\/span>\u00a0, com t\u00edtulo conforme modelo: <strong>Solicita\u00e7\u00e3o [CUSTEIO] \u2013 Material de Consumo ou Servi\u00e7o de Terceiros<\/strong>.\u00a0<\/p>\n<p>1. Formul\u00e1rio de Solicita\u00e7\u00e3o de Recurso de Custeio (anexo) preenchido e assinado;<br \/>2. Tr\u00eas or\u00e7amentos (dispens\u00e1vel at\u00e9 o limite de R$ 17.600,00 &#8211; Lei 14.133\/2021, art. 75, incisos de I a XVI);<br \/>3. Nota fiscal em nome de \u201c<strong>MARCO ANT\u00d4NIO DALLA COSTA \u2013 CAPES\/PROEX 1592\/2024, CPF: (informado no Formul\u00e1rio)<\/strong>\u201d. A Nota Fiscal deve ser fornecida em PDF e Arquivo XML da Nota Fiscal (solicitar o envio pela a empresa)<br \/>4. Deve constar a seguinte informa\u00e7\u00e3o na justificativa acima: &#8220;materiais sujeitos a desgaste\/danifica\u00e7\u00e3o n\u00e3o se caracterizando como material permanente.&#8221;\u00a0<\/p>\n<p>5. Caso a compra tenha sido paga pelo docente, justificar no formul\u00e1rio a necessidade de reembolso e anexar o comprovante de pagamento na solicita\u00e7\u00e3o.<\/p>\n","protected":false},"excerpt":{"rendered":"<p>Documenta\u00e7\u00e3o para solicita\u00e7\u00e3o e presta\u00e7\u00e3o de contas de Material de Consumo ou Servi\u00e7o de Terceiros: Para solicita\u00e7\u00e3o de aux\u00edlio para reembolso do pagamento de material de consumo ou servi\u00e7o de terceiros, deve-se anexar os documentos abaixo em formato PDF e enviar para o e-mail financeiroppgee@ufsm.br\u00a0, com t\u00edtulo conforme modelo: Solicita\u00e7\u00e3o [CUSTEIO] \u2013 Material de Consumo [&hellip;]<\/p>\n","protected":false},"author":115,"featured_media":0,"parent":0,"menu_order":0,"comment_status":"closed","ping_status":"closed","template":"","meta":{"footnotes":""},"categories":[],"tags":[],"class_list":["post-332","page","type-page","status-publish","hentry"],"acf":[],"_links":{"self":[{"href":"https:\/\/www.ufsm.br\/cursos\/pos-graduacao\/santa-maria\/ppgee\/wp-json\/wp\/v2\/pages\/332","targetHints":{"allow":["GET"]}}],"collection":[{"href":"https:\/\/www.ufsm.br\/cursos\/pos-graduacao\/santa-maria\/ppgee\/wp-json\/wp\/v2\/pages"}],"about":[{"href":"https:\/\/www.ufsm.br\/cursos\/pos-graduacao\/santa-maria\/ppgee\/wp-json\/wp\/v2\/types\/page"}],"author":[{"embeddable":true,"href":"https:\/\/www.ufsm.br\/cursos\/pos-graduacao\/santa-maria\/ppgee\/wp-json\/wp\/v2\/users\/115"}],"replies":[{"embeddable":true,"href":"https:\/\/www.ufsm.br\/cursos\/pos-graduacao\/santa-maria\/ppgee\/wp-json\/wp\/v2\/comments?post=332"}],"version-history":[{"count":0,"href":"https:\/\/www.ufsm.br\/cursos\/pos-graduacao\/santa-maria\/ppgee\/wp-json\/wp\/v2\/pages\/332\/revisions"}],"wp:attachment":[{"href":"https:\/\/www.ufsm.br\/cursos\/pos-graduacao\/santa-maria\/ppgee\/wp-json\/wp\/v2\/media?parent=332"}],"wp:term":[{"taxonomy":"category","embeddable":true,"href":"https:\/\/www.ufsm.br\/cursos\/pos-graduacao\/santa-maria\/ppgee\/wp-json\/wp\/v2\/categories?post=332"},{"taxonomy":"post_tag","embeddable":true,"href":"https:\/\/www.ufsm.br\/cursos\/pos-graduacao\/santa-maria\/ppgee\/wp-json\/wp\/v2\/tags?post=332"}],"curies":[{"name":"wp","href":"https:\/\/api.w.org\/{rel}","templated":true}]}}