{"id":4049,"date":"2023-08-18T11:06:42","date_gmt":"2023-08-18T14:06:42","guid":{"rendered":"https:\/\/www.ufsm.br\/cursos\/pos-graduacao\/santa-maria\/ppgee\/?page_id=4049"},"modified":"2025-04-03T10:08:19","modified_gmt":"2025-04-03T13:08:19","slug":"realizacao-de-defesa","status":"publish","type":"page","link":"https:\/\/www.ufsm.br\/cursos\/pos-graduacao\/santa-maria\/ppgee\/realizacao-de-defesa","title":{"rendered":"Realiza\u00e7\u00e3o de defesa"},"content":{"rendered":"\n<p>O discente ter\u00e1 um tempo m\u00e1ximo de 50 (cinquenta) minutos para fazer a apresenta\u00e7\u00e3o geral de seu trabalho de conclus\u00e3o.<\/p>\n<p>Na realiza\u00e7\u00e3o da defesa de disserta\u00e7\u00e3o ou tese, cada um(a) dos(as) membros(as) da banca examinadora arguir\u00e1 o(a) discente por at\u00e9 30 (trinta) minutos, e este(a) dispor\u00e1, no m\u00ednimo, de igual tempo para responder aos questionamentos.<\/p>\n<p><span style=\"font-size: revert;color: initial\">Depois de conclu\u00edda a etapa de argui\u00e7\u00e3o, a banca examinadora far\u00e1 a atribui\u00e7\u00e3o do resultado final em privado, que ser\u00e1, na sequ\u00eancia, divulgado para o(a) discente e a comunidade interessada.<\/span><\/p>\n<p><span style=\"font-size: revert;color: initial\">O conceito a ser atribu\u00eddo ao discente deve ser \u201cAprovado(a)\u201d ou \u201cN\u00e3o Aprovado(a)\u201d e registrado na ata de defesa.<\/span><\/p>\n<p>A defesa de disserta\u00e7\u00e3o ou tese dever\u00e1 ser aberta ao p\u00fablico e poder\u00e1 ser realizada por meio de videoconfer\u00eancia para todos(as) os(as) membros(as) da banca ou com a participa\u00e7\u00e3o de parte dos(as) membros(as) da banca por meio de videoconfer\u00eancia.<\/p>\n<p>No caso do trabalho conter informa\u00e7\u00f5es sigilosas e\/ou pass\u00edveis de solicita\u00e7\u00e3o de direitos de propriedade intelectual, com parecer favor\u00e1vel da Pr\u00f3-Reitoria de Inova\u00e7\u00e3o e Empreendedorismo da UFSM, a defesa dever\u00e1 ser fechada ao p\u00fablico (<a href=\"_wp_link_placeholder\" data-wplink-edit=\"true\">https:\/\/www.ufsm.br\/cursos\/pos-graduacao\/santa-maria\/ppgee\/defesa-fechada-ao-publico<\/a>).<\/p>\n<p>Ser\u00e1 considerado aprovado(a), na defesa do exame de qualifica\u00e7\u00e3o, disserta\u00e7\u00e3o ou tese, o(a) candidato(a) que obtiver aprova\u00e7\u00e3o por maioria simples dos(as) membros(as) da banca examinadora.<\/p>\n<p>O(A) candidato(a) reprovado(a) poder\u00e1 ter, a crit\u00e9rio da banca examinadora, at\u00e9 6 (seis) meses para se submeter a uma \u00fanica nova defesa da disserta\u00e7\u00e3o ou tese. Em caso de segunda reprova\u00e7\u00e3o na defesa de disserta\u00e7\u00e3o ou tese, o(a) discente ser\u00e1 desligado(a) do Programa.<\/p>\n","protected":false},"excerpt":{"rendered":"<p>O discente ter\u00e1 um tempo m\u00e1ximo de 50 (cinquenta) minutos para fazer a apresenta\u00e7\u00e3o geral de seu trabalho de conclus\u00e3o. Na realiza\u00e7\u00e3o da defesa de disserta\u00e7\u00e3o ou tese, cada um(a) dos(as) membros(as) da banca examinadora arguir\u00e1 o(a) discente por at\u00e9 30 (trinta) minutos, e este(a) dispor\u00e1, no m\u00ednimo, de igual tempo para responder aos questionamentos. [&hellip;]<\/p>\n","protected":false},"author":885,"featured_media":0,"parent":0,"menu_order":0,"comment_status":"closed","ping_status":"closed","template":"","meta":{"footnotes":""},"categories":[],"tags":[],"class_list":["post-4049","page","type-page","status-publish","hentry"],"acf":[],"_links":{"self":[{"href":"https:\/\/www.ufsm.br\/cursos\/pos-graduacao\/santa-maria\/ppgee\/wp-json\/wp\/v2\/pages\/4049","targetHints":{"allow":["GET"]}}],"collection":[{"href":"https:\/\/www.ufsm.br\/cursos\/pos-graduacao\/santa-maria\/ppgee\/wp-json\/wp\/v2\/pages"}],"about":[{"href":"https:\/\/www.ufsm.br\/cursos\/pos-graduacao\/santa-maria\/ppgee\/wp-json\/wp\/v2\/types\/page"}],"author":[{"embeddable":true,"href":"https:\/\/www.ufsm.br\/cursos\/pos-graduacao\/santa-maria\/ppgee\/wp-json\/wp\/v2\/users\/885"}],"replies":[{"embeddable":true,"href":"https:\/\/www.ufsm.br\/cursos\/pos-graduacao\/santa-maria\/ppgee\/wp-json\/wp\/v2\/comments?post=4049"}],"version-history":[{"count":0,"href":"https:\/\/www.ufsm.br\/cursos\/pos-graduacao\/santa-maria\/ppgee\/wp-json\/wp\/v2\/pages\/4049\/revisions"}],"wp:attachment":[{"href":"https:\/\/www.ufsm.br\/cursos\/pos-graduacao\/santa-maria\/ppgee\/wp-json\/wp\/v2\/media?parent=4049"}],"wp:term":[{"taxonomy":"category","embeddable":true,"href":"https:\/\/www.ufsm.br\/cursos\/pos-graduacao\/santa-maria\/ppgee\/wp-json\/wp\/v2\/categories?post=4049"},{"taxonomy":"post_tag","embeddable":true,"href":"https:\/\/www.ufsm.br\/cursos\/pos-graduacao\/santa-maria\/ppgee\/wp-json\/wp\/v2\/tags?post=4049"}],"curies":[{"name":"wp","href":"https:\/\/api.w.org\/{rel}","templated":true}]}}