{"id":4397,"date":"2025-03-10T16:17:41","date_gmt":"2025-03-10T19:17:41","guid":{"rendered":"https:\/\/www.ufsm.br\/cursos\/pos-graduacao\/santa-maria\/ppgee\/?page_id=4397"},"modified":"2025-03-25T15:12:13","modified_gmt":"2025-03-25T18:12:13","slug":"projetos-com-fomento","status":"publish","type":"page","link":"https:\/\/www.ufsm.br\/cursos\/pos-graduacao\/santa-maria\/ppgee\/projetos-com-fomento","title":{"rendered":"Projetos com Fomento"},"content":{"rendered":"\t\t<div data-elementor-type=\"wp-page\" data-elementor-id=\"4397\" class=\"elementor elementor-4397\">\n\t\t\t\t\t\t<section class=\"elementor-section elementor-top-section elementor-element elementor-element-caa2cee elementor-section-boxed elementor-section-height-default elementor-section-height-default\" data-id=\"caa2cee\" data-element_type=\"section\">\n\t\t\t\t\t\t<div class=\"elementor-container elementor-column-gap-default\">\n\t\t\t\t\t<div class=\"elementor-column elementor-col-100 elementor-top-column elementor-element elementor-element-7f38c11\" data-id=\"7f38c11\" data-element_type=\"column\">\n\t\t\t<div class=\"elementor-widget-wrap elementor-element-populated\">\n\t\t\t\t\t\t<div class=\"elementor-element elementor-element-9c01a84 elementor-widget elementor-widget-text-editor\" data-id=\"9c01a84\" data-element_type=\"widget\" data-widget_type=\"text-editor.default\">\n\t\t\t\t<div class=\"elementor-widget-container\">\n\t\t\t\t\t\t\t<p><span data-contrast=\"auto\">No quadri\u00eanio 2021\u20132024, o PPGEE firmou diversos conv\u00eanios e termos de coopera\u00e7\u00e3o com empresas, especialmente por meio de projetos estrat\u00e9gicos P&amp;D\/ANEEL e iniciativas EMBRAPII, assim como atrav\u00e9s de ag\u00eancias de fomento p\u00fablico. Como resultado, o programa captou aproximadamente R$ 73.981.100,76 divididos em 52 projetos. Deste montante, R$ 35.578.232,90 foram obtidos atrav\u00e9s de 11 projetos P&amp;D ANEEL, R$ 24.903.461,95 em 23 projetos financiados por empresas nacionais e internacionais, al\u00e9m de mais R$ 13.499.405,91 em 18 projetos apoiados por ag\u00eancias p\u00fablicas de fomento.\u00a0<\/span><\/p><p><span data-contrast=\"auto\">Esses recursos viabilizaram o financiamento de diversas bolsas para alunos, incluindo 22 cotas de p\u00f3s-doutorado, 83 cotas de doutorado, 76 cotas de mestrado e 184 cotas de inicia\u00e7\u00e3o cient\u00edfica. Diante do desafio da redu\u00e7\u00e3o de recursos p\u00fablicos para concess\u00e3o de bolsas, a estrat\u00e9gia de aproximar o desenvolvimento cient\u00edfico do PPGEE das demandas de empresas nacionais e internacionais tem sido fundamental para garantir a continuidade e a qualifica\u00e7\u00e3o da forma\u00e7\u00e3o discente.<\/span><span data-ccp-props=\"{&quot;335551550&quot;:6,&quot;335551620&quot;:6,&quot;335559739&quot;:240}\">\u00a0<\/span><\/p><p><span class=\"NormalTextRun SCXW59486961 BCX0\">O impacto dos projetos de pesquisa do PPGEE se reflete diretamente na forma\u00e7\u00e3o de seus discentes e na gera\u00e7\u00e3o de solu\u00e7\u00f5es inovadoras para o setor el\u00e9trico e tecnol\u00f3gico. A participa\u00e7\u00e3o ativa de alunos de mestrado e doutorado em projetos estrat\u00e9gicos, como o CAPES <\/span><span class=\"NormalTextRun SpellingErrorV2Themed SCXW59486961 BCX0\">PrInt<\/span><span class=\"NormalTextRun SCXW59486961 BCX0\"> e o INCT-GD, permite que desenvolvam compet\u00eancias avan\u00e7adas e estabele\u00e7am redes de colabora\u00e7\u00e3o nacional e internacional. Al\u00e9m disso, a atua\u00e7\u00e3o do programa junto a empresas e ag\u00eancias de fomento, por meio da Unidade EMBRAPII e de projetos P&amp;D\/ANEEL, possibilita a transfer\u00eancia de tecnologia para a sociedade, fortalecendo a inova\u00e7\u00e3o no setor energ\u00e9tico. Essas iniciativas n\u00e3o apenas elevam a qualidade da produ\u00e7\u00e3o acad\u00eamica, mas tamb\u00e9m ampliam a inser\u00e7\u00e3o profissional dos egressos, consolidando o impacto social e econ\u00f4mico do PPGEE.<\/span><\/p><p><span class=\"TextRun SCXW84233223 BCX0\" lang=\"PT-BR\" xml:lang=\"PT-BR\" data-contrast=\"auto\"><span class=\"NormalTextRun SCXW84233223 BCX0\">A rela\u00e7\u00e3o completa dos projetos financiados pode ser consultada <a href=\"https:\/\/www.ufsm.br\/app\/uploads\/sites\/553\/2025\/03\/Projetos_Quadrienio_2021-2024_assinado.pdf\" target=\"_blank\" rel=\"noopener\">aqui<\/a>.<\/span><\/span><\/p>\t\t\t\t\t\t<\/div>\n\t\t\t\t<\/div>\n\t\t\t\t\t<\/div>\n\t\t<\/div>\n\t\t\t\t\t<\/div>\n\t\t<\/section>\n\t\t\t\t<\/div>\n\t\t","protected":false},"excerpt":{"rendered":"<p>No quadri\u00eanio 2021\u20132024, o PPGEE firmou diversos conv\u00eanios e termos de coopera\u00e7\u00e3o com empresas, especialmente por meio de projetos estrat\u00e9gicos P&amp;D\/ANEEL e iniciativas EMBRAPII, assim como atrav\u00e9s de ag\u00eancias de fomento p\u00fablico. Como resultado, o programa captou aproximadamente R$ 73.981.100,76 divididos em 52 projetos. Deste montante, R$ 35.578.232,90 foram obtidos atrav\u00e9s de 11 projetos P&amp;D [&hellip;]<\/p>\n","protected":false},"author":885,"featured_media":0,"parent":0,"menu_order":0,"comment_status":"closed","ping_status":"closed","template":"","meta":{"footnotes":""},"categories":[],"tags":[],"class_list":["post-4397","page","type-page","status-publish","hentry"],"acf":[],"_links":{"self":[{"href":"https:\/\/www.ufsm.br\/cursos\/pos-graduacao\/santa-maria\/ppgee\/wp-json\/wp\/v2\/pages\/4397","targetHints":{"allow":["GET"]}}],"collection":[{"href":"https:\/\/www.ufsm.br\/cursos\/pos-graduacao\/santa-maria\/ppgee\/wp-json\/wp\/v2\/pages"}],"about":[{"href":"https:\/\/www.ufsm.br\/cursos\/pos-graduacao\/santa-maria\/ppgee\/wp-json\/wp\/v2\/types\/page"}],"author":[{"embeddable":true,"href":"https:\/\/www.ufsm.br\/cursos\/pos-graduacao\/santa-maria\/ppgee\/wp-json\/wp\/v2\/users\/885"}],"replies":[{"embeddable":true,"href":"https:\/\/www.ufsm.br\/cursos\/pos-graduacao\/santa-maria\/ppgee\/wp-json\/wp\/v2\/comments?post=4397"}],"version-history":[{"count":0,"href":"https:\/\/www.ufsm.br\/cursos\/pos-graduacao\/santa-maria\/ppgee\/wp-json\/wp\/v2\/pages\/4397\/revisions"}],"wp:attachment":[{"href":"https:\/\/www.ufsm.br\/cursos\/pos-graduacao\/santa-maria\/ppgee\/wp-json\/wp\/v2\/media?parent=4397"}],"wp:term":[{"taxonomy":"category","embeddable":true,"href":"https:\/\/www.ufsm.br\/cursos\/pos-graduacao\/santa-maria\/ppgee\/wp-json\/wp\/v2\/categories?post=4397"},{"taxonomy":"post_tag","embeddable":true,"href":"https:\/\/www.ufsm.br\/cursos\/pos-graduacao\/santa-maria\/ppgee\/wp-json\/wp\/v2\/tags?post=4397"}],"curies":[{"name":"wp","href":"https:\/\/api.w.org\/{rel}","templated":true}]}}