{"id":850,"date":"2019-07-01T11:33:03","date_gmt":"2019-07-01T14:33:03","guid":{"rendered":"https:\/\/www.ufsm.br\/cursos\/pos-graduacao\/santa-maria\/ppgee\/?page_id=850"},"modified":"2019-07-01T11:33:08","modified_gmt":"2019-07-01T14:33:08","slug":"join-us","status":"publish","type":"page","link":"https:\/\/www.ufsm.br\/cursos\/pos-graduacao\/santa-maria\/ppgee\/join-us","title":{"rendered":"Join us"},"content":{"rendered":"\n<p>O procedimento descrito a seguir \u00e9 v\u00e1lido para associa\u00e7\u00e3o na modalidade estudante. \u00c9 preciso estar matriculado em um curso de gradua\u00e7\u00e3o ou p\u00f3s-gradua\u00e7\u00e3o da UFSM para ser efetivado em nosso ramo estudantil.<\/p>\n<pre>Procedimento para n\u00e3o-membros IEEE<\/pre>\n<ul>\n<li>As instru\u00e7\u00f5es foram alteradas devido \u00e0 alguns problemas t\u00e9cnicos no site\u00a0<a href=\"http:\/\/www.ieee.org\/\">ieee.org.<\/a><\/li>\n<li>Para o novo procedimento, acesse o site\u00a0<a href=\"http:\/\/www.ieee.org\/\">ieee.org.<\/a><\/li>\n<li>Clique no link\u00a0<strong>Create account<\/strong>\u00a0no menu superior a direita.<\/li>\n<\/ul>\n<p><img fetchpriority=\"high\" decoding=\"async\" class=\"alignnone wp-image-851 size-full\" src=\"https:\/\/www.ufsm.br\/cursos\/pos-graduacao\/santa-maria\/ppgee\/wp-content\/uploads\/sites\/553\/2019\/07\/Associacao_1.png\" alt=\"\" width=\"500\" height=\"324\" srcset=\"https:\/\/www.ufsm.br\/app\/uploads\/sites\/553\/2019\/07\/Associacao_1.png 500w, https:\/\/www.ufsm.br\/app\/uploads\/sites\/553\/2019\/07\/Associacao_1-300x194.png 300w\" sizes=\"(max-width: 500px) 100vw, 500px\" \/><\/p>\n<p>Crie uma conta clicando em\u00a0<strong>Create account<\/strong>.<\/p>\n<p><img decoding=\"async\" class=\"alignnone wp-image-852 size-full\" src=\"https:\/\/www.ufsm.br\/cursos\/pos-graduacao\/santa-maria\/ppgee\/wp-content\/uploads\/sites\/553\/2019\/07\/create_an_ieee_account.jpg\" alt=\"\" width=\"500\" height=\"295\" srcset=\"https:\/\/www.ufsm.br\/app\/uploads\/sites\/553\/2019\/07\/create_an_ieee_account.jpg 500w, https:\/\/www.ufsm.br\/app\/uploads\/sites\/553\/2019\/07\/create_an_ieee_account-300x177.jpg 300w\" sizes=\"(max-width: 500px) 100vw, 500px\" \/><\/p>\n<p>Preencha seus dados pessoais conforme solicitado e prossiga clicando em\u00a0<strong>Create Account<\/strong>.<\/p>\n<p><img decoding=\"async\" class=\"alignnone wp-image-854 size-full\" src=\"https:\/\/www.ufsm.br\/cursos\/pos-graduacao\/santa-maria\/ppgee\/wp-content\/uploads\/sites\/553\/2019\/07\/create_an_ieee_account2-1.jpg\" alt=\"\" width=\"768\" height=\"459\" srcset=\"https:\/\/www.ufsm.br\/app\/uploads\/sites\/553\/2019\/07\/create_an_ieee_account2-1.jpg 768w, https:\/\/www.ufsm.br\/app\/uploads\/sites\/553\/2019\/07\/create_an_ieee_account2-1-300x179.jpg 300w\" sizes=\"(max-width: 768px) 100vw, 768px\" \/><\/p>\n<p>Voc\u00ea receber\u00e1 uma mensagem informando que a conta foi criada. Clique em\u00a0<em>\u00a0<\/em><strong>Continue<\/strong>.<\/p>\n<p><img loading=\"lazy\" decoding=\"async\" class=\"alignnone wp-image-855 size-full\" src=\"https:\/\/www.ufsm.br\/cursos\/pos-graduacao\/santa-maria\/ppgee\/wp-content\/uploads\/sites\/553\/2019\/07\/create_an_ieee_account3.jpg\" alt=\"\" width=\"768\" height=\"227\" srcset=\"https:\/\/www.ufsm.br\/app\/uploads\/sites\/553\/2019\/07\/create_an_ieee_account3.jpg 768w, https:\/\/www.ufsm.br\/app\/uploads\/sites\/553\/2019\/07\/create_an_ieee_account3-300x89.jpg 300w\" sizes=\"(max-width: 768px) 100vw, 768px\" \/><\/p>\n<p>Seu cadastro no site\u00a0<a href=\"http:\/\/www.ieee.org\/\">ieee.org<\/a>\u00a0est\u00e1 criado. Agora vamos dar procedimento para o cadastro na\u00a0<em>organiza\u00e7\u00e3o<\/em>\u00a0<strong>IEEE<\/strong>. \u00a0Primeiramente vamos cadastrar a UFSM. Deixe o cursor do mouse sobre o seu nome e clique em\u00a0<strong>My Account<\/strong>.<\/p>\n<p><img loading=\"lazy\" decoding=\"async\" class=\"alignnone wp-image-856 size-full\" src=\"https:\/\/www.ufsm.br\/cursos\/pos-graduacao\/santa-maria\/ppgee\/wp-content\/uploads\/sites\/553\/2019\/07\/create_an_ieee_account31.jpg\" alt=\"\" width=\"768\" height=\"551\" srcset=\"https:\/\/www.ufsm.br\/app\/uploads\/sites\/553\/2019\/07\/create_an_ieee_account31.jpg 768w, https:\/\/www.ufsm.br\/app\/uploads\/sites\/553\/2019\/07\/create_an_ieee_account31-300x215.jpg 300w\" sizes=\"(max-width: 768px) 100vw, 768px\" \/><\/p>\n<p>No menu \u00e0 esquerda, clique em\u00a0<strong><em>Professional and education information<\/em><\/strong>.<\/p>\n<p><img loading=\"lazy\" decoding=\"async\" class=\"alignnone size-full wp-image-857\" src=\"https:\/\/www.ufsm.br\/cursos\/pos-graduacao\/santa-maria\/ppgee\/wp-content\/uploads\/sites\/553\/2019\/07\/create_an_ieee_account32.jpg\" alt=\"\" width=\"768\" height=\"490\" srcset=\"https:\/\/www.ufsm.br\/app\/uploads\/sites\/553\/2019\/07\/create_an_ieee_account32.jpg 768w, https:\/\/www.ufsm.br\/app\/uploads\/sites\/553\/2019\/07\/create_an_ieee_account32-300x191.jpg 300w\" sizes=\"(max-width: 768px) 100vw, 768px\" \/><\/p>\n<p>No item\u00a0<em>Your universities\/colleges<\/em>, clique no link\u00a0<strong>Add new university\/college<\/strong>.<\/p>\n<p><img loading=\"lazy\" decoding=\"async\" class=\"alignnone size-full wp-image-858\" src=\"https:\/\/www.ufsm.br\/cursos\/pos-graduacao\/santa-maria\/ppgee\/wp-content\/uploads\/sites\/553\/2019\/07\/create_an_ieee_account33.jpg\" alt=\"\" width=\"768\" height=\"504\" srcset=\"https:\/\/www.ufsm.br\/app\/uploads\/sites\/553\/2019\/07\/create_an_ieee_account33.jpg 768w, https:\/\/www.ufsm.br\/app\/uploads\/sites\/553\/2019\/07\/create_an_ieee_account33-300x197.jpg 300w\" sizes=\"(max-width: 768px) 100vw, 768px\" \/><\/p>\n<p>No campo\u00a0<em>University\/college<\/em>\u00a0digite apenas\u00a0Universidade\u00a0que a UFSM aparecer\u00e1 como primeiro resultado da busca. Para continuar o cadastro, clique no link\u00a0<strong><em>Universidade Federal de Santa Maria\u00a0<\/em><\/strong>e preencha o restante dos campos e para finalizar clique em\u00a0<strong>Save<\/strong>.<\/p>\n<p><img loading=\"lazy\" decoding=\"async\" class=\"alignnone size-full wp-image-859\" src=\"https:\/\/www.ufsm.br\/cursos\/pos-graduacao\/santa-maria\/ppgee\/wp-content\/uploads\/sites\/553\/2019\/07\/create_an_ieee_account35-1.jpg\" alt=\"\" width=\"500\" height=\"237\" srcset=\"https:\/\/www.ufsm.br\/app\/uploads\/sites\/553\/2019\/07\/create_an_ieee_account35-1.jpg 500w, https:\/\/www.ufsm.br\/app\/uploads\/sites\/553\/2019\/07\/create_an_ieee_account35-1-300x142.jpg 300w\" sizes=\"(max-width: 500px) 100vw, 500px\" \/><\/p>\n<p>Aparecer\u00e1 uma tela confirmando o cadastro da UFSM.<\/p>\n<p><img loading=\"lazy\" decoding=\"async\" class=\"alignnone size-full wp-image-860\" src=\"https:\/\/www.ufsm.br\/cursos\/pos-graduacao\/santa-maria\/ppgee\/wp-content\/uploads\/sites\/553\/2019\/07\/create_an_ieee_account37.jpg\" alt=\"\" width=\"768\" height=\"503\" srcset=\"https:\/\/www.ufsm.br\/app\/uploads\/sites\/553\/2019\/07\/create_an_ieee_account37.jpg 768w, https:\/\/www.ufsm.br\/app\/uploads\/sites\/553\/2019\/07\/create_an_ieee_account37-300x196.jpg 300w\" sizes=\"(max-width: 768px) 100vw, 768px\" \/><\/p>\n<p>Agora clique em<strong>\u00a0Join IEEE<\/strong>\u00a0e posteriormente clique em\u00a0<strong>Join as student<\/strong><\/p>\n<p><img loading=\"lazy\" decoding=\"async\" class=\"alignnone size-full wp-image-861\" src=\"https:\/\/www.ufsm.br\/cursos\/pos-graduacao\/santa-maria\/ppgee\/wp-content\/uploads\/sites\/553\/2019\/07\/create_an_ieee_account5.jpg\" alt=\"\" width=\"768\" height=\"694\" srcset=\"https:\/\/www.ufsm.br\/app\/uploads\/sites\/553\/2019\/07\/create_an_ieee_account5.jpg 768w, https:\/\/www.ufsm.br\/app\/uploads\/sites\/553\/2019\/07\/create_an_ieee_account5-300x271.jpg 300w\" sizes=\"(max-width: 768px) 100vw, 768px\" \/><\/p>\n<p>Os dados da UFSM ser\u00e3o preenchidos automaticamente. Preencha os dados do campo\u00a0<strong>Contact and profile information<\/strong><em>\u00a0e\u00a0<\/em>em\u00a0<strong>Professional and education information<\/strong>, marque que voc\u00ea \u00e9 estudante pelo menos em tempo parcial (<em>I am a student studying at least part time<\/em>).<\/p>\n<p><img loading=\"lazy\" decoding=\"async\" class=\"alignnone size-full wp-image-862\" src=\"https:\/\/www.ufsm.br\/cursos\/pos-graduacao\/santa-maria\/ppgee\/wp-content\/uploads\/sites\/553\/2019\/07\/Sem-t\u00edtulo.jpg\" alt=\"\" width=\"500\" height=\"498\" srcset=\"https:\/\/www.ufsm.br\/app\/uploads\/sites\/553\/2019\/07\/Sem-t\u00edtulo.jpg 500w, https:\/\/www.ufsm.br\/app\/uploads\/sites\/553\/2019\/07\/Sem-t\u00edtulo-150x150.jpg 150w, https:\/\/www.ufsm.br\/app\/uploads\/sites\/553\/2019\/07\/Sem-t\u00edtulo-300x300.jpg 300w\" sizes=\"(max-width: 500px) 100vw, 500px\" \/><\/p>\n<p>Se voc\u00ea desejar se associar a alguma das sociedades t\u00e9cnicas ou grupos de afinidade do IEEE, escolha ou pesquise no cat\u00e1logo\u00a0<em>All memberships and subscriptions<\/em>. Em seguida, adicione ao carrinho as sociedades que desejar (<em>add to chart<\/em>).<\/p>\n<p>Se voc\u00ea deseja participar do\u00a0<strong>Cap\u00edtulo Estudantil IAS UFSM<\/strong>, \u00e9 necess\u00e1rio associar-se \u00e0 Industry Applications (IAS). O primeiro ano de associa\u00e7\u00e3o (2019) \u00e9 gratuito, utilizando o c\u00f3digo promocional\u00a0<em><strong>IASMBR2019<\/strong>\u00a0<\/em>ao realizar o pagamento.<br \/>Para se associar ao\u00a0<strong>Cap\u00edtulo Estudantil PES UFSM<\/strong>, \u00e9 necess\u00e1rio se associar \u00e0 Power and Energy Society (PES). Insira o c\u00f3digo promocional\u00a0<strong><em>19PESSTADF<\/em>\u00a0ou\u00a0<em>19PESSTNWF<\/em><\/strong>\u00a0ao realizar o pagamento.<\/p>\n<p><img loading=\"lazy\" decoding=\"async\" class=\"alignnone size-full wp-image-863\" src=\"https:\/\/www.ufsm.br\/cursos\/pos-graduacao\/santa-maria\/ppgee\/wp-content\/uploads\/sites\/553\/2019\/07\/Associacao_3.png\" alt=\"\" width=\"500\" height=\"309\" srcset=\"https:\/\/www.ufsm.br\/app\/uploads\/sites\/553\/2019\/07\/Associacao_3.png 500w, https:\/\/www.ufsm.br\/app\/uploads\/sites\/553\/2019\/07\/Associacao_3-300x185.png 300w\" sizes=\"(max-width: 500px) 100vw, 500px\" \/><\/p>\n<ul>\n<li>Finalize o preenchimento do formul\u00e1rio e proceda para o checkout.<\/li>\n<\/ul>\n<p><img loading=\"lazy\" decoding=\"async\" class=\"alignnone size-full wp-image-864\" src=\"https:\/\/www.ufsm.br\/cursos\/pos-graduacao\/santa-maria\/ppgee\/wp-content\/uploads\/sites\/553\/2019\/07\/Associacao_4.png\" alt=\"\" width=\"500\" height=\"369\" srcset=\"https:\/\/www.ufsm.br\/app\/uploads\/sites\/553\/2019\/07\/Associacao_4.png 500w, https:\/\/www.ufsm.br\/app\/uploads\/sites\/553\/2019\/07\/Associacao_4-300x221.png 300w\" sizes=\"(max-width: 500px) 100vw, 500px\" \/><\/p>\n<ul>\n<li>Para realizar o pagamento, preencha os dados do seu cart\u00e3o de cr\u00e9dito. Lembre-se de adicionar o c\u00f3digo promocional que possuir.<\/li>\n<li>Complete o pedido de associa\u00e7\u00e3o. Lembre-se de guardar seu n\u00famero de associa\u00e7\u00e3o (<em>membership number<\/em>) e seu cart\u00e3o.<\/li>\n<li>Para concluir, envie um e-mail para\u00a0<a href=\"mailto:ieeesb@ufsm.br\">ieeesb@ufsm.br<\/a> com assunto \u201cNovo Membro\u201d, informando seu nome completo, curso e n\u00famero de associa\u00e7\u00e3o.<\/li>\n<\/ul>\n<p><img loading=\"lazy\" decoding=\"async\" class=\"alignnone size-full wp-image-865\" src=\"https:\/\/www.ufsm.br\/cursos\/pos-graduacao\/santa-maria\/ppgee\/wp-content\/uploads\/sites\/553\/2019\/07\/ezgif.com-gif-maker.gif\" alt=\"\" width=\"768\" height=\"593\" \/><\/p>\n<pre>Procedimento para membros IEEE<\/pre>\n<ul>\n<li>Se voc\u00ea j\u00e1 \u00e9 membro IEEE, certifique-se que sua institui\u00e7\u00e3o de ensino cadastrada \u00e9 \u201cUniversidade Federal de Santa Maria\u201d.<\/li>\n<li>Envie um e-mail para\u00a0<a href=\"mailto:ieeesb@ufsm.br\">ieeesb@ufsm.br<\/a>\u00a0com assunto \u201cNovo Membro\u201d, informando seu nome completo, curso e n\u00famero de associa\u00e7\u00e3o.<\/li>\n<\/ul>\n<hr \/>\n<p>Parab\u00e9ns, voc\u00ea passar\u00e1 a fazer parte do nosso Ramo Estudantil IEEE. Fique ligado, envolva-se, proponha atividades e aproveite as oportunidades que a IEEE e suas sociedades t\u00eam para oferecer em sua forma\u00e7\u00e3o pessoal e profissional.<\/p>\n","protected":false},"excerpt":{"rendered":"<p>O procedimento descrito a seguir \u00e9 v\u00e1lido para associa\u00e7\u00e3o na modalidade estudante. \u00c9 preciso estar matriculado em um curso de gradua\u00e7\u00e3o ou p\u00f3s-gradua\u00e7\u00e3o da UFSM para ser efetivado em nosso ramo estudantil. Procedimento para n\u00e3o-membros IEEE As instru\u00e7\u00f5es foram alteradas devido \u00e0 alguns problemas t\u00e9cnicos no site\u00a0ieee.org. Para o novo procedimento, acesse o site\u00a0ieee.org. Clique [&hellip;]<\/p>\n","protected":false},"author":115,"featured_media":0,"parent":0,"menu_order":0,"comment_status":"closed","ping_status":"closed","template":"","meta":{"footnotes":""},"categories":[],"tags":[],"class_list":["post-850","page","type-page","status-publish","hentry"],"acf":[],"_links":{"self":[{"href":"https:\/\/www.ufsm.br\/cursos\/pos-graduacao\/santa-maria\/ppgee\/wp-json\/wp\/v2\/pages\/850","targetHints":{"allow":["GET"]}}],"collection":[{"href":"https:\/\/www.ufsm.br\/cursos\/pos-graduacao\/santa-maria\/ppgee\/wp-json\/wp\/v2\/pages"}],"about":[{"href":"https:\/\/www.ufsm.br\/cursos\/pos-graduacao\/santa-maria\/ppgee\/wp-json\/wp\/v2\/types\/page"}],"author":[{"embeddable":true,"href":"https:\/\/www.ufsm.br\/cursos\/pos-graduacao\/santa-maria\/ppgee\/wp-json\/wp\/v2\/users\/115"}],"replies":[{"embeddable":true,"href":"https:\/\/www.ufsm.br\/cursos\/pos-graduacao\/santa-maria\/ppgee\/wp-json\/wp\/v2\/comments?post=850"}],"version-history":[{"count":0,"href":"https:\/\/www.ufsm.br\/cursos\/pos-graduacao\/santa-maria\/ppgee\/wp-json\/wp\/v2\/pages\/850\/revisions"}],"wp:attachment":[{"href":"https:\/\/www.ufsm.br\/cursos\/pos-graduacao\/santa-maria\/ppgee\/wp-json\/wp\/v2\/media?parent=850"}],"wp:term":[{"taxonomy":"category","embeddable":true,"href":"https:\/\/www.ufsm.br\/cursos\/pos-graduacao\/santa-maria\/ppgee\/wp-json\/wp\/v2\/categories?post=850"},{"taxonomy":"post_tag","embeddable":true,"href":"https:\/\/www.ufsm.br\/cursos\/pos-graduacao\/santa-maria\/ppgee\/wp-json\/wp\/v2\/tags?post=850"}],"curies":[{"name":"wp","href":"https:\/\/api.w.org\/{rel}","templated":true}]}}