{"id":190,"date":"2019-01-23T13:25:51","date_gmt":"2019-01-23T15:25:51","guid":{"rendered":"https:\/\/www.ufsm.br\/cursos\/pos-graduacao\/santa-maria\/ppgef\/?page_id=190"},"modified":"2019-01-23T13:25:53","modified_gmt":"2019-01-23T15:25:53","slug":"historico","status":"publish","type":"page","link":"https:\/\/www.ufsm.br\/cursos\/pos-graduacao\/santa-maria\/ppgef\/historico","title":{"rendered":"HIST\u00d3RICO"},"content":{"rendered":"\n<p>O Programa de P\u00f3s-gradua\u00e7\u00e3o em Engenharia Florestal da Universidade Federal de Santa Maria foi criado em 1990 com a implanta\u00e7\u00e3o do Curso de MESTRADO nas \u00e1reas de Silvicultura, Manejo Florestal e Tecnologia de Produtos Florestais. A partir de 1997 foi implantado o Curso de DOUTORADO em Manejo Florestal, mais tarde expandido para as \u00e1reas de Silvicultura e Tecnologia de Produtos Florestais.<\/p>\n","protected":false},"excerpt":{"rendered":"<p>O Programa de P\u00f3s-gradua\u00e7\u00e3o em Engenharia Florestal da Universidade Federal de Santa Maria foi criado em 1990 com a implanta\u00e7\u00e3o do Curso de MESTRADO nas \u00e1reas de Silvicultura, Manejo Florestal e Tecnologia de Produtos Florestais. A partir de 1997 foi implantado o Curso de DOUTORADO em Manejo Florestal, mais tarde expandido para as \u00e1reas de [&hellip;]<\/p>\n","protected":false},"author":115,"featured_media":0,"parent":0,"menu_order":0,"comment_status":"closed","ping_status":"closed","template":"","meta":{"footnotes":""},"categories":[],"tags":[],"class_list":["post-190","page","type-page","status-publish","hentry"],"acf":[],"_links":{"self":[{"href":"https:\/\/www.ufsm.br\/cursos\/pos-graduacao\/santa-maria\/ppgef\/wp-json\/wp\/v2\/pages\/190","targetHints":{"allow":["GET"]}}],"collection":[{"href":"https:\/\/www.ufsm.br\/cursos\/pos-graduacao\/santa-maria\/ppgef\/wp-json\/wp\/v2\/pages"}],"about":[{"href":"https:\/\/www.ufsm.br\/cursos\/pos-graduacao\/santa-maria\/ppgef\/wp-json\/wp\/v2\/types\/page"}],"author":[{"embeddable":true,"href":"https:\/\/www.ufsm.br\/cursos\/pos-graduacao\/santa-maria\/ppgef\/wp-json\/wp\/v2\/users\/115"}],"replies":[{"embeddable":true,"href":"https:\/\/www.ufsm.br\/cursos\/pos-graduacao\/santa-maria\/ppgef\/wp-json\/wp\/v2\/comments?post=190"}],"version-history":[{"count":0,"href":"https:\/\/www.ufsm.br\/cursos\/pos-graduacao\/santa-maria\/ppgef\/wp-json\/wp\/v2\/pages\/190\/revisions"}],"wp:attachment":[{"href":"https:\/\/www.ufsm.br\/cursos\/pos-graduacao\/santa-maria\/ppgef\/wp-json\/wp\/v2\/media?parent=190"}],"wp:term":[{"taxonomy":"category","embeddable":true,"href":"https:\/\/www.ufsm.br\/cursos\/pos-graduacao\/santa-maria\/ppgef\/wp-json\/wp\/v2\/categories?post=190"},{"taxonomy":"post_tag","embeddable":true,"href":"https:\/\/www.ufsm.br\/cursos\/pos-graduacao\/santa-maria\/ppgef\/wp-json\/wp\/v2\/tags?post=190"}],"curies":[{"name":"wp","href":"https:\/\/api.w.org\/{rel}","templated":true}]}}