{"id":192,"date":"2019-01-23T13:26:57","date_gmt":"2019-01-23T15:26:57","guid":{"rendered":"https:\/\/www.ufsm.br\/cursos\/pos-graduacao\/santa-maria\/ppgef\/?page_id=192"},"modified":"2019-01-23T13:26:59","modified_gmt":"2019-01-23T15:26:59","slug":"convenios","status":"publish","type":"page","link":"https:\/\/www.ufsm.br\/cursos\/pos-graduacao\/santa-maria\/ppgef\/convenios","title":{"rendered":"Conv\u00eanios"},"content":{"rendered":"\n<p>O Programa de P\u00f3s-gradua\u00e7\u00e3o em Engenharia Florestal mant\u00e9m rela\u00e7\u00f5es com universidades e institui\u00e7\u00f5es de pesquisa nacionais e estrangeiras atrav\u00e9s do relacionamento t\u00e9cnico-cient\u00edfico de professores e alunos da:<br \/><br \/><\/p>\n<ul>\n<li>Albert-Ludwigs Universitaet de Freiburg, Alemanha;<\/li>\n<li>Universitaet f\u00fcr Bodenkultur, \u00c1ustria;<\/li>\n<li>Pontif\u00edcia Universidade Cat\u00f3lica do Rio Grande do Sul &#8211; Centro de Pesquisas e Conserva\u00e7\u00e3o da Natureza Pr\u00f3-Mata &#8211; CPCN;<\/li>\n<li>Fundaci\u00f3n Vict\u00f3ria Jean Navajos &#8211; Instituto Agrot\u00e9cnico Victor Navajos Centeno, Argentina;<\/li>\n<li>Governo do Estado do Rio Grande do Sul &#8211; Secretaria de Meio Ambiente;<\/li>\n<li>Fachhochschule Rottenburg &#8211; Hochschule f\u00fcr Forstwirtschaft, Alemanha;<\/li>\n<li>Universidad Mayor de San Simon, Bolivia;<\/li>\n<li>Universidad de Lleida, Espanha;<\/li>\n<li>Universidad de Chile;<\/li>\n<li>Universidade Federal do Paran\u00e1 &#8211; Programa de P\u00f3s-gradua\u00e7\u00e3o em Engenharia Florestal;<\/li>\n<li>Universidade Federal de Pernambuco &#8211; Programa de P\u00f3s-gradua\u00e7\u00e3o em Engenharia Florestal.<\/li>\n<\/ul>\n<p><br \/>Al\u00e9m destes o Programa de P\u00f3s-gradua\u00e7\u00e3o em Engenharia Florestal participa do Projeto Alfa desenvolvido entre as Universidades Europ\u00e9ias Technische Universit\u00e4t M\u00fcnchen &#8211; Alemanha, Universit\u00e4t f\u00fcr Bodenkultur- \u00c1ustria, Svergiges Landbruskuniversitet Su\u00e9cia, Universitat de Lleida, Espanha e Joensuun Yliopisto, Finl\u00e2ndia, em conjunto com a Universidade Austral de Chile, Chile, Instituto Tecnol\u00f3gico de Costa Rica &#8211; Costa Rica; Universidad Mayor de San Simon, Colombia, Universidade Nacional de Comahue, Argentina e Universidade Federal de Santa Maria, Brasil.<\/p>\n","protected":false},"excerpt":{"rendered":"<p>O Programa de P\u00f3s-gradua\u00e7\u00e3o em Engenharia Florestal mant\u00e9m rela\u00e7\u00f5es com universidades e institui\u00e7\u00f5es de pesquisa nacionais e estrangeiras atrav\u00e9s do relacionamento t\u00e9cnico-cient\u00edfico de professores e alunos da: Albert-Ludwigs Universitaet de Freiburg, Alemanha; Universitaet f\u00fcr Bodenkultur, \u00c1ustria; Pontif\u00edcia Universidade Cat\u00f3lica do Rio Grande do Sul &#8211; Centro de Pesquisas e Conserva\u00e7\u00e3o da Natureza Pr\u00f3-Mata &#8211; CPCN; [&hellip;]<\/p>\n","protected":false},"author":115,"featured_media":0,"parent":0,"menu_order":0,"comment_status":"closed","ping_status":"closed","template":"","meta":{"footnotes":""},"categories":[],"tags":[],"class_list":["post-192","page","type-page","status-publish","hentry"],"acf":[],"_links":{"self":[{"href":"https:\/\/www.ufsm.br\/cursos\/pos-graduacao\/santa-maria\/ppgef\/wp-json\/wp\/v2\/pages\/192","targetHints":{"allow":["GET"]}}],"collection":[{"href":"https:\/\/www.ufsm.br\/cursos\/pos-graduacao\/santa-maria\/ppgef\/wp-json\/wp\/v2\/pages"}],"about":[{"href":"https:\/\/www.ufsm.br\/cursos\/pos-graduacao\/santa-maria\/ppgef\/wp-json\/wp\/v2\/types\/page"}],"author":[{"embeddable":true,"href":"https:\/\/www.ufsm.br\/cursos\/pos-graduacao\/santa-maria\/ppgef\/wp-json\/wp\/v2\/users\/115"}],"replies":[{"embeddable":true,"href":"https:\/\/www.ufsm.br\/cursos\/pos-graduacao\/santa-maria\/ppgef\/wp-json\/wp\/v2\/comments?post=192"}],"version-history":[{"count":0,"href":"https:\/\/www.ufsm.br\/cursos\/pos-graduacao\/santa-maria\/ppgef\/wp-json\/wp\/v2\/pages\/192\/revisions"}],"wp:attachment":[{"href":"https:\/\/www.ufsm.br\/cursos\/pos-graduacao\/santa-maria\/ppgef\/wp-json\/wp\/v2\/media?parent=192"}],"wp:term":[{"taxonomy":"category","embeddable":true,"href":"https:\/\/www.ufsm.br\/cursos\/pos-graduacao\/santa-maria\/ppgef\/wp-json\/wp\/v2\/categories?post=192"},{"taxonomy":"post_tag","embeddable":true,"href":"https:\/\/www.ufsm.br\/cursos\/pos-graduacao\/santa-maria\/ppgef\/wp-json\/wp\/v2\/tags?post=192"}],"curies":[{"name":"wp","href":"https:\/\/api.w.org\/{rel}","templated":true}]}}