{"id":207,"date":"2019-01-24T08:41:21","date_gmt":"2019-01-24T10:41:21","guid":{"rendered":"https:\/\/www.ufsm.br\/cursos\/pos-graduacao\/santa-maria\/ppgef\/?page_id=207"},"modified":"2019-02-28T10:07:30","modified_gmt":"2019-02-28T13:07:30","slug":"defesas","status":"publish","type":"page","link":"https:\/\/www.ufsm.br\/cursos\/pos-graduacao\/santa-maria\/ppgef\/defesas","title":{"rendered":"Defesas"},"content":{"rendered":"\t\t<div data-elementor-type=\"wp-post\" data-elementor-id=\"207\" class=\"elementor elementor-207 elementor-bc-flex-widget\">\n\t\t\t\t\t\t<section class=\"elementor-section elementor-top-section elementor-element elementor-element-708ed7c elementor-section-boxed elementor-section-height-default elementor-section-height-default\" data-id=\"708ed7c\" data-element_type=\"section\">\n\t\t\t\t\t\t<div class=\"elementor-container elementor-column-gap-default\">\n\t\t\t\t\t<div class=\"elementor-column elementor-col-100 elementor-top-column elementor-element elementor-element-ec3eed9\" data-id=\"ec3eed9\" data-element_type=\"column\">\n\t\t\t<div class=\"elementor-widget-wrap elementor-element-populated\">\n\t\t\t\t\t\t<div class=\"elementor-element elementor-element-27c4f97 elementor-widget elementor-widget-text-editor\" data-id=\"27c4f97\" data-element_type=\"widget\" data-widget_type=\"text-editor.default\">\n\t\t\t\t<div class=\"elementor-widget-container\">\n\t\t\t\t\t\t\t<p>Defesas 2019 &#8211; PPGEF<\/p><table border=\"0\"><tbody><tr><td>\u00a0<\/td><td>\u00a0<\/td><td>\u00a0<\/td><td>\u00a0<\/td><\/tr><tr><td>\u00a0<\/td><td><p>\u00a0<\/p><\/td><td>\u00a0<\/td><td>\u00a0<\/td><\/tr><tr><td>\u00a0<\/td><td>\u00a0<\/td><td>\u00a0<\/td><td><br \/><table><tbody><tr><td width=\"126\"><p>Data \/ Hora<\/p><\/td><td width=\"190\"><p>Titulo<\/p><\/td><td width=\"125\"><p>Autor<\/p><\/td><td width=\"126\"><p>Local<\/p><\/td><\/tr><tr><td width=\"126\">\u00a0<\/td><td width=\"190\">\u00a0<\/td><td width=\"125\">\u00a0<\/td><td width=\"126\">\u00a0<\/td><\/tr><tr><td width=\"126\"><p>25\/02\/2019 08:00<\/p><\/td><td width=\"190\"><p>Disserta\u00e7\u00e3o:\u00a0Planejamento Florestal Aplicado \u00e0 Fumicultura no Sul do Brasil<\/p><\/td><td width=\"125\"><p>PABULO DIOGO DE SOUZA<\/p><\/td><td width=\"126\"><p>\u00a0Sala 101 &#8211; Pr\u00e9dio\u00a0\u00a044 J<\/p><\/td><\/tr><tr><td width=\"126\"><p>\u00a025\/02\/2019 09:00<\/p><\/td><td width=\"190\"><p>Disserta\u00e7\u00e3o: Crescimento, Biomassa e Poda de Forma\u00e7\u00e3o em Erval com diferentes Plantas de Cobertura do solo<\/p><\/td><td width=\"125\"><p>MONIKE ANDRADE PEREIRA<\/p><\/td><td width=\"126\"><p>CPD &#8211; Pr\u00e9dio 67<\/p><\/td><\/tr><tr><td width=\"126\"><p>25\/02\/2019 15:00<\/p><\/td><td width=\"190\"><p>Disserta\u00e7\u00e3o: Origem e previs\u00e3o da vari\u00e2ncia na amostragem de serrapilheira em Floresta Estacional Decidual no munic\u00edpio de Silveira Martins\/RS<\/p><\/td><td width=\"125\"><p>ANE CAROLINE DA SILVA PEREIRA<\/p><\/td><td width=\"126\"><p>Laborat\u00f3rio Manejo Florestal, sala 21 &#8211; Pr\u00e9dio 44 B<\/p><\/td><\/tr><tr><td width=\"126\">\u00a0<\/td><td width=\"190\">\u00a0<\/td><td width=\"125\">\u00a0<\/td><td width=\"126\">\u00a0<\/td><\/tr><tr><td width=\"126\"><p>27\/02\/2019 08:30<\/p><\/td><td width=\"190\"><p>Tese:\u00a0Avalia\u00e7\u00e3o da aplicabilidade de imagens obtidas a partir de aerofotogrametria realizada com Aeronave Remotamente Pilotada (RPA)<\/p><\/td><td width=\"125\"><p>CALINCA BAR\u00c3O DE AVILA<\/p><\/td><td width=\"126\">\u00a0<\/td><\/tr><tr><td width=\"126\"><p>27\/02\/2019 08:30<\/p><\/td><td width=\"190\"><p>Disserta\u00e7\u00e3o: Utiliza\u00e7\u00e3o de Espuma R\u00edgida de Tanino na confec\u00e7\u00e3o de Pain\u00e9is Sandu\u00edche<\/p><\/td><td width=\"125\"><p>RONAN CORR\u00caA<\/p><\/td><td width=\"126\"><p>Sala\u00a0Claudio Mussoi &#8211; Pr\u00e9dio 42<\/p><\/td><\/tr><tr><td width=\"126\"><p>27\/02\/2019 13:30<\/p><\/td><td width=\"190\"><p>Tese:\u00a0REGISTROS PALINOL\u00d3GICOS EM PERFIS DE SOLOS PARA RECONSTITUI\u00c7\u00c3O DA VEGETA\u00c7\u00c3O NO BIOMA PAMPA<\/p><\/td><td width=\"125\"><p>ELIARA MARIN PIAZZA<\/p><\/td><td width=\"126\"><p>Audit\u00f3rio do PPGEF \u2013 Subsolo Pr\u00e9dio 44<\/p><\/td><\/tr><tr><td width=\"126\"><p>27\/02\/2019 13:30<\/p><\/td><td width=\"190\"><p>Disserta\u00e7\u00e3o: INFLU\u00caNCIA DO ARMAZENAMENTO \u00c0 CAMPO NA PROPAGA\u00c7\u00c3O VEGETATIVA DE ESP\u00c9CIES RE\u00d3FITAS<\/p><\/td><td width=\"125\"><p>VINICIUS DE OLIVEIRA WEISE<\/p><\/td><td width=\"126\"><p>\u00a0Laborat\u00f3rio de Engenharia Natural &#8211; Pr\u00e9dio 44 N,\u00a0<\/p><\/td><\/tr><tr><td width=\"126\">\u00a0<\/td><td width=\"190\">\u00a0<\/td><td width=\"125\">\u00a0<\/td><td width=\"126\">\u00a0<\/td><\/tr><tr><td width=\"126\"><p>\u00a028\/02\/2019 08:30<\/p><\/td><td width=\"190\"><p>Disserta\u00e7\u00e3o: Estrat\u00e9gias para o enriquecimento de \u00e1reas rip\u00e1rias em processo de restaura\u00e7\u00e3o no extremo sul do Bioma Mata Atl\u00e2ntica<\/p><\/td><td width=\"125\"><p>ADRIANA MARIA GRIEBELER<\/p><\/td><td width=\"126\"><p>Audit\u00f3rio do PPGEF \u2013 Subsolo Pr\u00e9dio 44<\/p><\/td><\/tr><tr><td width=\"126\"><p>28\/02\/2019 08:30<\/p><\/td><td width=\"190\"><p>Disserta\u00e7\u00e3o: Sele\u00e7\u00e3o entre e dentro de prog\u00eanies de erva-mate (Ilex paraguariensis A. St.-Hil.)<\/p><\/td><td width=\"125\"><p>DENISE GAZZANA<\/p><\/td><td width=\"126\"><p>Sala 40, N\u00facleo de Melhoramento e Propaga\u00e7\u00e3o Vegetativa de Plantas &#8211; MPVP, da Fitotecnia &#8211; Pr\u00e9dio 77<\/p><\/td><\/tr><tr><td width=\"126\">\u00a0<\/td><td width=\"190\">\u00a0<\/td><td width=\"125\">\u00a0<\/td><td width=\"126\">\u00a0<\/td><\/tr><tr><td width=\"126\"><p>01\/03\/2019 14:00<\/p><\/td><td width=\"190\"><p>Disserta\u00e7\u00e3o: Potencial silvicultural de Myracrodruon balansae (Engler) D. A. Santin.: esp\u00e9cie em perigo de extin\u00e7\u00e3o no sul do Brasil.<\/p><\/td><td width=\"125\"><p>FELIPE MANZONI BARBOSA<\/p><\/td><td width=\"126\"><p>Sala\u00a0Cl\u00e1udio Muss\u00f3i &#8211; Pr\u00e9dio 42<\/p><\/td><\/tr><tr><td width=\"126\">\u00a0<\/td><td width=\"190\">\u00a0<\/td><td width=\"125\">\u00a0<\/td><td width=\"126\">\u00a0<\/td><\/tr><tr><td width=\"126\">\u00a0<\/td><td width=\"190\">\u00a0<\/td><td width=\"125\">\u00a0<\/td><td width=\"126\">\u00a0<\/td><\/tr><tr><td width=\"126\">\u00a0<\/td><td width=\"190\">\u00a0<\/td><td width=\"125\">\u00a0<\/td><td width=\"126\">\u00a0<\/td><\/tr><tr><td width=\"126\"><p>22\/02\/2019<\/p><p>14:00<\/p><\/td><td width=\"190\"><p>Disserta\u00e7\u00e3o: Rizog\u00eanese in vitro e aclimatiza\u00e7\u00e3o de plantas micropropagadas de Peltophorum dubium (Sprengel) Taubert<\/p><\/td><td width=\"125\"><p>TATIANE LAIS PIRES ANDREOLLA<\/p><\/td><td width=\"126\">\u00a0<\/td><\/tr><tr><td width=\"126\"><p>22\/02\/2019<\/p><p>14:00<\/p><\/td><td width=\"190\"><p>Tese: RESILI\u00caNCIA E ESTRUTURA DE UMA COMUNIDADE ARB\u00d3REA EM FLORESTA ESTACIONAL DECIDUAL NO SUL DO BRASIL<\/p><\/td><td width=\"125\"><p>FRANCIELI DE F\u00c1TIMA MISSIO<\/p><\/td><td width=\"126\">\u00a0<\/td><\/tr><tr><td width=\"126\"><p>22\/02\/2019 13:30<\/p><\/td><td width=\"190\"><p>Disserta\u00e7\u00e3o: INFLU\u00caNCIA DA LUMINOSIDADE NA MORFOMETRIA FOLIAR E ESTRUTURA ARB\u00d3REA DE Pilocarpus pennatifolius Lem<\/p><\/td><td width=\"125\"><p>JANDERSON DE OLIVEIRA SILVA<\/p><\/td><td width=\"126\">\u00a0<\/td><\/tr><tr><td width=\"126\"><p>21\/02\/2019 14:00<\/p><\/td><td width=\"190\"><p>Tese:\u00a0\u00a0PROPAGA\u00c7\u00c3O VEGETATIVA E AN\u00c1LISE DA DIVERSIDADE MOLECULAR EM Handroanthus chrysotrichus (MART. ex DC) J. MATTOS<\/p><\/td><td width=\"125\"><p>\u00a0SILVIA MACHADO DOS SANTOS RABAIOLLI<\/p><\/td><td width=\"126\">\u00a0<\/td><\/tr><tr><td width=\"126\"><p>21\/02\/2019 14:00<\/p><\/td><td width=\"190\"><p>\u00a0\u00a0\u00a0\u00a0\u00a0\u00a0\u00a0\u00a0\u00a0\u00a0\u00a0\u00a0\u00a0\u00a0\u00a0\u00a0\u00a0\u00a0\u00a0\u00a0\u00a0\u00a0\u00a0\u00a0\u00a0\u00a0\u00a0\u00a0\u00a0\u00a0\u00a0\u00a0\u00a0\u00a0\u00a0\u00a0\u00a0\u00a0\u00a0\u00a0 Tese: PRODU\u00c7\u00c3O DE CELULOSE KRAFT E PAPEL DE MADEIRAS DE Pinus taeda L. e Pinus patula Schltdl &amp; Cham.<\/p><\/td><td width=\"125\"><p>BIBIANA REGINA ARGENTA VIDRANO<\/p><\/td><td width=\"126\">\u00a0<\/td><\/tr><tr><td width=\"126\"><p>20\/02\/2019 14:00<\/p><\/td><td width=\"190\"><p>Tese: EXTRATOS NATURAIS COMO ALTERNATIVA PARA A PRESERVA\u00c7\u00c3O DE MADEIRAS<\/p><\/td><td width=\"125\"><p>AMANDA GRASSMANN DA SILVEIRA<\/p><\/td><td width=\"126\">\u00a0<\/td><\/tr><tr><td width=\"126\"><p>19\/02\/2019\u00a0 10:00<\/p><\/td><td width=\"190\"><p>Disserta\u00e7\u00e3o: METODOLOGIA PARA MONITORAMENTO DE PROCESSOS EROSIVOS EM MARGENS DE RESERVAT\u00d3RIOS DE USINAS HIDREL\u00c9TRICAS<\/p><\/td><td width=\"125\"><p>JUNIOR JOEL DEWES<\/p><\/td><td width=\"126\">\u00a0<\/td><\/tr><tr><td width=\"126\"><p>19\/02\/2019 08:30<\/p><\/td><td width=\"190\"><p>Disserta\u00e7\u00e3o: Produ\u00e7\u00e3o e caracteriza\u00e7\u00e3o de filmes nanocelul\u00f3sicos a partir de polpa de Acacia mearnsii De Wild. com diferentes teores de lignina residual<\/p><\/td><td width=\"125\"><p>\u00a0MARINA GENTIL<\/p><\/td><td width=\"126\">\u00a0<\/td><\/tr><tr><td width=\"126\"><p>19\/02\/2019\u00a0 08:30<\/p><\/td><td width=\"190\"><p>Disserta\u00e7\u00e3o: MURCHA EM NOGUEIRA-PEC\u00c3 (Carya illinoinensis K.) PATOGENICIDADE, CARACTERIZA\u00c7\u00c3O MORFOFISIOL\u00d3GICA E MOLECULAR DE Fusarium spp.<\/p><\/td><td width=\"125\"><p>JESSICA MENGUE ROLIM<\/p><\/td><td width=\"126\">\u00a0<\/td><\/tr><tr><td width=\"126\"><p>18\/02\/2019 09:00<\/p><\/td><td width=\"190\"><p>Disserta\u00e7\u00e3o: ATIVIDADE ANTIF\u00daNGICA E MECANISMOS DE A\u00c7\u00c3O DE \u00d3LEOS ESSENCIAIS DE ESP\u00c9CIES FLORESTAIS<\/p><\/td><td width=\"125\"><p>VANESSA ALBA DA SILVA<\/p><\/td><td width=\"126\">\u00a0<\/td><\/tr><tr><td width=\"126\"><p>15\/02\/2019 09:00<\/p><\/td><td width=\"190\"><p>Tese: EFEITO DA EXPLORA\u00c7\u00c3O FLORESTAL, DESBASTES E FOGO NO CRESCIMENTO DE Carapa guianensis Aubl. NA AMAZ\u00d4NIA BRASILEIRA<\/p><\/td><td width=\"125\"><p>LUCIANA MARIA DE BARROS FRANCEZ<\/p><\/td><td width=\"126\">\u00a0<\/td><\/tr><tr><td width=\"126\"><p>13\/02\/2019\u00a0<\/p><p>10:00<\/p><\/td><td width=\"190\"><p>Disserta\u00e7\u00e3o\u00a0Propaga\u00e7\u00e3o vegetativa de esp\u00e9cies re\u00f3fitas para utiliza\u00e7\u00e3o em recupera\u00e7\u00e3o de matas ciliares<\/p><\/td><td width=\"125\"><p>DIONE DAMBR\u00d3S RADDATZ<\/p><\/td><td width=\"126\">\u00a0<\/td><\/tr><tr><td width=\"126\"><p>12\/02\/2019\u00a0<\/p><p>07:30<\/p><\/td><td width=\"190\"><p>Dissera\u00e7\u00e3o\u00a0SUBSTRATOS ALTERNATIVOS FORMULADOS COM RES\u00cdDUOS AGROINDUSTRIAIS NA PRODU\u00c7\u00c3O DE MUDAS DE Handroanthus heptaphyllus E Schinus terebinthifolius<\/p><\/td><td width=\"125\"><p>LUCIANA SAMUEL NHANTUMBO<\/p><\/td><td width=\"126\">\u00a0<\/td><\/tr><tr><td width=\"126\"><p>30\/01\/2019 14:30<\/p><\/td><td width=\"190\"><p>DISSERTA\u00c7\u00c3O:\u00a0IDENTIFICA\u00c7\u00c3O DE CLAREIRAS EM FLORESTA TROPICAL A PARTIR DE SENSOR LIDAR\u00a0<\/p><\/td><td width=\"125\"><p>JOS\u00c9 AUGUSTO SPIAZZI FAVARIN<\/p><\/td><td width=\"126\">\u00a0<\/td><\/tr><tr><td width=\"126\"><p>30\/01\/2019 08:30<\/p><\/td><td width=\"190\"><p>DISSERTA\u00c7\u00c3O Modelos preditivos de biomassa em floresta tropical a partir de dados LiDAR<\/p><\/td><td width=\"125\"><p>MATEUS SABADI SCHUH<\/p><\/td><td width=\"126\">\u00a0<\/td><\/tr><tr><td width=\"126\">\u00a0<\/td><td width=\"190\">\u00a0<\/td><td width=\"125\">\u00a0<\/td><td width=\"126\">\u00a0<\/td><\/tr><\/tbody><\/table><\/td><\/tr><\/tbody><\/table>\t\t\t\t\t\t<\/div>\n\t\t\t\t<\/div>\n\t\t\t\t\t<\/div>\n\t\t<\/div>\n\t\t\t\t\t<\/div>\n\t\t<\/section>\n\t\t\t\t<\/div>\n\t\t","protected":false},"excerpt":{"rendered":"<p>Defesas 2019 &#8211; PPGEF &nbsp; &nbsp; &nbsp; &nbsp; &nbsp; &nbsp; &nbsp; &nbsp; &nbsp; &nbsp; Data \/ Hora Titulo Autor Local &nbsp; &nbsp; &nbsp; &nbsp; 25\/02\/2019 08:00 Disserta\u00e7\u00e3o:&nbsp;Planejamento Florestal Aplicado \u00e0 Fumicultura no Sul do Brasil PABULO DIOGO DE SOUZA &nbsp;Sala 101 &#8211; Pr\u00e9dio&nbsp;&nbsp;44 J &nbsp;25\/02\/2019 09:00 Disserta\u00e7\u00e3o: Crescimento, Biomassa e Poda de Forma\u00e7\u00e3o em Erval [&hellip;]<\/p>\n","protected":false},"author":115,"featured_media":0,"parent":0,"menu_order":0,"comment_status":"closed","ping_status":"closed","template":"","meta":{"footnotes":""},"categories":[],"tags":[],"class_list":["post-207","page","type-page","status-publish","hentry"],"acf":[],"_links":{"self":[{"href":"https:\/\/www.ufsm.br\/cursos\/pos-graduacao\/santa-maria\/ppgef\/wp-json\/wp\/v2\/pages\/207","targetHints":{"allow":["GET"]}}],"collection":[{"href":"https:\/\/www.ufsm.br\/cursos\/pos-graduacao\/santa-maria\/ppgef\/wp-json\/wp\/v2\/pages"}],"about":[{"href":"https:\/\/www.ufsm.br\/cursos\/pos-graduacao\/santa-maria\/ppgef\/wp-json\/wp\/v2\/types\/page"}],"author":[{"embeddable":true,"href":"https:\/\/www.ufsm.br\/cursos\/pos-graduacao\/santa-maria\/ppgef\/wp-json\/wp\/v2\/users\/115"}],"replies":[{"embeddable":true,"href":"https:\/\/www.ufsm.br\/cursos\/pos-graduacao\/santa-maria\/ppgef\/wp-json\/wp\/v2\/comments?post=207"}],"version-history":[{"count":0,"href":"https:\/\/www.ufsm.br\/cursos\/pos-graduacao\/santa-maria\/ppgef\/wp-json\/wp\/v2\/pages\/207\/revisions"}],"wp:attachment":[{"href":"https:\/\/www.ufsm.br\/cursos\/pos-graduacao\/santa-maria\/ppgef\/wp-json\/wp\/v2\/media?parent=207"}],"wp:term":[{"taxonomy":"category","embeddable":true,"href":"https:\/\/www.ufsm.br\/cursos\/pos-graduacao\/santa-maria\/ppgef\/wp-json\/wp\/v2\/categories?post=207"},{"taxonomy":"post_tag","embeddable":true,"href":"https:\/\/www.ufsm.br\/cursos\/pos-graduacao\/santa-maria\/ppgef\/wp-json\/wp\/v2\/tags?post=207"}],"curies":[{"name":"wp","href":"https:\/\/api.w.org\/{rel}","templated":true}]}}