{"id":1373,"date":"2023-10-23T17:16:21","date_gmt":"2023-10-23T20:16:21","guid":{"rendered":"https:\/\/www.ufsm.br\/cursos\/pos-graduacao\/santa-maria\/ppgemef\/?page_id=1373"},"modified":"2023-10-23T17:16:22","modified_gmt":"2023-10-23T20:16:22","slug":"anais-da-ii-escola-de-inverno-de-ensino-de-fisica-eief","status":"publish","type":"page","link":"https:\/\/www.ufsm.br\/cursos\/pos-graduacao\/santa-maria\/ppgemef\/anais-da-ii-escola-de-inverno-de-ensino-de-fisica-eief","title":{"rendered":"Anais da II Escola de Inverno de Ensino de F\u00edsica (EIEF)"},"content":{"rendered":"\n<p><strong>ISSN<\/strong>: 2316-7785<br \/><br \/><a href=\"https:\/\/www.ufsm.br\/app\/uploads\/sites\/534\/2023\/10\/Anais_Comunicacao-Cientifica.pdf\" target=\"_blank\" rel=\"noopener\"><strong>V. 2 N. 1<\/strong><\/a><br \/>Comunica\u00e7\u00e3o Cient\u00edfica (CC)<br \/><br \/><a href=\"https:\/\/www.ufsm.br\/app\/uploads\/sites\/534\/2023\/10\/Anais_Relato-de-Experiencia.pdf\" target=\"_blank\" rel=\"noopener\"><strong>V. 2 N. 2<\/strong><\/a><br \/>Relato de Experi\u00eancia (RE)<\/p>\n","protected":false},"excerpt":{"rendered":"<p>ISSN: 2316-7785 V. 2 N. 1Comunica\u00e7\u00e3o Cient\u00edfica (CC) V. 2 N. 2Relato de Experi\u00eancia (RE)<\/p>\n","protected":false},"author":4867,"featured_media":0,"parent":0,"menu_order":0,"comment_status":"closed","ping_status":"closed","template":"","meta":{"footnotes":""},"categories":[],"tags":[],"class_list":["post-1373","page","type-page","status-publish","hentry"],"acf":[],"_links":{"self":[{"href":"https:\/\/www.ufsm.br\/cursos\/pos-graduacao\/santa-maria\/ppgemef\/wp-json\/wp\/v2\/pages\/1373","targetHints":{"allow":["GET"]}}],"collection":[{"href":"https:\/\/www.ufsm.br\/cursos\/pos-graduacao\/santa-maria\/ppgemef\/wp-json\/wp\/v2\/pages"}],"about":[{"href":"https:\/\/www.ufsm.br\/cursos\/pos-graduacao\/santa-maria\/ppgemef\/wp-json\/wp\/v2\/types\/page"}],"author":[{"embeddable":true,"href":"https:\/\/www.ufsm.br\/cursos\/pos-graduacao\/santa-maria\/ppgemef\/wp-json\/wp\/v2\/users\/4867"}],"replies":[{"embeddable":true,"href":"https:\/\/www.ufsm.br\/cursos\/pos-graduacao\/santa-maria\/ppgemef\/wp-json\/wp\/v2\/comments?post=1373"}],"version-history":[{"count":0,"href":"https:\/\/www.ufsm.br\/cursos\/pos-graduacao\/santa-maria\/ppgemef\/wp-json\/wp\/v2\/pages\/1373\/revisions"}],"wp:attachment":[{"href":"https:\/\/www.ufsm.br\/cursos\/pos-graduacao\/santa-maria\/ppgemef\/wp-json\/wp\/v2\/media?parent=1373"}],"wp:term":[{"taxonomy":"category","embeddable":true,"href":"https:\/\/www.ufsm.br\/cursos\/pos-graduacao\/santa-maria\/ppgemef\/wp-json\/wp\/v2\/categories?post=1373"},{"taxonomy":"post_tag","embeddable":true,"href":"https:\/\/www.ufsm.br\/cursos\/pos-graduacao\/santa-maria\/ppgemef\/wp-json\/wp\/v2\/tags?post=1373"}],"curies":[{"name":"wp","href":"https:\/\/api.w.org\/{rel}","templated":true}]}}