{"id":1396,"date":"2023-11-27T13:05:46","date_gmt":"2023-11-27T16:05:46","guid":{"rendered":"https:\/\/www.ufsm.br\/cursos\/pos-graduacao\/santa-maria\/ppgemef\/?page_id=1396"},"modified":"2023-11-27T13:05:47","modified_gmt":"2023-11-27T16:05:47","slug":"portarias-comissao-de-bolsas-comissao-de-selecao","status":"publish","type":"page","link":"https:\/\/www.ufsm.br\/cursos\/pos-graduacao\/santa-maria\/ppgemef\/portarias-comissao-de-bolsas-comissao-de-selecao","title":{"rendered":"Portarias: Comiss\u00e3o de Bolsas &amp; Comiss\u00e3o de Sele\u00e7\u00e3o"},"content":{"rendered":"\n<p>Portaria da Comiss\u00e3o de bolsas<\/p>\n<p>Portaria da Comiss\u00e3o de Sele\u00e7\u00e3o de Ingresso para o primeiro semestre de 2024<\/p>\n","protected":false},"excerpt":{"rendered":"<p>Portaria da Comiss\u00e3o de bolsas Portaria da Comiss\u00e3o de Sele\u00e7\u00e3o de Ingresso para o primeiro semestre de 2024<\/p>\n","protected":false},"author":599,"featured_media":0,"parent":0,"menu_order":0,"comment_status":"closed","ping_status":"closed","template":"","meta":{"footnotes":""},"categories":[],"tags":[],"class_list":["post-1396","page","type-page","status-publish","hentry"],"acf":[],"_links":{"self":[{"href":"https:\/\/www.ufsm.br\/cursos\/pos-graduacao\/santa-maria\/ppgemef\/wp-json\/wp\/v2\/pages\/1396","targetHints":{"allow":["GET"]}}],"collection":[{"href":"https:\/\/www.ufsm.br\/cursos\/pos-graduacao\/santa-maria\/ppgemef\/wp-json\/wp\/v2\/pages"}],"about":[{"href":"https:\/\/www.ufsm.br\/cursos\/pos-graduacao\/santa-maria\/ppgemef\/wp-json\/wp\/v2\/types\/page"}],"author":[{"embeddable":true,"href":"https:\/\/www.ufsm.br\/cursos\/pos-graduacao\/santa-maria\/ppgemef\/wp-json\/wp\/v2\/users\/599"}],"replies":[{"embeddable":true,"href":"https:\/\/www.ufsm.br\/cursos\/pos-graduacao\/santa-maria\/ppgemef\/wp-json\/wp\/v2\/comments?post=1396"}],"version-history":[{"count":0,"href":"https:\/\/www.ufsm.br\/cursos\/pos-graduacao\/santa-maria\/ppgemef\/wp-json\/wp\/v2\/pages\/1396\/revisions"}],"wp:attachment":[{"href":"https:\/\/www.ufsm.br\/cursos\/pos-graduacao\/santa-maria\/ppgemef\/wp-json\/wp\/v2\/media?parent=1396"}],"wp:term":[{"taxonomy":"category","embeddable":true,"href":"https:\/\/www.ufsm.br\/cursos\/pos-graduacao\/santa-maria\/ppgemef\/wp-json\/wp\/v2\/categories?post=1396"},{"taxonomy":"post_tag","embeddable":true,"href":"https:\/\/www.ufsm.br\/cursos\/pos-graduacao\/santa-maria\/ppgemef\/wp-json\/wp\/v2\/tags?post=1396"}],"curies":[{"name":"wp","href":"https:\/\/api.w.org\/{rel}","templated":true}]}}