{"id":1404,"date":"2023-12-05T13:27:32","date_gmt":"2023-12-05T16:27:32","guid":{"rendered":"https:\/\/www.ufsm.br\/cursos\/pos-graduacao\/santa-maria\/ppgemef\/?page_id=1404"},"modified":"2026-02-26T18:39:55","modified_gmt":"2026-02-26T21:39:55","slug":"orientacoes-aosas-academicosas","status":"publish","type":"page","link":"https:\/\/www.ufsm.br\/cursos\/pos-graduacao\/santa-maria\/ppgemef\/orientacoes-aosas-academicosas","title":{"rendered":".:: Orienta\u00e7\u00f5es aos(\u00e0s) Acad\u00eamicos(as) ::."},"content":{"rendered":"\n<h1>\u00a0<\/h1>\n<h1><span style=\"color: #3366ff\">Tutorial para efetuar a matr\u00edcula<\/span><\/h1>\n<p>Link para o tutorial: <a href=\"https:\/\/ntetube.nte.ufsm.br\/v\/1558984169\" target=\"_blank\" rel=\"noopener\">https:\/\/ntetube.nte.ufsm.br\/v\/1558984169<\/a><\/p>\n<p>No Portal do Aluno, escolha a op\u00e7\u00e3o de &#8220;todas as disciplinas&#8221;.<\/p>\n<h1 class=\"entry-title\"><span style=\"color: #3366ff\">Comprova\u00e7\u00e3o de Sufici\u00eancia em l\u00edngua estrangeira<\/span><\/h1>\n<p>(1) Este procedimento dever\u00e1 ser feito SOMENTE para as aprova\u00e7\u00f5es fora do processo da UFSM;<\/p>\n<p>(2) Seguir os passos que se encontra neste <a href=\"https:\/\/www.ufsm.br\/pro-reitorias\/prpgp\/servicos\/comprovacao-de-suficiencia-em-lingua-estrangeira\" target=\"_blank\" rel=\"noopener\">link<\/a>.<\/p>\n<h1><span style=\"color: #3366ff\">Procedimento para o Aproveitamento ou a Dispensa de Disciplinas<\/span><\/h1>\n<p>Encontra-se neste <a href=\"https:\/\/www.ufsm.br\/unidades-universitarias\/ccne\/secretaria-integrada-dos-cursos-de-pos-graduacao-do-ccne\/dispensa-e-aproveitamento-de-disciplinas\">link<\/a>.<\/p>\n<h1><span style=\"color: #3366ff\">Solicita\u00e7\u00e3o de Prorroga\u00e7\u00e3o de Qualifica\u00e7\u00e3o<\/span><\/h1>\n<p>O Modelo de solicita\u00e7\u00e3o encontra-se neste <a href=\"https:\/\/www.ufsm.br\/app\/uploads\/sites\/534\/2025\/08\/RequerimentoProrrogacao_Qualificacao-Modelo.docx\">link<\/a>. As instru\u00e7\u00f5es est\u00e3o no arquivo.<\/p>\n<p><span style=\"color: #ff0000\"><strong>Aten\u00e7\u00e3o:<\/strong><\/span> A partir da delibera\u00e7\u00e3o do Colegiado (<a href=\"https:\/\/portal.ufsm.br\/documentos\/publico\/documento.html?idDocumento=15664019\">Ata n\u00famero 147\/2025<\/a>) ser\u00e1 necess\u00e1rio incluir no processo comprovantes (atestados m\u00e9dicos e gerais), bem como o Cronograma detalhado de como o(a) discente pretende concluir dentro do prazo prorrogado, junto da anu\u00eancia do(a) orientador(a).<\/p>\n<h1><span style=\"background-color: #ffffff;color: #3366ff\">Solicita\u00e7\u00e3o de Prorroga\u00e7\u00e3o de Defesa de Disserta\u00e7\u00e3o<\/span><\/h1>\n<p>As instru\u00e7\u00f5es de como proceder encontram-se neste <a href=\"https:\/\/www.ufsm.br\/pro-reitorias\/prpgp\/servicos\/prorrogacao-de-prazo-para-defesa\">link<\/a>.<\/p>\n<p><span style=\"color: #ff0000\"><strong>Aten\u00e7\u00e3o:<\/strong><\/span> A partir da delibera\u00e7\u00e3o do Colegiado (<a href=\"https:\/\/portal.ufsm.br\/documentos\/publico\/documento.html?idDocumento=15664019\">Ata n\u00famero 147\/2025<\/a>) ser\u00e1 necess\u00e1rio incluir no processo comprovantes (atestados m\u00e9dicos e gerais), bem como o Cronograma detalhado de como o(a) discente pretende concluir dentro do prazo prorrogado, junto da anu\u00eancia do(a) orientador(a).<\/p>\n<h1><span style=\"background-color: #ffffff;color: #3366ff\">Atividade Complementar de P\u00f3s-Gradua\u00e7\u00e3o (ACPG)<\/span><\/h1>\n<div>\n<div class=\"gmail_default\"><span style=\"color: #000000\"><span style=\"font-family: verdana, sans-serif;font-size: large\">Para a solicita\u00e7\u00e3o do aproveitamento, o(a) discente dever\u00e1 <\/span>comprovar o cumprimento dos seguintes componentes:<\/span><\/div>\n<div class=\"gmail_default\"><span style=\"color: #000000\"><strong>1)<\/strong> publica\u00e7\u00e3o de 01 (um) artigo completo publicado em Anais de Evento da \u00c1rea de Ensino <strong>(contando a partir do ano de ingresso do(a) acad\u00eamico(a) no PPG)<\/strong>, na qualidade de primeiro autor, cuja tem\u00e1tic<span style=\"font-family: verdana, sans-serif;font-size: large\">a demonstre\u00a0p<\/span>ertin\u00eancia com as linhas de pesquisa do PPGEMEF. Al\u00e9m do mais, o seu(sua) orientador(a) dever\u00e1 ser coautor(a).<\/span><\/div>\n<div class=\"gmail_default\"><span style=\"color: #000000\"><strong>2)<\/strong> 01 (uma) participa\u00e7\u00e3o como ouvinte em exame de qualifica\u00e7\u00e3o de mestrado de discente; e<\/span><\/div>\n<div class=\"gmail_default\"><span style=\"color: #000000\"><strong>3)<\/strong> 01 (uma) participa\u00e7\u00e3o como ouvinte em defesa disserta\u00e7\u00e3o de mestrado de discente. Ambas as participa\u00e7\u00f5es (qualifica\u00e7\u00e3o e defesa) devem ocorrer em Programas de P\u00f3s-Gradua\u00e7\u00e3o (PPG) Acad\u00eamicos da \u00c1rea de Ensino no pa\u00eds, sendo o discente de outro(a) orientador(a) que n\u00e3o o do solicitante.<\/span><\/div>\n<\/div>\n<div>\u00a0<\/div>\n<div>A solicita\u00e7\u00e3o de aproveitamento, por parte do(a) acad\u00eamico(a), segue a mesma tramita\u00e7\u00e3o de <a href=\"https:\/\/www.ufsm.br\/unidades-universitarias\/ccne\/secretaria-integrada-dos-cursos-de-pos-graduacao-do-ccne\/dispensa-e-aproveitamento-de-disciplinas\">aproveitamento de disciplina<\/a>.<\/div>\n<div>\u00a0<\/div>\n<div><span class=\"gmail_default\" style=\"color: #000000\"><strong><span style=\"color: #333333\">Artigo completo publicado em Anais de Evento do item (1) acima:<\/span> <\/strong>a comprova\u00e7\u00e3o dever\u00e1 ser feita mediante a apresenta\u00e7\u00e3o do referido artigo que foi publicado pela organiza\u00e7\u00e3o do evento, incluindo o <em>link<\/em> dos Anais e o ISSN\/ISBN do evento.<\/span><\/div>\n<div>\n<div>\u00a0<\/div>\n<\/div>\n<div class=\"gmail_default\"><span class=\"gmail_default\" style=\"color: #000000\"><span style=\"background-color: #ffffff;color: #333333\"><strong>Certificado de participa\u00e7\u00e3o como ouvinte dos items (2) e (3) acima:<\/strong><\/span>\u00a0 o(a) acad\u00eamico(a) dever\u00e1 solicitar um <a href=\"https:\/\/www.ufsm.br\/app\/uploads\/sites\/534\/2025\/10\/Atestado.docx\">atestado<\/a> diretamente ao(\u00e0) presidente da Banca Examinadora (no caso o(a) docente orientador(a)).<\/span><\/div>\n<div>\u00a0<\/div>\n<div>Se desejar, o(a) docente poder\u00e1 usar este <a href=\"https:\/\/www.ufsm.br\/app\/uploads\/sites\/534\/2025\/10\/Atestado.docx\">modelo de atestado<\/a>.<\/div>\n<div class=\"gmail_default\">\u00a0<\/div>\n<header class=\"entry-header\">\n<h1 class=\"entry-title\" style=\"text-align: left\"><span style=\"color: #3366ff\">Formul\u00e1rio de Solicita\u00e7\u00e3o de Banca de Qualifica\u00e7\u00e3o<\/span><\/h1>\n<\/header>\n<div class=\"entry-content\">\n<p>Favor seguir os passos abaixo:<\/p>\n<p>(1) Preencher o\u00a0<a href=\"https:\/\/www.ufsm.br\/app\/uploads\/sites\/534\/2024\/08\/Formulario-Homologacao-de-banca-para-qualificacao-ou-defesa-Modelo-Geral.odt\" target=\"_blank\" rel=\"noopener\">formul\u00e1rio<\/a>. Mas, antes de criar o PEN-SIE, leia com aten\u00e7\u00e3o as instru\u00e7\u00f5es que se encontram no final deste formul\u00e1rio.<\/p>\n<p>(2) Para abrir o PEN-SIE, ap\u00f3s a aprova\u00e7\u00e3o do Colegiado, seguir as instru\u00e7\u00f5es que se encontram neste <a href=\"https:\/\/www.ufsm.br\/app\/uploads\/sites\/534\/2023\/11\/TUTORIAL-QUALIFICACAO-DE-MESTRADO.pdf\" target=\"_blank\" rel=\"noopener\">Manual<\/a><\/p>\n<\/div>\n<h1 style=\"text-align: left\"><span style=\"color: #3366ff;background-color: #ffffff\">Procedimento para a defesa de disserta\u00e7\u00e3o e a entrega dos documentos finais para a obten\u00e7\u00e3o do Diploma<\/span><\/h1>\n<p><strong>H\u00e1 duas etapas:<\/strong><\/p>\n<p><strong>Etapa 1:<\/strong><\/p>\n<p>(1) Preencher o formul\u00e1rio que se encontra neste <a href=\"https:\/\/www.ufsm.br\/app\/uploads\/sites\/534\/2024\/08\/Formulario-Homologacao-de-banca-para-qualificacao-ou-defesa-Modelo-Geral-1.odt\" target=\"_blank\" rel=\"noopener\">link<\/a>. Envi\u00e1-lo para os e-mails: pos.ccne@ufsm.br, ppgemef@ufsm.br<\/p>\n<p>(2) Ap\u00f3s a aprova\u00e7\u00e3o do Colegiado, solicitar a defesa no Portal do Aluno conforme as instru\u00e7\u00f5es que est\u00e3o neste <a href=\"https:\/\/www.ufsm.br\/pro-reitorias\/prpgp\/servicos\/procedimentos-para-o-processo-de-defesa-de-mdt-online\" target=\"_blank\" rel=\"noopener\">link.<\/a><\/p>\n<p><strong>Etapa 2:<\/strong> Ap\u00f3s a defesa da disserta\u00e7\u00e3o e a consequente aprova\u00e7\u00e3o da Banca Examinadora, voc\u00ea ter\u00e1 que abrir um novo processo PEN-SIE que \u00e9 denominado de &#8220;Ato de entrega dos documentos finais&#8221;. Para abrir este processo, siga as instru\u00e7\u00f5es do tutorial que se encontram neste <a href=\"https:\/\/www.ufsm.br\/pro-reitorias\/prpgp\/servicos\/ato-de-entrega-de-mdt-tutorial\" target=\"_blank\" rel=\"noopener\">link<\/a>.<\/p>\n<p>Abaixo, h\u00e1 os documentos a serem inseridos no processo.<\/p>\n<p>(1) Disserta\u00e7\u00e3o final no formato PDF, conforme as regras da MDT\/UFSM, edi\u00e7\u00e3o atual;<\/p>\n<p>(2) Artigo no formato PDF, versando sobre a disserta\u00e7\u00e3o (item 1), bem como a comprova\u00e7\u00e3o de submiss\u00e3o dele em uma revista da \u00e1rea de Ensino e com Qualis Capes;<\/p>\n<p>(3) Formul\u00e1rio (no formato PDF e assinado) de Autoriza\u00e7\u00e3o para publica\u00e7\u00e3o no Manancial da UFSM, clique <a href=\"https:\/\/www.ufsm.br\/app\/uploads\/sites\/534\/2023\/12\/AutorizacaoPublicacao.docx\" target=\"_blank\" rel=\"noopener\">aqui<\/a> para baix\u00e1-lo;<\/p>\n<p>(4) Formul\u00e1rio (no formato PDF) de Informa\u00e7\u00f5es p\u00f3s-defesa de disserta\u00e7\u00e3o, clique <a href=\"https:\/\/www.ufsm.br\/app\/uploads\/sites\/534\/2023\/12\/Informacoes_pos-defesa.docx\" target=\"_blank\" rel=\"noopener\">aqui<\/a> para baix\u00e1-lo.<\/p>\n<p>\u00a0<\/p>\n","protected":false},"excerpt":{"rendered":"<p>\u00a0 Tutorial para efetuar a matr\u00edcula Link para o tutorial: https:\/\/ntetube.nte.ufsm.br\/v\/1558984169 No Portal do Aluno, escolha a op\u00e7\u00e3o de &#8220;todas as disciplinas&#8221;. Comprova\u00e7\u00e3o de Sufici\u00eancia em l\u00edngua estrangeira (1) Este procedimento dever\u00e1 ser feito SOMENTE para as aprova\u00e7\u00f5es fora do processo da UFSM; (2) Seguir os passos que se encontra neste link. Procedimento para o [&hellip;]<\/p>\n","protected":false},"author":599,"featured_media":0,"parent":0,"menu_order":0,"comment_status":"closed","ping_status":"closed","template":"","meta":{"footnotes":""},"categories":[],"tags":[],"class_list":["post-1404","page","type-page","status-publish","hentry"],"acf":[],"_links":{"self":[{"href":"https:\/\/www.ufsm.br\/cursos\/pos-graduacao\/santa-maria\/ppgemef\/wp-json\/wp\/v2\/pages\/1404","targetHints":{"allow":["GET"]}}],"collection":[{"href":"https:\/\/www.ufsm.br\/cursos\/pos-graduacao\/santa-maria\/ppgemef\/wp-json\/wp\/v2\/pages"}],"about":[{"href":"https:\/\/www.ufsm.br\/cursos\/pos-graduacao\/santa-maria\/ppgemef\/wp-json\/wp\/v2\/types\/page"}],"author":[{"embeddable":true,"href":"https:\/\/www.ufsm.br\/cursos\/pos-graduacao\/santa-maria\/ppgemef\/wp-json\/wp\/v2\/users\/599"}],"replies":[{"embeddable":true,"href":"https:\/\/www.ufsm.br\/cursos\/pos-graduacao\/santa-maria\/ppgemef\/wp-json\/wp\/v2\/comments?post=1404"}],"version-history":[{"count":0,"href":"https:\/\/www.ufsm.br\/cursos\/pos-graduacao\/santa-maria\/ppgemef\/wp-json\/wp\/v2\/pages\/1404\/revisions"}],"wp:attachment":[{"href":"https:\/\/www.ufsm.br\/cursos\/pos-graduacao\/santa-maria\/ppgemef\/wp-json\/wp\/v2\/media?parent=1404"}],"wp:term":[{"taxonomy":"category","embeddable":true,"href":"https:\/\/www.ufsm.br\/cursos\/pos-graduacao\/santa-maria\/ppgemef\/wp-json\/wp\/v2\/categories?post=1404"},{"taxonomy":"post_tag","embeddable":true,"href":"https:\/\/www.ufsm.br\/cursos\/pos-graduacao\/santa-maria\/ppgemef\/wp-json\/wp\/v2\/tags?post=1404"}],"curies":[{"name":"wp","href":"https:\/\/api.w.org\/{rel}","templated":true}]}}