{"id":157,"date":"2019-01-23T08:23:11","date_gmt":"2019-01-23T10:23:11","guid":{"rendered":"https:\/\/www.ufsm.br\/cursos\/pos-graduacao\/santa-maria\/ppgemef\/?page_id=157"},"modified":"2019-04-26T09:29:20","modified_gmt":"2019-04-26T12:29:20","slug":"educacao-matematica","status":"publish","type":"page","link":"https:\/\/www.ufsm.br\/cursos\/pos-graduacao\/santa-maria\/ppgemef\/educacao-matematica","title":{"rendered":"Educa\u00e7\u00e3o Matem\u00e1tica"},"content":{"rendered":"\n<p><strong>Ensino de F\u00edsica<\/strong><\/p>\n<p><strong>\u00c1rea de Concentra\u00e7\u00e3o 2: Ensino de F\u00edsica<\/strong><\/p>\n<p><strong>Linha de Pesquisa 1: Ensino e Aprendizagem de F\u00edsica<\/strong><\/p>\n<table style=\"height: 706px\">\n<thead>\n<tr style=\"height: 32px\">\n<th style=\"height: 32px;width: 232px\">Docente<\/th>\n<th style=\"height: 32px;width: 328px\">Temas de Interesse<\/th>\n<\/tr>\n<\/thead>\n<tbody>\n<tr style=\"height: 152px\">\n<td style=\"height: 152px;width: 232px\">\n<p>Andr\u00e9 Ary Leonel<\/p>\n<p><a href=\"mailto:aryfsc@gmail.com\">aryfsc@gmail.com<\/a><\/p>\n<p>\u00a0<\/p>\n<\/td>\n<td style=\"height: 152px;width: 328px\">\u00a0Ensino e Aprendizagem de F\u00edsica; Forma\u00e7\u00e3o de Professores; Tecnologias Digitais da Informa\u00e7\u00e3o e Comunica\u00e7\u00e3o; Alfabetiza\u00e7\u00e3o Cient\u00edfica e T\u00e9cnica; F\u00edsica moderna e contempor\u00e2nea\u00a0<\/td>\n<\/tr>\n<tr style=\"height: 108px\">\n<td style=\"height: 108px;width: 232px\">\n<p>Cristiane Muenchen<\/p>\n<p><a href=\"mailto:crismuenchen@yahoo.com.br\">crismuenchen@yahoo.com.br<\/a><\/p>\n<\/td>\n<td style=\"height: 108px;width: 328px\">\u00a0Inova\u00e7\u00f5es curriculares na perspectiva da abordagem tem\u00e1tica\u00a0 \u00a0 \u00a0 \u00a0 \u00a0 \u00a0 \u00a0 \u00a0 \u00a0 \u00a0 \u00a0 \u00a0 \u00a0 \u00a0 \u00a0 \u00a0 \u00a0 \u00a0 \u00a0 \u00a0 \u00a0 \u00a0 \u00a0 \u00a0 \u00a0 \u00a0 \u00a0 \u00a0 \u00a0 \u00a0 \u00a0 \u00a0<\/td>\n<\/tr>\n<tr style=\"height: 180px\">\n<td style=\"height: 180px;width: 232px\">\n<p>\u00a0\u00a0<\/p>\n<p>Everton L\u00fcdke<br \/><a href=\"mailto:eludke@hotmail.com\">eludke@hotmail.com<\/a><\/p>\n<p>\u00a0<\/p>\n<\/td>\n<td style=\"height: 180px;width: 328px\">\u00a0<\/td>\n<\/tr>\n<tr style=\"height: 224px\">\n<td style=\"height: 224px;width: 232px\">\u00a0\n<p>\u00a0<\/p>\n<p>Isabel Krey Garcia<\/p>\n<p><a href=\"mailto:ikrey69@gmail.com\">ikrey69@gmail.com<\/a><\/p>\n<p>\u00a0<\/p>\n<\/td>\n<td style=\"height: 224px;width: 328px\">\u00a0Ensino e aprendizagem de F\u00edsica, Forma\u00e7\u00e3o de professores, Epistemologia no ensino de F\u00edsica<\/td>\n<\/tr>\n<tr style=\"height: 10px\">\n<td style=\"height: 10px;width: 232px\">\u00a0<\/td>\n<td style=\"height: 10px;width: 328px\">\u00a0<\/td>\n<\/tr>\n<\/tbody>\n<\/table>\n","protected":false},"excerpt":{"rendered":"<p>Ensino de F\u00edsica \u00c1rea de Concentra\u00e7\u00e3o 2: Ensino de F\u00edsica Linha de Pesquisa 1: Ensino e Aprendizagem de F\u00edsica Docente Temas de Interesse Andr\u00e9 Ary Leonel aryfsc@gmail.com \u00a0 \u00a0Ensino e Aprendizagem de F\u00edsica; Forma\u00e7\u00e3o de Professores; Tecnologias Digitais da Informa\u00e7\u00e3o e Comunica\u00e7\u00e3o; Alfabetiza\u00e7\u00e3o Cient\u00edfica e T\u00e9cnica; F\u00edsica moderna e contempor\u00e2nea\u00a0 Cristiane Muenchen crismuenchen@yahoo.com.br \u00a0Inova\u00e7\u00f5es curriculares [&hellip;]<\/p>\n","protected":false},"author":115,"featured_media":0,"parent":0,"menu_order":0,"comment_status":"closed","ping_status":"closed","template":"","meta":{"footnotes":""},"categories":[],"tags":[],"class_list":["post-157","page","type-page","status-publish","hentry"],"acf":[],"_links":{"self":[{"href":"https:\/\/www.ufsm.br\/cursos\/pos-graduacao\/santa-maria\/ppgemef\/wp-json\/wp\/v2\/pages\/157","targetHints":{"allow":["GET"]}}],"collection":[{"href":"https:\/\/www.ufsm.br\/cursos\/pos-graduacao\/santa-maria\/ppgemef\/wp-json\/wp\/v2\/pages"}],"about":[{"href":"https:\/\/www.ufsm.br\/cursos\/pos-graduacao\/santa-maria\/ppgemef\/wp-json\/wp\/v2\/types\/page"}],"author":[{"embeddable":true,"href":"https:\/\/www.ufsm.br\/cursos\/pos-graduacao\/santa-maria\/ppgemef\/wp-json\/wp\/v2\/users\/115"}],"replies":[{"embeddable":true,"href":"https:\/\/www.ufsm.br\/cursos\/pos-graduacao\/santa-maria\/ppgemef\/wp-json\/wp\/v2\/comments?post=157"}],"version-history":[{"count":0,"href":"https:\/\/www.ufsm.br\/cursos\/pos-graduacao\/santa-maria\/ppgemef\/wp-json\/wp\/v2\/pages\/157\/revisions"}],"wp:attachment":[{"href":"https:\/\/www.ufsm.br\/cursos\/pos-graduacao\/santa-maria\/ppgemef\/wp-json\/wp\/v2\/media?parent=157"}],"wp:term":[{"taxonomy":"category","embeddable":true,"href":"https:\/\/www.ufsm.br\/cursos\/pos-graduacao\/santa-maria\/ppgemef\/wp-json\/wp\/v2\/categories?post=157"},{"taxonomy":"post_tag","embeddable":true,"href":"https:\/\/www.ufsm.br\/cursos\/pos-graduacao\/santa-maria\/ppgemef\/wp-json\/wp\/v2\/tags?post=157"}],"curies":[{"name":"wp","href":"https:\/\/api.w.org\/{rel}","templated":true}]}}