{"id":158,"date":"2019-01-23T08:23:48","date_gmt":"2019-01-23T10:23:48","guid":{"rendered":"https:\/\/www.ufsm.br\/cursos\/pos-graduacao\/santa-maria\/ppgemef\/?page_id=158"},"modified":"2021-08-06T17:00:21","modified_gmt":"2021-08-06T20:00:21","slug":"ensino-de-fisica","status":"publish","type":"page","link":"https:\/\/www.ufsm.br\/cursos\/pos-graduacao\/santa-maria\/ppgemef\/ensino-de-fisica","title":{"rendered":"Semin\u00e1rios: Egresso &#8211; Docente &#8211; Acad\u00eamico"},"content":{"rendered":"\n<p>\u00a0<\/p>\n<p><span style=\"color: #3366ff\"><strong>Semin\u00e1rio de Egressos<\/strong><\/span><\/p>\n<ul style=\"list-style-type: disc\">\n<li><span style=\"color: #808080\"><strong><a href=\"https:\/\/www.ufsm.br\/app\/uploads\/sites\/534\/2021\/08\/egressos-2.jpg\">Ano de 2020<\/a> [ II Semin\u00e1rio de Egressos &#8211; Tem\u00e1tica: &#8220;Reconectando&#8221;] :<\/strong><\/span> Ocorreu no dia 26 de setembro (s\u00e1bado), das 9h00min \u00e0s 11h30min via <em>Google Meet<\/em>. Nesse dia, cada um participou, discursando sobre as suas experi\u00eancia p\u00f3s-mestrado. Houve 15 participantes. Na ocasi\u00e3o, a Coordena\u00e7\u00e3o tamb\u00e9m os incentivou a participar dos Grupos de Pesquisas e efetuar parcerias de pesquisas com os seus orientadores.<\/li>\n<li><span style=\"color: #808080\"><strong><a href=\"https:\/\/www.ufsm.br\/app\/uploads\/sites\/534\/2021\/08\/2019_Seminario-dos-Egressos.pdf\">Ano de 2019<\/a> [ I Semin\u00e1rio de Egressos &#8211; Tem\u00e1tica: &#8220;Reflex\u00f5es e A\u00e7\u00f5es P\u00f3s-Defesa (de car\u00e1ter profissional ou te\u00f3rico&#8221; ]<\/strong> :<\/span> Ocorreu no dia 6 de julho, das 8h30min \u00e0s 12h00min. Houve seis participantes.<\/li>\n<\/ul>\n<p><span style=\"color: #3366ff\"><strong>Semin\u00e1rio Docente<\/strong><\/span><\/p>\n<ul style=\"list-style-type: disc\">\n<li><a href=\"https:\/\/www.ufsm.br\/app\/uploads\/sites\/534\/2021\/08\/II-Seminario-Docente-2020.pdf\"><span style=\"color: #808080\"><strong>Ano de 2020<\/strong><\/span><\/a><\/li>\n<li><a href=\"https:\/\/www.ufsm.br\/app\/uploads\/sites\/534\/2021\/08\/Seminario-Docente_2019-02_atualizado.pdf\"><span style=\"color: #808080\"><strong>Ano de 2019<\/strong><\/span><\/a><\/li>\n<\/ul>\n<p><span style=\"color: #3366ff\"><strong>Semin\u00e1rio Acad\u00eamico<\/strong><\/span><\/p>\n<ul>\n<li><a href=\"https:\/\/www.ufsm.br\/app\/uploads\/sites\/534\/2021\/08\/III-SEMINARIO-ACADEMICO-DO-PPGEMEF.pdf\"><span style=\"color: #808080\"><strong>Ano de 2020<\/strong><\/span><\/a><\/li>\n<\/ul>\n<ul style=\"list-style-type: circle\">\n<li><span style=\"color: #808080\"><strong>Ano de 2019<\/strong><\/span><\/li>\n<\/ul>\n<ul>\n<li><a href=\"https:\/\/www.ufsm.br\/cursos\/pos-graduacao\/santa-maria\/ppgemef\/wp-content\/uploads\/sites\/534\/2019\/10\/Semin\u00e1rio-dos-Acad\u00eamicos_2019-1.pdf\" target=\"_blank\" rel=\"noopener noreferrer\">Semestre 1<\/a><\/li>\n<li><a href=\"https:\/\/www.ufsm.br\/cursos\/pos-graduacao\/santa-maria\/ppgemef\/wp-content\/uploads\/sites\/534\/2019\/10\/Semin\u00e1rio-dos-Acad\u00eamicos_2019-02.pdf\" target=\"_blank\" rel=\"noopener noreferrer\">Semestre 2<\/a><\/li>\n<\/ul>\n","protected":false},"excerpt":{"rendered":"<p>\u00a0 Semin\u00e1rio de Egressos Ano de 2020 [ II Semin\u00e1rio de Egressos &#8211; Tem\u00e1tica: &#8220;Reconectando&#8221;] : Ocorreu no dia 26 de setembro (s\u00e1bado), das 9h00min \u00e0s 11h30min via Google Meet. Nesse dia, cada um participou, discursando sobre as suas experi\u00eancia p\u00f3s-mestrado. Houve 15 participantes. Na ocasi\u00e3o, a Coordena\u00e7\u00e3o tamb\u00e9m os incentivou a participar dos Grupos [&hellip;]<\/p>\n","protected":false},"author":115,"featured_media":0,"parent":0,"menu_order":0,"comment_status":"closed","ping_status":"closed","template":"","meta":{"footnotes":""},"categories":[],"tags":[],"class_list":["post-158","page","type-page","status-publish","hentry"],"acf":[],"_links":{"self":[{"href":"https:\/\/www.ufsm.br\/cursos\/pos-graduacao\/santa-maria\/ppgemef\/wp-json\/wp\/v2\/pages\/158","targetHints":{"allow":["GET"]}}],"collection":[{"href":"https:\/\/www.ufsm.br\/cursos\/pos-graduacao\/santa-maria\/ppgemef\/wp-json\/wp\/v2\/pages"}],"about":[{"href":"https:\/\/www.ufsm.br\/cursos\/pos-graduacao\/santa-maria\/ppgemef\/wp-json\/wp\/v2\/types\/page"}],"author":[{"embeddable":true,"href":"https:\/\/www.ufsm.br\/cursos\/pos-graduacao\/santa-maria\/ppgemef\/wp-json\/wp\/v2\/users\/115"}],"replies":[{"embeddable":true,"href":"https:\/\/www.ufsm.br\/cursos\/pos-graduacao\/santa-maria\/ppgemef\/wp-json\/wp\/v2\/comments?post=158"}],"version-history":[{"count":0,"href":"https:\/\/www.ufsm.br\/cursos\/pos-graduacao\/santa-maria\/ppgemef\/wp-json\/wp\/v2\/pages\/158\/revisions"}],"wp:attachment":[{"href":"https:\/\/www.ufsm.br\/cursos\/pos-graduacao\/santa-maria\/ppgemef\/wp-json\/wp\/v2\/media?parent=158"}],"wp:term":[{"taxonomy":"category","embeddable":true,"href":"https:\/\/www.ufsm.br\/cursos\/pos-graduacao\/santa-maria\/ppgemef\/wp-json\/wp\/v2\/categories?post=158"},{"taxonomy":"post_tag","embeddable":true,"href":"https:\/\/www.ufsm.br\/cursos\/pos-graduacao\/santa-maria\/ppgemef\/wp-json\/wp\/v2\/tags?post=158"}],"curies":[{"name":"wp","href":"https:\/\/api.w.org\/{rel}","templated":true}]}}