{"id":166,"date":"2019-01-23T08:31:34","date_gmt":"2019-01-23T10:31:34","guid":{"rendered":"https:\/\/www.ufsm.br\/cursos\/pos-graduacao\/santa-maria\/ppgemef\/?page_id=166"},"modified":"2019-01-23T08:31:36","modified_gmt":"2019-01-23T10:31:36","slug":"contato-2","status":"publish","type":"page","link":"https:\/\/www.ufsm.br\/cursos\/pos-graduacao\/santa-maria\/ppgemef\/contato-2","title":{"rendered":"Contato"},"content":{"rendered":"\n<p>Telefone: 55 3220 6163<\/p>\n<p>Email:\u00a0<a href=\"mailto:ppgemef@ufsm.br\">ppgemef@ufsm.br<\/a><\/p>\n<p>Endere\u00e7o:<br \/>Programa de P\u00f3s-Gradua\u00e7\u00e3o em Educa\u00e7\u00e3o Matem\u00e1tica e Ensino de F\u00edsica\u00a0<br \/>Centro de Ci\u00eancias Naturais e Exatas (Pr\u00e9dio 13)\u00a0<br \/>Universidade Federal de Santa Maria (UFSM)\u00a0<br \/>Sala 1220\u00a0<br \/>Avenida Roraima n\u00ba 1000\u00a0<br \/>Cidade Universit\u00e1ria\u00a0<br \/>Bairro Camobi\u00a0<br \/>Santa Maria &#8211; RS\u00a0<br \/>CEP: 97105-900<\/p>\n<p><strong>Secretaria<br \/><br \/><\/strong>Secret\u00e1ria: T\u00e9cnica Administrativa D\u00e9bora Bortoluzzi Pereira<\/p>\n<p>Hor\u00e1rio de atendimento externo:<\/p>\n<p>08h30min &#8211; 11h30min<\/p>\n<p>13h30min &#8211; 16h30mi<\/p>\n<p>\u00a0<\/p>\n","protected":false},"excerpt":{"rendered":"<p>Telefone: 55 3220 6163 Email:\u00a0ppgemef@ufsm.br Endere\u00e7o:Programa de P\u00f3s-Gradua\u00e7\u00e3o em Educa\u00e7\u00e3o Matem\u00e1tica e Ensino de F\u00edsica\u00a0Centro de Ci\u00eancias Naturais e Exatas (Pr\u00e9dio 13)\u00a0Universidade Federal de Santa Maria (UFSM)\u00a0Sala 1220\u00a0Avenida Roraima n\u00ba 1000\u00a0Cidade Universit\u00e1ria\u00a0Bairro Camobi\u00a0Santa Maria &#8211; RS\u00a0CEP: 97105-900 Secretaria Secret\u00e1ria: T\u00e9cnica Administrativa D\u00e9bora Bortoluzzi Pereira Hor\u00e1rio de atendimento externo: 08h30min &#8211; 11h30min 13h30min &#8211; 16h30mi \u00a0<\/p>\n","protected":false},"author":115,"featured_media":0,"parent":0,"menu_order":0,"comment_status":"closed","ping_status":"closed","template":"","meta":{"footnotes":""},"categories":[],"tags":[],"class_list":["post-166","page","type-page","status-publish","hentry"],"acf":[],"_links":{"self":[{"href":"https:\/\/www.ufsm.br\/cursos\/pos-graduacao\/santa-maria\/ppgemef\/wp-json\/wp\/v2\/pages\/166","targetHints":{"allow":["GET"]}}],"collection":[{"href":"https:\/\/www.ufsm.br\/cursos\/pos-graduacao\/santa-maria\/ppgemef\/wp-json\/wp\/v2\/pages"}],"about":[{"href":"https:\/\/www.ufsm.br\/cursos\/pos-graduacao\/santa-maria\/ppgemef\/wp-json\/wp\/v2\/types\/page"}],"author":[{"embeddable":true,"href":"https:\/\/www.ufsm.br\/cursos\/pos-graduacao\/santa-maria\/ppgemef\/wp-json\/wp\/v2\/users\/115"}],"replies":[{"embeddable":true,"href":"https:\/\/www.ufsm.br\/cursos\/pos-graduacao\/santa-maria\/ppgemef\/wp-json\/wp\/v2\/comments?post=166"}],"version-history":[{"count":0,"href":"https:\/\/www.ufsm.br\/cursos\/pos-graduacao\/santa-maria\/ppgemef\/wp-json\/wp\/v2\/pages\/166\/revisions"}],"wp:attachment":[{"href":"https:\/\/www.ufsm.br\/cursos\/pos-graduacao\/santa-maria\/ppgemef\/wp-json\/wp\/v2\/media?parent=166"}],"wp:term":[{"taxonomy":"category","embeddable":true,"href":"https:\/\/www.ufsm.br\/cursos\/pos-graduacao\/santa-maria\/ppgemef\/wp-json\/wp\/v2\/categories?post=166"},{"taxonomy":"post_tag","embeddable":true,"href":"https:\/\/www.ufsm.br\/cursos\/pos-graduacao\/santa-maria\/ppgemef\/wp-json\/wp\/v2\/tags?post=166"}],"curies":[{"name":"wp","href":"https:\/\/api.w.org\/{rel}","templated":true}]}}