{"id":174,"date":"2019-01-23T08:38:40","date_gmt":"2019-01-23T10:38:40","guid":{"rendered":"https:\/\/www.ufsm.br\/cursos\/pos-graduacao\/santa-maria\/ppgemef\/?page_id=174"},"modified":"2023-11-06T08:14:17","modified_gmt":"2023-11-06T11:14:17","slug":"formulario-de-solicitacao-de-banca-defesa","status":"publish","type":"page","link":"https:\/\/www.ufsm.br\/cursos\/pos-graduacao\/santa-maria\/ppgemef\/formulario-de-solicitacao-de-banca-defesa","title":{"rendered":"Formul\u00e1rio de Solicita\u00e7\u00e3o de Banca &#8211; Defesa"},"content":{"rendered":"\n<p><strong>Instru\u00e7\u00f5es:<\/strong><\/p>\n<p>(1) Para controle interno do PPG. Preencher o formul\u00e1rio que se encontra neste <a href=\"https:\/\/www.ufsm.br\/app\/uploads\/sites\/534\/2019\/01\/Formulario_de_solicitacao_de_banca_Defesa.doc\" target=\"_blank\" rel=\"noopener\">link<\/a>.<\/p>\n<ul style=\"list-style-type: disc\">\n<li>Obter a assinatura do(a) orientador(a);<\/li>\n<li>Enviar o formul\u00e1rio, no formato PDF, para os e-mails: pos.ccne@ufsm.br, ppgemef@ufsm.br<\/li>\n<\/ul>\n<p>(2) Para a solicita\u00e7\u00e3o de defesa no Portal do Aluno e outras instru\u00e7\u00f5es, siga este <a href=\"https:\/\/www.ufsm.br\/pro-reitorias\/prpgp\/servicos\/procedimentos-para-o-processo-de-defesa-de-mdt-online\" target=\"_blank\" rel=\"noopener\">link.<\/a><\/p>\n","protected":false},"excerpt":{"rendered":"<p>Instru\u00e7\u00f5es: (1) Para controle interno do PPG. Preencher o formul\u00e1rio que se encontra neste link. Obter a assinatura do(a) orientador(a); Enviar o formul\u00e1rio, no formato PDF, para os e-mails: pos.ccne@ufsm.br, ppgemef@ufsm.br (2) Para a solicita\u00e7\u00e3o de defesa no Portal do Aluno e outras instru\u00e7\u00f5es, siga este link.<\/p>\n","protected":false},"author":115,"featured_media":0,"parent":0,"menu_order":0,"comment_status":"closed","ping_status":"closed","template":"","meta":{"footnotes":""},"categories":[],"tags":[],"class_list":["post-174","page","type-page","status-publish","hentry"],"acf":[],"_links":{"self":[{"href":"https:\/\/www.ufsm.br\/cursos\/pos-graduacao\/santa-maria\/ppgemef\/wp-json\/wp\/v2\/pages\/174","targetHints":{"allow":["GET"]}}],"collection":[{"href":"https:\/\/www.ufsm.br\/cursos\/pos-graduacao\/santa-maria\/ppgemef\/wp-json\/wp\/v2\/pages"}],"about":[{"href":"https:\/\/www.ufsm.br\/cursos\/pos-graduacao\/santa-maria\/ppgemef\/wp-json\/wp\/v2\/types\/page"}],"author":[{"embeddable":true,"href":"https:\/\/www.ufsm.br\/cursos\/pos-graduacao\/santa-maria\/ppgemef\/wp-json\/wp\/v2\/users\/115"}],"replies":[{"embeddable":true,"href":"https:\/\/www.ufsm.br\/cursos\/pos-graduacao\/santa-maria\/ppgemef\/wp-json\/wp\/v2\/comments?post=174"}],"version-history":[{"count":0,"href":"https:\/\/www.ufsm.br\/cursos\/pos-graduacao\/santa-maria\/ppgemef\/wp-json\/wp\/v2\/pages\/174\/revisions"}],"wp:attachment":[{"href":"https:\/\/www.ufsm.br\/cursos\/pos-graduacao\/santa-maria\/ppgemef\/wp-json\/wp\/v2\/media?parent=174"}],"wp:term":[{"taxonomy":"category","embeddable":true,"href":"https:\/\/www.ufsm.br\/cursos\/pos-graduacao\/santa-maria\/ppgemef\/wp-json\/wp\/v2\/categories?post=174"},{"taxonomy":"post_tag","embeddable":true,"href":"https:\/\/www.ufsm.br\/cursos\/pos-graduacao\/santa-maria\/ppgemef\/wp-json\/wp\/v2\/tags?post=174"}],"curies":[{"name":"wp","href":"https:\/\/api.w.org\/{rel}","templated":true}]}}