{"id":225,"date":"2019-01-23T09:40:35","date_gmt":"2019-01-23T11:40:35","guid":{"rendered":"https:\/\/www.ufsm.br\/cursos\/pos-graduacao\/santa-maria\/ppgemef\/?page_id=225"},"modified":"2019-01-23T09:45:46","modified_gmt":"2019-01-23T11:45:46","slug":"ensino-de-fisica-2","status":"publish","type":"page","link":"https:\/\/www.ufsm.br\/cursos\/pos-graduacao\/santa-maria\/ppgemef\/ensino-de-fisica-2","title":{"rendered":"Ensino de F\u00edsica"},"content":{"rendered":"\t\t<div data-elementor-type=\"wp-post\" data-elementor-id=\"225\" class=\"elementor elementor-225 elementor-bc-flex-widget\">\n\t\t\t\t\t\t<section class=\"elementor-section elementor-top-section elementor-element elementor-element-8d998b2 elementor-section-boxed elementor-section-height-default elementor-section-height-default\" data-id=\"8d998b2\" data-element_type=\"section\">\n\t\t\t\t\t\t<div class=\"elementor-container elementor-column-gap-default\">\n\t\t\t\t\t<div class=\"elementor-column elementor-col-33 elementor-top-column elementor-element elementor-element-d097e97\" data-id=\"d097e97\" data-element_type=\"column\">\n\t\t\t<div class=\"elementor-widget-wrap elementor-element-populated\">\n\t\t\t\t\t\t<div class=\"elementor-element elementor-element-1fd04e5 elementor-widget elementor-widget-text-editor\" data-id=\"1fd04e5\" data-element_type=\"widget\" data-widget_type=\"text-editor.default\">\n\t\t\t\t<div class=\"elementor-widget-container\">\n\t\t\t\t\t\t\t<p><strong>Nome do aluno:\u00a0<\/strong>DENISE SE SOUZA AMARAL<\/p><p><strong>Ano de ingresso:\u00a0<\/strong>2013<\/p><p><strong>Ano de defesa:\u00a0<\/strong>2015<\/p><p><strong>Nome da disserta\u00e7\u00e3o:\u00a0<\/strong>ESTUDO DE UMA SEQU\u00caNCIA DID\u00c1TICA NA PERSPECTIVA DE AUSUBEL PARA ALUNOS DO SEXTO ANO DO ENSINO FUNDAMENTAL SOBRE ASTRONOMIA<\/p><p><strong>\u00c1rea de concentra\u00e7\u00e3o:\u00a0<\/strong>Ensino de F\u00edsica<\/p><p><strong>Linha de pesquisa:\u00a0<\/strong>Ensino e Aprendizagem de F\u00edsica<\/p><p><strong>Palavras-chave:<\/strong>\u00a0Ensino de astronomia. Ensino fundamental. Aprendizagem significativa. Atividade pr\u00e1tica.<\/p><p><strong>Sujeitos:\u00a0<\/strong>alunos do sexto ano do Ensino Fundamental<\/p><p><strong>N\u00edvel escolar:\u00a0<\/strong>Ensino Fundamental<\/p><p><strong>Local de realiza\u00e7\u00e3o da pesquisa:\u00a0<\/strong>Escola Municipal de Ensino Fundamental Vicente Farencena, Santa Maria &#8211; RS<\/p><p><strong>Link da disserta\u00e7\u00e3o:\u00a0<\/strong><\/p><p><a href=\"http:\/\/cascavel.cpd.ufsm.br\/tede\/tde_busca\/arquivo.php?codArquivo=7608\"><span class=\"LinkdaInternet\"><strong>http:\/\/cascavel.cpd.ufsm.br\/<\/strong><\/span><\/a><\/p><p><a href=\"http:\/\/cascavel.cpd.ufsm.br\/tede\/tde_busca\/arquivo.php?codArquivo=7608\"><span class=\"LinkdaInternet\"><strong>tede\/tde_busca\/arquivo.php?codArquivo=7608<\/strong><\/span><\/a><\/p>\t\t\t\t\t\t<\/div>\n\t\t\t\t<\/div>\n\t\t\t\t\t<\/div>\n\t\t<\/div>\n\t\t\t\t<div class=\"elementor-column elementor-col-33 elementor-top-column elementor-element elementor-element-f838521\" data-id=\"f838521\" data-element_type=\"column\">\n\t\t\t<div class=\"elementor-widget-wrap elementor-element-populated\">\n\t\t\t\t\t\t<div class=\"elementor-element elementor-element-79d839b elementor-widget elementor-widget-text-editor\" data-id=\"79d839b\" data-element_type=\"widget\" data-widget_type=\"text-editor.default\">\n\t\t\t\t<div class=\"elementor-widget-container\">\n\t\t\t\t\t\t\t<p><strong>Nome do aluno:\u00a0<\/strong>FERNANDA GALL CENTA<\/p><p><strong>Ano de ingresso:\u00a0<\/strong>2013<\/p><p><strong>Ano de defesa:\u00a0<\/strong>2015<\/p><p><strong>Nome da disserta\u00e7\u00e3o:\u00a0<\/strong>ARROIO CADENA: CART\u00c3O POSTAL DE SANTA MARIA?\u201d: POSSIBILIDADES E DESAFIOS EM UMA REORIENTA\u00c7\u00c3O CURRICULAR NA PERSPECTIVA DA ABORDAGEM TEM\u00c1TICA<\/p><p><strong>\u00c1rea de concentra\u00e7\u00e3o:\u00a0<\/strong>Ensino de F\u00edsica<\/p><p><strong>Linha de pesquisa:\u00a0<\/strong>Ensino e Aprendizagem de F\u00edsica<\/p><p><strong>Palavras-chave:<\/strong>\u00a0Reorienta\u00e7\u00e3o Curricular. Abordagem Tem\u00e1tica Freireana. Enfoque CTS\/PLACTS. Tr\u00eas Momentos Pedag\u00f3gicos. Tema Gerador.<\/p><p><strong>Sujeitos:\u00a0<\/strong>Educadores e educandos do curso<\/p><p><strong>N\u00edvel escolar:\u00a0<\/strong>Ensino M\u00e9dio<\/p><p><strong>Local de realiza\u00e7\u00e3o da pesquisa:\u00a0<\/strong>Escola Estadual de Ensino M\u00e9dio Dom Antonio Reis (Santa Maria \u2013 RS)<\/p><p><strong>Link da disserta\u00e7\u00e3o:\u00a0<\/strong><a href=\"http:\/\/cascavel.cpd.ufsm.br\/tede\/tde_busca\/arquivo.php?codArquivo=7594\"><span class=\"LinkdaInternet\"><strong>http:\/\/cascavel.cpd.<\/strong><\/span><\/a><\/p><p><a href=\"http:\/\/cascavel.cpd.ufsm.br\/tede\/tde_busca\/arquivo.php?codArquivo=7594\"><span class=\"LinkdaInternet\"><strong>ufsm.br\/tede\/tde_busca\/<\/strong><\/span><\/a><\/p><p><a href=\"http:\/\/cascavel.cpd.ufsm.br\/tede\/tde_busca\/arquivo.php?codArquivo=7594\"><span class=\"LinkdaInternet\"><strong>arquivo.php?codArquivo=7594<\/strong><\/span><\/a><\/p>\t\t\t\t\t\t<\/div>\n\t\t\t\t<\/div>\n\t\t\t\t\t<\/div>\n\t\t<\/div>\n\t\t\t\t<div class=\"elementor-column elementor-col-33 elementor-top-column elementor-element elementor-element-e3497b9\" data-id=\"e3497b9\" data-element_type=\"column\">\n\t\t\t<div class=\"elementor-widget-wrap elementor-element-populated\">\n\t\t\t\t\t\t<div class=\"elementor-element elementor-element-7d4bd23 elementor-widget elementor-widget-text-editor\" data-id=\"7d4bd23\" data-element_type=\"widget\" data-widget_type=\"text-editor.default\">\n\t\t\t\t<div class=\"elementor-widget-container\">\n\t\t\t\t\t\t\t<p><strong>Nome do aluno:\u00a0<\/strong>FRANCIELI FACCIN<\/p><p><strong>Ano de ingresso:\u00a0<\/strong>2013<\/p><p><strong>Ano de defesa:\u00a0<\/strong>2015<\/p><p><strong>Nome da disserta\u00e7\u00e3o:\u00a0<\/strong>IMPLEMENTA\u00c7\u00c3O DE UNIDADES DE ENSINO POTENCIALMENTE SIGNIFICATIVAS SOBRE F\u00cdSICA T\u00c9RMICA PARA ALUNOS DO 2\u00ba ANO DO ENSINO M\u00c9DIO<\/p><p><strong>\u00c1rea de concentra\u00e7\u00e3o:\u00a0<\/strong>Ensino de F\u00edsica<\/p><p><strong>Linha de pesquisa:\u00a0<\/strong>Ensino e Aprendizagem de F\u00edsica<\/p><p><strong>Palavras-chave:<\/strong>\u00a0Aprendizagem Significativa. Unidade de Ensino Potencialmente Significativa-UEPS. Calor . Temperatura.<\/p><p><strong>Sujeitos:\u00a0<\/strong>alunos do segundo ano do ensino M\u00e9dio<\/p><p><strong>N\u00edvel escolar:\u00a0<\/strong>Ensino M\u00e9dio<\/p><p><strong>Local de realiza\u00e7\u00e3o da pesquisa:\u00a0<\/strong>Estadual de Educa\u00e7\u00e3o B\u00e1sica Augusto Ruschi<\/p><p><strong>Link da disserta\u00e7\u00e3o:\u00a0<\/strong><a href=\"http:\/\/cascavel.cpd.ufsm.br\/tede\/tde_busca\/arquivo.php?codArquivo=7597\"><span class=\"LinkdaInternet\"><strong>http:\/\/cascavel.cpd.<\/strong><\/span><\/a><\/p><p><a href=\"http:\/\/cascavel.cpd.ufsm.br\/tede\/tde_busca\/arquivo.php?codArquivo=7597\"><span class=\"LinkdaInternet\"><strong>ufsm.br\/tede\/<\/strong><\/span><\/a><a href=\"http:\/\/cascavel.cpd.ufsm.br\/tede\/tde_busca\/arquivo.php?codArquivo=7597\"><span class=\"LinkdaInternet\"><strong>tde_busca\/arquivo.php?<\/strong><\/span><\/a><\/p><p><a href=\"http:\/\/cascavel.cpd.ufsm.br\/tede\/tde_busca\/arquivo.php?codArquivo=7597\"><span class=\"LinkdaInternet\"><strong>codArquivo=7597<\/strong><\/span><\/a><\/p>\t\t\t\t\t\t<\/div>\n\t\t\t\t<\/div>\n\t\t\t\t\t<\/div>\n\t\t<\/div>\n\t\t\t\t\t<\/div>\n\t\t<\/section>\n\t\t\t\t<section class=\"elementor-section elementor-top-section elementor-element elementor-element-bc1a2f3 elementor-section-boxed elementor-section-height-default elementor-section-height-default\" data-id=\"bc1a2f3\" data-element_type=\"section\">\n\t\t\t\t\t\t<div class=\"elementor-container elementor-column-gap-default\">\n\t\t\t\t\t<div class=\"elementor-column elementor-col-33 elementor-top-column elementor-element elementor-element-d973716\" data-id=\"d973716\" data-element_type=\"column\">\n\t\t\t<div class=\"elementor-widget-wrap elementor-element-populated\">\n\t\t\t\t\t\t<div class=\"elementor-element elementor-element-b25c396 elementor-widget elementor-widget-text-editor\" data-id=\"b25c396\" data-element_type=\"widget\" data-widget_type=\"text-editor.default\">\n\t\t\t\t<div class=\"elementor-widget-container\">\n\t\t\t\t\t\t\t<p><strong>Nome do aluno:\u00a0<\/strong>JAQUELINE MENEZES DIAS<\/p><p><strong>Ano de ingresso:\u00a0<\/strong>2014<\/p><p><strong>Ano de defesa:\u00a0<\/strong>2016<\/p><p><strong>Nome da disserta\u00e7\u00e3o:\u00a0<\/strong>UM ESTUDO DA CONSTRU\u00c7\u00c3O DO\u00a0<em>\u201cHABITUS\u201d<\/em>\u00a0NO ENSINO DA SEGUNDA LEI DA TERMODIN\u00c2MICA<\/p><p><strong>\u00c1rea de concentra\u00e7\u00e3o:\u00a0<\/strong>Ensino de F\u00edsica<\/p><p><strong>Linha de pesquisa:\u00a0<\/strong>Ensino e Aprendizagem de F\u00edsica<\/p><p><strong>Palavras-chave:<\/strong>\u00a0Ensino superior. Contextualiza\u00e7\u00e3o. Aquisi\u00e7\u00e3o do habitus.<\/p><p><strong>Sujeitos:\u00a0<\/strong>tr\u00eas turmas de cursos de engenharia da Universidade Federal de Santa Maria (UFSM) que cursavam a disciplina de F\u00edsica Geral e Experimental II<\/p><p><strong>N\u00edvel escolar:\u00a0<\/strong>Gradua\u00e7\u00e3o<\/p><p><strong>Local de realiza\u00e7\u00e3o da pesquisa:\u00a0<\/strong>UFSM<\/p><p><strong>Link da disserta\u00e7\u00e3o:\u00a0<\/strong><a href=\"http:\/\/cascavel.cpd.ufsm.br\/tede\/tde_busca\/arquivo.php?codArquivo=8732\"><span class=\"LinkdaInternet\"><strong>http:\/\/cascavel.cpd.<\/strong><\/span><\/a><\/p><p><a href=\"http:\/\/cascavel.cpd.ufsm.br\/tede\/tde_busca\/arquivo.php?codArquivo=8732\"><span class=\"LinkdaInternet\"><strong>ufsm.br\/tede\/tde_busca\/arquivo.php?<\/strong><\/span><\/a><\/p><p><a href=\"http:\/\/cascavel.cpd.ufsm.br\/tede\/tde_busca\/arquivo.php?codArquivo=8732\"><span class=\"LinkdaInternet\"><strong>codArquivo=8732<\/strong><\/span><\/a><\/p>\t\t\t\t\t\t<\/div>\n\t\t\t\t<\/div>\n\t\t\t\t\t<\/div>\n\t\t<\/div>\n\t\t\t\t<div class=\"elementor-column elementor-col-33 elementor-top-column elementor-element elementor-element-ab78e7f\" data-id=\"ab78e7f\" data-element_type=\"column\">\n\t\t\t<div class=\"elementor-widget-wrap elementor-element-populated\">\n\t\t\t\t\t\t<div class=\"elementor-element elementor-element-92d5f2b elementor-widget elementor-widget-text-editor\" data-id=\"92d5f2b\" data-element_type=\"widget\" data-widget_type=\"text-editor.default\">\n\t\t\t\t<div class=\"elementor-widget-container\">\n\t\t\t\t\t\t\t<p><strong>Nome do aluno:\u00a0<\/strong>JOSIANE MARQUES DA SILVA<\/p><p><strong>Ano de ingresso:\u00a0<\/strong>2014<\/p><p><strong>Ano de defesa:\u00a0<\/strong>2016<\/p><p><strong>Nome da disserta\u00e7\u00e3o:\u00a0<\/strong>ENFOQUE CI\u00caNCIA-TECNOLOGIA-SOCIEDADE NOS SEMIN\u00c1RIOS INTEGRADOS: POTENCIALIDADES E DESAFIOS IDENTIFICADOS A PARTIR DE UMA PROPOSTA PARA O ENSINO DE F\u00cdSICA<\/p><p><strong>\u00c1rea de concentra\u00e7\u00e3o:\u00a0<\/strong>Ensino de F\u00edsica<\/p><p><strong>Linha de pesquisa:\u00a0<\/strong>Ensino e Aprendizagem de F\u00edsica<\/p><p><strong>Palavras-chave:<\/strong>\u00a0Ensino M\u00e9dio. Ensino M\u00e9dio Polit\u00e9cnico. Semin\u00e1rios Integrados.<\/p><p><strong>Sujeitos:\u00a0<\/strong>Assessora pedag\u00f3gica da 8\u00aa CRE; professores que lecionam F\u00edsica; professores de F\u00edsica, Biologia, Hist\u00f3ria e Artes que participaram da reuni\u00e3o sobre a proposta did\u00e1tica; alunos do Ensino M\u00e9dio Polit\u00e9cnico de escola de Ca\u00e7apava do Sul<\/p><p><strong>N\u00edvel escolar:\u00a0<\/strong>Ensino M\u00e9dio Polit\u00e9cnico<\/p><p><strong>Local de realiza\u00e7\u00e3o da pesquisa:\u00a0<\/strong>Ca\u00e7apava do Sul<\/p><p><strong>Link da disserta\u00e7\u00e3o:\u00a0<\/strong><a href=\"http:\/\/cascavel.cpd.ufsm.br\/tede\/tde_busca\/arquivo.php?codArquivo=8405\"><span class=\"LinkdaInternet\">http:\/\/cascavel.cpd.<\/span><\/a><\/p><p><a href=\"http:\/\/cascavel.cpd.ufsm.br\/tede\/tde_busca\/arquivo.php?codArquivo=8405\"><span class=\"LinkdaInternet\">ufsm.br\/tede\/tde_busca\/arquivo.php?<\/span><\/a><\/p><p><a href=\"http:\/\/cascavel.cpd.ufsm.br\/tede\/tde_busca\/arquivo.php?codArquivo=8405\"><span class=\"LinkdaInternet\">codArquivo=8405<\/span><\/a><\/p>\t\t\t\t\t\t<\/div>\n\t\t\t\t<\/div>\n\t\t\t\t\t<\/div>\n\t\t<\/div>\n\t\t\t\t<div class=\"elementor-column elementor-col-33 elementor-top-column elementor-element elementor-element-8f7c5df\" data-id=\"8f7c5df\" data-element_type=\"column\">\n\t\t\t<div class=\"elementor-widget-wrap elementor-element-populated\">\n\t\t\t\t\t\t<div class=\"elementor-element elementor-element-6744e68 elementor-widget elementor-widget-text-editor\" data-id=\"6744e68\" data-element_type=\"widget\" data-widget_type=\"text-editor.default\">\n\t\t\t\t<div class=\"elementor-widget-container\">\n\t\t\t\t\t\t\t<p><strong>Nome do aluno:\u00a0<\/strong>TATIANE MARIA SCHNEIDER<\/p><p><strong>Ano de ingresso:\u00a0<\/strong>2015<\/p><p><strong>Ano de defesa:\u00a0<\/strong>2017<\/p><p><strong>Nome da disserta\u00e7\u00e3o:\u00a0<\/strong>A ABORDAGEM TEM\u00c1TICA E O ENSINO DE F\u00cdSICA: ARTICULA\u00c7\u00d5ES COM A EDUCA\u00c7\u00c3O DO CAMPO<\/p><p><strong>\u00c1rea de concentra\u00e7\u00e3o:\u00a0<\/strong>Ensino de F\u00edsica<\/p><p><strong>Linha de pesquisa:\u00a0<\/strong>Ensino de F\u00edsica<\/p><p><strong>Palavras-chave:<\/strong>\u00a0Abordagem tem\u00e1tica. Educa\u00e7\u00e3o do Campo. Ensino de F\u00edsica.<\/p><p><strong>Sujeitos:\u00a0<\/strong>Educadores de Escola de Campo<\/p><p><strong>N\u00edvel escolar:\u00a0<\/strong>Ensino Fundamental, Ensino M\u00e9dio Politecnico<\/p><p><strong>Local de realiza\u00e7\u00e3o da pesquisa: &#8212;<\/strong><\/p><p><strong>Link da disserta\u00e7\u00e3o:\u00a0<\/strong><a href=\"https:\/\/repositorio.ufsm.br\/bitstream\/handle\/1\/13931\/DIS_PPGEMEF_2017_SCHNEIDER_TATIANI.pdf?sequence=1&amp;isAllowed=y\"><strong>https:\/\/repositorio.<\/strong><\/a><\/p><p><a href=\"https:\/\/repositorio.ufsm.br\/bitstream\/handle\/1\/13931\/DIS_PPGEMEF_2017_SCHNEIDER_TATIANI.pdf?sequence=1&amp;isAllowed=y\"><strong>ufsm.br\/bitstream\/handle\/1\/13931\/<\/strong><\/a><\/p><p><a href=\"https:\/\/repositorio.ufsm.br\/bitstream\/handle\/1\/13931\/DIS_PPGEMEF_2017_SCHNEIDER_TATIANI.pdf?sequence=1&amp;isAllowed=y\"><strong>DIS_PPGEMEF_<\/strong><\/a><a href=\"https:\/\/repositorio.ufsm.br\/bitstream\/handle\/1\/13931\/DIS_PPGEMEF_2017_SCHNEIDER_TATIANI.pdf?sequence=1&amp;isAllowed=y\"><strong>2017_SCHNEIDER_TA<\/strong><\/a><\/p><p><a href=\"https:\/\/repositorio.ufsm.br\/bitstream\/handle\/1\/13931\/DIS_PPGEMEF_2017_SCHNEIDER_TATIANI.pdf?sequence=1&amp;isAllowed=y\"><strong>TIANI.pdf?sequence=1&amp;isAllowed=y<\/strong><\/a><\/p>\t\t\t\t\t\t<\/div>\n\t\t\t\t<\/div>\n\t\t\t\t\t<\/div>\n\t\t<\/div>\n\t\t\t\t\t<\/div>\n\t\t<\/section>\n\t\t\t\t<\/div>\n\t\t","protected":false},"excerpt":{"rendered":"<p>Nome do aluno:\u00a0DENISE SE SOUZA AMARAL Ano de ingresso:\u00a02013 Ano de defesa:\u00a02015 Nome da disserta\u00e7\u00e3o:\u00a0ESTUDO DE UMA SEQU\u00caNCIA DID\u00c1TICA NA PERSPECTIVA DE AUSUBEL PARA ALUNOS DO SEXTO ANO DO ENSINO FUNDAMENTAL SOBRE ASTRONOMIA \u00c1rea de concentra\u00e7\u00e3o:\u00a0Ensino de F\u00edsica Linha de pesquisa:\u00a0Ensino e Aprendizagem de F\u00edsica Palavras-chave:\u00a0Ensino de astronomia. Ensino fundamental. Aprendizagem significativa. Atividade pr\u00e1tica. Sujeitos:\u00a0alunos [&hellip;]<\/p>\n","protected":false},"author":115,"featured_media":0,"parent":0,"menu_order":0,"comment_status":"closed","ping_status":"closed","template":"","meta":{"footnotes":""},"categories":[],"tags":[],"class_list":["post-225","page","type-page","status-publish","hentry"],"acf":[],"_links":{"self":[{"href":"https:\/\/www.ufsm.br\/cursos\/pos-graduacao\/santa-maria\/ppgemef\/wp-json\/wp\/v2\/pages\/225","targetHints":{"allow":["GET"]}}],"collection":[{"href":"https:\/\/www.ufsm.br\/cursos\/pos-graduacao\/santa-maria\/ppgemef\/wp-json\/wp\/v2\/pages"}],"about":[{"href":"https:\/\/www.ufsm.br\/cursos\/pos-graduacao\/santa-maria\/ppgemef\/wp-json\/wp\/v2\/types\/page"}],"author":[{"embeddable":true,"href":"https:\/\/www.ufsm.br\/cursos\/pos-graduacao\/santa-maria\/ppgemef\/wp-json\/wp\/v2\/users\/115"}],"replies":[{"embeddable":true,"href":"https:\/\/www.ufsm.br\/cursos\/pos-graduacao\/santa-maria\/ppgemef\/wp-json\/wp\/v2\/comments?post=225"}],"version-history":[{"count":0,"href":"https:\/\/www.ufsm.br\/cursos\/pos-graduacao\/santa-maria\/ppgemef\/wp-json\/wp\/v2\/pages\/225\/revisions"}],"wp:attachment":[{"href":"https:\/\/www.ufsm.br\/cursos\/pos-graduacao\/santa-maria\/ppgemef\/wp-json\/wp\/v2\/media?parent=225"}],"wp:term":[{"taxonomy":"category","embeddable":true,"href":"https:\/\/www.ufsm.br\/cursos\/pos-graduacao\/santa-maria\/ppgemef\/wp-json\/wp\/v2\/categories?post=225"},{"taxonomy":"post_tag","embeddable":true,"href":"https:\/\/www.ufsm.br\/cursos\/pos-graduacao\/santa-maria\/ppgemef\/wp-json\/wp\/v2\/tags?post=225"}],"curies":[{"name":"wp","href":"https:\/\/api.w.org\/{rel}","templated":true}]}}