{"id":313,"date":"2020-03-13T12:39:44","date_gmt":"2020-03-13T15:39:44","guid":{"rendered":"https:\/\/www.ufsm.br\/cursos\/pos-graduacao\/santa-maria\/ppgemef\/?page_id=313"},"modified":"2021-11-29T12:32:26","modified_gmt":"2021-11-29T15:32:26","slug":"anais-eiemat","status":"publish","type":"page","link":"https:\/\/www.ufsm.br\/cursos\/pos-graduacao\/santa-maria\/ppgemef\/anais-eiemat","title":{"rendered":"Anais: EIEMAT -EIEF"},"content":{"rendered":"\t\t<div data-elementor-type=\"wp-page\" data-elementor-id=\"313\" class=\"elementor elementor-313\">\n\t\t\t\t\t\t<section class=\"elementor-section elementor-top-section elementor-element elementor-element-19023e2 elementor-section-boxed elementor-section-height-default elementor-section-height-default\" data-id=\"19023e2\" data-element_type=\"section\">\n\t\t\t\t\t\t<div class=\"elementor-container elementor-column-gap-default\">\n\t\t\t\t\t<div class=\"elementor-column elementor-col-100 elementor-top-column elementor-element elementor-element-7179e9e6\" data-id=\"7179e9e6\" data-element_type=\"column\">\n\t\t\t<div class=\"elementor-widget-wrap elementor-element-populated\">\n\t\t\t\t\t\t<div class=\"elementor-element elementor-element-43914021 elementor-widget elementor-widget-text-editor\" data-id=\"43914021\" data-element_type=\"widget\" data-widget_type=\"text-editor.default\">\n\t\t\t\t<div class=\"elementor-widget-container\">\n\t\t\t\t\t\t\t<p><!-- wp:tadv\/classic-paragraph --><\/p>\n<div id=\"midsection\">\n<div align=\"left\">Anais do Evento <br \/>ISSN 2316-7785<\/div>\n<div align=\"left\">\n<p>Escola de Inverno de Educa\u00e7\u00e3o Matem\u00e1tica<\/p>\n<p>Encontro Nacional PIBID-MATEM\u00c1TICA<\/p>\n<\/div>\n<div align=\"left\">Contato: escoladeinverno@gmail.com<\/div>\n<p>\u00a0<\/p>\n<\/div>\n<p><!-- \/wp:tadv\/classic-paragraph --><\/p>\t\t\t\t\t\t<\/div>\n\t\t\t\t<\/div>\n\t\t\t\t\t<\/div>\n\t\t<\/div>\n\t\t\t\t\t<\/div>\n\t\t<\/section>\n\t\t\t\t<section class=\"elementor-section elementor-top-section elementor-element elementor-element-31c2ec1 elementor-section-boxed elementor-section-height-default elementor-section-height-default\" data-id=\"31c2ec1\" data-element_type=\"section\">\n\t\t\t\t\t\t<div class=\"elementor-container elementor-column-gap-default\">\n\t\t\t\t\t<div class=\"elementor-column elementor-col-100 elementor-top-column elementor-element elementor-element-af90a95\" data-id=\"af90a95\" data-element_type=\"column\">\n\t\t\t<div class=\"elementor-widget-wrap elementor-element-populated\">\n\t\t\t\t\t\t<div class=\"elementor-element elementor-element-9022d74 elementor-widget elementor-widget-heading\" data-id=\"9022d74\" data-element_type=\"widget\" data-widget_type=\"heading.default\">\n\t\t\t\t<div class=\"elementor-widget-container\">\n\t\t\t<h5 class=\"elementor-heading-title elementor-size-default\">Utilidades<\/h5>\t\t<\/div>\n\t\t\t\t<\/div>\n\t\t\t\t\t<\/div>\n\t\t<\/div>\n\t\t\t\t\t<\/div>\n\t\t<\/section>\n\t\t\t\t<section class=\"elementor-section elementor-top-section elementor-element elementor-element-536f605 elementor-section-boxed elementor-section-height-default elementor-section-height-default\" data-id=\"536f605\" data-element_type=\"section\">\n\t\t\t\t\t\t<div class=\"elementor-container elementor-column-gap-default\">\n\t\t\t\t\t<div class=\"elementor-column elementor-col-20 elementor-top-column elementor-element elementor-element-dc24e27\" data-id=\"dc24e27\" data-element_type=\"column\">\n\t\t\t<div class=\"elementor-widget-wrap elementor-element-populated\">\n\t\t\t\t\t\t<div class=\"elementor-element elementor-element-aeea5c7 elementor-view-default elementor-position-top elementor-mobile-position-top elementor-widget elementor-widget-icon-box\" data-id=\"aeea5c7\" data-element_type=\"widget\" data-widget_type=\"icon-box.default\">\n\t\t\t\t<div class=\"elementor-widget-container\">\n\t\t\t\t\t<div class=\"elementor-icon-box-wrapper\">\n\n\t\t\t\t\t\t<div class=\"elementor-icon-box-icon\">\n\t\t\t\t<a href=\"https:\/\/www.ufsm.br\/cursos\/pos-graduacao\/santa-maria\/ppgemef\/anais-eiemat\/\" class=\"elementor-icon elementor-animation-bounce-in\" tabindex=\"-1\">\n\t\t\t\t<i aria-hidden=\"true\" class=\"fas fa-hands-helping\"><\/i>\t\t\t\t<\/a>\n\t\t\t<\/div>\n\t\t\t\n\t\t\t\t\t\t<div class=\"elementor-icon-box-content\">\n\n\t\t\t\t\t\t\t\t\t<h3 class=\"elementor-icon-box-title\">\n\t\t\t\t\t\t<a href=\"https:\/\/www.ufsm.br\/cursos\/pos-graduacao\/santa-maria\/ppgemef\/anais-eiemat\/\" >\n\t\t\t\t\t\t\tApoi e Patroc\u00ednio\t\t\t\t\t\t<\/a>\n\t\t\t\t\t<\/h3>\n\t\t\t\t\n\t\t\t\t\n\t\t\t<\/div>\n\t\t\t\n\t\t<\/div>\n\t\t\t\t<\/div>\n\t\t\t\t<\/div>\n\t\t\t\t\t<\/div>\n\t\t<\/div>\n\t\t\t\t<div class=\"elementor-column elementor-col-20 elementor-top-column elementor-element elementor-element-4e3b047\" data-id=\"4e3b047\" data-element_type=\"column\">\n\t\t\t<div class=\"elementor-widget-wrap elementor-element-populated\">\n\t\t\t\t\t\t<div class=\"elementor-element elementor-element-9592b76 elementor-view-default elementor-position-top elementor-mobile-position-top elementor-widget elementor-widget-icon-box\" data-id=\"9592b76\" data-element_type=\"widget\" data-widget_type=\"icon-box.default\">\n\t\t\t\t<div class=\"elementor-widget-container\">\n\t\t\t\t\t<div class=\"elementor-icon-box-wrapper\">\n\n\t\t\t\t\t\t<div class=\"elementor-icon-box-icon\">\n\t\t\t\t<a href=\"#corpo-editorial\" class=\"elementor-icon elementor-animation-bounce-in\" tabindex=\"-1\">\n\t\t\t\t<i aria-hidden=\"true\" class=\"fas fa-user-graduate\"><\/i>\t\t\t\t<\/a>\n\t\t\t<\/div>\n\t\t\t\n\t\t\t\t\t\t<div class=\"elementor-icon-box-content\">\n\n\t\t\t\t\t\t\t\t\t<h3 class=\"elementor-icon-box-title\">\n\t\t\t\t\t\t<a href=\"#corpo-editorial\" >\n\t\t\t\t\t\t\tCorpo editorial\t\t\t\t\t\t<\/a>\n\t\t\t\t\t<\/h3>\n\t\t\t\t\n\t\t\t\t\n\t\t\t<\/div>\n\t\t\t\n\t\t<\/div>\n\t\t\t\t<\/div>\n\t\t\t\t<\/div>\n\t\t\t\t\t<\/div>\n\t\t<\/div>\n\t\t\t\t<div class=\"elementor-column elementor-col-20 elementor-top-column elementor-element elementor-element-cd13067\" data-id=\"cd13067\" data-element_type=\"column\">\n\t\t\t<div class=\"elementor-widget-wrap elementor-element-populated\">\n\t\t\t\t\t\t<div class=\"elementor-element elementor-element-ccb7209 elementor-view-default elementor-position-top elementor-mobile-position-top elementor-widget elementor-widget-icon-box\" data-id=\"ccb7209\" data-element_type=\"widget\" data-widget_type=\"icon-box.default\">\n\t\t\t\t<div class=\"elementor-widget-container\">\n\t\t\t\t\t<div class=\"elementor-icon-box-wrapper\">\n\n\t\t\t\t\t\t<div class=\"elementor-icon-box-icon\">\n\t\t\t\t<a href=\"#normas-para-publicacao\" class=\"elementor-icon elementor-animation-bounce-in\" tabindex=\"-1\">\n\t\t\t\t<i aria-hidden=\"true\" class=\"fas fa-user-graduate\"><\/i>\t\t\t\t<\/a>\n\t\t\t<\/div>\n\t\t\t\n\t\t\t\t\t\t<div class=\"elementor-icon-box-content\">\n\n\t\t\t\t\t\t\t\t\t<h3 class=\"elementor-icon-box-title\">\n\t\t\t\t\t\t<a href=\"#normas-para-publicacao\" >\n\t\t\t\t\t\t\tNormas para publica\u00e7\u00e3o\t\t\t\t\t\t<\/a>\n\t\t\t\t\t<\/h3>\n\t\t\t\t\n\t\t\t\t\n\t\t\t<\/div>\n\t\t\t\n\t\t<\/div>\n\t\t\t\t<\/div>\n\t\t\t\t<\/div>\n\t\t\t\t\t<\/div>\n\t\t<\/div>\n\t\t\t\t<div class=\"elementor-column elementor-col-20 elementor-top-column elementor-element elementor-element-37e2636\" data-id=\"37e2636\" data-element_type=\"column\">\n\t\t\t<div class=\"elementor-widget-wrap elementor-element-populated\">\n\t\t\t\t\t\t<div class=\"elementor-element elementor-element-7a54624 elementor-view-default elementor-position-top elementor-mobile-position-top elementor-widget elementor-widget-icon-box\" data-id=\"7a54624\" data-element_type=\"widget\" data-widget_type=\"icon-box.default\">\n\t\t\t\t<div class=\"elementor-widget-container\">\n\t\t\t\t\t<div class=\"elementor-icon-box-wrapper\">\n\n\t\t\t\t\t\t<div class=\"elementor-icon-box-icon\">\n\t\t\t\t<a href=\"https:\/\/www.ufsm.br\/cursos\/pos-graduacao\/santa-maria\/ppgemef\/anais-eiemat-edicao-atual\/\" class=\"elementor-icon elementor-animation-bounce-in\" tabindex=\"-1\">\n\t\t\t\t<i aria-hidden=\"true\" class=\"fas fa-book\"><\/i>\t\t\t\t<\/a>\n\t\t\t<\/div>\n\t\t\t\n\t\t\t\t\t\t<div class=\"elementor-icon-box-content\">\n\n\t\t\t\t\t\t\t\t\t<h3 class=\"elementor-icon-box-title\">\n\t\t\t\t\t\t<a href=\"https:\/\/www.ufsm.br\/cursos\/pos-graduacao\/santa-maria\/ppgemef\/anais-eiemat-edicao-atual\/\" >\n\t\t\t\t\t\t\tEdi\u00e7\u00e3o atual\t\t\t\t\t\t<\/a>\n\t\t\t\t\t<\/h3>\n\t\t\t\t\n\t\t\t\t\n\t\t\t<\/div>\n\t\t\t\n\t\t<\/div>\n\t\t\t\t<\/div>\n\t\t\t\t<\/div>\n\t\t\t\t\t<\/div>\n\t\t<\/div>\n\t\t\t\t<div class=\"elementor-column elementor-col-20 elementor-top-column elementor-element elementor-element-2dd0032\" data-id=\"2dd0032\" data-element_type=\"column\">\n\t\t\t<div class=\"elementor-widget-wrap elementor-element-populated\">\n\t\t\t\t\t\t<div class=\"elementor-element elementor-element-aa23887 elementor-view-default elementor-position-top elementor-mobile-position-top elementor-widget elementor-widget-icon-box\" data-id=\"aa23887\" data-element_type=\"widget\" data-widget_type=\"icon-box.default\">\n\t\t\t\t<div class=\"elementor-widget-container\">\n\t\t\t\t\t<div class=\"elementor-icon-box-wrapper\">\n\n\t\t\t\t\t\t<div class=\"elementor-icon-box-icon\">\n\t\t\t\t<a href=\"https:\/\/www.ufsm.br\/cursos\/pos-graduacao\/santa-maria\/ppgemef\/anais-eiemat-edicoes-anteriores\/\" class=\"elementor-icon elementor-animation-bounce-in\" tabindex=\"-1\">\n\t\t\t\t<i aria-hidden=\"true\" class=\"fas fa-archive\"><\/i>\t\t\t\t<\/a>\n\t\t\t<\/div>\n\t\t\t\n\t\t\t\t\t\t<div class=\"elementor-icon-box-content\">\n\n\t\t\t\t\t\t\t\t\t<h3 class=\"elementor-icon-box-title\">\n\t\t\t\t\t\t<a href=\"https:\/\/www.ufsm.br\/cursos\/pos-graduacao\/santa-maria\/ppgemef\/anais-eiemat-edicoes-anteriores\/\" >\n\t\t\t\t\t\t\tEdi\u00e7\u00f5es anteriores\t\t\t\t\t\t<\/a>\n\t\t\t\t\t<\/h3>\n\t\t\t\t\n\t\t\t\t\n\t\t\t<\/div>\n\t\t\t\n\t\t<\/div>\n\t\t\t\t<\/div>\n\t\t\t\t<\/div>\n\t\t\t\t\t<\/div>\n\t\t<\/div>\n\t\t\t\t\t<\/div>\n\t\t<\/section>\n\t\t\t\t<section class=\"elementor-section elementor-top-section elementor-element elementor-element-c0d96a8 elementor-section-boxed elementor-section-height-default elementor-section-height-default\" data-id=\"c0d96a8\" data-element_type=\"section\">\n\t\t\t\t\t\t<div class=\"elementor-container elementor-column-gap-default\">\n\t\t\t\t\t<div class=\"elementor-column elementor-col-100 elementor-top-column elementor-element elementor-element-d15ea5e\" data-id=\"d15ea5e\" data-element_type=\"column\">\n\t\t\t<div class=\"elementor-widget-wrap elementor-element-populated\">\n\t\t\t\t\t\t<div class=\"elementor-element elementor-element-8b01ea6 elementor-widget elementor-widget-heading\" data-id=\"8b01ea6\" data-element_type=\"widget\" id=\"corpo-editorial\" data-widget_type=\"heading.default\">\n\t\t\t\t<div class=\"elementor-widget-container\">\n\t\t\t<h5 class=\"elementor-heading-title elementor-size-default\">Corpo editorial<\/h5>\t\t<\/div>\n\t\t\t\t<\/div>\n\t\t\t\t<div class=\"elementor-element elementor-element-f2fe5aa elementor-widget elementor-widget-text-editor\" data-id=\"f2fe5aa\" data-element_type=\"widget\" data-widget_type=\"text-editor.default\">\n\t\t\t\t<div class=\"elementor-widget-container\">\n\t\t\t\t\t\t\t<div align=\"center\">\n<table class=\"zebra\">\n<tbody>\n<tr>\n<td>Antonio Carlos C. de Souza\u2014UNESP\/RC<\/td>\n<\/tr>\n<tr>\n<td>Antonio Vicente M. Garnica\u2014UNESP\/Bauru<\/td>\n<\/tr>\n<tr>\n<td>Estela Kaufman Fainguelernt\u2014USS<\/td>\n<\/tr>\n<tr>\n<td>Gelsa Knijnik\u2014UNISINOS<\/td>\n<\/tr>\n<tr>\n<td>Jo\u00e3o Carlos Gilli Martins\u2014UFSM<\/td>\n<\/tr>\n<tr>\n<td>Lourdes de la Rosa Onuchic\u2014USP\/SC<\/td>\n<\/tr>\n<tr>\n<td>Manoel Oriosvaldo de Moura\u2014USP<\/td>\n<\/tr>\n<tr>\n<td>Marcus Vinicius de A. Basso\u2014UFRGS<\/td>\n<\/tr>\n<tr>\n<td>Miriam Godoy Penteado\u2014UNESP\/RC<\/td>\n<\/tr>\n<tr>\n<td>Ricardo Fajardo\u2014UFSM<\/td>\n<\/tr>\n<tr>\n<td>Roberto Ribeiro Baldino\u2014UERGS<\/td>\n<\/tr>\n<tr>\n<td>Romulo Campos Lins\u2014UNESP\/RC<\/td>\n<\/tr>\n<\/tbody>\n<\/table>\n<\/div>\n<p>\u00a0<\/p>\t\t\t\t\t\t<\/div>\n\t\t\t\t<\/div>\n\t\t\t\t\t<\/div>\n\t\t<\/div>\n\t\t\t\t\t<\/div>\n\t\t<\/section>\n\t\t\t\t<section class=\"elementor-section elementor-top-section elementor-element elementor-element-b9dfe6d elementor-section-boxed elementor-section-height-default elementor-section-height-default\" data-id=\"b9dfe6d\" data-element_type=\"section\">\n\t\t\t\t\t\t<div class=\"elementor-container elementor-column-gap-default\">\n\t\t\t\t\t<div class=\"elementor-column elementor-col-100 elementor-top-column elementor-element elementor-element-4d6e4e6\" data-id=\"4d6e4e6\" data-element_type=\"column\">\n\t\t\t<div class=\"elementor-widget-wrap elementor-element-populated\">\n\t\t\t\t\t\t<div class=\"elementor-element elementor-element-30f9b14 elementor-widget elementor-widget-heading\" data-id=\"30f9b14\" data-element_type=\"widget\" id=\"normas-para-publicacao\" data-widget_type=\"heading.default\">\n\t\t\t\t<div class=\"elementor-widget-container\">\n\t\t\t<h5 class=\"elementor-heading-title elementor-size-default\">Normas para Publica\u00e7\u00e3o<\/h5>\t\t<\/div>\n\t\t\t\t<\/div>\n\t\t\t\t<div class=\"elementor-element elementor-element-6ab1603 elementor-widget elementor-widget-text-editor\" data-id=\"6ab1603\" data-element_type=\"widget\" data-widget_type=\"text-editor.default\">\n\t\t\t\t<div class=\"elementor-widget-container\">\n\t\t\t\t\t\t\t<p>1) Nome do arquivo: <br \/>Para Comunica\u00e7\u00e3o Cient\u00edfica: CC_sobrenome_nome_do_1\u00ba_autor.doc <br \/>Para Relato de Experi\u00eancia: RE_sobrenome_nome do_1\u00ba_autor.doc <br \/>Para P\u00f4ster: PO_sobrenome_nome do_1\u00ba_autor.doc <br \/>Para Mostra Did\u00e1tico-Cient\u00edfica: MDC_sobrenome_nome do_1\u00ba_autor.doc<\/p>\n<p>2) O texto deve ser digitado no formato &#8220;Word for Windows&#8221; (2003, 2007 ou 2010) com a seguinte configura\u00e7\u00e3o: <br \/>a) Papel tamanho A4; margens superior e inferior com 2,5 cm; margens esquerda e direita com 3 cm; espa\u00e7amento entre linhas de 1,5 cm; alinhamento justificado. Letra &#8220;Times New Roman&#8221; tamanho 12. P\u00e1ginas numeradas a partir da segunda (canto inferior direito); <br \/>b) T\u00edtulo: em letra mai\u00fascula, fonte Times New Roman, tamanho 14, em negrito, centralizado; <br \/>c) Nome(s) do(s) autor(es): abaixo do t\u00edtulo (deixar uma linha em branco), alinhado \u00e0 direita, seguido do nome da institui\u00e7\u00e3o e e-mail; <br \/>d) Resumo: abaixo do(s) autor(es) (deixar uma linha em branco) com, no m\u00e1ximo, 300 palavras; <br \/>e) Palavras chave: abaixo do resumo, com, no m\u00e1ximo, tr\u00eas; <br \/>f) O texto deve iniciar duas linhas abaixo das palavras chave; <br \/>g) Figuras, tabelas e gr\u00e1ficos devem vir inseridos na posi\u00e7\u00e3o onde aparecer\u00e3o na publica\u00e7\u00e3o; <br \/>h) No corpo do texto usar apenas abreviatura bibliogr\u00e1fica, atendendo \u00e0s normas atuais da ABNT para refer\u00eancia bibliogr\u00e1fica e cita\u00e7\u00e3o; <br \/>i) As refer\u00eancias bibliogr\u00e1ficas v\u00eam ao final e configuradas conforme as normas atuais da ABNT; <br \/>j) Anexos e ap\u00eandices eventuais devem vir ap\u00f3s as refer\u00eancias bibliogr\u00e1ficas.<\/p>\t\t\t\t\t\t<\/div>\n\t\t\t\t<\/div>\n\t\t\t\t\t<\/div>\n\t\t<\/div>\n\t\t\t\t\t<\/div>\n\t\t<\/section>\n\t\t\t\t<\/div>\n\t\t","protected":false},"excerpt":{"rendered":"<p>&nbsp; Anais do Evento ISSN 2316-7785 Escola de Inverno de Educa\u00e7\u00e3o Matem\u00e1tica Escola de Inverno de Ensino de F\u00edsica Contato: escola.de.inverno.mat.fis@ufsm.br &nbsp; &nbsp; \u00a0 Edi\u00e7\u00e3o atual \u00a0 Edi\u00e7\u00f5es anteriores \u00a0 Comit\u00ea Cient\u00edfico (2021) Ana Marli Bulegon (UFN), Andre Luis Andrejew Ferreira (UFPEL), Anemari Roesler Luersen Vieira Lopes (UFSM), C\u00e1tia Maria Nehring (UNIJUI), Charles Dos Santos [&hellip;]<\/p>\n","protected":false},"author":25,"featured_media":0,"parent":0,"menu_order":0,"comment_status":"closed","ping_status":"closed","template":"","meta":{"footnotes":""},"categories":[],"tags":[],"class_list":["post-313","page","type-page","status-publish","hentry"],"acf":[],"_links":{"self":[{"href":"https:\/\/www.ufsm.br\/cursos\/pos-graduacao\/santa-maria\/ppgemef\/wp-json\/wp\/v2\/pages\/313","targetHints":{"allow":["GET"]}}],"collection":[{"href":"https:\/\/www.ufsm.br\/cursos\/pos-graduacao\/santa-maria\/ppgemef\/wp-json\/wp\/v2\/pages"}],"about":[{"href":"https:\/\/www.ufsm.br\/cursos\/pos-graduacao\/santa-maria\/ppgemef\/wp-json\/wp\/v2\/types\/page"}],"author":[{"embeddable":true,"href":"https:\/\/www.ufsm.br\/cursos\/pos-graduacao\/santa-maria\/ppgemef\/wp-json\/wp\/v2\/users\/25"}],"replies":[{"embeddable":true,"href":"https:\/\/www.ufsm.br\/cursos\/pos-graduacao\/santa-maria\/ppgemef\/wp-json\/wp\/v2\/comments?post=313"}],"version-history":[{"count":0,"href":"https:\/\/www.ufsm.br\/cursos\/pos-graduacao\/santa-maria\/ppgemef\/wp-json\/wp\/v2\/pages\/313\/revisions"}],"wp:attachment":[{"href":"https:\/\/www.ufsm.br\/cursos\/pos-graduacao\/santa-maria\/ppgemef\/wp-json\/wp\/v2\/media?parent=313"}],"wp:term":[{"taxonomy":"category","embeddable":true,"href":"https:\/\/www.ufsm.br\/cursos\/pos-graduacao\/santa-maria\/ppgemef\/wp-json\/wp\/v2\/categories?post=313"},{"taxonomy":"post_tag","embeddable":true,"href":"https:\/\/www.ufsm.br\/cursos\/pos-graduacao\/santa-maria\/ppgemef\/wp-json\/wp\/v2\/tags?post=313"}],"curies":[{"name":"wp","href":"https:\/\/api.w.org\/{rel}","templated":true}]}}