{"id":316,"date":"2020-03-13T13:16:37","date_gmt":"2020-03-13T16:16:37","guid":{"rendered":"https:\/\/www.ufsm.br\/cursos\/pos-graduacao\/santa-maria\/ppgemef\/?page_id=316"},"modified":"2021-12-01T19:57:08","modified_gmt":"2021-12-01T22:57:08","slug":"anais-eiemat-edicoes-anteriores","status":"publish","type":"page","link":"https:\/\/www.ufsm.br\/cursos\/pos-graduacao\/santa-maria\/ppgemef\/anais-eiemat-edicoes-anteriores","title":{"rendered":"Anais- EIEMAT- Edi\u00e7\u00f5es anteriores"},"content":{"rendered":"\n<div align=\"left\">\u00a0<\/div>\n<div align=\"left\"><a href=\"https:\/\/drive.google.com\/drive\/folders\/1NvNlMfqqOHJbGTqoC-woMQwm0slIbnmV?usp=sharing\">Anais do 1<sup>o<\/sup> EIEMAT &#8211; 2008<\/a> (Sem ISSN)<\/div>\n<div align=\"left\"><strong>Instru\u00e7\u00e3o:<\/strong> Mantenha todos os arquivos numa mesma pasta.<\/div>\n<div align=\"left\">\u00a0<\/div>\n<div align=\"left\"><a href=\"https:\/\/drive.google.com\/drive\/folders\/1-CAJtvuKSBFXGGejK5i7OBIBaCdEKARs?usp=sharing\">Anais do 2<sup>o<\/sup> EIEMAT &#8211; 2010<\/a> (Sem ISSN)<\/div>\n<div align=\"left\"><strong>Instru\u00e7\u00e3o:<\/strong> Mantenha todos os arquivos numa mesma pasta.<\/div>\n<div align=\"left\">\u00a0<\/div>\n<div align=\"left\"><a href=\"https:\/\/www.ufsm.br\/cursos\/pos-graduacao\/santa-maria\/ppgemef\/anais-do-3o-eiemat-e-1o-encontro-nacional-pibid-matematica\/\">Anais do 3<sup>o<\/sup> EIEMAT e 1<sup>o<\/sup> Encontro Nacional PIBID Matem\u00e1tica &#8211; 2012.<\/a><\/div>\n<p><a href=\"https:\/\/www.ufsm.br\/cursos\/pos-graduacao\/santa-maria\/ppgemef\/anais-do-4o-eiemat-e-2o-encontro-nacional-pibid-matematica\/\">Anais do 4<sup>o<\/sup> EIEMAT e 2<sup>o<\/sup> Encontro Nacional PIBID Matem\u00e1tica &#8211; 2014.<\/a><\/p>\n<p><a href=\"https:\/\/www.ufsm.br\/cursos\/pos-graduacao\/santa-maria\/ppgemef\/anais-da-5a-escola-de-inverno-de-educacao-matematica-3o-encontro-nacional-pibid-matematica\/\">Anais do 5<sup>o<\/sup> EIEMAT e 3<sup>o<\/sup> Encontro Nacional PIBID Matem\u00e1tica.- 2016.<\/a><\/p>\n<p><a href=\"https:\/\/www.ufsm.br\/cursos\/pos-graduacao\/santa-maria\/ppgemef\/anais-da-5a-escola-de-inverno-de-educacao-matematica-13o-encontro-gaucho-de-educacao-matematica-egem-4o-encontro-nacional-pibid-matematica\">Anais do 6<sup>o<\/sup> EIEMAT, 13<sup>o<\/sup> Encontro Ga\u00facho de Educa\u00e7\u00e3o Matem\u00e1tica e 4<sup>o<\/sup> Encontro Nacional PIBID Matem\u00e1tica &#8211; 2018<\/a><\/p>\n<p>\u00a0<\/p>\n","protected":false},"excerpt":{"rendered":"<p>\u00a0 Anais do 1o EIEMAT &#8211; 2008 (Sem ISSN) Instru\u00e7\u00e3o: Mantenha todos os arquivos numa mesma pasta. \u00a0 Anais do 2o EIEMAT &#8211; 2010 (Sem ISSN) Instru\u00e7\u00e3o: Mantenha todos os arquivos numa mesma pasta. \u00a0 Anais do 3o EIEMAT e 1o Encontro Nacional PIBID Matem\u00e1tica &#8211; 2012. Anais do 4o EIEMAT e 2o Encontro Nacional [&hellip;]<\/p>\n","protected":false},"author":25,"featured_media":0,"parent":0,"menu_order":0,"comment_status":"closed","ping_status":"closed","template":"","meta":{"footnotes":""},"categories":[],"tags":[],"class_list":["post-316","page","type-page","status-publish","hentry"],"acf":[],"_links":{"self":[{"href":"https:\/\/www.ufsm.br\/cursos\/pos-graduacao\/santa-maria\/ppgemef\/wp-json\/wp\/v2\/pages\/316","targetHints":{"allow":["GET"]}}],"collection":[{"href":"https:\/\/www.ufsm.br\/cursos\/pos-graduacao\/santa-maria\/ppgemef\/wp-json\/wp\/v2\/pages"}],"about":[{"href":"https:\/\/www.ufsm.br\/cursos\/pos-graduacao\/santa-maria\/ppgemef\/wp-json\/wp\/v2\/types\/page"}],"author":[{"embeddable":true,"href":"https:\/\/www.ufsm.br\/cursos\/pos-graduacao\/santa-maria\/ppgemef\/wp-json\/wp\/v2\/users\/25"}],"replies":[{"embeddable":true,"href":"https:\/\/www.ufsm.br\/cursos\/pos-graduacao\/santa-maria\/ppgemef\/wp-json\/wp\/v2\/comments?post=316"}],"version-history":[{"count":0,"href":"https:\/\/www.ufsm.br\/cursos\/pos-graduacao\/santa-maria\/ppgemef\/wp-json\/wp\/v2\/pages\/316\/revisions"}],"wp:attachment":[{"href":"https:\/\/www.ufsm.br\/cursos\/pos-graduacao\/santa-maria\/ppgemef\/wp-json\/wp\/v2\/media?parent=316"}],"wp:term":[{"taxonomy":"category","embeddable":true,"href":"https:\/\/www.ufsm.br\/cursos\/pos-graduacao\/santa-maria\/ppgemef\/wp-json\/wp\/v2\/categories?post=316"},{"taxonomy":"post_tag","embeddable":true,"href":"https:\/\/www.ufsm.br\/cursos\/pos-graduacao\/santa-maria\/ppgemef\/wp-json\/wp\/v2\/tags?post=316"}],"curies":[{"name":"wp","href":"https:\/\/api.w.org\/{rel}","templated":true}]}}