{"id":814,"date":"2020-03-16T11:05:57","date_gmt":"2020-03-16T14:05:57","guid":{"rendered":"https:\/\/www.ufsm.br\/cursos\/pos-graduacao\/santa-maria\/ppgemef\/?page_id=814"},"modified":"2020-03-16T11:06:00","modified_gmt":"2020-03-16T14:06:00","slug":"anais-da-5a-escola-de-inverno-de-educacao-matematica-3o-encontro-nacional-pibid-matematica","status":"publish","type":"page","link":"https:\/\/www.ufsm.br\/cursos\/pos-graduacao\/santa-maria\/ppgemef\/anais-da-5a-escola-de-inverno-de-educacao-matematica-3o-encontro-nacional-pibid-matematica","title":{"rendered":"Anais da 5a Escola de Inverno de Educa\u00e7\u00e3o Matem\u00e1tica 3o Encontro Nacional PIBID-Matem\u00e1tica"},"content":{"rendered":"\n<p><strong>V. 3 N. 1 &#8211; 2016<\/strong><br \/>Comunica\u00e7\u00e3o Cient\u00edfica (CC)<br \/><a href=\"https:\/\/www.ufsm.br\/cursos\/pos-graduacao\/santa-maria\/ppgemef\/wp-content\/uploads\/sites\/534\/2020\/03\/Anais_CC_2016.pdf\">Sum\u00e1rio<\/a><\/p>\n<p><strong>V. 3 N. 2 &#8211; 2016<\/strong><br \/>Relato de Experi\u00eancia (RE)<br \/><a href=\"https:\/\/www.ufsm.br\/cursos\/pos-graduacao\/santa-maria\/ppgemef\/wp-content\/uploads\/sites\/534\/2020\/03\/Anais_RE_2016.pdf\">Sum\u00e1rio<\/a><\/p>\n<p><strong>V. 3 N. 3 &#8211; 2016<\/strong><br \/>P\u00f4ster (PO)<br \/><a href=\"https:\/\/www.ufsm.br\/cursos\/pos-graduacao\/santa-maria\/ppgemef\/wp-content\/uploads\/sites\/534\/2020\/03\/Anais_PO_2016.pdf\">Sum\u00e1rio<\/a><\/p>\n<p><strong>V. 3 N. 4 &#8211; 2016<\/strong><br \/>Mostra Did\u00e1tico-Cient\u00edfica Pibid (MDC)<br \/><a href=\"https:\/\/www.ufsm.br\/cursos\/pos-graduacao\/santa-maria\/ppgemef\/wp-content\/uploads\/sites\/534\/2020\/03\/Anais_MDC_2016.pdf\">Sum\u00e1rio<\/a><\/p>\n<p><strong>V. 3 N. 5 &#8211; 2016<\/strong><br \/>Oficinas\/Minicursos<br \/><a href=\"https:\/\/www.ufsm.br\/cursos\/pos-graduacao\/santa-maria\/ppgemef\/wp-content\/uploads\/sites\/534\/2020\/03\/Anais_OF-MIN_2016.pdf\">Sum\u00e1rio<\/a><\/p>\n<p><strong>V. 3 N. 6 &#8211; 2016<\/strong><br \/>Palestras<br \/><a href=\"https:\/\/www.ufsm.br\/cursos\/pos-graduacao\/santa-maria\/ppgemef\/wp-content\/uploads\/sites\/534\/2020\/03\/Anais_Palestras_2016.pdf\">Sum\u00e1rio<\/a><\/p>\n","protected":false},"excerpt":{"rendered":"<p>V. 3 N. 1 &#8211; 2016Comunica\u00e7\u00e3o Cient\u00edfica (CC)Sum\u00e1rio V. 3 N. 2 &#8211; 2016Relato de Experi\u00eancia (RE)Sum\u00e1rio V. 3 N. 3 &#8211; 2016P\u00f4ster (PO)Sum\u00e1rio V. 3 N. 4 &#8211; 2016Mostra Did\u00e1tico-Cient\u00edfica Pibid (MDC)Sum\u00e1rio V. 3 N. 5 &#8211; 2016Oficinas\/MinicursosSum\u00e1rio V. 3 N. 6 &#8211; 2016PalestrasSum\u00e1rio<\/p>\n","protected":false},"author":867,"featured_media":0,"parent":0,"menu_order":0,"comment_status":"closed","ping_status":"closed","template":"","meta":{"footnotes":""},"categories":[],"tags":[],"class_list":["post-814","page","type-page","status-publish","hentry"],"acf":[],"_links":{"self":[{"href":"https:\/\/www.ufsm.br\/cursos\/pos-graduacao\/santa-maria\/ppgemef\/wp-json\/wp\/v2\/pages\/814","targetHints":{"allow":["GET"]}}],"collection":[{"href":"https:\/\/www.ufsm.br\/cursos\/pos-graduacao\/santa-maria\/ppgemef\/wp-json\/wp\/v2\/pages"}],"about":[{"href":"https:\/\/www.ufsm.br\/cursos\/pos-graduacao\/santa-maria\/ppgemef\/wp-json\/wp\/v2\/types\/page"}],"author":[{"embeddable":true,"href":"https:\/\/www.ufsm.br\/cursos\/pos-graduacao\/santa-maria\/ppgemef\/wp-json\/wp\/v2\/users\/867"}],"replies":[{"embeddable":true,"href":"https:\/\/www.ufsm.br\/cursos\/pos-graduacao\/santa-maria\/ppgemef\/wp-json\/wp\/v2\/comments?post=814"}],"version-history":[{"count":0,"href":"https:\/\/www.ufsm.br\/cursos\/pos-graduacao\/santa-maria\/ppgemef\/wp-json\/wp\/v2\/pages\/814\/revisions"}],"wp:attachment":[{"href":"https:\/\/www.ufsm.br\/cursos\/pos-graduacao\/santa-maria\/ppgemef\/wp-json\/wp\/v2\/media?parent=814"}],"wp:term":[{"taxonomy":"category","embeddable":true,"href":"https:\/\/www.ufsm.br\/cursos\/pos-graduacao\/santa-maria\/ppgemef\/wp-json\/wp\/v2\/categories?post=814"},{"taxonomy":"post_tag","embeddable":true,"href":"https:\/\/www.ufsm.br\/cursos\/pos-graduacao\/santa-maria\/ppgemef\/wp-json\/wp\/v2\/tags?post=814"}],"curies":[{"name":"wp","href":"https:\/\/api.w.org\/{rel}","templated":true}]}}