{"id":883,"date":"2020-03-20T16:28:59","date_gmt":"2020-03-20T19:28:59","guid":{"rendered":"https:\/\/www.ufsm.br\/cursos\/pos-graduacao\/santa-maria\/ppgemef\/?page_id=883"},"modified":"2020-03-31T14:36:46","modified_gmt":"2020-03-31T17:36:46","slug":"anais-da-5a-escola-de-inverno-de-educacao-matematica-13o-encontro-gaucho-de-educacao-matematica-egem-4o-encontro-nacional-pibid-matematica","status":"publish","type":"page","link":"https:\/\/www.ufsm.br\/cursos\/pos-graduacao\/santa-maria\/ppgemef\/anais-da-5a-escola-de-inverno-de-educacao-matematica-13o-encontro-gaucho-de-educacao-matematica-egem-4o-encontro-nacional-pibid-matematica","title":{"rendered":"Anais da  6a Escola de Inverno de Educa\u00e7\u00e3o Matem\u00e1tica 13o Encontro Ga\u00facho de Educa\u00e7\u00e3o Matem\u00e1tica (EGEM) 4o Encontro Nacional PIBID-Matem\u00e1tica"},"content":{"rendered":"\n<div align=\"left\">ISSN 2316-7785<\/div>\n<div align=\"left\">\u00a0<\/div>\n<div align=\"left\">Evento: 01\/08\/2018 a 03\/08\/2018<\/div>\n<div align=\"left\">\u00a0<\/div>\n<div align=\"left\">V. 4 N. 1 &#8211; 2018<br \/>Comunica\u00e7\u00e3o Cient\u00edfica (CC)<br \/><a href=\"https:\/\/www.ufsm.br\/cursos\/pos-graduacao\/santa-maria\/ppgemef\/wp-content\/uploads\/sites\/534\/2020\/03\/Anais_CC_2018.pdf\">Sum\u00e1rio<\/a><\/div>\n<div align=\"left\">\u00a0<\/div>\n<div align=\"left\">V. 4 N. 2 &#8211; 2018<br \/>Relato de Experi\u00eancia (RE)<\/div>\n<div align=\"left\"><a href=\"https:\/\/www.ufsm.br\/cursos\/pos-graduacao\/santa-maria\/ppgemef\/wp-content\/uploads\/sites\/534\/2020\/03\/Anais_RE_2018.pdf\">Sum\u00e1rio<\/a><\/div>\n<div align=\"left\">\u00a0<\/div>\n<div align=\"left\">V. 4 N. 3 &#8211; 2018<br \/>P\u00f4ster (PO)<br \/><a href=\"https:\/\/www.ufsm.br\/cursos\/pos-graduacao\/santa-maria\/ppgemef\/wp-content\/uploads\/sites\/534\/2020\/03\/Anais_PO_2018.pdf\">Sum\u00e1rio<\/a><br \/><br \/><\/div>\n<div align=\"left\">V. 4 N. 4 &#8211; 2018<br \/>Mostra Did\u00e1tico-Cient\u00edfica (MDC)<br \/><a href=\"https:\/\/www.ufsm.br\/cursos\/pos-graduacao\/santa-maria\/ppgemef\/wp-content\/uploads\/sites\/534\/2020\/03\/Anais_MDC_2018.pdf\">Sum\u00e1rio<\/a><\/div>\n<div align=\"left\">\u00a0<\/div>\n<div align=\"left\">V. 4 N. 5 &#8211; 2018<br \/>Minicursos\/Oficinas (MIN-OF)<br \/><a href=\"https:\/\/www.ufsm.br\/cursos\/pos-graduacao\/santa-maria\/ppgemef\/wp-content\/uploads\/sites\/534\/2020\/03\/Anais_MIN-OF_2018.pdf\">Sum\u00e1rio<\/a><\/div>\n","protected":false},"excerpt":{"rendered":"<p>ISSN 2316-7785 \u00a0 Evento: 01\/08\/2018 a 03\/08\/2018 \u00a0 V. 4 N. 1 &#8211; 2018Comunica\u00e7\u00e3o Cient\u00edfica (CC)Sum\u00e1rio \u00a0 V. 4 N. 2 &#8211; 2018Relato de Experi\u00eancia (RE) Sum\u00e1rio \u00a0 V. 4 N. 3 &#8211; 2018P\u00f4ster (PO)Sum\u00e1rio V. 4 N. 4 &#8211; 2018Mostra Did\u00e1tico-Cient\u00edfica (MDC)Sum\u00e1rio \u00a0 V. 4 N. 5 &#8211; 2018Minicursos\/Oficinas (MIN-OF)Sum\u00e1rio<\/p>\n","protected":false},"author":867,"featured_media":0,"parent":0,"menu_order":0,"comment_status":"closed","ping_status":"closed","template":"","meta":{"footnotes":""},"categories":[],"tags":[],"class_list":["post-883","page","type-page","status-publish","hentry"],"acf":[],"_links":{"self":[{"href":"https:\/\/www.ufsm.br\/cursos\/pos-graduacao\/santa-maria\/ppgemef\/wp-json\/wp\/v2\/pages\/883","targetHints":{"allow":["GET"]}}],"collection":[{"href":"https:\/\/www.ufsm.br\/cursos\/pos-graduacao\/santa-maria\/ppgemef\/wp-json\/wp\/v2\/pages"}],"about":[{"href":"https:\/\/www.ufsm.br\/cursos\/pos-graduacao\/santa-maria\/ppgemef\/wp-json\/wp\/v2\/types\/page"}],"author":[{"embeddable":true,"href":"https:\/\/www.ufsm.br\/cursos\/pos-graduacao\/santa-maria\/ppgemef\/wp-json\/wp\/v2\/users\/867"}],"replies":[{"embeddable":true,"href":"https:\/\/www.ufsm.br\/cursos\/pos-graduacao\/santa-maria\/ppgemef\/wp-json\/wp\/v2\/comments?post=883"}],"version-history":[{"count":0,"href":"https:\/\/www.ufsm.br\/cursos\/pos-graduacao\/santa-maria\/ppgemef\/wp-json\/wp\/v2\/pages\/883\/revisions"}],"wp:attachment":[{"href":"https:\/\/www.ufsm.br\/cursos\/pos-graduacao\/santa-maria\/ppgemef\/wp-json\/wp\/v2\/media?parent=883"}],"wp:term":[{"taxonomy":"category","embeddable":true,"href":"https:\/\/www.ufsm.br\/cursos\/pos-graduacao\/santa-maria\/ppgemef\/wp-json\/wp\/v2\/categories?post=883"},{"taxonomy":"post_tag","embeddable":true,"href":"https:\/\/www.ufsm.br\/cursos\/pos-graduacao\/santa-maria\/ppgemef\/wp-json\/wp\/v2\/tags?post=883"}],"curies":[{"name":"wp","href":"https:\/\/api.w.org\/{rel}","templated":true}]}}