{"id":2460,"date":"2024-08-30T13:20:40","date_gmt":"2024-08-30T16:20:40","guid":{"rendered":"https:\/\/www.ufsm.br\/cursos\/pos-graduacao\/santa-maria\/ppgenf\/?page_id=2460"},"modified":"2025-11-19T11:20:55","modified_gmt":"2025-11-19T14:20:55","slug":"internacionalizacao","status":"publish","type":"page","link":"https:\/\/www.ufsm.br\/cursos\/pos-graduacao\/santa-maria\/ppgenf\/internacionalizacao","title":{"rendered":"Internacionaliza\u00e7\u00e3o"},"content":{"rendered":"\n<p class=\"has-text-align-left\">Para o grupo de trabalho \u201cInternacionaliza\u00e7\u00e3o\u201d da CAPES (2019) \u201cA avalia\u00e7\u00e3o da internacionaliza\u00e7\u00e3o refere-se \u00e0 forma e ao conte\u00fado da forma\u00e7\u00e3o oferecida pelos programas de p\u00f3s-gradua\u00e7\u00e3o, indicada por <strong>pesquisa colaborativa multilateral,<\/strong> <strong>divulga\u00e7\u00e3o da produ\u00e7\u00e3o intelectual, mobilidade de docentes e discentes em colabora\u00e7\u00e3o e atua\u00e7\u00e3o institucional<\/strong>, al\u00e9m de condi\u00e7\u00f5es institucionais espec\u00edficas de apoio.\u201d (Relat\u00f3rio CAPES)<\/p>\n\n\n\n<p>O PPGENF da UFSM possui acordos de coopera\u00e7\u00e3o com outras institui\u00e7\u00f5es o que oportuniza a docentes e discentes a possibilidade de parcerias e interc\u00e2mbio interinstitucional.<\/p>\n\n\n\n<p><strong>A\u00c7\u00d5ES DE INTERNACIONALIZA\u00c7\u00c3O<\/strong><\/p>\n\n\n\n<p>A Professora titular Doutora Stela Maris de Mello Padoin, Investigadora do Grupo de Pesquisa Cuidado \u00e0 Sa\u00fade das Pessoas, Fam\u00edlias e Sociedade (GP-PEFAS) da Universidade Federal de Santa Maria (UFSM), participou no m\u00eas de outubro de 2025 da II Confer\u00eancia Internacional Mulheres: Mundos do Trabalho e Cidadania &#8211; Diferentes Olhares, Outras Perspectivas, realizado na Biblioteca de Alc\u00e2ntara \u2013 Jos\u00e9 Dias Coelho, em Lisboa. Na oportunidade, participou de rodas de conversa acerca das pesquisas desenvolvidas nos dois pa\u00edses, com investigadores de diferentes \u00e1reas do conhecimento. Tamb\u00e9m, a docente realizou visita t\u00e9cnica a Escola Superior de Sa\u00fade Dr. Lopes Dias de Castelo Branco, com o objetivo de participar em atividades e troca de experi\u00eancias sobre ensino e investiga\u00e7\u00e3o quando foram tra\u00e7adas metas para apoio na forma\u00e7\u00e3o de linha de investiga\u00e7\u00e3o internacional em Portugal com a colabora\u00e7\u00e3o do Brasil e programar disciplina de p\u00f3s-gradua\u00e7\u00e3o internacional e interinstitucional, tendo em vista, de modo concreto, fortalecer as colabora\u00e7\u00f5es acad\u00e9micas e cient\u00edficas entre a ESALD e a UFSM, Portugal e o Brasil!<\/p>\n\n\n\n<div data-wp-interactive=\"core\/file\" class=\"wp-block-file\"><object data-wp-bind--hidden=\"!state.hasPdfPreview\" hidden class=\"wp-block-file__embed\" data=\"https:\/\/www.ufsm.br\/app\/uploads\/sites\/564\/2025\/11\/Stela-1.pdf\" type=\"application\/pdf\" style=\"width:100%;height:600px\" aria-label=\"Incorporado de Stela.\"><\/object><a id=\"wp-block-file--media-5e7c7268-7025-403e-a784-e9b7d85aa697\" href=\"https:\/\/www.ufsm.br\/app\/uploads\/sites\/564\/2025\/11\/Stela-1.pdf\">Stela<\/a><a href=\"https:\/\/www.ufsm.br\/app\/uploads\/sites\/564\/2025\/11\/Stela-1.pdf\" class=\"wp-block-file__button wp-element-button\" download aria-describedby=\"wp-block-file--media-5e7c7268-7025-403e-a784-e9b7d85aa697\">Baixar<\/a><\/div>\n\n\n\n<p>No m\u00eas de outubro de 2025 a Profa. Dra. Rafaela Andolhe (GTESSP &#8211; Grupo de Trabalho, \u00c9tica, Sa\u00fade e Seguran\u00e7a do Paciente ) realizou uma miss\u00e3o internacional na Universidad Cat\u00f3lica del Maule (UCM), na cidade de Maule, no Chile. Nesta ocasi\u00e3o, realizou uma visita guiada pelo campus sede da institui\u00e7\u00e3o, conhecendo a infraestrutura universit\u00e1ria, laborat\u00f3rios e espa\u00e7os de conviv\u00eancia acad\u00eamica. Tamb\u00e9m ministrou uma aula para estudantes de gradua\u00e7\u00e3o sobre Enfermagem Baseada em Evid\u00eancias. No curso de Mestrado em Enfermagem, a professora ministrou uma aula sobre pesquisa na enfermagem e tend\u00eancias na constru\u00e7\u00e3o do conhecimento da enfermagem latino-americana. A atividade proporcionou um espa\u00e7o de reflex\u00e3o sobre os desafios da produ\u00e7\u00e3o cient\u00edfica na regi\u00e3o e destacou a relev\u00e2ncia de abordagens colaborativas e interculturais para o avan\u00e7o do conhecimento em sa\u00fade.<\/p>\n\n\n\n<p>Al\u00e9m disso, participou como palestrante do Semin\u00e1rio Internacional \u201cCi\u00eancia e Inova\u00e7\u00e3o para a Sa\u00fade Feminina de Mulheres Trabalhadoras Maulinas\u201d, evento que reuniu pesquisadores, docentes e discentes para discutir temas emergentes relacionados \u00e0 Sa\u00fade Ocupacional e bem-estar feminino, com foco em inova\u00e7\u00e3o. A jornada permitiu, ainda, discuss\u00f5es para implementa\u00e7\u00e3o da segunda fase do projeto Invierte Woman, que tem como objetivo melhorar a qualidade de vida e sa\u00fade de mulheres trabalhadoras chilenas.<\/p>\n\n\n\n<p>Em continuidade \u00e0s a\u00e7\u00f5es de coopera\u00e7\u00e3o, foram realizadas reuni\u00f5es com a equipe da Faculdade de Ci\u00eancias da Sa\u00fade da UCM para planejar propostas de COIL (Collaborative Online International Learning) entre o Programa de P\u00f3s-Gradua\u00e7\u00e3o em Enfermagem (PPGEnf) da UFSM e a universidade chilena. O COIL permite o desenvolvimento de atividades acad\u00eamicas conjuntas em formato virtual, conectando estudantes e docentes de diferentes pa\u00edses em experi\u00eancias colaborativas de ensino e aprendizagem. Essa metodologia amplia a internacionaliza\u00e7\u00e3o do curr\u00edculo e favorece a troca intercultural, possibilitando que participantes de distintas realidades sociais e profissionais compartilhem conhecimentos, pr\u00e1ticas e perspectivas sobre temas relevantes da enfermagem e da sa\u00fade global.<\/p>\n\n\n\n<div data-wp-interactive=\"core\/file\" class=\"wp-block-file\"><object data-wp-bind--hidden=\"!state.hasPdfPreview\" hidden class=\"wp-block-file__embed\" data=\"https:\/\/www.ufsm.br\/app\/uploads\/sites\/564\/2025\/11\/Rafaela_CHILE.pdf\" type=\"application\/pdf\" style=\"width:100%;height:600px\" aria-label=\"Incorporado de Rafaela_CHILE.\"><\/object><a id=\"wp-block-file--media-e12214d9-be7c-49cf-9cda-4cb8e488b267\" href=\"https:\/\/www.ufsm.br\/app\/uploads\/sites\/564\/2025\/11\/Rafaela_CHILE.pdf\">Rafaela_CHILE<\/a><a href=\"https:\/\/www.ufsm.br\/app\/uploads\/sites\/564\/2025\/11\/Rafaela_CHILE.pdf\" class=\"wp-block-file__button wp-element-button\" download aria-describedby=\"wp-block-file--media-e12214d9-be7c-49cf-9cda-4cb8e488b267\">Baixar<\/a><\/div>\n\n\n\n<p><\/p>\n\n\n\n<p>A Profa Dra.&nbsp;Naiana Oliveira dos Santos (NECFAMI &#8211; N\u00facleo de Estudos em Cuidado, Fam\u00edlia e Idoso) participou no m\u00eas de outubro de 2025 do&nbsp;54\u00ba Encontro Cient\u00edfico e Educacional da Associa\u00e7\u00e3o Canadense de Gerontologia (Canad\u00e1) em Montreal\/Canad\u00e1, com apresenta\u00e7\u00e3o de trabalhos, e realizou&nbsp;visita t\u00e9cnica \u00e0 University of Alberta, na&nbsp;Faculty of Nursing, na cidade de Edmonton (Canad\u00e1), com visitas aos servi\u00e7os especializados no cuidado \u00e0 pessoa idosa. Tamb\u00e9m esteve na&nbsp;University of Calgary, no&nbsp;Health Sciences Centre.&nbsp;&nbsp;As atividades foram viabilizadas pelo Edital interno PRPGP UFSM n.50\/2024, que busca o fortalecimento institucional do programa e a qualifica\u00e7\u00e3o docente.<\/p>\n\n\n\n<div data-wp-interactive=\"core\/file\" class=\"wp-block-file\"><object data-wp-bind--hidden=\"!state.hasPdfPreview\" hidden class=\"wp-block-file__embed\" data=\"https:\/\/www.ufsm.br\/app\/uploads\/sites\/564\/2025\/11\/Naiana_Canada-1.pdf\" type=\"application\/pdf\" style=\"width:100%;height:600px\" aria-label=\"Incorporado de Naiana_Canad\u00e1.\"><\/object><a id=\"wp-block-file--media-dcc02ceb-52ae-4665-a74a-103caa7a3c79\" href=\"https:\/\/www.ufsm.br\/app\/uploads\/sites\/564\/2025\/11\/Naiana_Canada-1.pdf\">Naiana_Canad\u00e1<\/a><a href=\"https:\/\/www.ufsm.br\/app\/uploads\/sites\/564\/2025\/11\/Naiana_Canada-1.pdf\" class=\"wp-block-file__button wp-element-button\" download aria-describedby=\"wp-block-file--media-dcc02ceb-52ae-4665-a74a-103caa7a3c79\">Baixar<\/a><\/div>\n\n\n\n<p>Em fevereiro de 2025, a Profa Dra. Maria Denise Schimith e sua orientanda, a doutoranda&nbsp;Daiana Cristina Wickert, realizaram, em Portugal, palestra de abertura I Encontro Internacional de Peritos: Interven\u00e7\u00f5es N\u00e3o Farmacol\u00f3gicas na Promo\u00e7\u00e3o da Sa\u00fade Mental, promovido pela Escola Superior de Enfermagem de Coimbra (ESEnfC). <\/p>\n\n\n\n<p>A doutoranda Daiana Cristina Wickert tamb\u00e9m realizou um percurso de forma\u00e7\u00e3o avan\u00e7ada de curta dura\u00e7\u00e3o na Unidade de Investiga\u00e7\u00e3o em Ci\u00eancias da Sa\u00fade: Enfermagem (UICISA:E) da Escola Superior de Enfermagem de Coimbra (ESEnfC), sob supervis\u00e3o da professora Tereza Barroso. O objetivo principal da mobilidade foi a realiza\u00e7\u00e3o de um curso de forma\u00e7\u00e3o em auriculoterapia ofertado a enfermeiros que atuam em Portugal. O curso ocorreu na Ordem dos Enfermeiros e contou com o apoio da professora Di\u00e9ssica Roggia Piexak da FURG para ministrar as aulas.<br><\/p>\n\n\n\n<div data-wp-interactive=\"core\/file\" class=\"wp-block-file\"><object data-wp-bind--hidden=\"!state.hasPdfPreview\" hidden class=\"wp-block-file__embed\" data=\"https:\/\/www.ufsm.br\/app\/uploads\/sites\/564\/2025\/03\/Daiana-e-M-Denise-1.pdf\" type=\"application\/pdf\" style=\"width:100%;height:600px\" aria-label=\"Incorporado de Daiana e M Denise.\"><\/object><a id=\"wp-block-file--media-ecef98bf-d790-4cf6-9e1b-e513610307a4\" href=\"https:\/\/www.ufsm.br\/app\/uploads\/sites\/564\/2025\/03\/Daiana-e-M-Denise-1.pdf\">Daiana e M Denise<\/a><a href=\"https:\/\/www.ufsm.br\/app\/uploads\/sites\/564\/2025\/03\/Daiana-e-M-Denise-1.pdf\" class=\"wp-block-file__button wp-element-button\" download aria-describedby=\"wp-block-file--media-ecef98bf-d790-4cf6-9e1b-e513610307a4\">Baixar<\/a><\/div>\n\n\n\n<div data-wp-interactive=\"core\/file\" class=\"wp-block-file\"><object data-wp-bind--hidden=\"!state.hasPdfPreview\" hidden class=\"wp-block-file__embed\" data=\"https:\/\/www.ufsm.br\/app\/uploads\/sites\/564\/2025\/03\/daiana-1.pdf\" type=\"application\/pdf\" style=\"width:100%;height:600px\" aria-label=\"Incorporado de daiana.\"><\/object><a id=\"wp-block-file--media-4928e69e-3c4a-42b4-874d-3ae891083776\" href=\"https:\/\/www.ufsm.br\/app\/uploads\/sites\/564\/2025\/03\/daiana-1.pdf\">daiana<\/a><a href=\"https:\/\/www.ufsm.br\/app\/uploads\/sites\/564\/2025\/03\/daiana-1.pdf\" class=\"wp-block-file__button wp-element-button\" download aria-describedby=\"wp-block-file--media-4928e69e-3c4a-42b4-874d-3ae891083776\">Baixar<\/a><\/div>\n\n\n\n<p>Em novembro de 2024, as docentes Carmem L\u00facia Colom\u00e9 Beck e Nara Marilene Girardon-Perlini, Chile realizaram atividade t\u00e9cnico-cient\u00edfica em institui\u00e7\u00e3o estrangeira do Chile.<\/p>\n\n\n\n<div data-wp-interactive=\"core\/file\" class=\"wp-block-file\"><object data-wp-bind--hidden=\"!state.hasPdfPreview\" hidden class=\"wp-block-file__embed\" data=\"https:\/\/www.ufsm.br\/app\/uploads\/sites\/564\/2025\/01\/Nara-1.pdf\" type=\"application\/pdf\" style=\"width:100%;height:600px\" aria-label=\"Incorporado de Nara.\"><\/object><a id=\"wp-block-file--media-9c6813e8-b63c-4f53-a26f-86f3d7882943\" href=\"https:\/\/www.ufsm.br\/app\/uploads\/sites\/564\/2025\/01\/Nara-1.pdf\">Nara<\/a><a href=\"https:\/\/www.ufsm.br\/app\/uploads\/sites\/564\/2025\/01\/Nara-1.pdf\" class=\"wp-block-file__button wp-element-button\" download aria-describedby=\"wp-block-file--media-9c6813e8-b63c-4f53-a26f-86f3d7882943\">Baixar<\/a><\/div>\n\n\n\n<p>Em 2023, o PPGENF recebeu visitante estrangeiro para realiza\u00e7\u00e3o de atividade de pesquisa, profa Paula Ceballos V\u00e1squez &#8211; Universidad Cat\u00f3lica de Maule (Chile)<\/p>\n\n\n\n<div data-wp-interactive=\"core\/file\" class=\"wp-block-file\"><object data-wp-bind--hidden=\"!state.hasPdfPreview\" hidden class=\"wp-block-file__embed\" data=\"https:\/\/www.ufsm.br\/app\/uploads\/sites\/564\/2025\/01\/Paula-V.pdf\" type=\"application\/pdf\" style=\"width:100%;height:600px\" aria-label=\"Incorporado de Paula V..\"><\/object><a id=\"wp-block-file--media-b0e77630-c75c-4e05-84ec-daeefa44f4b7\" href=\"https:\/\/www.ufsm.br\/app\/uploads\/sites\/564\/2025\/01\/Paula-V.pdf\">Paula V.<\/a><a href=\"https:\/\/www.ufsm.br\/app\/uploads\/sites\/564\/2025\/01\/Paula-V.pdf\" class=\"wp-block-file__button wp-element-button\" download aria-describedby=\"wp-block-file--media-b0e77630-c75c-4e05-84ec-daeefa44f4b7\">Baixar<\/a><\/div>\n\n\n\n<p><strong>LINHAS TEM\u00c1TICAS DESENVOLVIDAS EM COOOPERA\u00c7\u00c3O INTERNACIONAL<\/strong><\/p>\n\n\n\n<p class=\"has-text-align-left\"><strong>PLANEJAMENTO DE INTERNACIONALIZA\u00c7\u00c3O<\/strong><\/p>\n\n\n\n<p class=\"has-text-align-left\"><strong>GCUB &#8211; Grupo de Coopera\u00e7\u00e3o Internacional de Universidades Brasileiras<\/strong><\/p>\n\n\n\n<p>O Grupo de Coopera\u00e7\u00e3o Internacional de Universidades Brasileiras (GCUB) \u00e9 uma associa\u00e7\u00e3o civil, de direito privado, sem fins lucrativos, de car\u00e1ter acad\u00eamico, cient\u00edfico e cultural, composta por 95 institui\u00e7\u00f5es brasileiras de Educa\u00e7\u00e3o Superior, fundada em 29 de outubro de 2008, em Bras\u00edlia, DF.&nbsp;A colabora\u00e7\u00e3o entre estas universidades proporciona aos estudantes o acesso a uma variedade de recursos que se estendem para al\u00e9m do ambiente tradicional da sala de aula. Isto inclui o acesso a software l\u00edder da ind\u00fastria, ferramentas de an\u00e1lise de dados, e a oportunidade de comparar as melhores pr\u00e1ticas com especialistas de todo o mundo. Atrav\u00e9s de tais colabora\u00e7\u00f5es, os estudantes t\u00eam sido capazes de adquirir conhecimentos sobre a forma como diferentes pa\u00edses abordam a regulamenta\u00e7\u00e3o do jogo e desenvolver estrat\u00e9gias para promover um comportamento de jogo respons\u00e1vel em diferentes comunidades. Ao fazerem parte desta colabora\u00e7\u00e3o, estas institui\u00e7\u00f5es t\u00eam acesso a uma gama mais ampla de conhecimentos e recursos que podem levar a importantes avan\u00e7os na compreens\u00e3o de como funciona o jogo a dinheiro. A miss\u00e3o do GCUB \u00e9 promover rela\u00e7\u00f5es acad\u00eamicas, cient\u00edficas e culturais entre as institui\u00e7\u00f5es associadas e parceiros internacionais, por meio de programas, projetos e a\u00e7\u00f5es de coopera\u00e7\u00e3o internacional, bilaterais e multilaterais.<\/p>\n\n\n\n<p>Em 2024 os estudantes selecionados GCUB s\u00e3o: Dauda Ansu&nbsp; Cassama de Guin\u00e9-Bissau, \u00c1frica Ocidental, orientado pela professora Eliane Tatsch Neves, a Discente Kainat Khalid, do Paquist\u00e3o, orientada pela professora Aline Cammarano Ribeiro,&nbsp; Lote Miguel Manuel, Angola, \u00c1frica, orientado pela professora  Ros\u00e2ngela Marion da Silva.&nbsp;<br><\/p>\n\n\n\n<p><strong>PDSE<\/strong> &#8211; <strong>Programa de Doutorado-sandu\u00edche no Exterior<\/strong><\/p>\n\n\n\n<p>O PDSE foi institu\u00eddo em 2011, em substitui\u00e7\u00e3o ao Doutorado Sandu\u00edche Balc\u00e3o e ao Programa de Doutorado no Pa\u00eds com Est\u00e1gio no Exterior (PDEE). A altera\u00e7\u00e3o visou dar maior agilidade no processo de implementa\u00e7\u00e3o das bolsas de est\u00e1gio de doutorando no exterior. A Pr\u00f3-Reitoria de P\u00f3s-gradua\u00e7\u00e3o das IES, ou \u00f3rg\u00e3o equivalente, \u00e9 respons\u00e1vel por divulgar o PDSE, homologar as candidaturas aprovadas pelos programas de p\u00f3s-gradua\u00e7\u00e3o eleg\u00edveis, divulgar os resultados, realizar o acompanhamento dos bolsistas e egressos, mantendo a CAPES informada sobre o andamento do est\u00e1gio no exterior e garantindo o cumprimento das normas do PDSE.<\/p>\n\n\n\n<p>Em 2023, os doutorandos Michael Vieira de Amarante, orientando da professora Silviamar Camponogara, e C\u00edntia Beatriz Goi, orientanda da professora Eliane Tasch Neves  realizaram o doutorado sanduiche em Portugal. <\/p>\n\n\n\n<p>Em 2024 as discentes de Doutorado Marculina da Silva, orientanda da Profa Rafaela Andolhe, e Kelen da Costa Pompeu, orientanda da Profa Graziele Dalmolin  tiveram as propostas habilitadas pela CAPES para o doutorado sandu\u00edche no exterior. A IES de destino<strong>&nbsp;<\/strong>de Marculina ser\u00e1 a Universidade do Minho, em Portugal, e de Kelen o Instituto Polit\u00e9cnico de Leiria, tamb\u00e9m em Portugal. <\/p>\n\n\n\n<p><\/p>\n","protected":false},"excerpt":{"rendered":"<p>Para o grupo de trabalho \u201cInternacionaliza\u00e7\u00e3o\u201d da CAPES (2019) \u201cA avalia\u00e7\u00e3o da internacionaliza\u00e7\u00e3o refere-se \u00e0 forma e ao conte\u00fado da forma\u00e7\u00e3o oferecida pelos programas de p\u00f3s-gradua\u00e7\u00e3o, indicada por pesquisa colaborativa multilateral, divulga\u00e7\u00e3o da produ\u00e7\u00e3o intelectual, mobilidade de docentes e discentes em colabora\u00e7\u00e3o e atua\u00e7\u00e3o institucional, al\u00e9m de condi\u00e7\u00f5es institucionais espec\u00edficas de apoio.\u201d (Relat\u00f3rio CAPES) O [&hellip;]<\/p>\n","protected":false},"author":6168,"featured_media":0,"parent":0,"menu_order":0,"comment_status":"closed","ping_status":"closed","template":"","meta":{"footnotes":""},"categories":[2],"tags":[],"class_list":["post-2460","page","type-page","status-publish","hentry","category-noticias"],"acf":[],"_links":{"self":[{"href":"https:\/\/www.ufsm.br\/cursos\/pos-graduacao\/santa-maria\/ppgenf\/wp-json\/wp\/v2\/pages\/2460","targetHints":{"allow":["GET"]}}],"collection":[{"href":"https:\/\/www.ufsm.br\/cursos\/pos-graduacao\/santa-maria\/ppgenf\/wp-json\/wp\/v2\/pages"}],"about":[{"href":"https:\/\/www.ufsm.br\/cursos\/pos-graduacao\/santa-maria\/ppgenf\/wp-json\/wp\/v2\/types\/page"}],"author":[{"embeddable":true,"href":"https:\/\/www.ufsm.br\/cursos\/pos-graduacao\/santa-maria\/ppgenf\/wp-json\/wp\/v2\/users\/6168"}],"replies":[{"embeddable":true,"href":"https:\/\/www.ufsm.br\/cursos\/pos-graduacao\/santa-maria\/ppgenf\/wp-json\/wp\/v2\/comments?post=2460"}],"version-history":[{"count":0,"href":"https:\/\/www.ufsm.br\/cursos\/pos-graduacao\/santa-maria\/ppgenf\/wp-json\/wp\/v2\/pages\/2460\/revisions"}],"wp:attachment":[{"href":"https:\/\/www.ufsm.br\/cursos\/pos-graduacao\/santa-maria\/ppgenf\/wp-json\/wp\/v2\/media?parent=2460"}],"wp:term":[{"taxonomy":"category","embeddable":true,"href":"https:\/\/www.ufsm.br\/cursos\/pos-graduacao\/santa-maria\/ppgenf\/wp-json\/wp\/v2\/categories?post=2460"},{"taxonomy":"post_tag","embeddable":true,"href":"https:\/\/www.ufsm.br\/cursos\/pos-graduacao\/santa-maria\/ppgenf\/wp-json\/wp\/v2\/tags?post=2460"}],"curies":[{"name":"wp","href":"https:\/\/api.w.org\/{rel}","templated":true}]}}