{"id":2599,"date":"2025-02-21T10:09:23","date_gmt":"2025-02-21T13:09:23","guid":{"rendered":"https:\/\/www.ufsm.br\/cursos\/pos-graduacao\/santa-maria\/ppgenf\/?page_id=2599"},"modified":"2025-02-21T10:12:08","modified_gmt":"2025-02-21T13:12:08","slug":"para-alunos-classificados-no-processo-seletivo-1-janela","status":"publish","type":"page","link":"https:\/\/www.ufsm.br\/cursos\/pos-graduacao\/santa-maria\/ppgenf\/para-alunos-classificados-no-processo-seletivo-1-janela","title":{"rendered":"Para alunos Classificados no Processo Seletivo 1\u00b0 janela"},"content":{"rendered":"\n<p>Recado: <\/p>\n\n\n\n<p>Confirma\u00e7\u00e3o de vaga Portal Estudantil dias 24 e 25\/02\/2025.<\/p>\n\n\n\n<p>E per\u00edodo para\u00a0 webconfer\u00eancias dos candidatos classificados em vagas reservadas \u00e0s a\u00e7\u00f5es afirmativas 24 a 27\/02\/25<\/p>\n\n\n\n<p><\/p>\n\n\n\n<p><\/p>\n","protected":false},"excerpt":{"rendered":"<p>Recado: Confirma\u00e7\u00e3o de vaga Portal Estudantil dias 24 e 25\/02\/2025. E per\u00edodo para\u00a0 webconfer\u00eancias dos candidatos classificados em vagas reservadas \u00e0s a\u00e7\u00f5es afirmativas 24 a 27\/02\/25<\/p>\n","protected":false},"author":2308,"featured_media":0,"parent":0,"menu_order":0,"comment_status":"closed","ping_status":"closed","template":"","meta":{"footnotes":""},"categories":[2],"tags":[],"class_list":["post-2599","page","type-page","status-publish","hentry","category-noticias"],"acf":[],"_links":{"self":[{"href":"https:\/\/www.ufsm.br\/cursos\/pos-graduacao\/santa-maria\/ppgenf\/wp-json\/wp\/v2\/pages\/2599","targetHints":{"allow":["GET"]}}],"collection":[{"href":"https:\/\/www.ufsm.br\/cursos\/pos-graduacao\/santa-maria\/ppgenf\/wp-json\/wp\/v2\/pages"}],"about":[{"href":"https:\/\/www.ufsm.br\/cursos\/pos-graduacao\/santa-maria\/ppgenf\/wp-json\/wp\/v2\/types\/page"}],"author":[{"embeddable":true,"href":"https:\/\/www.ufsm.br\/cursos\/pos-graduacao\/santa-maria\/ppgenf\/wp-json\/wp\/v2\/users\/2308"}],"replies":[{"embeddable":true,"href":"https:\/\/www.ufsm.br\/cursos\/pos-graduacao\/santa-maria\/ppgenf\/wp-json\/wp\/v2\/comments?post=2599"}],"version-history":[{"count":0,"href":"https:\/\/www.ufsm.br\/cursos\/pos-graduacao\/santa-maria\/ppgenf\/wp-json\/wp\/v2\/pages\/2599\/revisions"}],"wp:attachment":[{"href":"https:\/\/www.ufsm.br\/cursos\/pos-graduacao\/santa-maria\/ppgenf\/wp-json\/wp\/v2\/media?parent=2599"}],"wp:term":[{"taxonomy":"category","embeddable":true,"href":"https:\/\/www.ufsm.br\/cursos\/pos-graduacao\/santa-maria\/ppgenf\/wp-json\/wp\/v2\/categories?post=2599"},{"taxonomy":"post_tag","embeddable":true,"href":"https:\/\/www.ufsm.br\/cursos\/pos-graduacao\/santa-maria\/ppgenf\/wp-json\/wp\/v2\/tags?post=2599"}],"curies":[{"name":"wp","href":"https:\/\/api.w.org\/{rel}","templated":true}]}}