{"id":1016,"date":"2021-04-05T16:55:21","date_gmt":"2021-04-05T19:55:21","guid":{"rendered":"https:\/\/www.ufsm.br\/cursos\/pos-graduacao\/santa-maria\/ppgep\/?page_id=1016"},"modified":"2021-04-28T11:08:20","modified_gmt":"2021-04-28T14:08:20","slug":"dissertacoes-2018","status":"publish","type":"page","link":"https:\/\/www.ufsm.br\/cursos\/pos-graduacao\/santa-maria\/ppgep\/dissertacoes-2018","title":{"rendered":"Disserta\u00e7\u00f5es 2018"},"content":{"rendered":"\n<p>Discente: Antonio do Nascimento Branco<\/p>\n<p>Orientador: Andreas Dittmar Weise<\/p>\n<p>T\u00edtulo: <a href=\"https:\/\/drive.google.com\/file\/d\/1tiIkeNmDtZNfSIDAoCMyEys-QqH-stpH\/view?usp=sharing\" target=\"_blank\" rel=\"noopener\">AVALIA\u00c7\u00c3O DO N\u00cdVEL DE SERVI\u00c7O DO PROGRAMA FARM\u00c1CIA POPULAR NO RIO GRANDE DO SUL UTILIZANDO M\u00c9TODOS DE PREVIS\u00c3O DE DEMANA<\/a><\/p>\n<p>\u00a0<\/p>\n<p>Discente: Adriana Yolanda Morales Garza<\/p>\n<p>Orientador: Andreas Dittmar Weise<\/p>\n<p>T\u00edtulo: <a href=\"https:\/\/sucupira.capes.gov.br\/sucupira\/public\/consultas\/coleta\/trabalhoConclusao\/viewTrabalhoConclusao.jsf?popup=true&amp;id_trabalho=5803980\">Model for strategic analysis of company&#8217;s partnerships<\/a><\/p>\n<p>\u00a0<\/p>\n<p>Discente: Alessandro Xar\u00e3o da Costa<\/p>\n<p>Orientador: Adriano Mendon\u00e7a Souza<\/p>\n<p>T\u00edtulo: <a href=\"https:\/\/sucupira.capes.gov.br\/sucupira\/public\/consultas\/coleta\/trabalhoConclusao\/viewTrabalhoConclusao.jsf?popup=true&amp;id_trabalho=6316740\">O uso dos m\u00e9todos quantitativos no custeio vari\u00e1vel: aplica\u00e7\u00e3o em uma f\u00e1brica de ra\u00e7\u00f5es<\/a><\/p>\n<p>\u00a0<\/p>\n<p>Discente: Anariele Maria Minosso<\/p>\n<p>Orientador: Andreas Dittmar Weise<\/p>\n<p>T\u00edtulo: <a href=\"https:\/\/sucupira.capes.gov.br\/sucupira\/public\/consultas\/coleta\/trabalhoConclusao\/viewTrabalhoConclusao.jsf?popup=true&amp;id_trabalho=5780797\">Fundos de investimento imobili\u00e1rio listados na BM$FBOVESPA an\u00e1lise comparativa entre rendimentos reais e estimados<\/a><\/p>\n<p>\u00a0<\/p>\n<p>Discente: Bibiana Porto da Silva<\/p>\n<p>Orientador: Nattan Roberto Caetano<\/p>\n<p>T\u00edtulo: <a href=\"https:\/\/sucupira.capes.gov.br\/sucupira\/public\/consultas\/coleta\/trabalhoConclusao\/viewTrabalhoConclusao.jsf?popup=true&amp;id_trabalho=6304748\">An\u00e1lise da emiss\u00e3o de CO2 e cadeia de valor do uso de biomassa florestal como combust\u00edvel em pequenas caldeiras a vapor na regi\u00e3o sul do Brasil<\/a><\/p>\n<p>\u00a0<\/p>\n<p>Discente: Bruno da Silva Leal<\/p>\n<p>Orientador: Julio Cezar Mairesse Siluk<\/p>\n<p>T\u00edtulo: <a href=\"https:\/\/repositorio.ufsm.br\/handle\/1\/18482\" target=\"_blank\" rel=\"noopener\">Modelagem para valora\u00e7\u00e3o de tecnologias em ambientes de inova\u00e7\u00e3o<\/a><\/p>\n<p>\u00a0<\/p>\n<p>Discente: Bruno Miranda dos Santos<\/p>\n<p>Orientador: Leoni Pentiado Godoy<\/p>\n<p>T\u00edtulo: <a href=\"https:\/\/sucupira.capes.gov.br\/sucupira\/public\/consultas\/coleta\/trabalhoConclusao\/viewTrabalhoConclusao.jsf?popup=true&amp;id_trabalho=5819941\">Cadeia de suprimentos avalia\u00e7\u00e3o para sele\u00e7\u00e3o de fornecedores verdes em um hospital universit\u00e1rio<\/a><\/p>\n<p>\u00a0<\/p>\n<p>Discente: Cyro Rei Prato Neto<\/p>\n<p>Orientador: Leoni Pentiado Godoy<\/p>\n<p>T\u00edtulo: <a href=\"https:\/\/sucupira.capes.gov.br\/sucupira\/public\/consultas\/coleta\/trabalhoConclusao\/viewTrabalhoConclusao.jsf?popup=true&amp;id_trabalho=5818381\">Otimiza\u00e7\u00e3o do processo de solda TIG no a\u00e7o tubular AISI 304 por meio da an\u00e1lise de rela\u00e7\u00e3o Grey-Taguchi<\/a><\/p>\n<p>\u00a0<\/p>\n<p>Discente: Deocl\u00e9cio Junior Cardoso da Silva<\/p>\n<p>Orientador: Leoni Pentiado Godoy<\/p>\n<p>T\u00edtulo: <a href=\"https:\/\/sucupira.capes.gov.br\/sucupira\/public\/consultas\/coleta\/trabalhoConclusao\/viewTrabalhoConclusao.jsf?popup=true&amp;id_trabalho=6309512\">Proposta para melhoria da qualidade de uma cooperativa de servi\u00e7os m\u00e9dicos utilizando servqual e fuzzy topsis<\/a><\/p>\n<p>\u00a0<\/p>\n<p>Discente: Fernando de Souza Savian<\/p>\n<p>Orientador: Julio Cezar Mairesse Siluk<\/p>\n<p>T\u00edtulo: <a href=\"https:\/\/sucupira.capes.gov.br\/sucupira\/public\/consultas\/coleta\/trabalhoConclusao\/viewTrabalhoConclusao.jsf?popup=true&amp;id_trabalho=5808242\">Modelagem para gest\u00e3o de riscos organizacionais em empresas de base tecnol\u00f3gica<\/a><\/p>\n<p>\u00a0<\/p>\n<p>Discente: Filipe Possatti Campanhola<\/p>\n<p>Orientador: Julio Cezar Mairesse Siluk<\/p>\n<p>T\u00edtulo: <a href=\"https:\/\/sucupira.capes.gov.br\/sucupira\/public\/consultas\/coleta\/trabalhoConclusao\/viewTrabalhoConclusao.jsf?popup=true&amp;id_trabalho=6020010\">Metodologia para an\u00e1lise de custos da indisponibilidade de transformadores de pot\u00eancia em subesta\u00e7\u00f5es<\/a><\/p>\n<p>\u00a0<\/p>\n<p>Discente: Franco da Silveira<\/p>\n<p>Orientador: Janis Elisa Ruppenthal<\/p>\n<p>T\u00edtulo: <a href=\"https:\/\/sucupira.capes.gov.br\/sucupira\/public\/consultas\/coleta\/trabalhoConclusao\/viewTrabalhoConclusao.jsf?popup=true&amp;id_trabalho=6096745\">Diretrizes sobre os limites de emiss\u00f5es de poluentes de motores de m\u00e1quinas agr\u00edcolas no Brasil (dispon\u00edvel a partir de 08\/03\/2019)<\/a><\/p>\n<p>\u00a0<\/p>\n<p>Discente: J\u00e9ferson R\u00e9us da Silva Schulz<\/p>\n<p>Orientador: Janis Elisa Ruppenthal<\/p>\n<p>T\u00edtulo: <a href=\"https:\/\/sucupira.capes.gov.br\/sucupira\/public\/consultas\/coleta\/trabalhoConclusao\/viewTrabalhoConclusao.jsf?popup=true&amp;id_trabalho=6294490\">Uma an\u00e1lise emp\u00edrica do \u00edndice carbono eficiente (ICO2) no mercado financeiro brasileiro<\/a><\/p>\n<p>\u00a0<\/p>\n<p>Discente: Jhonathan Alberto dos Santos Silveira<\/p>\n<p>Orientador: Felipe Martins M\u00fcller<\/p>\n<p>T\u00edtulo: <a href=\"https:\/\/sucupira.capes.gov.br\/sucupira\/public\/consultas\/coleta\/trabalhoConclusao\/viewTrabalhoConclusao.jsf?popup=true&amp;id_trabalho=6464118\">O uso de uma abordagem heur\u00edstica para o problema de quadro de hor\u00e1rios e aloca\u00e7\u00e3o de salas de aula<\/a><\/p>\n<p>\u00a0<\/p>\n<p>Discente: Juliane de Freitas Battisti<\/p>\n<p>Orientador: Andreas Dittmar Weise<\/p>\n<p>T\u00edtulo: <a href=\"https:\/\/drive.google.com\/file\/d\/14WFL3umLwrYjJnr1lTm8CWkbhpqOmKPm\/view?usp=sharing\" target=\"_blank\" rel=\"noopener\">An\u00e1lise da influ\u00eancia dos indicadores econ\u00f4micos no custo do aluguel residencial no mercado de S\u00e3o Paulo<\/a><\/p>\n<p>\u00a0<\/p>\n<p>Discente: Lisiane Corr\u00eaa Bitencourt<\/p>\n<p>Orientador: Nattan Roberto Caetano<\/p>\n<p>T\u00edtulo: <a href=\"https:\/\/sucupira.capes.gov.br\/sucupira\/public\/consultas\/coleta\/trabalhoConclusao\/viewTrabalhoConclusao.jsf?popup=true&amp;id_trabalho=6309537\">O uso do lean service apoiado por m\u00e9todo multicrit\u00e9rio de tomada de decis\u00e3o na gest\u00e3o de processos em uma secretaria acad\u00eamica<\/a><\/p>\n<p>\u00a0<\/p>\n<p>Discente: Lucas Urach Sudati<\/p>\n<p>Orientador: Nattan Roberto Caetano<\/p>\n<p>T\u00edtulo: <a href=\"https:\/\/sucupira.capes.gov.br\/sucupira\/public\/consultas\/coleta\/trabalhoConclusao\/viewTrabalhoConclusao.jsf?popup=true&amp;id_trabalho=6384519\">Ferramenta h\u00edbrida para otimiza\u00e7\u00e3o da produ\u00e7\u00e3o seriada utilizando o controlado fuzzy<\/a><\/p>\n<p>\u00a0<\/p>\n<p>Discente: Luc\u00e9lia da Silva Waechter<\/p>\n<p>Orientador: Felipe Martins M\u00fcller<\/p>\n<p>T\u00edtulo: <a href=\"https:\/\/sucupira.capes.gov.br\/sucupira\/public\/consultas\/coleta\/trabalhoConclusao\/viewTrabalhoConclusao.jsf?popup=true&amp;id_trabalho=6329571\">Pr\u00e1ticas Inovadoras no Setor de E-Commerce no Brasil<\/a><\/p>\n<p>\u00a0<\/p>\n<p>Discente: Marcelo Conte<\/p>\n<p>Orientador: Vinicius Jacques Garcia<\/p>\n<p>T\u00edtulo: <a href=\"https:\/\/repositorio.ufsm.br\/handle\/1\/18480\" target=\"_blank\" rel=\"noopener\">Caracteriza\u00e7\u00e3o do perfil de ingresso de servi\u00e7os de liga\u00e7\u00e3o nova sem obra ap\u00f3s a execu\u00e7\u00e3o de corte comercial em concession\u00e1rias de distribui\u00e7\u00e3o de energia el\u00e9trica<\/a><\/p>\n<p>\u00a0<\/p>\n<p>Discente: Marcelo Medeiros Pereira<\/p>\n<p>Orientador: Adriano Mendon\u00e7a Souza<\/p>\n<p>T\u00edtulo: <a href=\"https:\/\/sucupira.capes.gov.br\/sucupira\/public\/consultas\/coleta\/trabalhoConclusao\/viewTrabalhoConclusao.jsf?popup=true&amp;id_trabalho=6384968\">Overvall equipament efficiency: estudo de caso a partir da previs\u00e3o aplicada ao processo de gest\u00e3o e falhas<\/a><\/p>\n<p>\u00a0<\/p>\n<p>Discente: Marcos Lucas de Oliveira<\/p>\n<p>Orientador: Janis Elisa Ruppenthal<\/p>\n<p>T\u00edtulo: <a href=\"https:\/\/sucupira.capes.gov.br\/sucupira\/public\/consultas\/coleta\/trabalhoConclusao\/viewTrabalhoConclusao.jsf?popup=true&amp;id_trabalho=5816899\">M\u00e9todo estruturado para certifica\u00e7\u00e3o LEED BD + C novas constru\u00e7\u00f5es ou grandes reformas (dispon\u00edvel a partir de 06\/02\/2019)<\/a><\/p>\n<p>\u00a0<\/p>\n<p>Discente: M\u00f4nica Cristina Bogoni Savian<\/p>\n<p>Orientador: Roselaine Ruviaro Zanini<\/p>\n<p>T\u00edtulo: <a href=\"https:\/\/sucupira.capes.gov.br\/sucupira\/public\/consultas\/coleta\/trabalhoConclusao\/viewTrabalhoConclusao.jsf?popup=true&amp;id_trabalho=6316897\">Estudo dos fatores de risco associados \u00e0 evas\u00e3o de alunos de gradua\u00e7\u00e3o da Universidade Federal de Santa Maria<\/a><\/p>\n<p>\u00a0<\/p>\n<p>Discente: Rafael Marcuzzo<\/p>\n<p>Orientador: Julio Cezar Mairesse Siluk<\/p>\n<p>T\u00edtulo: <a href=\"https:\/\/repositorio.ufsm.br\/handle\/1\/16568\" target=\"_blank\" rel=\"noopener\">Abordagem para prospec\u00e7\u00e3o de cen\u00e1rios em instituto de pesquisa, desenvolvimento e inova\u00e7\u00e3o<\/a><\/p>\n<p>\u00a0<\/p>\n<p>Discente: St\u00e9phanie Oliveira Ames<\/p>\n<p>Orientador: Vinicius Jacques Garcia<\/p>\n<p>T\u00edtulo: <a href=\"https:\/\/repositorio.ufsm.br\/handle\/1\/15761\" target=\"_blank\" rel=\"noopener\">Aloca\u00e7\u00e3o e programa\u00e7\u00e3o de pessoal de manuten\u00e7\u00e3o em uma empresa do setor el\u00e9trico: um estudo de caso<\/a><\/p>\n<p>\u00a0<\/p>\n<p>Discente: Tiago Sinigaglia<\/p>\n<p>Orientador: Mario Eduardo Santos Martins<\/p>\n<p>T\u00edtulo: <a href=\"https:\/\/sucupira.capes.gov.br\/sucupira\/public\/consultas\/coleta\/trabalhoConclusao\/viewTrabalhoConclusao.jsf?popup=true&amp;id_trabalho=6294425\">An\u00e1lise da competitividade da utiliza\u00e7\u00e3o do hidrog\u00eanio como combust\u00edvel na mobilidade<\/a><\/p>\n<p>\u00a0<\/p>\n<p>Discente: Vin\u00edcius Zanandrea<\/p>\n<p>Orientador: Andreas Dittmar Weise<\/p>\n<p>T\u00edtulo: <a href=\"https:\/\/sucupira.capes.gov.br\/sucupira\/public\/consultas\/coleta\/trabalhoConclusao\/viewTrabalhoConclusao.jsf?popup=true&amp;id_trabalho=6309544\">Avalia\u00e7\u00e3o de fundos de investimento imobili\u00e1rio no Brasil<\/a><\/p>\n<p>\u00a0<\/p>\n<p>Retornar para p\u00e1gina <a href=\"https:\/\/www.ufsm.br\/cursos\/pos-graduacao\/santa-maria\/ppgep\/dissertacoes-defendidas\/\">Disserta\u00e7\u00f5es Defendidas<\/a><\/p>\n","protected":false},"excerpt":{"rendered":"<p>Discente: Antonio do Nascimento Branco Orientador: Andreas Dittmar Weise T\u00edtulo: AVALIA\u00c7\u00c3O DO N\u00cdVEL DE SERVI\u00c7O DO PROGRAMA FARM\u00c1CIA POPULAR NO RIO GRANDE DO SUL UTILIZANDO M\u00c9TODOS DE PREVIS\u00c3O DE DEMANA \u00a0 Discente: Adriana Yolanda Morales Garza Orientador: Andreas Dittmar Weise T\u00edtulo: Model for strategic analysis of company&#8217;s partnerships \u00a0 Discente: Alessandro Xar\u00e3o da Costa Orientador: [&hellip;]<\/p>\n","protected":false},"author":870,"featured_media":0,"parent":0,"menu_order":0,"comment_status":"closed","ping_status":"closed","template":"","meta":{"footnotes":""},"categories":[],"tags":[],"class_list":["post-1016","page","type-page","status-publish","hentry"],"acf":[],"_links":{"self":[{"href":"https:\/\/www.ufsm.br\/cursos\/pos-graduacao\/santa-maria\/ppgep\/wp-json\/wp\/v2\/pages\/1016","targetHints":{"allow":["GET"]}}],"collection":[{"href":"https:\/\/www.ufsm.br\/cursos\/pos-graduacao\/santa-maria\/ppgep\/wp-json\/wp\/v2\/pages"}],"about":[{"href":"https:\/\/www.ufsm.br\/cursos\/pos-graduacao\/santa-maria\/ppgep\/wp-json\/wp\/v2\/types\/page"}],"author":[{"embeddable":true,"href":"https:\/\/www.ufsm.br\/cursos\/pos-graduacao\/santa-maria\/ppgep\/wp-json\/wp\/v2\/users\/870"}],"replies":[{"embeddable":true,"href":"https:\/\/www.ufsm.br\/cursos\/pos-graduacao\/santa-maria\/ppgep\/wp-json\/wp\/v2\/comments?post=1016"}],"version-history":[{"count":0,"href":"https:\/\/www.ufsm.br\/cursos\/pos-graduacao\/santa-maria\/ppgep\/wp-json\/wp\/v2\/pages\/1016\/revisions"}],"wp:attachment":[{"href":"https:\/\/www.ufsm.br\/cursos\/pos-graduacao\/santa-maria\/ppgep\/wp-json\/wp\/v2\/media?parent=1016"}],"wp:term":[{"taxonomy":"category","embeddable":true,"href":"https:\/\/www.ufsm.br\/cursos\/pos-graduacao\/santa-maria\/ppgep\/wp-json\/wp\/v2\/categories?post=1016"},{"taxonomy":"post_tag","embeddable":true,"href":"https:\/\/www.ufsm.br\/cursos\/pos-graduacao\/santa-maria\/ppgep\/wp-json\/wp\/v2\/tags?post=1016"}],"curies":[{"name":"wp","href":"https:\/\/api.w.org\/{rel}","templated":true}]}}