{"id":1020,"date":"2021-04-05T16:59:25","date_gmt":"2021-04-05T19:59:25","guid":{"rendered":"https:\/\/www.ufsm.br\/cursos\/pos-graduacao\/santa-maria\/ppgep\/?page_id=1020"},"modified":"2021-04-28T15:49:41","modified_gmt":"2021-04-28T18:49:41","slug":"dissertacoes-2014","status":"publish","type":"page","link":"https:\/\/www.ufsm.br\/cursos\/pos-graduacao\/santa-maria\/ppgep\/dissertacoes-2014","title":{"rendered":"Disserta\u00e7\u00f5es 2014"},"content":{"rendered":"\n<p>Discente: \u00c1lvaro Luiz Neuenfeldt J\u00fanior<\/p>\n<p>Orientador: Julio Cezar Mairesse Siluk<\/p>\n<p>T\u00edtulo: <a href=\"https:\/\/drive.google.com\/file\/d\/0B7AKF_Od5aoqNFdxbFBWdE43Zkk\/view?usp=sharing\" target=\"_blank\" rel=\"noopener\">Modelagem para a mensura\u00e7\u00e3o de desempenho dos sitemas Bus Rapid Transit no Brasil<\/a><\/p>\n<p>\u00a0<\/p>\n<p>Discente: Carina Fagundes Teixeira<\/p>\n<p>Orientador: Felipe Martins M\u00fcller<\/p>\n<p>T\u00edtulo: <a href=\"https:\/\/repositorio.ufsm.br\/handle\/1\/8317\" target=\"_blank\" rel=\"noopener\">Gest\u00e3o dos processos da exten\u00e7\u00e3o universit\u00e1ria em uma IES p\u00fablica<\/a><\/p>\n<p>\u00a0<\/p>\n<p>Discente: Caroline Pafiadache da Silva<\/p>\n<p>Orientador: Adriano Mendon\u00e7a Souza<\/p>\n<p>T\u00edtulo: <a href=\"https:\/\/drive.google.com\/file\/d\/0B7AKF_Od5aoqSjRnaVVpRDQ0MG8\/view?usp=sharing\" target=\"_blank\" rel=\"noopener\">An\u00e1lise de dados de vigil\u00e2ncia epidemiol\u00f3gica por meio de diferentes tipos de modelos de s\u00e9ries temporais<\/a><\/p>\n<p>\u00a0<\/p>\n<p>Discente: Charlene Coser Dalcol<\/p>\n<p>Orientador: Julio Cezar Mairesse Siluk<\/p>\n<p>T\u00edtulo: <a href=\"https:\/\/repositorio.ufsm.br\/handle\/1\/8313\" target=\"_blank\" rel=\"noopener\">Sistema de mensura\u00e7\u00e3o de desempenho nas\u00a0redes sociais digitais como suporte no processo de competitividade<\/a><\/p>\n<p>\u00a0<\/p>\n<p>Discente: Cleiton Tibulo<\/p>\n<p>Orientador: Roselaine Ruviaro Zanini<\/p>\n<p>T\u00edtulo: <a href=\"https:\/\/repositorio.ufsm.br\/handle\/1\/8334\" target=\"_blank\" rel=\"noopener\">Modelos de s\u00e9ries temporais aplicados a dados de umidade relativa do ar<\/a><\/p>\n<p>\u00a0<\/p>\n<p>Discente: Elenice Kall<\/p>\n<p>Orientador: Julio Cezar Mairesse Siluk<\/p>\n<p>T\u00edtulo: <a href=\"https:\/\/repositorio.ufsm.br\/handle\/1\/8407\" target=\"_blank\" rel=\"noopener\">Sistema de melhoria organizacional com base na avalia\u00e7\u00e3o de desempenho<\/a><\/p>\n<p>\u00a0<\/p>\n<p>Discente: Fabr\u00edcio Carlos Schmidt<\/p>\n<p>Orientador: Roselaine Ruviaro Zanini<\/p>\n<p>T\u00edtulo: <a href=\"https:\/\/repositorio.ufsm.br\/handle\/1\/8403\" target=\"_blank\" rel=\"noopener\">Estudo dos principais fatores associados aos acidentes de trabalho em uma empresa de grande porte do ramo metal mec\u00e2nico<\/a><\/p>\n<p>\u00a0<\/p>\n<p>Discente: Felipe Luis Rockenbach<\/p>\n<p>Orientador: Adriano Mendon\u00e7a Souza<\/p>\n<p>T\u00edtulo: <a href=\"https:\/\/repositorio.ufsm.br\/handle\/1\/8320\" target=\"_blank\" rel=\"noopener\">Viabilidade econ\u00f4mica da produ\u00e7\u00e3o de biog\u00e1s em granjas de suinos, por meio da an\u00e1lise de s\u00e9ries temporais<\/a><\/p>\n<p>\u00a0<\/p>\n<p>Discente: Filipe Molinar Machado<\/p>\n<p>Orientador: Janis Elisa Ruppenthal<\/p>\n<p>T\u00edtulo: <a href=\"https:\/\/repositorio.ufsm.br\/handle\/1\/8333\" target=\"_blank\" rel=\"noopener\">Inova\u00e7\u00e3o na presta\u00e7\u00e3o de servi\u00e7os p\u00fablicos: estudo do servi\u00e7o de laudo pericial<\/a><\/p>\n<p>\u00a0<\/p>\n<p>Discente: Juliano Hammes<\/p>\n<p>Orientador: Leoni Pentiado Godoy<\/p>\n<p>T\u00edtulo: <a href=\"https:\/\/repositorio.ufsm.br\/handle\/1\/8332\" target=\"_blank\" rel=\"noopener\">Implanta\u00e7\u00e3o dos procedimentos PPAP no ERP para utiliza\u00e7\u00e3o dos clientes da empresa Tecnicon<\/a><\/p>\n<p>\u00a0<\/p>\n<p>Discente: Loana Wollmann Taborda<\/p>\n<p>Orientador: S\u00e9rgio Luiz Jahn<\/p>\n<p>T\u00edtulo: <a href=\"https:\/\/repositorio.ufsm.br\/handle\/1\/8326\" target=\"_blank\" rel=\"noopener\">Avalia\u00e7\u00e3o da viabilidade t\u00e9cnica e econ\u00f4mica da produ\u00e7\u00e3o de etanol em planta piloto a partir da batata-doce (Ipomoea batatas)<\/a><\/p>\n<p>\u00a0<\/p>\n<p>Discente: Lucas Char\u00e3o Brito<\/p>\n<p>Orientador: Luis Felipe Dias Lopes<\/p>\n<p>T\u00edtulo: <a href=\"https:\/\/repositorio.ufsm.br\/handle\/1\/8323\" target=\"_blank\" rel=\"noopener\">Qualidade de vida no trabalho e s\u00edndrome de Burnout em profissionais p\u00fablicos e privados de Santa Cruz do Sul\/RS<\/a><\/p>\n<p>\u00a0<\/p>\n<p>Discente: Lucin\u00e9ia Carla Loeblein<\/p>\n<p>Orientador: Leoni Pentiado Godoy<\/p>\n<p>T\u00edtulo: <a href=\"https:\/\/repositorio.ufsm.br\/handle\/1\/8314\" target=\"_blank\" rel=\"noopener\">Melhorias em biodigestores anaer\u00f3bicos de pequeno porte : uma aplica\u00e7\u00e3o do QFD<\/a><\/p>\n<p>\u00a0<\/p>\n<p>Discente: M\u00e1rcio Marcelo Gross<\/p>\n<p>Orientador: Adriano Mendon\u00e7a Souza<\/p>\n<p>T\u00edtulo: <a href=\"https:\/\/repositorio.ufsm.br\/handle\/1\/8329\" target=\"_blank\" rel=\"noopener\">Rela\u00e7\u00f5es existentes no consumo de energia el\u00e9trica em cinco regi\u00f5es geogr\u00e1ficas brasileiras<\/a><\/p>\n<p>\u00a0<\/p>\n<p>Discente: Marlon Soliman<\/p>\n<p>Orientador: Julio Cezar Mairesse Siluk<\/p>\n<p>T\u00edtulo: <a href=\"https:\/\/repositorio.ufsm.br\/handle\/1\/8330\" target=\"_blank\" rel=\"noopener\">Avalia\u00e7\u00e3o da competitividade em ind\u00fastrias de transforma\u00e7\u00e3o de pl\u00e1stico<\/a><\/p>\n<p>\u00a0<\/p>\n<p>Discente: Patr\u00edcia de Andrade Paines<\/p>\n<p>Orientador: Felipe Martins M\u00fcller<\/p>\n<p>T\u00edtulo: <a href=\"https:\/\/repositorio.ufsm.br\/handle\/1\/8319\" target=\"_blank\" rel=\"noopener\">Desenvolvimento de kit did\u00e1tico de gera\u00e7\u00e3o de energia solar<\/a><\/p>\n<p>\u00a0<\/p>\n<p>Discente: Raquel Dalvit Flores<\/p>\n<p>Orientador: Andreas Dittmar Weise<\/p>\n<p>T\u00edtulo: <a href=\"https:\/\/repositorio.ufsm.br\/handle\/1\/8321\" target=\"_blank\" rel=\"noopener\">An\u00e1lise dos indicadores do sistema de avalia\u00e7\u00e3o da p\u00f3s-gradua\u00e7\u00e3o stricto sensu no Brasil: um estudo multicasos nos programas de engenharia de produ\u00e7\u00e3o<\/a><\/p>\n<p>\u00a0<\/p>\n<p>Discente: Tatiana Fernanda Mousquer dos Santos<\/p>\n<p>Orientador: Adriano Mendon\u00e7a Souza<\/p>\n<p>T\u00edtulo: <a href=\"https:\/\/repositorio.ufsm.br\/handle\/1\/8316\" target=\"_blank\" rel=\"noopener\">Aplica\u00e7\u00e3o de s\u00e9ries temporais e redes neurais em um ambiente de computa\u00e7\u00e3o em nuvem<\/a><\/p>\n<p>\u00a0<\/p>\n<p>Discente: Thiago Favarini Beltrame<\/p>\n<p>Orientador: Alberto de Souza Schmidt<\/p>\n<p>T\u00edtulo: <a href=\"https:\/\/repositorio.ufsm.br\/handle\/1\/8310\" target=\"_blank\" rel=\"noopener\">An\u00e1lise da cultura voltada \u00e0 inova\u00e7\u00e3o em organiza\u00e7\u00f5es rumo \u00e0 excel\u00eancia na regi\u00e3o de Santa Maria \u2013 RS<\/a><\/p>\n<p>\u00a0<\/p>\n<p>Discente: William Jacobs<\/p>\n<p>Orientador: Roselaine Ruviaro Zanini<\/p>\n<p>T\u00edtulo: <a href=\"https:\/\/repositorio.ufsm.br\/handle\/1\/8327\" target=\"_blank\" rel=\"noopener\">Combina\u00e7\u00e3o das previs\u00f5es dos modelos de Box-Jenkins e MLP\/RNA para a previs\u00e3o de demanda no planejamento da produ\u00e7\u00e3o<\/a><\/p>\n<p>\u00a0<\/p>\n<p>Retornar para p\u00e1gina <a href=\"https:\/\/www.ufsm.br\/cursos\/pos-graduacao\/santa-maria\/ppgep\/dissertacoes-defendidas\/\">Disserta\u00e7\u00f5es Defendidas<\/a><\/p>\n","protected":false},"excerpt":{"rendered":"<p>Discente: \u00c1lvaro Luiz Neuenfeldt J\u00fanior Orientador: Julio Cezar Mairesse Siluk T\u00edtulo: Modelagem para a mensura\u00e7\u00e3o de desempenho dos sitemas Bus Rapid Transit no Brasil \u00a0 Discente: Carina Fagundes Teixeira Orientador: Felipe Martins M\u00fcller T\u00edtulo: Gest\u00e3o dos processos da exten\u00e7\u00e3o universit\u00e1ria em uma IES p\u00fablica \u00a0 Discente: Caroline Pafiadache da Silva Orientador: Adriano Mendon\u00e7a Souza T\u00edtulo: [&hellip;]<\/p>\n","protected":false},"author":870,"featured_media":0,"parent":0,"menu_order":0,"comment_status":"closed","ping_status":"closed","template":"","meta":{"footnotes":""},"categories":[],"tags":[],"class_list":["post-1020","page","type-page","status-publish","hentry"],"acf":[],"_links":{"self":[{"href":"https:\/\/www.ufsm.br\/cursos\/pos-graduacao\/santa-maria\/ppgep\/wp-json\/wp\/v2\/pages\/1020","targetHints":{"allow":["GET"]}}],"collection":[{"href":"https:\/\/www.ufsm.br\/cursos\/pos-graduacao\/santa-maria\/ppgep\/wp-json\/wp\/v2\/pages"}],"about":[{"href":"https:\/\/www.ufsm.br\/cursos\/pos-graduacao\/santa-maria\/ppgep\/wp-json\/wp\/v2\/types\/page"}],"author":[{"embeddable":true,"href":"https:\/\/www.ufsm.br\/cursos\/pos-graduacao\/santa-maria\/ppgep\/wp-json\/wp\/v2\/users\/870"}],"replies":[{"embeddable":true,"href":"https:\/\/www.ufsm.br\/cursos\/pos-graduacao\/santa-maria\/ppgep\/wp-json\/wp\/v2\/comments?post=1020"}],"version-history":[{"count":0,"href":"https:\/\/www.ufsm.br\/cursos\/pos-graduacao\/santa-maria\/ppgep\/wp-json\/wp\/v2\/pages\/1020\/revisions"}],"wp:attachment":[{"href":"https:\/\/www.ufsm.br\/cursos\/pos-graduacao\/santa-maria\/ppgep\/wp-json\/wp\/v2\/media?parent=1020"}],"wp:term":[{"taxonomy":"category","embeddable":true,"href":"https:\/\/www.ufsm.br\/cursos\/pos-graduacao\/santa-maria\/ppgep\/wp-json\/wp\/v2\/categories?post=1020"},{"taxonomy":"post_tag","embeddable":true,"href":"https:\/\/www.ufsm.br\/cursos\/pos-graduacao\/santa-maria\/ppgep\/wp-json\/wp\/v2\/tags?post=1020"}],"curies":[{"name":"wp","href":"https:\/\/api.w.org\/{rel}","templated":true}]}}