{"id":1021,"date":"2021-04-05T17:00:18","date_gmt":"2021-04-05T20:00:18","guid":{"rendered":"https:\/\/www.ufsm.br\/cursos\/pos-graduacao\/santa-maria\/ppgep\/?page_id=1021"},"modified":"2021-04-28T11:11:15","modified_gmt":"2021-04-28T14:11:15","slug":"dissertacoes-2013","status":"publish","type":"page","link":"https:\/\/www.ufsm.br\/cursos\/pos-graduacao\/santa-maria\/ppgep\/dissertacoes-2013","title":{"rendered":"Disserta\u00e7\u00f5es 2013"},"content":{"rendered":"\n<p>Discente: Ac\u00e1ssio Valente Feliciani<\/p>\n<p>Orientador: Adriano Mendon\u00e7a Souza<\/p>\n<p>T\u00edtulo: <a href=\"http:\/\/repositorio.ufsm.br\/handle\/1\/8301\">Previs\u00e3o de vaz\u00f5es de aflu\u00eancia para o setor el\u00e9trico por meio de modelos lineares e n\u00e3o lineares<\/a><\/p>\n<p>\u00a0<\/p>\n<p>Discente: Adriane Diemer Uecker<\/p>\n<p>Orientador: Leandro Cantorski da Rosa<\/p>\n<p>T\u00edtulo: <a href=\"http:\/\/repositorio.ufsm.br\/handle\/1\/8269\">Produ\u00e7\u00e3o mais limpa em um frigor\u00edfico de aves: aplica\u00e7\u00e3o da ferramenta swot<\/a><\/p>\n<p>\u00a0<\/p>\n<p>Discente: Adriane Fabricio<\/p>\n<p>Orientador: Leoni Pentiado Godoy<\/p>\n<p>T\u00edtulo: <a href=\"http:\/\/repositorio.ufsm.br\/handle\/1\/8293\">Identifica\u00e7\u00e3o de perdas produtivas: um estudo de caso em padaria e confeitaria<\/a><\/p>\n<p>\u00a0<\/p>\n<p>Discente: Andrea Karla Breunig De Freitas<\/p>\n<p>Orientador: Luis Felipe Dias Lopes<\/p>\n<p>T\u00edtulo: <a href=\"http:\/\/repositorio.ufsm.br\/handle\/1\/8309\">Estresse, coping e s\u00edndrome de Burnout em policiais rodovi\u00e1rios federais<\/a><\/p>\n<p>\u00a0<\/p>\n<p>Discente: Andressa Rocha Lhamby<\/p>\n<p>Orientador: Alberto Souza Schmidt<\/p>\n<p>T\u00edtulo: <a href=\"http:\/\/repositorio.ufsm.br\/handle\/1\/8284\">A certifica\u00e7\u00e3o como fator indutor da melhoria da qualidade : o caso do selo ambiental do Instituto Rio Grandense do Arroz (IRGA)<\/a><\/p>\n<p>\u00a0<\/p>\n<p>Discente: Barbara Potter Pereira<\/p>\n<p>Orientador: Janis Elisa Ruppenthal<\/p>\n<p>T\u00edtulo: <a href=\"http:\/\/repositorio.ufsm.br\/handle\/1\/8308\">Desenvolvimento regional e ind\u00fastria de ata tecnologia<\/a><\/p>\n<p>\u00a0<\/p>\n<p>Discente: Bartholomeo Oliveira Barcelos<\/p>\n<p>Orientador: Janis Elisa Ruppenthal<\/p>\n<p>T\u00edtulo: <a href=\"http:\/\/repositorio.ufsm.br\/handle\/1\/8286\">Empreendedorismo e crescimento econ\u00f4mico : uma avalia\u00e7\u00e3o da performance econ\u00f4mica dos pa\u00edses participantes do Global Entrepreneurship Monitor (GEM)<\/a><\/p>\n<p>\u00a0<\/p>\n<p>Discente: Camila Felin Nunes<\/p>\n<p>Orientador: Andreas Dittmar Weise<\/p>\n<p>T\u00edtulo: <a href=\"http:\/\/repositorio.ufsm.br\/handle\/1\/8300\">Um estudo de alternativas de financiamento da p\u00f3s-gradua\u00e7\u00e3o strictu sensu : uma an\u00e1lise da engenharia de produ\u00e7\u00e3o<\/a><\/p>\n<p>\u00a0<\/p>\n<p>Discente: Carla Rosane Da Costa Sccott<\/p>\n<p>Orientador: Leoni Pentiado Godoy<\/p>\n<p>T\u00edtulo: <a href=\"http:\/\/repositorio.ufsm.br\/handle\/1\/8302\">Uma sistem\u00e1tica de gest\u00e3o e controle interno para cooperativas do Rio Grande do Sul : um estudo de caso<\/a><\/p>\n<p>\u00a0<\/p>\n<p>Discente: Claudia Bach Rizzatti<\/p>\n<p>Orientador: Leoni Pentiado Godoy<\/p>\n<p>T\u00edtulo: <a href=\"http:\/\/repositorio.ufsm.br\/handle\/1\/8296\">O ambiente organizacional : satisfa\u00e7\u00e3o e competitividade &#8211; uma \u00f3tica da engenharia de produ\u00e7\u00e3o<\/a><\/p>\n<p>\u00a0<\/p>\n<p>Discente: Cristiane Oliveira De Freitas Pinto<\/p>\n<p>Orientador: Janis Elisa Ruppenthal<\/p>\n<p>T\u00edtulo: <a href=\"http:\/\/repositorio.ufsm.br\/handle\/1\/8278\">Rela\u00e7\u00e3o e din\u00e2mica entre empreendedorismo e emprego no contexto brasileiro<\/a><\/p>\n<p>\u00a0<\/p>\n<p>Discente: Cristiano Descovi Schimith<\/p>\n<p>Orientador: Rolando Juan Soliz Estrada<\/p>\n<p>T\u00edtulo: <a href=\"http:\/\/repositorio.ufsm.br\/handle\/1\/8274\">Modelo de planejamento financeiro integrado ao planejamento estrat\u00e9gico pessoal<\/a><\/p>\n<p>\u00a0<\/p>\n<p>Discente: Daniel Benitti Lorenzett<\/p>\n<p>Orientador: Leoni Pentiado Godoy<\/p>\n<p>T\u00edtulo: <a href=\"http:\/\/repositorio.ufsm.br\/handle\/1\/8271\">A import\u00e2ncia da controladoria no processo decis\u00f3rio da pequena empresa<\/a><\/p>\n<p>\u00a0<\/p>\n<p>Discente: Diana Della Mea Da Silva<\/p>\n<p>Orientador: Luis Felipe Dias Lopes<\/p>\n<p>T\u00edtulo: <a href=\"http:\/\/repositorio.ufsm.br\/handle\/1\/8318\">Valores e qualidades de vida no trabalho : estudo de caso em uma rede supermercadista<\/a><\/p>\n<p>\u00a0<\/p>\n<p>Discente: Edio Patric Guarienti<\/p>\n<p>Orientador: Leoni Pentiado Godoy<\/p>\n<p>T\u00edtulo: <a href=\"http:\/\/repositorio.ufsm.br\/handle\/1\/8270\">An\u00e1lise e desenvolvimento de um modelo de decis\u00e3o em ambiente de produ\u00e7\u00e3o com gest\u00e3o de m\u00faltiplos projetos<\/a><\/p>\n<p>\u00a0<\/p>\n<p>Discente: Estele Caroline Welter Meereis<\/p>\n<p>Orientador: Alberto Souza Schmidt<\/p>\n<p>T\u00edtulo: <a href=\"http:\/\/repositorio.ufsm.br\/handle\/1\/14569\">Desenvolvimento de um equipamento para avalia\u00e7\u00e3o funcional de joelho<\/a><\/p>\n<p>\u00a0<\/p>\n<p>Discente: Fabio Redin do Nascimento<\/p>\n<p>Orientador: Alberto Souza Schmidt<\/p>\n<p>T\u00edtulo: <a href=\"http:\/\/repositorio.ufsm.br\/handle\/1\/8277\">Avalia\u00e7\u00e3o institucional de IES : reflex\u00f5es sobre compatibilidade de tr\u00eas modelos de auto avalia\u00e7\u00e3o &#8211; SINAES, FNQ e CAF<\/a><\/p>\n<p>\u00a0<\/p>\n<p>Discente: Jane De Fatima Foliatti Scheid<\/p>\n<p>Orientador: Alberto Souza Schmidt<\/p>\n<p>T\u00edtulo: <a href=\"http:\/\/repositorio.ufsm.br\/handle\/1\/8298\">A norma ISO\/IEC 17025 e o SAGRI &#8211; sistema de avalia\u00e7\u00e3o da gest\u00e3o e resultados da inova\u00e7\u00e3o &#8211; uma proposta de integra\u00e7\u00e3o<\/a><\/p>\n<p>\u00a0<\/p>\n<p>Discente: Jose Orion Martins Ribeiro<\/p>\n<p>Orientador: Rolando Juan Soliz Estrada<\/p>\n<p>T\u00edtulo: <a href=\"http:\/\/repositorio.ufsm.br\/handle\/1\/8273\">Influ\u00eancia das rela\u00e7\u00f5es de poder na implementa\u00e7\u00e3o do planejamento estrat\u00e9gico<\/a><\/p>\n<p>\u00a0<\/p>\n<p>Discente: Joversi Luiz De Rezende<\/p>\n<p>Orientador: Alberto Souza Schmidt<\/p>\n<p>T\u00edtulo: <a href=\"http:\/\/repositorio.ufsm.br\/handle\/1\/8295\">Processo de implementa\u00e7\u00e3o do PBQP-H : o caso dos munic\u00edpios paranaenses<\/a><\/p>\n<p>\u00a0<\/p>\n<p>Discente: Juliane Do Nascimento De Quadros<\/p>\n<p>Orientador: Andreas Dittmar Weise<\/p>\n<p>T\u00edtulo: <a href=\"http:\/\/repositorio.ufsm.br\/handle\/1\/8285\">Planejamento estrat\u00e9gico : um m\u00e9todo para implementa\u00e7\u00e3o na micro e pequena empresa<\/a><\/p>\n<p>\u00a0<\/p>\n<p>Discente: Julio Cesar Scheid<\/p>\n<p>Orientador: Alberto Souza Schmidt<\/p>\n<p>T\u00edtulo: <a href=\"http:\/\/repositorio.ufsm.br\/handle\/1\/8299\">Os objetivos de endomarketing e a ISO 15189 na gest\u00e3o de laborat\u00f3rios cl\u00ednicos<\/a><\/p>\n<p>\u00a0<\/p>\n<p>Discente: Kelen Franciane Scherolt Marques<\/p>\n<p>Orientador: Julio Cezar Mairesse Siluk<\/p>\n<p>T\u00edtulo: <a href=\"http:\/\/repositorio.ufsm.br\/handle\/1\/8305\">Diagn\u00f3stico da gest\u00e3o da inova\u00e7\u00e3o no varejo nacional<\/a><\/p>\n<p>\u00a0<\/p>\n<p>Discente: Lizandra Salau Da Rocha<\/p>\n<p>Orientador: Adriano Mendon\u00e7a Souza<\/p>\n<p>T\u00edtulo: <a href=\"http:\/\/repositorio.ufsm.br\/handle\/1\/8288\">An\u00e1lise de taxa de juros e taxa de c\u00e2mbio brasileira por meio de modelos de previs\u00e3o<\/a><\/p>\n<p>\u00a0<\/p>\n<p>Discente: Lorenzo Sanfelice Frazzon<\/p>\n<p>Orientador: Rolando Juan Soliz Estrada<\/p>\n<p>T\u00edtulo: <a href=\"http:\/\/repositorio.ufsm.br\/handle\/1\/8259\">Modelo de planejamento econ\u00f4mico como suporte ao planejamento estrat\u00e9gico pessoal<\/a><\/p>\n<p>\u00a0<\/p>\n<p>Discente: Luiz Carlos Da Silva<\/p>\n<p>Orientador: Alberto Souza Schmidt<\/p>\n<p>T\u00edtulo: <a href=\"http:\/\/repositorio.ufsm.br\/handle\/1\/8267\">O sistema de gest\u00e3o da qualidade e as influ\u00eancias no conte\u00fado estrat\u00e9gico e nos processos de empresas instaladas em APLs<\/a><\/p>\n<p>\u00a0<\/p>\n<p>Discente: Marcos Paulo Konzen<\/p>\n<p>Orientador: Raul Ceretta Nunes<\/p>\n<p>T\u00edtulo: <a href=\"http:\/\/repositorio.ufsm.br\/handle\/1\/8276\">Gest\u00e3o de riscos de seguran\u00e7a da informa\u00e7\u00e3o baseada na norma NBR ISO\/IEC 27005 usando padr\u00f5es de seguran\u00e7a<\/a><\/p>\n<p>\u00a0<\/p>\n<p>Discente: Mario Fernando De Mello<\/p>\n<p>Orientador: Alberto Souza Schmidt<\/p>\n<p>T\u00edtulo: <a href=\"http:\/\/repositorio.ufsm.br\/handle\/1\/8322\">Responsabilidade social como estrat\u00e9gia de empresas industriais do setor moveleiro em busca da sustentabilidade<\/a><\/p>\n<p>\u00a0<\/p>\n<p>Discente: Marlei Maria Veduim Marcuzzo<\/p>\n<p>Orientador: Luis Felipe Dias Lopes<\/p>\n<p>T\u00edtulo: <a href=\"http:\/\/repositorio.ufsm.br\/handle\/1\/8289\">A satisfa\u00e7\u00e3o dos alunos de educa\u00e7\u00e3o a dist\u00e2ncia da Universidade Federal de Santa Maria<\/a><\/p>\n<p>\u00a0<\/p>\n<p>Discente: Martin Paulo Batistella Pasini<\/p>\n<p>Orientador: Julio Cezar Mairesse Siluk<\/p>\n<p>T\u00edtulo: <a href=\"http:\/\/repositorio.ufsm.br\/handle\/1\/8307\">Desenvolvimento de um aplicativo web para elabora\u00e7\u00e3o do planejamento estrat\u00e9gico pessoal<\/a><\/p>\n<p>\u00a0<\/p>\n<p>Discente: Meire Mezzomo<\/p>\n<p>Orientador: Adriano Mendon\u00e7a Souza<\/p>\n<p>T\u00edtulo: <a href=\"http:\/\/repositorio.ufsm.br\/handle\/1\/8290\">Avalia\u00e7\u00e3o da qualidade no processo de lingotamento cont\u00ednuo na presen\u00e7a de correla\u00e7\u00e3o cruzada<\/a><\/p>\n<p>\u00a0<\/p>\n<p>Discente: Priscila Cembranel<\/p>\n<p>Orientador: Luis Felipe Dias Lopes<\/p>\n<p>T\u00edtulo: <a href=\"http:\/\/repositorio.ufsm.br\/handle\/1\/8291\">Tend\u00eancias da gest\u00e3o participativa para redu\u00e7\u00e3o de falhas no n\u00edvel operacional de sistemas produtivos em ind\u00fastrias metal\u00fargicas<\/a><\/p>\n<p>\u00a0<\/p>\n<p>Discente: Roseli Maria Lamb<\/p>\n<p>Orientador: Andreas Dittmar Weise<\/p>\n<p>T\u00edtulo:<a href=\"http:\/\/repositorio.ufsm.br\/handle\/1\/8324\"> \u00cdndices avaliativos de qualiadade na cadeia prim\u00e1ria da suinocultura na regi\u00e3o norte \u2013 RS<\/a><\/p>\n<p>\u00a0<\/p>\n<p>Discente: Sandro Nasser De Santi<\/p>\n<p>Orientador: Leoni Pentiado Godoy<\/p>\n<p>T\u00edtulo: <a href=\"http:\/\/repositorio.ufsm.br\/handle\/1\/8297\">Sistem\u00e1tica para combater perdas no processo produtivo de ind\u00fastrias de pequeno porte de confec\u00e7\u00e3o<\/a><\/p>\n<p>\u00a0<\/p>\n<p>Discente: Sidineia Santini<\/p>\n<p>Orientador: Janis Elisa Ruppenthal<\/p>\n<p>T\u00edtulo: <a href=\"http:\/\/repositorio.ufsm.br\/handle\/1\/8279\">Empreendedorismo e sobreviv\u00eancia das empresas<\/a><\/p>\n<p>\u00a0<\/p>\n<p>Discente: Tais Pentiado Godoy<\/p>\n<p>Orientador: Julio Cezar Mairesse Siluk<\/p>\n<p>T\u00edtulo: <a href=\"https:\/\/repositorio.ufsm.br\/handle\/1\/8303\">Inova\u00e7\u00e3o como estrat\u00e9gia competitiva nas organiza\u00e7\u00f5es de servi\u00e7os da regi\u00e3o central, RS : com base em sistema de medi\u00e7\u00e3o de desempenho<\/a><\/p>\n<p>\u00a0<\/p>\n<p>Discente: Tatiane Sartori<\/p>\n<p>Orientador: Andreas Dittmar Weise<\/p>\n<p>T\u00edtulo: <a href=\"http:\/\/repositorio.ufsm.br\/handle\/1\/8304\">Avalia\u00e7\u00e3o comparativa na p\u00f3s-gradua\u00e7\u00e3o stricto sensu entre Brasil e Portugal : um estudo de caso na engenharia civil<\/a><\/p>\n<p>\u00a0<\/p>\n<p>Discente: Tiago Franquini Scarano<\/p>\n<p>Orientador: Julio Cezar Mairesse Siluk<\/p>\n<p>T\u00edtulo: <a href=\"http:\/\/repositorio.ufsm.br\/handle\/1\/8272\">Proposta de modelagem de avalia\u00e7\u00e3o de desempenho organizacional do setor metal mec\u00e2nico<\/a><\/p>\n<p>\u00a0<\/p>\n<p>Discente: Wendell Myler Da Silva Gussoni<\/p>\n<p>Orientador: Andreas Dittmar Weise<\/p>\n<p>T\u00edtulo: <a href=\"http:\/\/repositorio.ufsm.br\/handle\/1\/8292\">Coopera\u00e7\u00e3o e governan\u00e7a nos arranjos produtivos locais : estudo de caso nas empresas de software no estado do Paran\u00e1<\/a><\/p>\n<p>\u00a0<\/p>\n<p>Retornar para p\u00e1gina <a href=\"https:\/\/www.ufsm.br\/cursos\/pos-graduacao\/santa-maria\/ppgep\/dissertacoes-defendidas\/\">Disserta\u00e7\u00f5es Defendidas<\/a><\/p>\n","protected":false},"excerpt":{"rendered":"<p>Discente: Ac\u00e1ssio Valente Feliciani Orientador: Adriano Mendon\u00e7a Souza T\u00edtulo: Previs\u00e3o de vaz\u00f5es de aflu\u00eancia para o setor el\u00e9trico por meio de modelos lineares e n\u00e3o lineares \u00a0 Discente: Adriane Diemer Uecker Orientador: Leandro Cantorski da Rosa T\u00edtulo: Produ\u00e7\u00e3o mais limpa em um frigor\u00edfico de aves: aplica\u00e7\u00e3o da ferramenta swot \u00a0 Discente: Adriane Fabricio Orientador: Leoni [&hellip;]<\/p>\n","protected":false},"author":870,"featured_media":0,"parent":0,"menu_order":0,"comment_status":"closed","ping_status":"closed","template":"","meta":{"footnotes":""},"categories":[],"tags":[],"class_list":["post-1021","page","type-page","status-publish","hentry"],"acf":[],"_links":{"self":[{"href":"https:\/\/www.ufsm.br\/cursos\/pos-graduacao\/santa-maria\/ppgep\/wp-json\/wp\/v2\/pages\/1021","targetHints":{"allow":["GET"]}}],"collection":[{"href":"https:\/\/www.ufsm.br\/cursos\/pos-graduacao\/santa-maria\/ppgep\/wp-json\/wp\/v2\/pages"}],"about":[{"href":"https:\/\/www.ufsm.br\/cursos\/pos-graduacao\/santa-maria\/ppgep\/wp-json\/wp\/v2\/types\/page"}],"author":[{"embeddable":true,"href":"https:\/\/www.ufsm.br\/cursos\/pos-graduacao\/santa-maria\/ppgep\/wp-json\/wp\/v2\/users\/870"}],"replies":[{"embeddable":true,"href":"https:\/\/www.ufsm.br\/cursos\/pos-graduacao\/santa-maria\/ppgep\/wp-json\/wp\/v2\/comments?post=1021"}],"version-history":[{"count":0,"href":"https:\/\/www.ufsm.br\/cursos\/pos-graduacao\/santa-maria\/ppgep\/wp-json\/wp\/v2\/pages\/1021\/revisions"}],"wp:attachment":[{"href":"https:\/\/www.ufsm.br\/cursos\/pos-graduacao\/santa-maria\/ppgep\/wp-json\/wp\/v2\/media?parent=1021"}],"wp:term":[{"taxonomy":"category","embeddable":true,"href":"https:\/\/www.ufsm.br\/cursos\/pos-graduacao\/santa-maria\/ppgep\/wp-json\/wp\/v2\/categories?post=1021"},{"taxonomy":"post_tag","embeddable":true,"href":"https:\/\/www.ufsm.br\/cursos\/pos-graduacao\/santa-maria\/ppgep\/wp-json\/wp\/v2\/tags?post=1021"}],"curies":[{"name":"wp","href":"https:\/\/api.w.org\/{rel}","templated":true}]}}