{"id":1022,"date":"2021-04-05T17:01:05","date_gmt":"2021-04-05T20:01:05","guid":{"rendered":"https:\/\/www.ufsm.br\/cursos\/pos-graduacao\/santa-maria\/ppgep\/?page_id=1022"},"modified":"2022-06-08T15:05:00","modified_gmt":"2022-06-08T18:05:00","slug":"dissertacoes-2020","status":"publish","type":"page","link":"https:\/\/www.ufsm.br\/cursos\/pos-graduacao\/santa-maria\/ppgep\/dissertacoes-2020","title":{"rendered":"Disserta\u00e7\u00f5es 2020"},"content":{"rendered":"\n<table class=\"table table-striped table-bordered\" style=\"width: 98.3759%;height: 72px\">\n<tbody>\n<tr style=\"height: 24px\">\n<td style=\"height: 24px\"><span id=\"form:j_idt64:0:nome\">Discente: ANDRE BRUM MISSAGGIA<\/span><\/td>\n<\/tr>\n<tr style=\"height: 24px\">\n<td style=\"height: 24px\"><span id=\"form:j_idt64:0:nome\">Orientador: NATTAN ROBERTO CAETANO<\/span><\/td>\n<\/tr>\n<tr style=\"height: 24px\">\n<td style=\"height: 24px\"><span id=\"form:j_idt64:0:nome\">T\u00edtulo: <a href=\"https:\/\/sucupira.capes.gov.br\/sucupira\/public\/consultas\/coleta\/trabalhoConclusao\/viewTrabalhoConclusao.jsf?popup=true&amp;id_trabalho=9306708\" target=\"_blank\" rel=\"noopener\">AN\u00c1LISE DA COMPETITIVIDADE DO BIOCOMBUST\u00cdVEL DI-AMIL \u00c9TER (DAE) PARA SER UTILIZADO COMO COMBUST\u00cdVEL DE AVIA\u00c7\u00c3O<\/a><\/span><\/td>\n<\/tr>\n<\/tbody>\n<\/table>\n<p>\u00a0<\/p>\n<table class=\"table table-striped table-bordered\">\n<tbody>\n<tr>\n<td>Discente: BIANCA REICHERT<\/td>\n<\/tr>\n<tr>\n<td>Orientador: ADRIANO MENDONCA SOUZA<\/td>\n<\/tr>\n<tr>\n<td>T\u00edtulo: <a href=\"https:\/\/sucupira.capes.gov.br\/sucupira\/public\/consultas\/coleta\/trabalhoConclusao\/viewTrabalhoConclusao.jsf?popup=true&amp;id_trabalho=8788368\" target=\"_blank\" rel=\"noopener\">AN\u00c1LISE DAS INTERA\u00c7\u00d5ES ENTRE AS PRINCIPAIS FONTES GERADORAS DA MATRIZ EL\u00c9TRICA BRASILEIRA<\/a><\/td>\n<\/tr>\n<\/tbody>\n<\/table>\n<p>\u00a0<\/p>\n<table class=\"table table-striped table-bordered\">\n<tbody>\n<tr>\n<td>Discente: BEATRIZ CARDOSO LOBATO<\/td>\n<\/tr>\n<tr>\n<td>Orientador: MACKLINI DALLA NORA<\/td>\n<\/tr>\n<tr>\n<td>T\u00edtulo: <a href=\"https:\/\/sucupira.capes.gov.br\/sucupira\/public\/consultas\/coleta\/trabalhoConclusao\/viewTrabalhoConclusao.jsf?popup=true&amp;id_trabalho=9348762\" target=\"_blank\" rel=\"noopener\">An\u00e1lise dos par\u00e2metros para a tomada de decis\u00e3o na mobilidade urbana segundo o problema custo \u2013 conforto \u2013 conveni\u00eancia<\/a><\/td>\n<\/tr>\n<\/tbody>\n<\/table>\n<p>\u00a0<\/p>\n<table class=\"table table-striped table-bordered\" style=\"width: 100%;height: 91px\">\n<tbody>\n<tr style=\"height: 24px\">\n<td style=\"height: 24px\">Discente: CRISTIANO KONRAD<\/td>\n<\/tr>\n<tr style=\"height: 23px\">\n<td style=\"height: 23px\">Orientador: FELIPE MARTINS MULLER<\/td>\n<\/tr>\n<tr style=\"height: 44px\">\n<td style=\"height: 44px\">T\u00edtulo: <a href=\"https:\/\/sucupira.capes.gov.br\/sucupira\/public\/consultas\/coleta\/trabalhoConclusao\/viewTrabalhoConclusao.jsf?popup=true&amp;id_trabalho=10519705\" target=\"_blank\" rel=\"noopener\">ELABORA\u00c7\u00c3O E IMPLEMENTA\u00c7\u00c3O DE PROCESSOS COM BASE EM M\u00c9TODOS QUANTITATIVOS, PARA AUXILIAR NA TOMADA DE DECIS\u00c3O E GERENCIAMENTO DE RISCO NA MONTAGEM DE CARTEIRAS DE INVESTIMENTOS<\/a> (dispon\u00edvel a partir de 13 de agosto de 2022)<\/td>\n<\/tr>\n<\/tbody>\n<\/table>\n<p>\u00a0<\/p>\n<table class=\"table table-striped table-bordered\">\n<tbody>\n<tr>\n<td>Discente: DANIEL DE VARGAS LEWISKI<\/td>\n<\/tr>\n<tr>\n<td>Orientador: MARIO EDUARDO SANTOS MARTINS<\/td>\n<\/tr>\n<tr>\n<td>T\u00edtulo: <a href=\"https:\/\/sucupira.capes.gov.br\/sucupira\/public\/consultas\/coleta\/trabalhoConclusao\/viewTrabalhoConclusao.jsf?popup=true&amp;id_trabalho=10529449\" target=\"_blank\" rel=\"noopener\">AN\u00c1LISE T\u00c9CNICO-ECON\u00d4MICA SOBRE A VIABILIDADE DE PRODU\u00c7\u00c3O DE ETANOL LIGNOCELUL\u00d3SICO<\/a><\/td>\n<\/tr>\n<\/tbody>\n<\/table>\n<p>\u00a0<\/p>\n<table class=\"table table-striped table-bordered\">\n<tbody>\n<tr>\n<td>Discente: FELIPE MORAES DO NASCIMENTO<\/td>\n<\/tr>\n<tr>\n<td>Orientador: JULIO CEZAR MAIRESSE SILUK<\/td>\n<\/tr>\n<tr>\n<td>T\u00edtulo: <a href=\"https:\/\/sucupira.capes.gov.br\/sucupira\/public\/consultas\/coleta\/trabalhoConclusao\/viewTrabalhoConclusao.jsf?popup=true&amp;id_trabalho=8788530\" target=\"_blank\" rel=\"noopener\">MODELAGEM PARA A MENSURA\u00c7\u00c3O DA EVAS\u00c3O DE UNIDADES CONSUMIDORAS DAS DISTRIBUIDORAS DE ENERGIA EL\u00c9TRICA<\/a><\/td>\n<\/tr>\n<\/tbody>\n<\/table>\n<p>\u00a0<\/p>\n<table class=\"table table-striped table-bordered\">\n<tbody>\n<tr>\n<td>Discente: GABRIELA GRANZOTTO FILLIPIN<\/td>\n<\/tr>\n<tr>\n<td>Orientador: ROSELAINE RUVIARO ZANINI<\/td>\n<\/tr>\n<tr>\n<td>T\u00edtulo: <a href=\"https:\/\/sucupira.capes.gov.br\/sucupira\/public\/consultas\/coleta\/trabalhoConclusao\/viewTrabalhoConclusao.jsf?popup=true&amp;id_trabalho=9776359\" target=\"_blank\" rel=\"noopener\">AN\u00c1LISE DAS TAXAS DE ACIDENTES DE TRABALHO E FATORES DE RISCO ASSOCIADOS AOS \u00d3BITOS NO RIO GRANDE DO SUL<\/a>\u00a0<\/td>\n<\/tr>\n<\/tbody>\n<\/table>\n<p>\u00a0<\/p>\n<table class=\"table table-striped table-bordered\" style=\"width: 100%;height: 92px\">\n<tbody>\n<tr style=\"height: 24px\">\n<td style=\"height: 24px\">Discente: GEORGIO ENRICO TIRLONI<\/td>\n<\/tr>\n<tr style=\"height: 24px\">\n<td style=\"height: 24px\">Orientador: LEANDRO CANTORSKI DA ROSA<\/td>\n<\/tr>\n<tr style=\"height: 44px\">\n<td style=\"height: 44px\">T\u00edtulo: <a href=\"https:\/\/sucupira.capes.gov.br\/sucupira\/public\/consultas\/coleta\/trabalhoConclusao\/viewTrabalhoConclusao.jsf?popup=true&amp;id_trabalho=10451354\" target=\"_blank\" rel=\"noopener\">CARACTERIZA\u00c7\u00c3O E DESENVOLVIMENTO DE UM COMP\u00d3SITO DE POLIETILENO VERDE REFOR\u00c7ADO COM RES\u00cdDUO T\u00caXTIL<\/a><\/td>\n<\/tr>\n<\/tbody>\n<\/table>\n<p>\u00a0<\/p>\n<table class=\"table table-striped table-bordered\" style=\"width: 100%;height: 92px\">\n<tbody>\n<tr style=\"height: 24px\">\n<td style=\"height: 24px\">Discente: JOAO LUIZ CUARELI ALECIO<\/td>\n<\/tr>\n<tr style=\"height: 24px\">\n<td style=\"height: 24px\">Orientador: JULIO CEZAR MAIRESSE SILUK<\/td>\n<\/tr>\n<tr style=\"height: 44px\">\n<td style=\"height: 44px\">T\u00edtulo: <a href=\"https:\/\/sucupira.capes.gov.br\/sucupira\/public\/consultas\/coleta\/trabalhoConclusao\/viewTrabalhoConclusao.jsf?popup=true&amp;id_trabalho=9777504\" target=\"_blank\" rel=\"noopener\">LEAN SUPPLY CHAIN: IMPORT\u00c2NCIA DA COOPERA\u00c7\u00c3O ENTRE FORNECEDORES DE INSUMOS E CONTRATANTES<\/a><\/td>\n<\/tr>\n<\/tbody>\n<\/table>\n<p>\u00a0<\/p>\n<table class=\"table table-striped table-bordered\" style=\"width: 100%;height: 92px\">\n<tbody>\n<tr style=\"height: 24px\">\n<td style=\"height: 24px\">Discente: JORDANA RECH GRACIANO DOS SANTOS<\/td>\n<\/tr>\n<tr style=\"height: 24px\">\n<td style=\"height: 24px\">Orientador: JULIO CEZAR MAIRESSE SILUK<\/td>\n<\/tr>\n<tr style=\"height: 44px\">\n<td style=\"height: 44px\">T\u00edtulo: <a href=\"https:\/\/sucupira.capes.gov.br\/sucupira\/public\/consultas\/coleta\/trabalhoConclusao\/viewTrabalhoConclusao.jsf?popup=true&amp;id_trabalho=10450609\" target=\"_blank\" rel=\"noopener\">MODELO DE MENSURA\u00c7\u00c3O DA COMPETITIVIDADE DA CADEIA DE VALOR DO AGRON\u00c9GOCIO<\/a>\u00a0<\/td>\n<\/tr>\n<\/tbody>\n<\/table>\n<p>\u00a0<\/p>\n<table class=\"table table-striped table-bordered\">\n<tbody>\n<tr style=\"height: 24px\">\n<td style=\"height: 24px\">Discente: LUCAS MACHADO BASSO<\/td>\n<\/tr>\n<tr style=\"height: 24px\">\n<td style=\"height: 24px\">Orientador: VINICIUS JACQUES GARCIA<\/td>\n<\/tr>\n<tr style=\"height: 44px\">\n<td style=\"height: 44px\">T\u00edtulo: <a href=\"https:\/\/sucupira.capes.gov.br\/sucupira\/public\/consultas\/coleta\/trabalhoConclusao\/viewTrabalhoConclusao.jsf?popup=true&amp;id_trabalho=10453946\" target=\"_blank\" rel=\"noopener\">MODELO DE PREVIS\u00c3O DE DEMANDA DE ORDENS DE MANUTEN\u00c7\u00c3O EMERGENCIAIS BASEADA EM FATORES CLIM\u00c1TICOS EM UM SISTEMA DE DISTRIBUI\u00c7\u00c3O DE ENERGIA EL\u00c9TRICA<\/a><\/td>\n<\/tr>\n<\/tbody>\n<\/table>\n<p>\u00a0<\/p>\n<table class=\"table table-striped table-bordered\">\n<tbody>\n<tr style=\"height: 24px\">\n<td style=\"height: 24px\">Discente: LUCAS WILKE DALLA ROSA<\/td>\n<\/tr>\n<tr style=\"height: 24px\">\n<td style=\"height: 24px\">Orientador: JULIO CEZAR MAIRESSE SILUK<\/td>\n<\/tr>\n<tr style=\"height: 44px\">\n<td style=\"height: 44px\">T\u00edtulo: <a href=\"https:\/\/sucupira.capes.gov.br\/sucupira\/public\/consultas\/coleta\/trabalhoConclusao\/viewTrabalhoConclusao.jsf?popup=true&amp;id_trabalho=9306222\" target=\"_blank\" rel=\"noopener\">PROJETO CONCEITUAL E SISTEMA DE CONTROLE DE VANT PENTA-ROTOR PARA APLICA\u00c7\u00d5ES AGR\u00cdCOLAS<\/a><\/td>\n<\/tr>\n<\/tbody>\n<\/table>\n<p>\u00a0<\/p>\n<table class=\"table table-striped table-bordered\">\n<tbody>\n<tr style=\"height: 24px\">\n<td style=\"height: 24px\">Discente: MARLON LEANDRO HENRIQUE CHEIRAM<\/td>\n<\/tr>\n<tr style=\"height: 24px\">\n<td style=\"height: 24px\">Orientador: JULIO CEZAR MAIRESSE SILUK<\/td>\n<\/tr>\n<tr style=\"height: 44px\">\n<td style=\"height: 44px\">T\u00edtulo: <a href=\"https:\/\/sucupira.capes.gov.br\/sucupira\/public\/consultas\/coleta\/trabalhoConclusao\/viewTrabalhoConclusao.jsf?popup=true&amp;id_trabalho=9307315\" target=\"_blank\" rel=\"noopener\">AN\u00c1LISE DA PROTOTIPAGEM R\u00c1PIDA POR PROCESSOS DE MANUFATURA ADITIVA E SUBTRATIVA UTILIZANDO ABORDAGEM DE DECIS\u00c3O MULTICRIT\u00c9RIO<\/a><\/td>\n<\/tr>\n<\/tbody>\n<\/table>\n<p>\u00a0<\/p>\n<table class=\"table table-striped table-bordered\" style=\"width: 100%;height: 92px\">\n<tbody>\n<tr style=\"height: 24px\">\n<td style=\"height: 24px\">Discente: PEDRO CEZAR SACCOL FILHO<\/td>\n<\/tr>\n<tr style=\"height: 24px\">\n<td style=\"height: 24px\">Orientador: WESLEY VIEIRA DA SILVA<\/td>\n<\/tr>\n<tr style=\"height: 44px\">\n<td style=\"height: 44px\">T\u00edtulo: <a href=\"https:\/\/sucupira.capes.gov.br\/sucupira\/public\/consultas\/coleta\/trabalhoConclusao\/viewTrabalhoConclusao.jsf?popup=true&amp;id_trabalho=10510954\" target=\"_blank\" rel=\"noopener\">MENSURA\u00c7\u00c3O DE DESEMPENHO DO ECOSSISTEMA DE INOVA\u00c7\u00c3O PARA STARTUPS<\/a><\/td>\n<\/tr>\n<\/tbody>\n<\/table>\n<p>\u00a0<\/p>\n<table class=\"table table-striped table-bordered\">\n<tbody>\n<tr style=\"height: 24px\">\n<td style=\"height: 24px\">Discente: RAFAEL VOGT<\/td>\n<\/tr>\n<tr style=\"height: 24px\">\n<td style=\"height: 24px\">Orientador: MARIO EDUARDO SANTOS MARTINS<\/td>\n<\/tr>\n<tr style=\"height: 44px\">\n<td style=\"height: 44px\">T\u00edtulo: <a href=\"https:\/\/sucupira.capes.gov.br\/sucupira\/public\/consultas\/coleta\/trabalhoConclusao\/viewTrabalhoConclusao.jsf?popup=true&amp;id_trabalho=10460145\" target=\"_blank\" rel=\"noopener\">AVALIA\u00c7\u00c3O DE PAR\u00c2METROS DE DESEMPENHO DE UM MOTOR DE IGNI\u00c7\u00c3O POR COMPRESS\u00c3O OPERANDO EM MODO DUAL-FUEL (DIESEL-ETANOL)<\/a><\/td>\n<\/tr>\n<\/tbody>\n<\/table>\n<p>\u00a0<\/p>\n<table class=\"table table-striped table-bordered\">\n<tbody>\n<tr style=\"height: 24px\">\n<td style=\"height: 24px\">Discente: THIAGO GUEDES DA LUZ MARTINS<\/td>\n<\/tr>\n<tr style=\"height: 24px\">\n<td style=\"height: 24px\">Orientador: FABIO MARIANO BAYER<\/td>\n<\/tr>\n<tr style=\"height: 44px\">\n<td style=\"height: 44px\">T\u00edtulo: <a href=\"https:\/\/sucupira.capes.gov.br\/sucupira\/public\/consultas\/coleta\/trabalhoConclusao\/viewTrabalhoConclusao.jsf?popup=true&amp;id_trabalho=10511797\" target=\"_blank\" rel=\"noopener\">Monitoramento Estat\u00edstico e Predi\u00e7\u00e3o de Mudan\u00e7as Comportamentais em Bovinos<\/a><\/td>\n<\/tr>\n<\/tbody>\n<\/table>\n<p>\u00a0<\/p>\n<table class=\"table table-striped table-bordered\" style=\"width: 100%;height: 92px\">\n<tbody>\n<tr style=\"height: 24px\">\n<td style=\"height: 24px\">Discente: TOBIAS ANTONIO WEBBER ANTUNES<\/td>\n<\/tr>\n<tr style=\"height: 24px\">\n<td style=\"height: 24px\">Orientador: OLINTO CESAR BASSI DE ARAUJO<\/td>\n<\/tr>\n<tr style=\"height: 44px\">\n<td style=\"height: 44px\">T\u00edtulo: <a href=\"https:\/\/sucupira.capes.gov.br\/sucupira\/public\/consultas\/coleta\/trabalhoConclusao\/viewTrabalhoConclusao.jsf?popup=true&amp;id_trabalho=9780119\" target=\"_blank\" rel=\"noopener\">HEUR\u00cdSTICA BASEADA EM PLIM PARA O SEQUENCIAMENTO DE OPERA\u00c7\u00d5ES DE USINAGEM EM M\u00c1QUINAS CNC TIPO P\u00d3RTICO<\/a><\/td>\n<\/tr>\n<\/tbody>\n<\/table>\n<p>\u00a0<\/p>\n<table class=\"table table-striped table-bordered\" style=\"width: 100%;height: 92px\">\n<tbody>\n<tr style=\"height: 24px\">\n<td style=\"height: 24px\">Discente: WALTER GREFF RODRIGUES NETO<\/td>\n<\/tr>\n<tr style=\"height: 24px\">\n<td style=\"height: 24px\">Orientador: OLINTO CESAR BASSI DE ARAUJO<\/td>\n<\/tr>\n<tr style=\"height: 44px\">\n<td style=\"height: 44px\">T\u00edtulo: <a href=\"https:\/\/sucupira.capes.gov.br\/sucupira\/public\/consultas\/coleta\/trabalhoConclusao\/viewTrabalhoConclusao.jsf?popup=true&amp;id_trabalho=10636386\" target=\"_blank\" rel=\"noopener\">UMA PROPOSTA DE RESOLU\u00c7\u00c3O PARA O PROBLEMA DE SEQUENCIAMENTO DE TAREFAS EM M\u00c1QUINAS PARALELAS CONSIDERANDO DESGASTES DEPENDENTES DA SEQU\u00caNCIA E TEMPO DE PARADA PROGRAMADA PARA MANUTEN\u00c7\u00c3O<\/a><\/td>\n<\/tr>\n<\/tbody>\n<\/table>\n<p>\u00a0<\/p>\n<p>Retornar para p\u00e1gina <a href=\"https:\/\/www.ufsm.br\/cursos\/pos-graduacao\/santa-maria\/ppgep\/dissertacoes-defendidas\/\">Disserta\u00e7\u00f5es Defendidas<\/a><\/p>\n","protected":false},"excerpt":{"rendered":"<p>Discente: ANDRE BRUM MISSAGGIA Orientador: NATTAN ROBERTO CAETANO T\u00edtulo: AN\u00c1LISE DA COMPETITIVIDADE DO BIOCOMBUST\u00cdVEL DI-AMIL \u00c9TER (DAE) PARA SER UTILIZADO COMO COMBUST\u00cdVEL DE AVIA\u00c7\u00c3O \u00a0 Discente: BIANCA REICHERT Orientador: ADRIANO MENDONCA SOUZA T\u00edtulo: AN\u00c1LISE DAS INTERA\u00c7\u00d5ES ENTRE AS PRINCIPAIS FONTES GERADORAS DA MATRIZ EL\u00c9TRICA BRASILEIRA \u00a0 Discente: BEATRIZ CARDOSO LOBATO Orientador: MACKLINI DALLA NORA T\u00edtulo: [&hellip;]<\/p>\n","protected":false},"author":870,"featured_media":0,"parent":0,"menu_order":0,"comment_status":"closed","ping_status":"closed","template":"","meta":{"footnotes":""},"categories":[],"tags":[],"class_list":["post-1022","page","type-page","status-publish","hentry"],"acf":[],"_links":{"self":[{"href":"https:\/\/www.ufsm.br\/cursos\/pos-graduacao\/santa-maria\/ppgep\/wp-json\/wp\/v2\/pages\/1022","targetHints":{"allow":["GET"]}}],"collection":[{"href":"https:\/\/www.ufsm.br\/cursos\/pos-graduacao\/santa-maria\/ppgep\/wp-json\/wp\/v2\/pages"}],"about":[{"href":"https:\/\/www.ufsm.br\/cursos\/pos-graduacao\/santa-maria\/ppgep\/wp-json\/wp\/v2\/types\/page"}],"author":[{"embeddable":true,"href":"https:\/\/www.ufsm.br\/cursos\/pos-graduacao\/santa-maria\/ppgep\/wp-json\/wp\/v2\/users\/870"}],"replies":[{"embeddable":true,"href":"https:\/\/www.ufsm.br\/cursos\/pos-graduacao\/santa-maria\/ppgep\/wp-json\/wp\/v2\/comments?post=1022"}],"version-history":[{"count":0,"href":"https:\/\/www.ufsm.br\/cursos\/pos-graduacao\/santa-maria\/ppgep\/wp-json\/wp\/v2\/pages\/1022\/revisions"}],"wp:attachment":[{"href":"https:\/\/www.ufsm.br\/cursos\/pos-graduacao\/santa-maria\/ppgep\/wp-json\/wp\/v2\/media?parent=1022"}],"wp:term":[{"taxonomy":"category","embeddable":true,"href":"https:\/\/www.ufsm.br\/cursos\/pos-graduacao\/santa-maria\/ppgep\/wp-json\/wp\/v2\/categories?post=1022"},{"taxonomy":"post_tag","embeddable":true,"href":"https:\/\/www.ufsm.br\/cursos\/pos-graduacao\/santa-maria\/ppgep\/wp-json\/wp\/v2\/tags?post=1022"}],"curies":[{"name":"wp","href":"https:\/\/api.w.org\/{rel}","templated":true}]}}