{"id":1039,"date":"2021-04-28T11:11:59","date_gmt":"2021-04-28T14:11:59","guid":{"rendered":"https:\/\/www.ufsm.br\/cursos\/pos-graduacao\/santa-maria\/ppgep\/?page_id=1039"},"modified":"2025-01-29T11:04:25","modified_gmt":"2025-01-29T14:04:25","slug":"dissertacoes-2021","status":"publish","type":"page","link":"https:\/\/www.ufsm.br\/cursos\/pos-graduacao\/santa-maria\/ppgep\/dissertacoes-2021","title":{"rendered":"Disserta\u00e7\u00f5es 2021"},"content":{"rendered":"\n<table class=\"table table-striped table-bordered\" style=\"width: 100%;height: 92px\">\n<tbody>\n<tr style=\"height: 24px\">\n<td style=\"height: 24px\">Discente: ALISSON CASTRO BARRETO<\/td>\n<\/tr>\n<tr style=\"height: 24px\">\n<td style=\"height: 24px\">Orientador: ADRIANO MENDONCA SOUZA<\/td>\n<\/tr>\n<tr style=\"height: 44px\">\n<td style=\"height: 44px\"><span id=\"form:j_idt64:0:nome\">T\u00edtulo: <a href=\"https:\/\/sucupira.capes.gov.br\/sucupira\/public\/consultas\/coleta\/trabalhoConclusao\/viewTrabalhoConclusao.xhtml?popup=true&amp;id_trabalho=10365052\" target=\"_blank\" rel=\"noopener\">MORTALIDADE POR C\u00c2NCER DE PR\u00d3STATA E MAMA NO BRASIL: UMA AN\u00c1LISE SOB A \u00d3TICA DA ECONOMETRIA ESPACIAL<\/a><\/span><\/td>\n<\/tr>\n<\/tbody>\n<\/table>\n<p>\u00a0<\/p>\n<table class=\"table table-striped table-bordered\" style=\"width: 100%;height: 92px\">\n<tbody>\n<tr style=\"height: 24px\">\n<td style=\"height: 24px\">Discente: ANA CRISTINA RUOSO<\/td>\n<\/tr>\n<tr style=\"height: 24px\">\n<td style=\"height: 24px\">Orientador: MACKLINI DALLA NORA<\/td>\n<\/tr>\n<tr style=\"height: 44px\">\n<td style=\"height: 44px\"><span id=\"form:j_idt64:0:nome\">T\u00edtulo: <a href=\"https:\/\/sucupira.capes.gov.br\/sucupira\/public\/consultas\/coleta\/trabalhoConclusao\/viewTrabalhoConclusao.jsf?popup=true&amp;id_trabalho=10859324\" target=\"_blank\" rel=\"noopener\">MODELO DE DIAGN\u00d3STICO PARA A GERA\u00c7\u00c3O DE BIOG\u00c1S EM ATERROS SANIT\u00c1RIOS<\/a><\/span><\/td>\n<\/tr>\n<\/tbody>\n<\/table>\n<p>\u00a0<\/p>\n<table class=\"table table-striped table-bordered\">\n<tbody>\n<tr style=\"height: 24px\">\n<td style=\"height: 24px\">Discente: ANGELITA PEZZI PASQUALON BRIDI<\/td>\n<\/tr>\n<tr style=\"height: 24px\">\n<td style=\"height: 24px\">Orientador: FELIPE MARTINS MULLER<\/td>\n<\/tr>\n<tr style=\"height: 44px\">\n<td style=\"height: 44px\">T\u00edtulo: <a href=\"https:\/\/sucupira.capes.gov.br\/sucupira\/public\/consultas\/coleta\/trabalhoConclusao\/viewTrabalhoConclusao.jsf?popup=true&amp;id_trabalho=11169943\" target=\"_blank\" rel=\"noopener\">ALGORITMOS HEUR\u00cdSTICOS PARA SOLU\u00c7\u00c3O DE PROBLEMAS DE SEQUENCIAMENTO EM M\u00c1QUINAS PARALELAS N\u00c3O-RELACIONADAS EM MULTI-F\u00c1BRICAS<\/a><\/td>\n<\/tr>\n<\/tbody>\n<\/table>\n<p>\u00a0<\/p>\n<table class=\"table table-striped table-bordered\" style=\"width: 100%;height: 92px\">\n<tbody>\n<tr style=\"height: 24px\">\n<td style=\"height: 24px\">Discente: CLAUDIO ROBERTO SILVA J\u00daNIOR<\/td>\n<\/tr>\n<tr style=\"height: 24px\">\n<td style=\"height: 24px\">Orientador: JULIO CEZAR MAIRESSE SILUK<\/td>\n<\/tr>\n<tr style=\"height: 44px\">\n<td style=\"height: 44px\"><span id=\"form:j_idt64:0:nome\">T\u00edtulo: <a href=\"https:\/\/sucupira.capes.gov.br\/sucupira\/public\/consultas\/coleta\/trabalhoConclusao\/viewTrabalhoConclusao.xhtml?popup=true&amp;id_trabalho=10825299\" target=\"_blank\" rel=\"noopener\">MENSURA\u00c7\u00c3O DA COMPETITIVIDADE DE STARTUPS BASEADA EM M\u00daLTIPLOS FATORES<\/a><\/span><\/td>\n<\/tr>\n<\/tbody>\n<\/table>\n<p>\u00a0<\/p>\n<table class=\"table table-striped table-bordered\" style=\"width: 100%;height: 92px\">\n<tbody>\n<tr style=\"height: 24px\">\n<td style=\"height: 24px\">Discente: CL\u00c9BER VIN\u00cdCIUS DE FREITAS<\/td>\n<\/tr>\n<tr style=\"height: 24px\">\n<td style=\"height: 24px\">Orientador: JULIO CEZAR MAIRESSE SILUK<\/td>\n<\/tr>\n<tr style=\"height: 44px\">\n<td style=\"height: 44px\"><span id=\"form:j_idt64:0:nome\">T\u00edtulo: <a href=\"https:\/\/sucupira.capes.gov.br\/sucupira\/public\/consultas\/coleta\/trabalhoConclusao\/viewTrabalhoConclusao.xhtml?popup=true&amp;id_trabalho=10955972\" target=\"_blank\" rel=\"noopener\">SISTEMA DE MENSURA\u00c7\u00c3O DE DESEMPENHO PARA ESTRUTURA\u00c7\u00c3O DO PROCESSO DE APROVA\u00c7\u00c3O DE CONEX\u00d5ES DE SISTEMAS DE GERA\u00c7\u00c3O DISTRIBU\u00cdDA EM DISTRIBUIDORAS DE ENERGIA EL\u00c9TRICA<\/a><\/span><\/td>\n<\/tr>\n<\/tbody>\n<\/table>\n<p>\u00a0<\/p>\n<table class=\"table table-striped table-bordered\">\n<tbody>\n<tr style=\"height: 24px\">\n<td style=\"height: 24px\">Discente: ELLEN DEBASTIANI DA ROCHA<\/td>\n<\/tr>\n<tr style=\"height: 24px\">\n<td style=\"height: 24px\">Orientador: LEANDRO MICHELS<\/td>\n<\/tr>\n<tr style=\"height: 44px\">\n<td style=\"height: 44px\">T\u00edtulo: <a href=\"https:\/\/sucupira.capes.gov.br\/sucupira\/public\/consultas\/coleta\/trabalhoConclusao\/viewTrabalhoConclusao.jsf?popup=true&amp;id_trabalho=11070993\" target=\"_blank\" rel=\"noopener\">ESTUDO DA PERCEP\u00c7\u00c3O DOS CLIENTES DE SERVI\u00c7OS TECNOL\u00d3GICOS NO SETOR ELETROELETR\u00d4NICO BRASILEIRO<\/a><\/td>\n<\/tr>\n<\/tbody>\n<\/table>\n<p>\u00a0<\/p>\n<table class=\"table table-striped table-bordered\">\n<tbody>\n<tr style=\"height: 24px\">\n<td style=\"height: 24px\">Discente: EMMANUEL OMAR NASCIMENTO DE FREITAS<\/td>\n<\/tr>\n<tr style=\"height: 24px\">\n<td style=\"height: 24px\">Orientador: FELIPE MARTINS MULLER<\/td>\n<\/tr>\n<tr style=\"height: 44px\">\n<td style=\"height: 44px\">T\u00edtulo: <a href=\"https:\/\/sucupira.capes.gov.br\/sucupira\/public\/consultas\/coleta\/trabalhoConclusao\/viewTrabalhoConclusao.jsf?popup=true&amp;id_trabalho=11071074\" target=\"_blank\" rel=\"noopener\">MODELO PARA AUXILIAR A TOMADA DE DECIS\u00c3O DOS PROCESSOS DE COMPRA E BENEFICIAMENTO EM UM ENGENHO DE ARROZ<\/a><\/td>\n<\/tr>\n<\/tbody>\n<\/table>\n<p>\u00a0<\/p>\n<table class=\"table table-striped table-bordered\" style=\"width: 100%;height: 92px\">\n<tbody>\n<tr style=\"height: 24px\">\n<td style=\"height: 24px\">Discente: HELO\u00cdSA PEREIRA BURIN<\/td>\n<\/tr>\n<tr style=\"height: 24px\">\n<td style=\"height: 24px\">Orientador: JULIO CEZAR MAIRESSE SILUK<\/td>\n<\/tr>\n<tr style=\"height: 44px\">\n<td style=\"height: 44px\"><span id=\"form:j_idt64:0:nome\">T\u00edtulo: <a href=\"https:\/\/sucupira.capes.gov.br\/sucupira\/public\/consultas\/coleta\/trabalhoConclusao\/viewTrabalhoConclusao.jsf?popup=true&amp;id_trabalho=10859359\" target=\"_blank\" rel=\"noopener\">MODELAGEM PARA TOMADA DE DECIS\u00c3O DA MIGRA\u00c7\u00c3O DO AMBIENTE CATIVO PARA O MERCADO LIVRE DE ENERGIA<\/a><\/span><\/td>\n<\/tr>\n<\/tbody>\n<\/table>\n<p>\u00a0<\/p>\n<table class=\"table table-striped table-bordered\" style=\"width: 100%;height: 92px\">\n<tbody>\n<tr style=\"height: 24px\">\n<td style=\"height: 24px\">Discente: JULIANNA ALVES SPALL LOPES<\/td>\n<\/tr>\n<tr style=\"height: 24px\">\n<td style=\"height: 24px\">Orientador: ADRIANO MENDONCA SOUZA<\/td>\n<\/tr>\n<tr style=\"height: 44px\">\n<td style=\"height: 44px\"><span id=\"form:j_idt64:0:nome\">T\u00edtulo: <a href=\"https:\/\/sucupira.capes.gov.br\/sucupira\/public\/consultas\/coleta\/trabalhoConclusao\/viewTrabalhoConclusao.xhtml?popup=true&amp;id_trabalho=10825329\" target=\"_blank\" rel=\"noopener\">RELA\u00c7\u00c3O ENTRE EMISS\u00c3O DE DI\u00d3XIDO DE CARBONO E VARI\u00c1VEIS MACROECONOMICAS NA AGROPECU\u00c1RIA BRASILEIRA<\/a><\/span><\/td>\n<\/tr>\n<\/tbody>\n<\/table>\n<p>\u00a0<\/p>\n<table class=\"table table-striped table-bordered\">\n<tbody>\n<tr>\n<td>Discente: NAT\u00c1LIA PEDROSO SERPA<\/td>\n<\/tr>\n<tr>\n<td>Orientador: ROSELAINE RUVIARO ZANINI<\/td>\n<\/tr>\n<tr>\n<td>T\u00edtulo: <a href=\"https:\/\/sucupira.capes.gov.br\/sucupira\/public\/consultas\/coleta\/trabalhoConclusao\/viewTrabalhoConclusao.jsf?popup=true&amp;id_trabalho=10920996\" target=\"_blank\" rel=\"noopener\">AN\u00c1LISE DOS FATORES SOCIODEMOGR\u00c1FICOS E OCUPACIONAIS EM GESTORES E A SUA RELA\u00c7\u00c3O COM A S\u00cdNDROME DE BURNOUT<\/a><\/td>\n<\/tr>\n<\/tbody>\n<\/table>\n<p>\u00a0<\/p>\n<table class=\"table table-striped table-bordered\" style=\"width: 100%;height: 92px\">\n<tbody>\n<tr style=\"height: 24px\">\n<td style=\"height: 24px\">Discente: PLINIO ASSIS FRAN\u00c7A NOGUEIRA<\/td>\n<\/tr>\n<tr style=\"height: 24px\">\n<td style=\"height: 24px\">Orientador: ALVARO LUIZ NEUENFELDT J\u00daNIOR<\/td>\n<\/tr>\n<tr style=\"height: 44px\">\n<td style=\"height: 44px\">T\u00edtulo: <a href=\"https:\/\/sucupira.capes.gov.br\/sucupira\/public\/consultas\/coleta\/trabalhoConclusao\/viewTrabalhoConclusao.jsf?popup=true&amp;id_trabalho=11280276\" target=\"_blank\" rel=\"noopener\">MENSURA\u00c7\u00c3O DE DESEMPENHO PARA AN\u00c1LISE DA ESTRAT\u00c9GIA COMPETITIVA NA MANUFATURA ADITIVA INDUSTRIAL<\/a><\/td>\n<\/tr>\n<\/tbody>\n<\/table>\n<p>\u00a0<\/p>\n<table class=\"table table-striped table-bordered\">\n<tbody>\n<tr>\n<td>Discente: RODRIGO SCHONS ARENHART<\/td>\n<\/tr>\n<tr>\n<td>Orientador: Leandro Cantorski da Rosa<\/td>\n<\/tr>\n<tr>\n<td><span id=\"form:j_idt64:0:nome\">T\u00edtulo: <a href=\"https:\/\/sucupira.capes.gov.br\/sucupira\/public\/consultas\/coleta\/trabalhoConclusao\/viewTrabalhoConclusao.xhtml?popup=true&amp;id_trabalho=10825361\" target=\"_blank\" rel=\"noopener\">PROCEDIMENTO PARA CHECAGEM INTERMEDI\u00c1RIA DE M\u00c1QUINA DE MEDIR POR COORDENADAS<\/a>\u00a0<\/span><\/td>\n<\/tr>\n<\/tbody>\n<\/table>\n<p>\u00a0<\/p>\n<table class=\"table table-striped table-bordered\">\n<tbody>\n<tr>\n<td>Discente: STEFANE DIAS RODRIGUES<\/td>\n<\/tr>\n<tr>\n<td>Orientador: ROSELAINE RUVIARO ZANINI<\/td>\n<\/tr>\n<tr>\n<td><span id=\"form:j_idt64:0:nome\">T\u00edtulo: <a href=\"https:\/\/sucupira.capes.gov.br\/sucupira\/public\/consultas\/coleta\/trabalhoConclusao\/viewTrabalhoConclusao.jsf?popup=true&amp;id_trabalho=10366770\" target=\"_blank\" rel=\"noopener\">O IMPACTO DA POLUI\u00c7\u00c3O DO AR NA MORTALIDADE POR DOEN\u00c7A PULMONAR OBSTRUTIVA CR\u00d4NICA E C\u00c2NCER PULMONAR<\/a><\/span><\/td>\n<\/tr>\n<\/tbody>\n<\/table>\n<p>\u00a0<\/p>\n<table class=\"table table-striped table-bordered\">\n<tbody>\n<tr>\n<td>Discente: TAILON MARTINS<\/td>\n<\/tr>\n<tr>\n<td>Orientador: ADRIANO MENDONCA SOUZA<\/td>\n<\/tr>\n<tr>\n<td>T\u00edtulo: <a href=\"https:\/\/sucupira.capes.gov.br\/sucupira\/public\/consultas\/coleta\/trabalhoConclusao\/viewTrabalhoConclusao.xhtml?popup=true&amp;id_trabalho=10881167\" target=\"_blank\" rel=\"noopener\">AN\u00c1LISE CAUSAL INTERTEMPORAL DO CONSUMO DE COMBUST\u00cdVEIS F\u00d3SSEIS NA EMISS\u00c3O DE DI\u00d3XIDO DE CARBONO NOS PA\u00cdSES DO G7<\/a><\/td>\n<\/tr>\n<\/tbody>\n<\/table>\n<p>\u00a0<\/p>\n<table class=\"table table-striped table-bordered\" style=\"width: 100%;height: 92px\">\n<tbody>\n<tr style=\"height: 24px\">\n<td style=\"height: 24px\">Discente: TAMIRES FERNANDA BARBOSA NUNES<\/td>\n<\/tr>\n<tr style=\"height: 24px\">\n<td style=\"height: 24px\">Orientador: ROSELAINE RUVIARO ZANINI<\/td>\n<\/tr>\n<tr style=\"height: 44px\">\n<td style=\"height: 44px\"><span id=\"form:j_idt64:0:nome\">T\u00edtulo: <a href=\"https:\/\/sucupira.capes.gov.br\/sucupira\/public\/consultas\/coleta\/trabalhoConclusao\/viewTrabalhoConclusao.xhtml?popup=true&amp;id_trabalho=10859409\" target=\"_blank\" rel=\"noopener\">AN\u00c1LISE MULTIVARIADA DOS INDICADORES DA IND\u00daSTRIA DE TRANSFORMA\u00c7\u00c3O E PERSPECTIVAS DA IND\u00daSTRIA 4.0 NO BRASIL<\/a>\u00a0<\/span><\/td>\n<\/tr>\n<\/tbody>\n<\/table>\n<p>\u00a0<\/p>\n<table class=\"table table-striped table-bordered\">\n<tbody>\n<tr>\n<td>Discente: VINICIUS JAQUES GERHARDT<\/td>\n<\/tr>\n<tr>\n<td>Orientador: JULIO CEZAR MAIRESSE SILUK<\/td>\n<\/tr>\n<tr>\n<td>T\u00edtulo: <a href=\"https:\/\/sucupira.capes.gov.br\/sucupira\/public\/consultas\/coleta\/trabalhoConclusao\/viewTrabalhoConclusao.jsf?popup=true&amp;id_trabalho=10367746\" target=\"_blank\" rel=\"noopener\">PROPOSTA DE UM MODELO DE MENSURA\u00c7\u00c3O DO IMPACTO DE INDICADORES DE DESENVOLVIMENTO DE MERCADO<\/a><\/td>\n<\/tr>\n<\/tbody>\n<\/table>\n<p>\u00a0<\/p>\n<table class=\"table table-striped table-bordered\">\n<tbody>\n<tr>\n<td>Discente: VIRGINIA THOMASI<\/td>\n<\/tr>\n<tr>\n<td>Orientador: JULIO CEZAR MAIRESSE SILUK<\/td>\n<\/tr>\n<tr>\n<td><span id=\"form:j_idt64:0:nome\">T\u00edtulo: <a href=\"https:\/\/sucupira.capes.gov.br\/sucupira\/public\/consultas\/coleta\/trabalhoConclusao\/viewTrabalhoConclusao.jsf?popup=true&amp;id_trabalho=10365980\" target=\"_blank\" rel=\"noopener\">MENSURA\u00c7\u00c3O DO N\u00cdVEL DE DESEMPENHO DE PROJETOS DE GERA\u00c7\u00c3O DE ENERGIA FOTOVOLTAICA PARA COMERCIALIZA\u00c7\u00c3O DE ENERGIA<\/a><\/span><\/td>\n<\/tr>\n<\/tbody>\n<\/table>\n<p>\u00a0<\/p>\n<p>Retornar para p\u00e1gina <a href=\"https:\/\/www.ufsm.br\/cursos\/pos-graduacao\/santa-maria\/ppgep\/dissertacoes-defendidas\/\">Disserta\u00e7\u00f5es Defendidas<\/a><\/p>\n","protected":false},"excerpt":{"rendered":"<p>Discente: ALISSON CASTRO BARRETO Orientador: ADRIANO MENDONCA SOUZA T\u00edtulo: MORTALIDADE POR C\u00c2NCER DE PR\u00d3STATA E MAMA NO BRASIL: UMA AN\u00c1LISE SOB A \u00d3TICA DA ECONOMETRIA ESPACIAL \u00a0 Discente: ANA CRISTINA RUOSO Orientador: MACKLINI DALLA NORA T\u00edtulo: MODELO DE DIAGN\u00d3STICO PARA A GERA\u00c7\u00c3O DE BIOG\u00c1S EM ATERROS SANIT\u00c1RIOS \u00a0 Discente: ANGELITA PEZZI PASQUALON BRIDI Orientador: FELIPE [&hellip;]<\/p>\n","protected":false},"author":818,"featured_media":0,"parent":0,"menu_order":0,"comment_status":"closed","ping_status":"closed","template":"","meta":{"footnotes":""},"categories":[],"tags":[],"class_list":["post-1039","page","type-page","status-publish","hentry"],"acf":[],"_links":{"self":[{"href":"https:\/\/www.ufsm.br\/cursos\/pos-graduacao\/santa-maria\/ppgep\/wp-json\/wp\/v2\/pages\/1039","targetHints":{"allow":["GET"]}}],"collection":[{"href":"https:\/\/www.ufsm.br\/cursos\/pos-graduacao\/santa-maria\/ppgep\/wp-json\/wp\/v2\/pages"}],"about":[{"href":"https:\/\/www.ufsm.br\/cursos\/pos-graduacao\/santa-maria\/ppgep\/wp-json\/wp\/v2\/types\/page"}],"author":[{"embeddable":true,"href":"https:\/\/www.ufsm.br\/cursos\/pos-graduacao\/santa-maria\/ppgep\/wp-json\/wp\/v2\/users\/818"}],"replies":[{"embeddable":true,"href":"https:\/\/www.ufsm.br\/cursos\/pos-graduacao\/santa-maria\/ppgep\/wp-json\/wp\/v2\/comments?post=1039"}],"version-history":[{"count":0,"href":"https:\/\/www.ufsm.br\/cursos\/pos-graduacao\/santa-maria\/ppgep\/wp-json\/wp\/v2\/pages\/1039\/revisions"}],"wp:attachment":[{"href":"https:\/\/www.ufsm.br\/cursos\/pos-graduacao\/santa-maria\/ppgep\/wp-json\/wp\/v2\/media?parent=1039"}],"wp:term":[{"taxonomy":"category","embeddable":true,"href":"https:\/\/www.ufsm.br\/cursos\/pos-graduacao\/santa-maria\/ppgep\/wp-json\/wp\/v2\/categories?post=1039"},{"taxonomy":"post_tag","embeddable":true,"href":"https:\/\/www.ufsm.br\/cursos\/pos-graduacao\/santa-maria\/ppgep\/wp-json\/wp\/v2\/tags?post=1039"}],"curies":[{"name":"wp","href":"https:\/\/api.w.org\/{rel}","templated":true}]}}