{"id":1076,"date":"2021-07-30T15:13:33","date_gmt":"2021-07-30T18:13:33","guid":{"rendered":"https:\/\/www.ufsm.br\/cursos\/pos-graduacao\/santa-maria\/ppgep\/?page_id=1076"},"modified":"2021-10-05T08:30:55","modified_gmt":"2021-10-05T11:30:55","slug":"edital-n-019-2021-30-de-julho-de-2021-nivel-doutorado","status":"publish","type":"page","link":"https:\/\/www.ufsm.br\/cursos\/pos-graduacao\/santa-maria\/ppgep\/edital-n-019-2021-30-de-julho-de-2021-nivel-doutorado","title":{"rendered":"Edital N. 019\/2021, 30 de julho de 2021, N\u00edvel Doutorado"},"content":{"rendered":"\n<p>As Coordena\u00e7\u00f5es dos Programas de P\u00f3s-Gradua\u00e7\u00e3o e a Pr\u00f3-Reitoria de P\u00f3s-gradua\u00e7\u00e3o e Pesquisa (PRPGP) tornam p\u00fablico que no per\u00edodo de 31 de julho a 13 de agosto, at\u00e9 as 15 horas, estar\u00e3o abertas as inscri\u00e7\u00f5es para o processo seletivo de P\u00f3s-gradua\u00e7\u00e3o, em n\u00edvel de Doutorado, Mestrado e Especializa\u00e7\u00e3o, para ingresso no 2\u00ba semestre de 2021.<\/p>\n<p>As inscri\u00e7\u00f5es ser\u00e3o exclusivamente via web, no endere\u00e7o eletr\u00f4nico\u00a0<a href=\"https:\/\/portal.ufsm.br\/concursos\/inscricao\/opcoes.html?edicao=4147\" target=\"_blank\" rel=\"noopener\">https:\/\/portal.ufsm.br\/concursos\/inscricao\/opcoes.html?edicao=4147<\/a>\u00a0em Sistema de inscri\u00e7\u00e3o ao Processo Seletivo do Edital N. 019\/2021 na p\u00e1gina\u00a0<a href=\"https:\/\/www.ufsm.br\/pro-reitorias\/prpgp\/editais\/019-2021\" target=\"_blank\" rel=\"noopener\">https:\/\/www.ufsm.br\/pro-reitorias\/prpgp\/editais\/019-2021<\/a><\/p>\n<p>A P\u00f3s-Gradua\u00e7\u00e3o em Engenharia de Produ\u00e7\u00e3o, N\u00edvel Doutorado, ofertar\u00e1 6 (seis) vagas.<\/p>\n<p>Conforme o calend\u00e1rio acad\u00eamico, a data de in\u00edcio das aulas do 2\u00ba semestre de 2021 \u00e9 dia 13\/10\/2021 sob Regime de Exerc\u00edcios Domiciliares Especiais para todos os cursos de gradua\u00e7\u00e3o e de p\u00f3s-gradua\u00e7\u00e3o, nas modalidades presencial e EAD.<\/p>\n<p>IMPORTANTE:\u00a0 devido a suspens\u00e3o das atividades acad\u00eamicas e administrativas presenciais, a secretaria do PPGEP n\u00e3o est\u00e1 atendendo de forma presencial, d\u00favidas referente ao Edital espec\u00edfico 019.12\/2021\u00a0podem ser encaminhadas para o email ppgep@ufsm.br<\/p>\n<p>D\u00favidas referente ao Edital geral N. 019\/2021 podem ser encaminhadas \u00e0 Coordenadoria de P\u00f3s-Gradua\u00e7\u00e3o (CPG) da PRPGP, atrav\u00e9s do e-mail cpg.prpgp@ufsm.br<\/p>\n<ul>\n<li>\n<p>EDITAL GERAL\u00a0<a href=\"https:\/\/portal.ufsm.br\/documentos\/download.html?action=arquivosIndexados&amp;download=false&amp;id=13653324\" target=\"_blank\" rel=\"noopener\">Edital N. 019\/2021, 30 de julho de 2021<\/a>, edital da Pr\u00f3-Reitoria de P\u00f3s-Gradua\u00e7\u00e3o e Pesquisa (PRPGP); (30\/07\/2021)<\/p>\n<\/li>\n<li>\n<p>EDITAL ESPEC\u00cdFICO <a href=\"https:\/\/www.ufsm.br\/app\/uploads\/sites\/345\/2021\/07\/EdEsp019.12-21-DoutEngProducao.pdf\" target=\"_blank\" rel=\"noopener\">Edital espec\u00edfico 019.12\/2021<\/a> do processo de sele\u00e7\u00e3o de Mestrado em Engenharia de Produ\u00e7\u00e3o; (30\/07\/2021)<\/p>\n<\/li>\n<li>\n<p><a href=\"https:\/\/www.ufsm.br\/app\/uploads\/sites\/345\/2021\/07\/Orientacoes-inscricao-envio-arquivos-online.pdf\" target=\"_blank\" rel=\"noopener\">ORIENTA\u00c7\u00d5ES PARA INSCRI\u00c7\u00c3O E ENVIO DOS DOCUMENTOS DE FORMA ONLINE<\/a>; (30\/07\/2021)<\/p>\n<\/li>\n<\/ul>\n<ul>\n<li>\n<p>Planilha de Avalia\u00e7\u00e3o do Curr\u00edculo para Sele\u00e7\u00e3o, disponibilizada no link de acesso\u00a0<a href=\"https:\/\/www.ufsm.br\/app\/uploads\/sites\/551\/2020\/12\/Planilha_de_avaliac%CC%A7a%CC%83o_do_curri%CC%81culo_Doutorado_4_dez_20.docx\" target=\"_blank\" rel=\"noopener\">https:\/\/www.ufsm.br\/app\/uploads\/sites\/551\/2020\/12\/Planilha_de_avalia\u00e7\u00e3o_do_curr\u00edculo_Doutorado_4_dez_20.docx<\/a>\u00a0A planilha dever\u00e1 ser preenchida, com assinatura do(a) candidato(a) em todas as p\u00e1ginas e acompanhada de documenta\u00e7\u00e3o comprobat\u00f3ria na ordem da planilha e identificada (cada componente da documenta\u00e7\u00e3o) conforme a numera\u00e7\u00e3o indicada na planilha. O Qualis de refer\u00eancia para a produ\u00e7\u00e3o intelectual\/cient\u00edfica corresponde: publica\u00e7\u00f5es na \u00e1rea nos \u00faltimos 3 anos, conforme Relat\u00f3rio Qualis Peri\u00f3dicos Engenharias III, dispon\u00edvel no link\u00a0<a href=\"https:\/\/www.gov.br\/capes\/pt-br\/centrais-de-conteudo\/relatorio-qualis-eng3-pdf\" target=\"_blank\" rel=\"noopener\">https:\/\/www.gov.br\/capes\/pt-br\/centrais-de-conteudo\/relatorio-qualis-eng3-pdf<\/a> (30\/07\/2021)<\/p>\n<\/li>\n<li>\n<p>C\u00f3pia do anteprojeto de pesquisa, em formato PDF, conforme modelo sugerido do Programa de P\u00f3s-Gradua\u00e7\u00e3o em Engenharia de Produ\u00e7\u00e3o, dispon\u00edvel no link de acesso\u00a0<a href=\"https:\/\/www.ufsm.br\/cursos\/pos-graduacao\/santa-maria\/ppgep\/wp-content\/uploads\/sites\/551\/2019\/04\/Modelo_de_Anteprojeto_de_Pesquisa-1.doc\" target=\"_blank\" rel=\"noopener\">https:\/\/www.ufsm.br\/cursos\/pos-graduacao\/santa-maria\/ppgep\/wp-content\/uploads\/sites\/551\/2019\/04\/Modelo_de_Anteprojeto_de_Pesquisa-1.doc<\/a> (30\/07\/2021)<\/p>\n<\/li>\n<li>\n<p>A solicita\u00e7\u00e3o de reconsidera\u00e7\u00e3o deve ser feita atrav\u00e9s do preenchimento do requerimento dispon\u00edvel no link de acesso\u00a0<a href=\"https:\/\/www.ufsm.br\/app\/uploads\/sites\/551\/2021\/07\/Modelo_de_requerimento_novo.doc\" target=\"_blank\" rel=\"noopener\">https:\/\/www.ufsm.br\/app\/uploads\/sites\/551\/2021\/07\/Modelo_de_requerimento_novo.doc<\/a> (30\/07\/2021)<\/p>\n<\/li>\n<li>\n<p><a href=\"https:\/\/www.ufsm.br\/cursos\/pos-graduacao\/santa-maria\/ppgep\/2021\/08\/03\/edital-n-019-2021-curriculum-vitae-no-modelo-lattes-do-cnpq-com-registro-atualizado-na-plataforma-lattes\/\">Esclarecimento item 3.1.4 Curriculum Vitae no modelo Lattes do CNPq com registro atualizado na Plataforma Lattes<\/a>; (03\/08\/2021)<\/p>\n<\/li>\n<li>\n<p>Segue Informe n. 10 do CNPq, onde consta que j\u00e1 \u00e9 poss\u00edvel, al\u00e9m do acesso, a atualiza\u00e7\u00e3o e novos cadastros na Plataforma Lattes no link\u00a0<a href=\"https:\/\/www.gov.br\/cnpq\/pt-br\/informe-cnpq-10\" target=\"_blank\" rel=\"noopener\" data-saferedirecturl=\"https:\/\/www.google.com\/url?q=https:\/\/www.gov.br\/cnpq\/pt-br\/informe-cnpq-10&amp;source=gmail&amp;ust=1628613462454000&amp;usg=AFQjCNFeRLl-E_xG2pXUZf9aixLnTIEsOw\">https:\/\/www.gov.br\/cnpq\/pt-br\/informe-cnpq-10<\/a> (09\/08\/2021)<\/p>\n<\/li>\n<li>\n<p><a href=\"https:\/\/www.ufsm.br\/app\/uploads\/sites\/345\/2021\/07\/RelInscritos-Edital-019-2021-PRPGP.pdf\" target=\"_blank\" rel=\"noopener\">Rela\u00e7\u00e3o de candidatos(as) com inscri\u00e7\u00e3o homologada<\/a>; (17\/08\/2021)<\/p>\n<\/li>\n<li>\n<p><a href=\"https:\/\/www.ufsm.br\/app\/uploads\/sites\/345\/2021\/07\/RelFinalInscritos-Edital-019-2021-PRPGP.pdf\" target=\"_blank\" rel=\"noopener\">Rela\u00e7\u00e3o final de candidatos(as) com inscri\u00e7\u00e3o homologada<\/a>; (20\/08\/2021)<\/p>\n<\/li>\n<li>\n<p><a href=\"https:\/\/www.ufsm.br\/app\/uploads\/sites\/551\/2021\/08\/Nota_1_Etapa_Classificao_PPGEP_2021-02_DOUTORADO.pdf\" target=\"_blank\" rel=\"noopener\">Nota da Planilha de Avalia\u00e7\u00e3o do Curr\u00edculo para Sele\u00e7\u00e3o<\/a>, conforme item 4.2. do EDITAL ESPEC\u00cdFICO 019.12\/2021, antes do prazo para pedido de reconsidera\u00e7\u00e3o; (25\/08\/2021)<\/p>\n<\/li>\n<li>\n<p><a href=\"https:\/\/www.ufsm.br\/app\/uploads\/sites\/551\/2021\/08\/Nota_1_Etapa_Classificao_apos_PPGEP_2021-02_DOUTORADO.pdf\" target=\"_blank\" rel=\"noopener\">Nota da Planilha de Avalia\u00e7\u00e3o do Curr\u00edculo para Sele\u00e7\u00e3o<\/a><span style=\"color: initial\">, conforme item 4.2. do EDITAL ESPEC\u00cdFICO 019.12\/2021, ap\u00f3s o prazo para pedido de reconsidera\u00e7\u00e3o; (27\/08\/2021)<\/span><\/p>\n<\/li>\n<li>\n<p><a href=\"https:\/\/www.ufsm.br\/app\/uploads\/sites\/551\/2021\/09\/Nota_2_Etapa_Classificao_PPGEP_2021-02_DOUTORADO.pdf\" target=\"_blank\" rel=\"noopener\">Nota da avalia\u00e7\u00e3o do anteprojeto de pesquisa<\/a>, conforme item 4.3 do EDITAL ESPEC\u00cdFICO <span style=\"color: initial\">019.12\/2021<\/span>, antes do prazo para pedido de reconsidera\u00e7\u00e3o; (01\/09\/2021)<\/p>\n<\/li>\n<li>\n<p><a href=\"https:\/\/www.ufsm.br\/app\/uploads\/sites\/551\/2021\/09\/Nota_2_Etapa_Classificao_apos_PPGEP_2021-02_DOUTORADO.pdf\" target=\"_blank\" rel=\"noopener\">Nota da avalia\u00e7\u00e3o do anteprojeto de pesquisa<\/a>, conforme item 4.3 do EDITAL ESPEC\u00cdFICO <span style=\"color: initial\">019.12\/2021<\/span>, ap\u00f3s o prazo para pedido de reconsidera\u00e7\u00e3o; (03\/09\/2021)<\/p>\n<\/li>\n<li>\n<p>ETAPA 4.4. Da Defesa Oral: divulgado o cronograma com as datas e hor\u00e1rios para a realiza\u00e7\u00e3o das defesas orais de cada candidato, rela\u00e7\u00e3o dispon\u00edvel\u00a0<a href=\"https:\/\/www.ufsm.br\/app\/uploads\/sites\/551\/2021\/09\/Entrevistas-Doutorado-Edital-N.019-2021.pdf\" target=\"_blank\" rel=\"noopener\">aqui<\/a>; (03\/09\/2021)<\/p>\n<\/li>\n<li>\n<p><a href=\"https:\/\/www.ufsm.br\/app\/uploads\/sites\/551\/2021\/09\/Relacao-Final-Candidatos-Classificados-15092021_DO.pdf\" target=\"_blank\" rel=\"noopener\">Rela\u00e7\u00e3o Final dos candidatos classificados antes do per\u00edodo previsto \u00e0 interposi\u00e7\u00e3o de recurso administrativo<\/a>; (15\/09\/2021)<\/p>\n<\/li>\n<li>\n<p><a href=\"https:\/\/www.ufsm.br\/app\/uploads\/sites\/345\/2021\/07\/Relacao-Final-Classificados-Edital-019-2021-PRPGP.pdf\" target=\"_blank\" rel=\"noopener\">Rela\u00e7\u00e3o Final dos candidatos classificados<\/a> ap\u00f3s per\u00edodo de recurso administrativo, rela\u00e7\u00e3o publicada pela PRPGP em 04\/10\/2021; (05\/10\/2021)<\/p>\n<\/li>\n<li>\n<p>\u00c9 responsabilidade do candidato acompanhar as atualiza\u00e7\u00f5es e respectivo cronograma de atividades do edital na p\u00e1gina da PRPGP no link\u00a0<a href=\"https:\/\/www.ufsm.br\/pro-reitorias\/prpgp\/editais\/019-2021\/\" target=\"_blank\" rel=\"noopener\">https:\/\/www.ufsm.br\/pro-reitorias\/prpgp\/editais\/019-2021\/<\/a> (05\/10\/2021)<\/p>\n<\/li>\n<\/ul>\n","protected":false},"excerpt":{"rendered":"<p>As Coordena\u00e7\u00f5es dos Programas de P\u00f3s-Gradua\u00e7\u00e3o e a Pr\u00f3-Reitoria de P\u00f3s-gradua\u00e7\u00e3o e Pesquisa (PRPGP) tornam p\u00fablico que no per\u00edodo de 31 de julho a 13 de agosto, at\u00e9 as 15 horas, estar\u00e3o abertas as inscri\u00e7\u00f5es para o processo seletivo de P\u00f3s-gradua\u00e7\u00e3o, em n\u00edvel de Doutorado, Mestrado e Especializa\u00e7\u00e3o, para ingresso no 2\u00ba semestre de 2021. [&hellip;]<\/p>\n","protected":false},"author":818,"featured_media":0,"parent":0,"menu_order":0,"comment_status":"closed","ping_status":"closed","template":"","meta":{"footnotes":""},"categories":[],"tags":[],"class_list":["post-1076","page","type-page","status-publish","hentry"],"acf":[],"_links":{"self":[{"href":"https:\/\/www.ufsm.br\/cursos\/pos-graduacao\/santa-maria\/ppgep\/wp-json\/wp\/v2\/pages\/1076","targetHints":{"allow":["GET"]}}],"collection":[{"href":"https:\/\/www.ufsm.br\/cursos\/pos-graduacao\/santa-maria\/ppgep\/wp-json\/wp\/v2\/pages"}],"about":[{"href":"https:\/\/www.ufsm.br\/cursos\/pos-graduacao\/santa-maria\/ppgep\/wp-json\/wp\/v2\/types\/page"}],"author":[{"embeddable":true,"href":"https:\/\/www.ufsm.br\/cursos\/pos-graduacao\/santa-maria\/ppgep\/wp-json\/wp\/v2\/users\/818"}],"replies":[{"embeddable":true,"href":"https:\/\/www.ufsm.br\/cursos\/pos-graduacao\/santa-maria\/ppgep\/wp-json\/wp\/v2\/comments?post=1076"}],"version-history":[{"count":0,"href":"https:\/\/www.ufsm.br\/cursos\/pos-graduacao\/santa-maria\/ppgep\/wp-json\/wp\/v2\/pages\/1076\/revisions"}],"wp:attachment":[{"href":"https:\/\/www.ufsm.br\/cursos\/pos-graduacao\/santa-maria\/ppgep\/wp-json\/wp\/v2\/media?parent=1076"}],"wp:term":[{"taxonomy":"category","embeddable":true,"href":"https:\/\/www.ufsm.br\/cursos\/pos-graduacao\/santa-maria\/ppgep\/wp-json\/wp\/v2\/categories?post=1076"},{"taxonomy":"post_tag","embeddable":true,"href":"https:\/\/www.ufsm.br\/cursos\/pos-graduacao\/santa-maria\/ppgep\/wp-json\/wp\/v2\/tags?post=1076"}],"curies":[{"name":"wp","href":"https:\/\/api.w.org\/{rel}","templated":true}]}}