{"id":1172,"date":"2021-12-06T16:50:45","date_gmt":"2021-12-06T19:50:45","guid":{"rendered":"https:\/\/www.ufsm.br\/cursos\/pos-graduacao\/santa-maria\/ppgep\/?page_id=1172"},"modified":"2022-02-14T09:47:29","modified_gmt":"2022-02-14T12:47:29","slug":"edital-n-028-2021-30-de-dezembro-de-2021-nivel-doutorado","status":"publish","type":"page","link":"https:\/\/www.ufsm.br\/cursos\/pos-graduacao\/santa-maria\/ppgep\/edital-n-028-2021-30-de-dezembro-de-2021-nivel-doutorado","title":{"rendered":"Edital N. 028\/2021, 30 de dezembro de 2021, N\u00edvel Doutorado"},"content":{"rendered":"\n<p>As Coordena\u00e7\u00f5es dos Programas de P\u00f3s-Gradua\u00e7\u00e3o e a Pr\u00f3-Reitoria de P\u00f3s-gradua\u00e7\u00e3o e Pesquisa (PRPGP) tornam p\u00fablico que no per\u00edodo de 03 a 14 de janeiro de 2022, at\u00e9 \u00e0s 12 horas, estar\u00e3o abertas as inscri\u00e7\u00f5es para o processo seletivo de P\u00f3s-gradua\u00e7\u00e3o, em n\u00edvel de Doutorado, Mestrado e Especializa\u00e7\u00e3o, para ingresso no 1\u00ba semestre letivo de 2022.<\/p>\n<p>As inscri\u00e7\u00f5es ser\u00e3o exclusivamente via web, no endere\u00e7o eletr\u00f4nico <a href=\"https:\/\/portal.ufsm.br\/concursos\/inscricao\/opcoes.html?edicao=4204\" target=\"_blank\" rel=\"noopener\">https:\/\/portal.ufsm.br\/concursos\/inscricao\/opcoes.html?edicao=4204<\/a> em Sistema de inscri\u00e7\u00e3o ao Processo Seletivo do Edital N. 028\/2021 na p\u00e1gina <a href=\"https:\/\/www.ufsm.br\/pro-reitorias\/prpgp\/editais\/028-2021-processo-seletivo-de-pos-graduacao-ingresso-no-1o-semestre-letivo-de-2022\/\" target=\"_blank\" rel=\"noopener\">https:\/\/www.ufsm.br\/pro-reitorias\/prpgp\/editais\/028-2021-processo-seletivo-de-pos-graduacao-ingresso-no-1o-semestre-letivo-de-2022\/<\/a><\/p>\n<p>A P\u00f3s-Gradua\u00e7\u00e3o em Engenharia de Produ\u00e7\u00e3o, N\u00edvel Doutorado, ofertar\u00e1 8 (oito) vagas.<\/p>\n<p>A PRPGP elaborou este edital em conjunto com os Programas\/Cursos de P\u00f3s-Gradua\u00e7\u00e3o da UFSM e ser\u00e1 realizado de forma totalmente remota, no qual todo o processo seletivo ser\u00e1 feito de forma online, sem a exig\u00eancia de atividade presencial elaborada pelos candidatos.<\/p>\n<p>Os cursos de P\u00f3s-Gradua\u00e7\u00e3o deste edital tem suas atividades acad\u00eamicas realizadas de forma\u00a0<strong>presencial.\u00a0<\/strong>Entretanto,\u00a0<strong>durante a pandemia<\/strong>\u00a0e enquanto vigorar o Regime de Exerc\u00edcios Domiciliares, o REDE (<a href=\"https:\/\/portal.ufsm.br\/documentos\/publico\/documento.html?id=13137456\">Resolu\u00e7\u00e3o 024\/2020<\/a>),\u00a0<strong>as aulas ser\u00e3o ministradas de forma remota\/online e o conte\u00fado pr\u00e1tico ser\u00e1 realizado com o retorno das atividades acad\u00eamicas e administrativas presenciais na UFSM.<\/strong>\u00a0O retorno das atividades acad\u00eamicas presenciais ainda est\u00e1 sendo avaliado e ser\u00e1 divulgado ap\u00f3s homologa\u00e7\u00e3o do calend\u00e1rio acad\u00eamico 2022.<\/p>\n<p><strong>Informa\u00e7\u00f5es sobre o REDE:<\/strong><\/p>\n<p><a href=\"https:\/\/portal.ufsm.br\/documentos\/publico\/documento.html?id=13137456\"><strong>Resolu\u00e7\u00e3o sobre o REDE<\/strong>\u00a0\u2013 https:\/\/portal.ufsm.br\/documentos\/publico\/documento.html?id=13137456<\/a><br \/><a href=\"https:\/\/www.ufsm.br\/coronavirus\/perguntas-frequentes\/\"><strong>Perguntas e Respostas sobre o REDE<\/strong>\u00a0\u2013 https:\/\/www.ufsm.br\/coronavirus\/perguntas-frequentes\/<\/a><br \/><a href=\"https:\/\/www.ufsm.br\/2020\/06\/25\/plataforma-ufsm-em-rede-e-lancada-com-o-intuito-de-auxiliar-o-ensino-remoto\/\"><strong>Plataforma UFSM em REDE<\/strong>\u00a0\u2013 https:\/\/www.ufsm.br\/2020\/06\/25\/plataforma-ufsm-em-rede-e-lancada-com-o-intuito-de-auxiliar-o-ensino-remoto\/<\/a><\/p>\n<p>\u00a0<\/p>\n<p>IMPORTANTE: devido as diretrizes estabelecidas no\u00a0<a href=\"https:\/\/www.ufsm.br\/app\/uploads\/sites\/820\/2021\/09\/Manual-de-Biosseguranca-5ed-2.pdf\" target=\"_blank\" rel=\"noopener\">Manual de Biosseguran\u00e7a da UFSM<\/a>\u00a0e conforme a\u00a0\u00a0<a href=\"https:\/\/www.ufsm.br\/app\/uploads\/2021\/10\/Documento.pdf\" target=\"_blank\" rel=\"noopener\">Portaria Normativa UFSM N. 035, de 25 de outubro de 2021<\/a> , atendimentos presenciais poder\u00e3o ser agendados. Evite o deslocamento at\u00e9 o Campus. Para esclarecer d\u00favidas sobre o edital espec\u00edfico, priorize o encaminhamento da d\u00favida via telefone (55 322086-19) ou por e-mail (ppgep@ufsm.br ou ppgep.edital.selecao@ufsm.br).<\/p>\n<p>D\u00favidas referentes ao Edital Geral de sele\u00e7\u00e3o podem ser encaminhadas \u00e0 Coordenadoria de P\u00f3s-Gradua\u00e7\u00e3o (CPG) da PRPGP atrav\u00e9s do e-mail editais.cpg@ufsm.br\u00a0<\/p>\n<ul>\n<li>\n<p>EDITAL GERAL\u00a0<a href=\"https:\/\/www.ufsm.br\/app\/uploads\/sites\/345\/2021\/12\/EDIT_INGRE_PRPGP_2021_28.pdf\" target=\"_blank\" rel=\"noopener\">Edital N. 028\/2021, 30 de dezembro de 2021<\/a>, edital da Pr\u00f3-Reitoria de P\u00f3s-Gradua\u00e7\u00e3o e Pesquisa (PRPGP); (30\/12\/2021)<\/p>\n<\/li>\n<li>\n<p><a href=\"https:\/\/www.ufsm.br\/app\/uploads\/sites\/345\/2021\/12\/17EDIT_INGRE_ENGPROD_DOUT_2021_28.pdf\" target=\"_blank\" rel=\"noopener\">EDITAL ESPEC\u00cdFICO \u2013 DOUTORADO EM ENGENHARIA DE PRODU\u00c7\u00c3O<\/a>; (30\/12\/2021)<\/p>\n<\/li>\n<li>\n<p><a href=\"https:\/\/www.ufsm.br\/app\/uploads\/sites\/345\/2022\/01\/Candidatos-Orientacoes-inscricao-envio-arquivos-online.pdf\" target=\"_blank\" rel=\"noopener\">Orienta\u00e7\u00f5es para inscri\u00e7\u00e3o e envio de documentos online<\/a>; (04\/01\/2022)<\/p>\n<\/li>\n<li>\n<p><a href=\"https:\/\/www.ufsm.br\/app\/uploads\/sites\/345\/2021\/12\/RELAC_PREV_INSCRI_2021_28.pdf\" target=\"_blank\" rel=\"noopener\">Rela\u00e7\u00e3o pr\u00e9via de candidatos(as) com inscri\u00e7\u00e3o homologada<\/a>; (19\/01\/2022)<\/p>\n<\/li>\n<li>\n<p><a href=\"https:\/\/www.ufsm.br\/app\/uploads\/sites\/345\/2021\/12\/RELAC_FIN_INSCRI_2021_28_.pdf\" target=\"_blank\" rel=\"noopener\">Rela\u00e7\u00e3o final de candidatos(as) inscritos(as)<\/a>; (21\/01\/2022)<\/p>\n<\/li>\n<li>\n<p><a href=\"https:\/\/www.ufsm.br\/app\/uploads\/sites\/551\/2022\/01\/Nota_1_Etapa_Classificao_PPGEP_2022-01_DOUTORADO.pdf\" target=\"_blank\" rel=\"noopener\">Nota da Planilha de Avalia\u00e7\u00e3o do Curr\u00edculo para Sele\u00e7\u00e3o<\/a>, conforme item 4.2. do EDITAL ESPEC\u00cdFICO, antes do prazo para pedido de reconsidera\u00e7\u00e3o; (26\/01\/2022)<\/p>\n<\/li>\n<li>\n<p><a href=\"https:\/\/www.ufsm.br\/app\/uploads\/sites\/551\/2022\/01\/Nota_1_Etapa_Classificao_apos_PPGEP_2022-01_DOUTORADO.pdf\" target=\"_blank\" rel=\"noopener\">Nota da Planilha de Avalia\u00e7\u00e3o do Curr\u00edculo para Sele\u00e7\u00e3o<\/a>, conforme item 4.2. do EDITAL ESPEC\u00cdFICO, ap\u00f3s o prazo para pedido de reconsidera\u00e7\u00e3o; (28\/01\/2022)<\/p>\n<\/li>\n<li>\n<p><a href=\"https:\/\/www.ufsm.br\/app\/uploads\/sites\/551\/2022\/02\/Nota_2_Etapa_Classificao_PPGEP_2022-01_DOUTORADO.pdf\" target=\"_blank\" rel=\"noopener\">Nota da avalia\u00e7\u00e3o do anteprojeto de pesquisa<\/a>, conforme item 4.3 do EDITAL ESPEC\u00cdFICO, antes do prazo para pedido de reconsidera\u00e7\u00e3o; (02\/02\/2022)<\/p>\n<\/li>\n<li>\n<p><a href=\"https:\/\/www.ufsm.br\/app\/uploads\/sites\/551\/2022\/02\/Nota_2_Etapa_Classificao_apos_PPGEP_2022-01_DOUTORADO.pdf\" target=\"_blank\" rel=\"noopener\">Nota da avalia\u00e7\u00e3o do anteprojeto de pesquisa<\/a>, conforme item 4.3 do EDITAL ESPEC\u00cdFICO, ap\u00f3s o prazo para pedido de reconsidera\u00e7\u00e3o; (04\/02\/2022)<\/p>\n<\/li>\n<li>\n<p>ETAPA 4.4. Da Defesa Oral: cronograma com as datas e hor\u00e1rios para a realiza\u00e7\u00e3o das defesas orais de cada candidato, rela\u00e7\u00e3o dispon\u00edvel <a href=\"https:\/\/www.ufsm.br\/app\/uploads\/sites\/551\/2022\/02\/Entrevistas-Mestrado-e-Doutorado-Edital-N.-028-2021_Divulgacao.pdf\" target=\"_blank\" rel=\"noopener\">aqui<\/a>; (04\/02\/2022)<\/p>\n<\/li>\n<li>\n<p><a href=\"https:\/\/www.ufsm.br\/app\/uploads\/sites\/551\/2022\/02\/Relacao-Final-Candidatos-Classificados-14022022_DO.pdf\" target=\"_blank\" rel=\"noopener\">Rela\u00e7\u00e3o Final dos candidatos classificados<\/a> antes do per\u00edodo previsto \u00e0 interposi\u00e7\u00e3o de recurso administrativo; (14\/02\/2022)<\/p>\n<\/li>\n<li>\n<p>\u00c9 responsabilidade do candidato acompanhar as atualiza\u00e7\u00f5es e respectivo cronograma de atividades do edital na p\u00e1gina da PRPGP no link\u00a0<a href=\"https:\/\/www.ufsm.br\/pro-reitorias\/prpgp\/editais\/028-2021-processo-seletivo-de-pos-graduacao-ingresso-no-1o-semestre-letivo-de-2022\/\" target=\"_blank\" rel=\"noopener\">aqui<\/a> (14\/02\/2022)<\/p>\n<\/li>\n<\/ul>\n","protected":false},"excerpt":{"rendered":"<p>As Coordena\u00e7\u00f5es dos Programas de P\u00f3s-Gradua\u00e7\u00e3o e a Pr\u00f3-Reitoria de P\u00f3s-gradua\u00e7\u00e3o e Pesquisa (PRPGP) tornam p\u00fablico que no per\u00edodo de 03 a 14 de janeiro de 2022, at\u00e9 \u00e0s 12 horas, estar\u00e3o abertas as inscri\u00e7\u00f5es para o processo seletivo de P\u00f3s-gradua\u00e7\u00e3o, em n\u00edvel de Doutorado, Mestrado e Especializa\u00e7\u00e3o, para ingresso no 1\u00ba semestre letivo de [&hellip;]<\/p>\n","protected":false},"author":818,"featured_media":0,"parent":0,"menu_order":0,"comment_status":"closed","ping_status":"closed","template":"","meta":{"footnotes":""},"categories":[],"tags":[],"class_list":["post-1172","page","type-page","status-publish","hentry"],"acf":[],"_links":{"self":[{"href":"https:\/\/www.ufsm.br\/cursos\/pos-graduacao\/santa-maria\/ppgep\/wp-json\/wp\/v2\/pages\/1172","targetHints":{"allow":["GET"]}}],"collection":[{"href":"https:\/\/www.ufsm.br\/cursos\/pos-graduacao\/santa-maria\/ppgep\/wp-json\/wp\/v2\/pages"}],"about":[{"href":"https:\/\/www.ufsm.br\/cursos\/pos-graduacao\/santa-maria\/ppgep\/wp-json\/wp\/v2\/types\/page"}],"author":[{"embeddable":true,"href":"https:\/\/www.ufsm.br\/cursos\/pos-graduacao\/santa-maria\/ppgep\/wp-json\/wp\/v2\/users\/818"}],"replies":[{"embeddable":true,"href":"https:\/\/www.ufsm.br\/cursos\/pos-graduacao\/santa-maria\/ppgep\/wp-json\/wp\/v2\/comments?post=1172"}],"version-history":[{"count":0,"href":"https:\/\/www.ufsm.br\/cursos\/pos-graduacao\/santa-maria\/ppgep\/wp-json\/wp\/v2\/pages\/1172\/revisions"}],"wp:attachment":[{"href":"https:\/\/www.ufsm.br\/cursos\/pos-graduacao\/santa-maria\/ppgep\/wp-json\/wp\/v2\/media?parent=1172"}],"wp:term":[{"taxonomy":"category","embeddable":true,"href":"https:\/\/www.ufsm.br\/cursos\/pos-graduacao\/santa-maria\/ppgep\/wp-json\/wp\/v2\/categories?post=1172"},{"taxonomy":"post_tag","embeddable":true,"href":"https:\/\/www.ufsm.br\/cursos\/pos-graduacao\/santa-maria\/ppgep\/wp-json\/wp\/v2\/tags?post=1172"}],"curies":[{"name":"wp","href":"https:\/\/api.w.org\/{rel}","templated":true}]}}