{"id":1236,"date":"2022-03-04T08:28:18","date_gmt":"2022-03-04T11:28:18","guid":{"rendered":"https:\/\/www.ufsm.br\/cursos\/pos-graduacao\/santa-maria\/ppgep\/?page_id=1236"},"modified":"2026-03-17T13:03:01","modified_gmt":"2026-03-17T16:03:01","slug":"selecao-interna-doutorado-sanduiche-2","status":"publish","type":"page","link":"https:\/\/www.ufsm.br\/cursos\/pos-graduacao\/santa-maria\/ppgep\/selecao-interna-doutorado-sanduiche-2","title":{"rendered":"Programa de Doutorado-sandu\u00edche no Exterior (PDSE)"},"content":{"rendered":"\n<p>O PDSE foi institu\u00eddo em 2011, em substitui\u00e7\u00e3o ao Doutorado Sandu\u00edche Balc\u00e3o e ao Programa de Doutorado no Pa\u00eds com Est\u00e1gio no Exterior (PDEE). A altera\u00e7\u00e3o visou dar maior agilidade no processo de implementa\u00e7\u00e3o das bolsas de est\u00e1gio de doutorando no exterior.<\/p>\n<p>A Pr\u00f3-Reitoria de P\u00f3s-gradua\u00e7\u00e3o das IES, ou \u00f3rg\u00e3o equivalente, \u00e9 respons\u00e1vel por divulgar o PDSE, homologar as candidaturas aprovadas pelos programas de p\u00f3s-gradua\u00e7\u00e3o eleg\u00edveis, divulgar os resultados, realizar o acompanhamento dos bolsistas e egressos, mantendo a CAPES informada sobre o andamento do est\u00e1gio no exterior e garantindo o cumprimento das normas do PDSE.<\/p>\n<p>Tipo de programa: bolsa individual<\/p>\n<p>Objetivo: apoiar a forma\u00e7\u00e3o de recursos humanos de alto n\u00edvel por meio da concess\u00e3o de bolsas de doutorado sandu\u00edche no exterior aos cursos de Doutorado reconhecidos pela CAPES. O est\u00e1gio no exterior deve contemplar, prioritariamente, a realiza\u00e7\u00e3o de pesquisas em \u00e1reas do conhecimento menos consolidadas no Brasil.<\/p>\n<p>Modalidade: <span style=\"font-size: revert;color: initial\">Doutorado Sandu\u00edche<\/span><\/p>\n<p>Benef\u00edcios:<\/p>\n<ul>\n<li>Mensalidade<\/li>\n<li>Aux\u00edlio deslocamento<\/li>\n<li>Aux\u00edlio instala\u00e7\u00e3o<\/li>\n<li>Aux\u00edlio seguro-sa\u00fade<\/li>\n<li>Adicional localidade, quando for o caso.<\/li>\n<\/ul>\n<p><span data-olk-copy-source=\"MessageBody\">Dura\u00e7\u00e3o: m\u00ednimo 4 (quatro) meses e no m\u00e1ximo 9 (nove) meses.<\/span><\/p>\n<p>Fonte: <a href=\"https:\/\/www.gov.br\/capes\/pt-br\/acesso-a-informacao\/acoes-e-programas\/bolsas\/bolsas-e-auxilios-internacionais\/encontre-aqui\/paises\/multinacional\/programa-de-doutorado-sanduiche-no-exterior-pdse\" target=\"_blank\" rel=\"noopener\">https:\/\/www.gov.br\/capes\/pt-br\/acesso-a-informacao\/acoes-e-programas\/bolsas\/bolsas-e-auxilios-internacionais\/encontre-aqui\/paises\/multinacional\/programa-de-doutorado-sanduiche-no-exterior-pdse<\/a><\/p>\n<p><strong>SELE\u00c7\u00c3O INTERNA DO PROGRAMA DE P\u00d3S-GRADUA\u00c7\u00c3O EM ENGENHARIA DE PRODU\u00c7\u00c3O PARA O PDSE<\/strong><\/p>\n<p>\u00daltimos editais internos:<\/p>\n<ul>\n<li>\n<p><a href=\"https:\/\/www.ufsm.br\/cursos\/pos-graduacao\/santa-maria\/ppgep\/editais\/001-2026\" target=\"_blank\" rel=\"noopener\">Edital N. 01\/2026\/PPGEP<\/a>, de acordo com o Edital N.17\/2025 da CAPES (2\u00aa janela); (16\/01\/2026)<\/p>\n<\/li>\n<li>\n<p><a href=\"https:\/\/www.ufsm.br\/cursos\/pos-graduacao\/santa-maria\/ppgep\/editais\/013-2025\" target=\"_blank\" rel=\"noopener\">Edital N. 13\/2025\/PPGEP<\/a>, de acordo com o Edital N.17\/2025 da CAPES (1\u00aa janela); (08\/09\/2025)<\/p>\n<\/li>\n<li>\n<p><a href=\"https:\/\/www.ufsm.br\/cursos\/pos-graduacao\/santa-maria\/ppgep\/editais\/001-2025\" target=\"_blank\" rel=\"noopener\">Edital N. 01\/2025\/PPGEP<\/a><span style=\"color: initial\">, de acordo com o Edital N.26\/2024 da CAPES; (15\/01\/2025)<\/span><\/p>\n<\/li>\n<li>\n<p><a href=\"https:\/\/www.ufsm.br\/cursos\/pos-graduacao\/santa-maria\/ppgep\/edital-n-03-2024-ppgep-de-acordo-com-o-edital-n-06-2024-da-capes\">Edital N. 03\/2024\/PPGEP<\/a>, de acordo com o Edital N.06\/2024 da CAPES; (01\/04\/2024)<\/p>\n<\/li>\n<li>\n<p><a href=\"https:\/\/www.ufsm.br\/cursos\/pos-graduacao\/santa-maria\/ppgep\/edital-n-11-2023-ppgep-de-acordo-com-o-edital-n-030-2023-da-capes\" target=\"_blank\" rel=\"noopener\">Edital N. 11\/2023\/PPGEP<\/a>, de acordo com o Edital N.30\/2023 da CAPES; (10\/11\/2023)<\/p>\n<\/li>\n<li>\n<p><a href=\"https:\/\/www.ufsm.br\/cursos\/pos-graduacao\/santa-maria\/ppgep\/edital-n-01-2023-ppgep-de-acordo-com-o-edital-n-044-2022-da-capes-2\">Edital N. 01\/2023\/PPGEP<\/a>, de acordo com o Edital N.044\/2022 da CAPES; (23\/01\/2023)<\/p>\n<\/li>\n<\/ul>\n<ul>\n<li>\n<p><a href=\"https:\/\/www.ufsm.br\/cursos\/pos-graduacao\/santa-maria\/ppgep\/edital-n-02-2022-ppgep-de-acordo-com-o-edital-n-010-2022-da-capes\/\">Edital N. 02\/2022\/PPGEP<\/a>, de acordo com o Edital N.010\/2022 da CAPES; (16\/02\/2022)<\/p>\n<\/li>\n<li>\n<p><a href=\"https:\/\/www.ufsm.br\/cursos\/pos-graduacao\/santa-maria\/ppgep\/edital-n-05-2021-ppgep-de-acordo-com-o-edital-n-019-2020-da-capes\/\">Edital N. 05\/2021\/PPGEP<\/a>, de acordo com o Edital N.019\/2020 da CAPES; (09\/10\/2020)<\/p>\n<\/li>\n<\/ul>\n","protected":false},"excerpt":{"rendered":"<p>O PDSE foi institu\u00eddo em 2011, em substitui\u00e7\u00e3o ao Doutorado Sandu\u00edche Balc\u00e3o e ao Programa de Doutorado no Pa\u00eds com Est\u00e1gio no Exterior (PDEE). A altera\u00e7\u00e3o visou dar maior agilidade no processo de implementa\u00e7\u00e3o das bolsas de est\u00e1gio de doutorando no exterior. A Pr\u00f3-Reitoria de P\u00f3s-gradua\u00e7\u00e3o das IES, ou \u00f3rg\u00e3o equivalente, \u00e9 respons\u00e1vel por divulgar [&hellip;]<\/p>\n","protected":false},"author":818,"featured_media":0,"parent":0,"menu_order":0,"comment_status":"closed","ping_status":"closed","template":"","meta":{"footnotes":""},"categories":[],"tags":[],"class_list":["post-1236","page","type-page","status-publish","hentry"],"acf":[],"_links":{"self":[{"href":"https:\/\/www.ufsm.br\/cursos\/pos-graduacao\/santa-maria\/ppgep\/wp-json\/wp\/v2\/pages\/1236","targetHints":{"allow":["GET"]}}],"collection":[{"href":"https:\/\/www.ufsm.br\/cursos\/pos-graduacao\/santa-maria\/ppgep\/wp-json\/wp\/v2\/pages"}],"about":[{"href":"https:\/\/www.ufsm.br\/cursos\/pos-graduacao\/santa-maria\/ppgep\/wp-json\/wp\/v2\/types\/page"}],"author":[{"embeddable":true,"href":"https:\/\/www.ufsm.br\/cursos\/pos-graduacao\/santa-maria\/ppgep\/wp-json\/wp\/v2\/users\/818"}],"replies":[{"embeddable":true,"href":"https:\/\/www.ufsm.br\/cursos\/pos-graduacao\/santa-maria\/ppgep\/wp-json\/wp\/v2\/comments?post=1236"}],"version-history":[{"count":0,"href":"https:\/\/www.ufsm.br\/cursos\/pos-graduacao\/santa-maria\/ppgep\/wp-json\/wp\/v2\/pages\/1236\/revisions"}],"wp:attachment":[{"href":"https:\/\/www.ufsm.br\/cursos\/pos-graduacao\/santa-maria\/ppgep\/wp-json\/wp\/v2\/media?parent=1236"}],"wp:term":[{"taxonomy":"category","embeddable":true,"href":"https:\/\/www.ufsm.br\/cursos\/pos-graduacao\/santa-maria\/ppgep\/wp-json\/wp\/v2\/categories?post=1236"},{"taxonomy":"post_tag","embeddable":true,"href":"https:\/\/www.ufsm.br\/cursos\/pos-graduacao\/santa-maria\/ppgep\/wp-json\/wp\/v2\/tags?post=1236"}],"curies":[{"name":"wp","href":"https:\/\/api.w.org\/{rel}","templated":true}]}}