{"id":1237,"date":"2022-03-04T08:37:26","date_gmt":"2022-03-04T11:37:26","guid":{"rendered":"https:\/\/www.ufsm.br\/cursos\/pos-graduacao\/santa-maria\/ppgep\/?page_id=1237"},"modified":"2022-03-23T17:41:51","modified_gmt":"2022-03-23T20:41:51","slug":"edital-n-02-2022-ppgep-de-acordo-com-o-edital-n-010-2022-da-capes","status":"publish","type":"page","link":"https:\/\/www.ufsm.br\/cursos\/pos-graduacao\/santa-maria\/ppgep\/edital-n-02-2022-ppgep-de-acordo-com-o-edital-n-010-2022-da-capes","title":{"rendered":"Edital N. 02\/2022\/PPGEP, de acordo com o Edital N.010\/2022 da CAPES"},"content":{"rendered":"\n<p>O Programa de P\u00f3s-Gradua\u00e7\u00e3o em Engenharia de Produ\u00e7\u00e3o da Universidade Federal de Santa Maria torna p\u00fablico o processo de sele\u00e7\u00e3o de candidatos(as) ao Programa Nacional de Doutorado Sandu\u00edche no Exterior (PDSE), Edital N. 02\/2022\/PPGEP (a divulgar em 07\/03\/2022), de acordo com o <a href=\"https:\/\/www.gov.br\/capes\/pt-br\/centrais-de-conteudo\/editais\/16022022_Edital10.22PDSE.pdf\">Edital N.010\/2022 da CAPES<\/a>.<\/p>\n<p>Ser\u00e1 concedida 01 (uma) bolsa de Doutorado Sandu\u00edche no Exterior com vig\u00eancia m\u00ednima de 06 (seis) meses e m\u00e1ximo de 10 (dez) meses a um aluno de doutorado do PPGEP, de acordo com os requisitos descritos no edital.<\/p>\n<p>Esta sele\u00e7\u00e3o \u00e9 interna e contempla a um aluno de Doutorado do PPGEP.<\/p>\n<p><strong>As inscri\u00e7\u00f5es \u00e0 sele\u00e7\u00e3o interna acontecem de 07\/03\/2022 a 17\/03\/2022 \u00e0s 23h59min.<\/strong><a href=\"https:\/\/www.ufsm.br\/app\/uploads\/sites\/551\/2022\/03\/Edital-N.-02-2022-PPGEP-CAPES.pdf\" target=\"_blank\" rel=\"noopener\">\u00a0ACESSE O EDITAL AQUI!<\/a> A leitura do edital interno n\u00e3o isenta a leitura do <a href=\"https:\/\/www.gov.br\/capes\/pt-br\/centrais-de-conteudo\/editais\/16022022_Edital10.22PDSE.pdf\">Edital N.10\/2022 da CAPES<\/a> no link abaixo.<\/p>\n<p>Acesse\u00a0<a href=\"https:\/\/www.gov.br\/capes\/pt-br\/acesso-a-informacao\/acoes-e-programas\/bolsas\/bolsas-e-auxilios-internacionais\/encontre-aqui\/paises\/multinacional\/programa-de-doutorado-sanduiche-no-exterior-pdse\" target=\"_blank\" rel=\"noopener noreferrer\" data-saferedirecturl=\"https:\/\/www.google.com\/url?q=https:\/\/www.gov.br\/capes\/pt-br\/acesso-a-informacao\/acoes-e-programas\/bolsas\/bolsas-e-auxilios-internacionais\/encontre-aqui\/paises\/multinacional\/programa-de-doutorado-sanduiche-no-exterior-pdse&amp;source=gmail&amp;ust=1615331076736000&amp;usg=AFQjCNH0OGvqdwHg9GN6CNdPrXZ2bYDLvg\">AQUI<\/a> a p\u00e1gina na CAPES \u2013 Programa de Doutorado Sandu\u00edche no Exterior e do Edital N. 10\/2022\/CAPES.<\/p>\n<ul>\n<li>Para acompanhar as etapas de avalia\u00e7\u00e3o e sele\u00e7\u00e3o interna no PPGEP, clique <a href=\"https:\/\/www.ufsm.br\/cursos\/pos-graduacao\/santa-maria\/ppgep\/editais\/002-2022\/\" target=\"_blank\" rel=\"noopener\">aqui<\/a>.<\/li>\n<\/ul>\n","protected":false},"excerpt":{"rendered":"<p>O Programa de P\u00f3s-Gradua\u00e7\u00e3o em Engenharia de Produ\u00e7\u00e3o da Universidade Federal de Santa Maria torna p\u00fablico o processo de sele\u00e7\u00e3o de candidatos(as) ao Programa Nacional de Doutorado Sandu\u00edche no Exterior (PDSE), Edital N. 02\/2022\/PPGEP (a divulgar em 07\/03\/2022), de acordo com o Edital N.010\/2022 da CAPES. Ser\u00e1 concedida 01 (uma) bolsa de Doutorado Sandu\u00edche no [&hellip;]<\/p>\n","protected":false},"author":818,"featured_media":0,"parent":0,"menu_order":0,"comment_status":"closed","ping_status":"closed","template":"","meta":{"footnotes":""},"categories":[],"tags":[],"class_list":["post-1237","page","type-page","status-publish","hentry"],"acf":[],"_links":{"self":[{"href":"https:\/\/www.ufsm.br\/cursos\/pos-graduacao\/santa-maria\/ppgep\/wp-json\/wp\/v2\/pages\/1237","targetHints":{"allow":["GET"]}}],"collection":[{"href":"https:\/\/www.ufsm.br\/cursos\/pos-graduacao\/santa-maria\/ppgep\/wp-json\/wp\/v2\/pages"}],"about":[{"href":"https:\/\/www.ufsm.br\/cursos\/pos-graduacao\/santa-maria\/ppgep\/wp-json\/wp\/v2\/types\/page"}],"author":[{"embeddable":true,"href":"https:\/\/www.ufsm.br\/cursos\/pos-graduacao\/santa-maria\/ppgep\/wp-json\/wp\/v2\/users\/818"}],"replies":[{"embeddable":true,"href":"https:\/\/www.ufsm.br\/cursos\/pos-graduacao\/santa-maria\/ppgep\/wp-json\/wp\/v2\/comments?post=1237"}],"version-history":[{"count":0,"href":"https:\/\/www.ufsm.br\/cursos\/pos-graduacao\/santa-maria\/ppgep\/wp-json\/wp\/v2\/pages\/1237\/revisions"}],"wp:attachment":[{"href":"https:\/\/www.ufsm.br\/cursos\/pos-graduacao\/santa-maria\/ppgep\/wp-json\/wp\/v2\/media?parent=1237"}],"wp:term":[{"taxonomy":"category","embeddable":true,"href":"https:\/\/www.ufsm.br\/cursos\/pos-graduacao\/santa-maria\/ppgep\/wp-json\/wp\/v2\/categories?post=1237"},{"taxonomy":"post_tag","embeddable":true,"href":"https:\/\/www.ufsm.br\/cursos\/pos-graduacao\/santa-maria\/ppgep\/wp-json\/wp\/v2\/tags?post=1237"}],"curies":[{"name":"wp","href":"https:\/\/api.w.org\/{rel}","templated":true}]}}