{"id":1505,"date":"2022-09-16T12:08:34","date_gmt":"2022-09-16T15:08:34","guid":{"rendered":"https:\/\/www.ufsm.br\/cursos\/pos-graduacao\/santa-maria\/ppgep\/?page_id=1505"},"modified":"2022-12-23T11:59:08","modified_gmt":"2022-12-23T14:59:08","slug":"edital-n-030-2022-30-de-setembro-de-2022-nivel-doutorado","status":"publish","type":"page","link":"https:\/\/www.ufsm.br\/cursos\/pos-graduacao\/santa-maria\/ppgep\/edital-n-030-2022-30-de-setembro-de-2022-nivel-doutorado","title":{"rendered":"Edital N. 030\/2022, 30 de setembro de 2022, N\u00edvel Doutorado"},"content":{"rendered":"\n<p>As Coordena\u00e7\u00f5es dos Programas de P\u00f3s-Gradua\u00e7\u00e3o e a Pr\u00f3-Reitoria de P\u00f3s-gradua\u00e7\u00e3o e Pesquisa (PRPGP) tornam p\u00fablico que no per\u00edodo de\u00a0<b>30 de setembro de 2022 at\u00e9 \u00e0s 12h do dia 28 de novembro de 2022<\/b>, estar\u00e3o abertas as inscri\u00e7\u00f5es para o processo seletivo de P\u00f3s-gradua\u00e7\u00e3o, em n\u00edvel de Doutorado, Mestrado e Especializa\u00e7\u00e3o, para ingresso no 1\u00ba semestre letivo de 2023.<\/p>\n<p>As inscri\u00e7\u00f5es ser\u00e3o exclusivamente via web, no endere\u00e7o eletr\u00f4nico\u00a0<a href=\"https:\/\/portal.ufsm.br\/concursos\/inscricao\/opcoes.html?edicao=4561\" target=\"_blank\" rel=\"noopener\">https:\/\/portal.ufsm.br\/concursos\/inscricao\/opcoes.html?edicao=4362<\/a>\u00a0em Sistema de inscri\u00e7\u00e3o ao Processo Seletivo do Edital N. 030\/2022 na p\u00e1gina\u00a0<a href=\"https:\/\/www.ufsm.br\/pro-reitorias\/prpgp\/editais\/030-2022\/\" target=\"_blank\" rel=\"noopener\">https:\/\/www.ufsm.br\/pro-reitorias\/prpgp\/editais\/012-2022\/<\/a><\/p>\n<p>A P\u00f3s-Gradua\u00e7\u00e3o em Engenharia de Produ\u00e7\u00e3o, N\u00edvel Doutorado, ofertar\u00e1 14(quatorze) vagas.<\/p>\n<div>\n<p>Para esclarecer d\u00favidas referentes ao Edital Geral de sele\u00e7\u00e3o podem ser encaminhadas \u00e0 Coordenadoria de P\u00f3s-Gradua\u00e7\u00e3o (CPG) da PRPGP atrav\u00e9s do e-mail editais.cpg@ufsm.br\u00a0<\/p>\n<p>Para esclarecer d\u00favidas sobre o edital espec\u00edfico, atendimento pessoal no campus da UFSM, pr\u00e9dio 08 (INPE) sala 2057 ou priorize o encaminhamento da d\u00favida via telefone (55 322086-19) ou por e-mail (ppgep.edital.selecao@ufsm.br).\u00a0<\/p>\n<ul>\n<li>\n<p><a href=\"https:\/\/portal.ufsm.br\/documentos\/download.html?action=arquivosIndexados&amp;id=14413362&amp;download=false\" target=\"_blank\" rel=\"noopener\">EDITAL GERAL Edital N. 030\/2022<\/a>, 30 de setembro de 2022, edital da Pr\u00f3-Reitoria de P\u00f3s-Gradua\u00e7\u00e3o e Pesquisa (PRPGP); (30\/09\/2022)<\/p>\n<\/li>\n<li>\n<p><a href=\"https:\/\/www.ufsm.br\/app\/uploads\/sites\/345\/2022\/09\/17.Ed_EngProd_DOUT_30_2022.pdf\" target=\"_blank\" rel=\"noopener\">EDITAL ESPEC\u00cdFICO \u2013 DOUTORADO EM ENGENHARIA DE PRODU\u00c7\u00c3O<\/a>; (30\/09\/2022)<\/p>\n<\/li>\n<li>\n<p>Divulga\u00e7\u00e3o das rela\u00e7\u00f5es pr\u00e9via e final de candidatos(as) que efetuaram o pagamento da taxa de inscri\u00e7\u00e3o no link\u00a0<a href=\"https:\/\/www.ufsm.br\/pro-reitorias\/prpgp\/editais\/030-2022\/\" target=\"_blank\" rel=\"noopener\">https:\/\/www.ufsm.br\/pro-reitorias\/prpgp\/editais\/030-2022\/<\/a>\u00a0(29\/11\/2022)<\/p>\n<\/li>\n<li>\n<p><a href=\"https:\/\/www.ufsm.br\/app\/uploads\/sites\/551\/2022\/12\/Nota_1_Etapa_Classificao_PPGEP_2023-01_DOUTORADO.pdf\" target=\"_blank\" rel=\"noopener\">Nota da Planilha de Avalia\u00e7\u00e3o do Curr\u00edculo para Sele\u00e7\u00e3o<\/a>, conforme item 4.2. do EDITAL ESPEC\u00cdFICO, antes do prazo para pedido de reconsidera\u00e7\u00e3o; (07\/12\/2022)<\/p>\n<\/li>\n<li>\n<p><a href=\"https:\/\/www.ufsm.br\/app\/uploads\/sites\/551\/2022\/12\/Nota_1_Etapa_Classificao_apos_PPGEP_2023-01_DOUTORADO.pdf\" target=\"_blank\" rel=\"noopener\">Nota da Planilha de Avalia\u00e7\u00e3o do Curr\u00edculo para Sele\u00e7\u00e3o<\/a>, conforme item 4.2. do EDITAL ESPEC\u00cdFICO, ap\u00f3s o prazo para pedido de reconsidera\u00e7\u00e3o; (09\/12\/2022)<\/p>\n<\/li>\n<li>\n<p><a href=\"https:\/\/www.ufsm.br\/app\/uploads\/sites\/551\/2022\/12\/Nota_2_Etapa_Classificao_PPGEP_2023-01_DOUTORADO.pdf\" target=\"_blank\" rel=\"noopener\">Nota da avalia\u00e7\u00e3o do anteprojeto de pesquisa<\/a>, conforme item 4.3 do EDITAL ESPEC\u00cdFICO, antes do prazo para pedido de reconsidera\u00e7\u00e3o; (14\/12\/2022)<\/p>\n<\/li>\n<li>\n<p><a href=\"https:\/\/www.ufsm.br\/app\/uploads\/sites\/551\/2022\/12\/Nota_2_Etapa_Classificao_apos_PPGEP_2023-01_DOUTORADO.pdf\" target=\"_blank\" rel=\"noopener\">Nota da avalia\u00e7\u00e3o do anteprojeto de pesquisa<\/a>, conforme item 4.3 do EDITAL ESPEC\u00cdFICO, ap\u00f3s o prazo para pedido de reconsidera\u00e7\u00e3o; (16\/12\/2022)<\/p>\n<\/li>\n<li>\n<p>ETAPA 4.4. Da Defesa Oral: cronograma com as datas e hor\u00e1rios para a realiza\u00e7\u00e3o das defesas orais de cada candidato, rela\u00e7\u00e3o dispon\u00edvel\u00a0<a href=\"https:\/\/www.ufsm.br\/app\/uploads\/sites\/551\/2022\/12\/Entrevistas-Edital-N.030-2022.pdf\" target=\"_blank\" rel=\"noopener\">aqui<\/a>; (16\/12\/2022)<\/p>\n<\/li>\n<li>\n<p><a href=\"https:\/\/www.ufsm.br\/app\/uploads\/sites\/551\/2022\/12\/Relacao-Final-Candidatos-Classificados-23122022_DO.pdf\" target=\"_blank\" rel=\"noopener\">Rela\u00e7\u00e3o Final dos candidatos classificados<\/a> antes do per\u00edodo previsto \u00e0 interposi\u00e7\u00e3o de recurso administrativo; (23\/12\/2022)<\/p>\n<\/li>\n<li>\n<p>\u00c9 responsabilidade do candidato acompanhar as atualiza\u00e7\u00f5es e respectivo cronograma de atividades do edital na p\u00e1gina da PRPGP no link\u00a0<a href=\"https:\/\/www.ufsm.br\/pro-reitorias\/prpgp\/editais\/030-2022\/\" target=\"_blank\" rel=\"noopener\">aqui<\/a>. (23\/12\/2022)<\/p>\n<\/li>\n<\/ul>\n<\/div>\n","protected":false},"excerpt":{"rendered":"<p>As Coordena\u00e7\u00f5es dos Programas de P\u00f3s-Gradua\u00e7\u00e3o e a Pr\u00f3-Reitoria de P\u00f3s-gradua\u00e7\u00e3o e Pesquisa (PRPGP) tornam p\u00fablico que no per\u00edodo de\u00a030 de setembro de 2022 at\u00e9 \u00e0s 12h do dia 28 de novembro de 2022, estar\u00e3o abertas as inscri\u00e7\u00f5es para o processo seletivo de P\u00f3s-gradua\u00e7\u00e3o, em n\u00edvel de Doutorado, Mestrado e Especializa\u00e7\u00e3o, para ingresso no 1\u00ba [&hellip;]<\/p>\n","protected":false},"author":818,"featured_media":0,"parent":0,"menu_order":0,"comment_status":"closed","ping_status":"closed","template":"","meta":{"footnotes":""},"categories":[],"tags":[],"class_list":["post-1505","page","type-page","status-publish","hentry"],"acf":[],"_links":{"self":[{"href":"https:\/\/www.ufsm.br\/cursos\/pos-graduacao\/santa-maria\/ppgep\/wp-json\/wp\/v2\/pages\/1505","targetHints":{"allow":["GET"]}}],"collection":[{"href":"https:\/\/www.ufsm.br\/cursos\/pos-graduacao\/santa-maria\/ppgep\/wp-json\/wp\/v2\/pages"}],"about":[{"href":"https:\/\/www.ufsm.br\/cursos\/pos-graduacao\/santa-maria\/ppgep\/wp-json\/wp\/v2\/types\/page"}],"author":[{"embeddable":true,"href":"https:\/\/www.ufsm.br\/cursos\/pos-graduacao\/santa-maria\/ppgep\/wp-json\/wp\/v2\/users\/818"}],"replies":[{"embeddable":true,"href":"https:\/\/www.ufsm.br\/cursos\/pos-graduacao\/santa-maria\/ppgep\/wp-json\/wp\/v2\/comments?post=1505"}],"version-history":[{"count":0,"href":"https:\/\/www.ufsm.br\/cursos\/pos-graduacao\/santa-maria\/ppgep\/wp-json\/wp\/v2\/pages\/1505\/revisions"}],"wp:attachment":[{"href":"https:\/\/www.ufsm.br\/cursos\/pos-graduacao\/santa-maria\/ppgep\/wp-json\/wp\/v2\/media?parent=1505"}],"wp:term":[{"taxonomy":"category","embeddable":true,"href":"https:\/\/www.ufsm.br\/cursos\/pos-graduacao\/santa-maria\/ppgep\/wp-json\/wp\/v2\/categories?post=1505"},{"taxonomy":"post_tag","embeddable":true,"href":"https:\/\/www.ufsm.br\/cursos\/pos-graduacao\/santa-maria\/ppgep\/wp-json\/wp\/v2\/tags?post=1505"}],"curies":[{"name":"wp","href":"https:\/\/api.w.org\/{rel}","templated":true}]}}