{"id":1658,"date":"2023-04-24T15:09:50","date_gmt":"2023-04-24T18:09:50","guid":{"rendered":"https:\/\/www.ufsm.br\/cursos\/pos-graduacao\/santa-maria\/ppgep\/?page_id=1658"},"modified":"2023-07-07T15:26:31","modified_gmt":"2023-07-07T18:26:31","slug":"edital-n-010-2023-28-de-abril-de-2023-nivel-doutorado","status":"publish","type":"page","link":"https:\/\/www.ufsm.br\/cursos\/pos-graduacao\/santa-maria\/ppgep\/edital-n-010-2023-28-de-abril-de-2023-nivel-doutorado","title":{"rendered":"Edital N. 010\/2023, 28 de abril de 2023, N\u00edvel Doutorado"},"content":{"rendered":"\n<p>As Coordena\u00e7\u00f5es dos Cursos e Programas de P\u00f3s-Gradua\u00e7\u00e3o e a Pr\u00f3-Reitoria de P\u00f3s-gradua\u00e7\u00e3o e Pesquisa (PRPGP) tornam p\u00fablico o edital de processo seletivo de P\u00f3s-gradua\u00e7\u00e3o, em n\u00edvel de Doutorado, Mestrado e Especializa\u00e7\u00e3o, para ingresso no 2\u00ba semestre letivo de 2023.<\/p>\n<p><strong style=\"font-size: revert;color: initial\">Per\u00edodo de inscri\u00e7\u00f5es: de 02 at\u00e9 29 de maio de 2023 (1\u00aa janela). <\/strong><\/p>\n<p><span style=\"font-size: revert;color: initial\">As altera\u00e7\u00f5es do edital por meio de adendos, erratas ou retifica\u00e7\u00f5es, ser\u00e3o divulgadas sempre que necess\u00e1rias <\/span><a style=\"font-size: revert\" href=\"https:\/\/www.ufsm.br\/pro-reitorias\/prpgp\/editais\/010-2023\" target=\"_blank\" rel=\"noopener\">na p\u00e1gina web do Edital N\u00ba 010\/2023<\/a><span style=\"font-size: revert;color: initial\">.<\/span><\/p>\n<p>As inscri\u00e7\u00f5es ser\u00e3o exclusivamente via web, no endere\u00e7o eletr\u00f4nico\u00a0<a href=\"https:\/\/www.ufsm.br\/pro-reitorias\/prpgp\/editais\/010-2023\" target=\"_blank\" rel=\"noopener\">da p\u00e1gina web do Edital N\u00ba 010\/2023<\/a>.<\/p>\n<p>Para esclarecer d\u00favidas sobre o edital espec\u00edfico, atendimento pessoal no campus da UFSM, pr\u00e9dio 08 (INPE) sala 2057 ou encaminhamento da d\u00favida via telefone (55 3220-8619) ou por e-mail (ppgep@ufsm.br).\u00a0<\/p>\n<p>A P\u00f3s-Gradua\u00e7\u00e3o em Engenharia de Produ\u00e7\u00e3o, N\u00edvel Doutorado, ofertar\u00e1 16 (dezesseis) vagas.<\/p>\n<ul>\n<li>\n<p><a href=\"https:\/\/www.ufsm.br\/app\/uploads\/sites\/345\/2023\/04\/minutaEDIT_INGRE_PRPGP312042023.pdf\" target=\"_blank\" rel=\"noopener\">EDITAL GERAL Edital N. 010\/2023<\/a>, 28 de abril de 2023, edital da Pr\u00f3-Reitoria de P\u00f3s-Gradua\u00e7\u00e3o e Pesquisa (PRPGP); (28\/04\/2023)<\/p>\n<\/li>\n<li>\n<p><a href=\"https:\/\/www.ufsm.br\/app\/uploads\/sites\/345\/2023\/04\/DOUT_ENGPROD_010_2023.pdf\" target=\"_blank\" rel=\"noopener\">EDITAL ESPEC\u00cdFICO \u2013 DOUTORADO EM ENGENHARIA DE PRODU\u00c7\u00c3O<\/a>; (28\/04\/2023)<\/p>\n<\/li>\n<li>\n<p><a href=\"https:\/\/www.ufsm.br\/app\/uploads\/sites\/345\/2023\/04\/DOUT_ENGPROD_JAN1_010_2023.pdf\" target=\"_blank\" rel=\"noopener\">1\u00aa janela: Vagas e Cronograma<\/a>; (28\/04\/2023)<\/p>\n<\/li>\n<li>\n<p>Rela\u00e7\u00e3o pr\u00e9via de candidatos que realizaram inscri\u00e7\u00e3o, dispon\u00edvel <a href=\"https:\/\/www.ufsm.br\/pro-reitorias\/prpgp\/editais\/010-2023\" target=\"_blank\" rel=\"noopener\">aqui<\/a>; (30\/05\/2023)<\/p>\n<\/li>\n<li>\n<p><a href=\"https:\/\/www.ufsm.br\/app\/uploads\/sites\/551\/2023\/06\/Nota_1_Etapa_Classificao_PPGEP_2023-02_DOUTORADO.pdf\" target=\"_blank\" rel=\"noopener\">Nota da Planilha de Avalia\u00e7\u00e3o do Curr\u00edculo para Sele\u00e7\u00e3o<\/a>, conforme item 5.1.5 do EDITAL ESPEC\u00cdFICO, antes do prazo para pedido de reconsidera\u00e7\u00e3o; (05\/06\/2023)<\/p>\n<\/li>\n<li>\n<p><a href=\"https:\/\/www.ufsm.br\/app\/uploads\/sites\/551\/2023\/06\/Nota_1_Etapa_Classificao_apos_PPGEP_2023-02_DOUTORADO.pdf\" target=\"_blank\" rel=\"noopener\">Nota da Planilha de Avalia\u00e7\u00e3o do Curr\u00edculo para Sele\u00e7\u00e3o<\/a>, conforme item 5.1.5 do EDITAL ESPEC\u00cdFICO, ap\u00f3s o prazo para pedido de reconsidera\u00e7\u00e3o; (07\/06\/2023)<\/p>\n<\/li>\n<li>\n<p><a href=\"https:\/\/www.ufsm.br\/app\/uploads\/sites\/551\/2023\/06\/Nota_2_Etapa_Classificao_PPGEP_2023-02_DOUTORADO.pdf\" target=\"_blank\" rel=\"noopener\">Nota da avalia\u00e7\u00e3o do anteprojeto de pesquisa<\/a>, conforme item 5.2 do EDITAL ESPEC\u00cdFICO, antes do prazo para pedido de reconsidera\u00e7\u00e3o; (13\/06\/2023)<\/p>\n<\/li>\n<li>\n<p><a href=\"https:\/\/www.ufsm.br\/app\/uploads\/sites\/551\/2023\/06\/Nota_2_Etapa_Classificao_apos_PPGEP_2023-02_DOUTORADO.pdf\" target=\"_blank\" rel=\"noopener\">Nota da avalia\u00e7\u00e3o do anteprojeto de pesquisa<\/a>, conforme item 5.2 do EDITAL ESPEC\u00cdFICO, ap\u00f3s o prazo para pedido de reconsidera\u00e7\u00e3o; (15\/06\/2023)<\/p>\n<\/li>\n<li>\n<p>ETAPA 5.3 Da Defesa Oral: cronograma com as datas e hor\u00e1rios para a realiza\u00e7\u00e3o das defesas orais de cada candidato, rela\u00e7\u00e3o dispon\u00edvel <a href=\"https:\/\/www.ufsm.br\/app\/uploads\/sites\/551\/2023\/06\/Entrevistas-Edital-N.010-2023.pdf\" target=\"_blank\" rel=\"noopener\">aqui<\/a>; (16\/06\/2023)<\/p>\n<\/li>\n<li>\n<p><a href=\"https:\/\/www.ufsm.br\/app\/uploads\/sites\/551\/2023\/06\/Relacao-Final-Candidatos-Classificados-23062023_DO.pdf\" target=\"_blank\" rel=\"noopener\">Rela\u00e7\u00e3o Final dos candidatos classificados<\/a> antes do per\u00edodo previsto \u00e0 interposi\u00e7\u00e3o de recurso administrativo; (23\/06\/2023)<\/p>\n<\/li>\n<li>\n<p>Rela\u00e7\u00e3o final dos(as) candidatos(as) classificados(as) e suplentes dispon\u00edvel\u00a0<a href=\"https:\/\/www.ufsm.br\/pro-reitorias\/prpgp\/editais\/010-2023\" target=\"_blank\" rel=\"noopener\">aqui<\/a>; (07\/07\/2023)<\/p>\n<\/li>\n<li>\n<p>\u00c9 responsabilidade do candidato acompanhar as atualiza\u00e7\u00f5es e respectivo cronograma de atividades do edital na p\u00e1gina da PRPGP no link\u00a0<a href=\"https:\/\/www.ufsm.br\/pro-reitorias\/prpgp\/editais\/010-2023\" target=\"_blank\" rel=\"noopener\">aqui<\/a>. (07\/07\/2023)<\/p>\n<\/li>\n<\/ul>\n","protected":false},"excerpt":{"rendered":"<p>As Coordena\u00e7\u00f5es dos Cursos e Programas de P\u00f3s-Gradua\u00e7\u00e3o e a Pr\u00f3-Reitoria de P\u00f3s-gradua\u00e7\u00e3o e Pesquisa (PRPGP) tornam p\u00fablico o edital de processo seletivo de P\u00f3s-gradua\u00e7\u00e3o, em n\u00edvel de Doutorado, Mestrado e Especializa\u00e7\u00e3o, para ingresso no 2\u00ba semestre letivo de 2023. Per\u00edodo de inscri\u00e7\u00f5es: de 02 at\u00e9 29 de maio de 2023 (1\u00aa janela). As altera\u00e7\u00f5es [&hellip;]<\/p>\n","protected":false},"author":818,"featured_media":0,"parent":0,"menu_order":0,"comment_status":"closed","ping_status":"closed","template":"","meta":{"footnotes":""},"categories":[],"tags":[],"class_list":["post-1658","page","type-page","status-publish","hentry"],"acf":[],"_links":{"self":[{"href":"https:\/\/www.ufsm.br\/cursos\/pos-graduacao\/santa-maria\/ppgep\/wp-json\/wp\/v2\/pages\/1658","targetHints":{"allow":["GET"]}}],"collection":[{"href":"https:\/\/www.ufsm.br\/cursos\/pos-graduacao\/santa-maria\/ppgep\/wp-json\/wp\/v2\/pages"}],"about":[{"href":"https:\/\/www.ufsm.br\/cursos\/pos-graduacao\/santa-maria\/ppgep\/wp-json\/wp\/v2\/types\/page"}],"author":[{"embeddable":true,"href":"https:\/\/www.ufsm.br\/cursos\/pos-graduacao\/santa-maria\/ppgep\/wp-json\/wp\/v2\/users\/818"}],"replies":[{"embeddable":true,"href":"https:\/\/www.ufsm.br\/cursos\/pos-graduacao\/santa-maria\/ppgep\/wp-json\/wp\/v2\/comments?post=1658"}],"version-history":[{"count":0,"href":"https:\/\/www.ufsm.br\/cursos\/pos-graduacao\/santa-maria\/ppgep\/wp-json\/wp\/v2\/pages\/1658\/revisions"}],"wp:attachment":[{"href":"https:\/\/www.ufsm.br\/cursos\/pos-graduacao\/santa-maria\/ppgep\/wp-json\/wp\/v2\/media?parent=1658"}],"wp:term":[{"taxonomy":"category","embeddable":true,"href":"https:\/\/www.ufsm.br\/cursos\/pos-graduacao\/santa-maria\/ppgep\/wp-json\/wp\/v2\/categories?post=1658"},{"taxonomy":"post_tag","embeddable":true,"href":"https:\/\/www.ufsm.br\/cursos\/pos-graduacao\/santa-maria\/ppgep\/wp-json\/wp\/v2\/tags?post=1658"}],"curies":[{"name":"wp","href":"https:\/\/api.w.org\/{rel}","templated":true}]}}