{"id":172,"date":"2019-04-04T15:33:05","date_gmt":"2019-04-04T18:33:05","guid":{"rendered":"https:\/\/www.ufsm.br\/cursos\/pos-graduacao\/santa-maria\/ppgep\/?page_id=172"},"modified":"2026-02-26T16:05:11","modified_gmt":"2026-02-26T19:05:11","slug":"legislacao","status":"publish","type":"page","link":"https:\/\/www.ufsm.br\/cursos\/pos-graduacao\/santa-maria\/ppgep\/legislacao","title":{"rendered":"Legisla\u00e7\u00e3o"},"content":{"rendered":"\n<h3>\u00a0<\/h3>\n<h3><strong>REGULAMENTO GERAL<\/strong><\/h3>\n<p>\u00a0<\/p>\n<p>REGULAMENTO GERAL DA P\u00d3S-GRADUA\u00c7\u00c3O<\/p>\n<p>Anexo da <a href=\"https:\/\/portal.ufsm.br\/documentos\/download.html?action=arquivosIndexados&amp;id=15157929&amp;download=false\" target=\"_blank\" rel=\"noopener\">Resolu\u00e7\u00e3o UFSM N\u00b0 172, de 19 de agosto de 2024<\/a>.<\/p>\n<p>Acessar o link <a href=\"https:\/\/www.ufsm.br\/pro-reitorias\/proplan\/anexo-i-da-resolucao-172-2024\" target=\"_blank\" rel=\"noopener\">https:\/\/www.ufsm.br\/pro-reitorias\/proplan\/anexo-i-da-resolucao-172-2024<\/a><br \/>Documento dispon\u00edvel <a href=\"https:\/\/portal.ufsm.br\/documentos\/download.html?action=arquivosIndexados&amp;id=15157953&amp;download=false\" target=\"_blank\" rel=\"noopener\">aqui<\/a>.<\/p>\n<p>\u00a0<\/p>\n<h3><strong>REGULAMENTO INTERNO<\/strong><\/h3>\n<p>\u00a0<\/p>\n<p>PORTARIA NORMATIVA CT\/UFSM N. 001, DE 19 DE FEVEREIRO 2026 dispon\u00edvel aqui (em atualiza\u00e7\u00e3o).<\/p>\n<p>REGULAMENTO INTERNO DO PROGRAMA DE P\u00d3S GRADUA\u00c7\u00c3O EM ENGENHARIA DE PRODU\u00c7\u00c3O DO CENTRO DE TECNOLOGIA DA UFSM dispon\u00edvel aqui (em atualiza\u00e7\u00e3o).<\/p>\n<p>\u00a0<\/p>\n<h3><strong>RESOLU\u00c7\u00d5ES EM VIGOR<\/strong><\/h3>\n<p>\u00a0<\/p>\n<p><a href=\"https:\/\/www.ufsm.br\/cursos\/pos-graduacao\/santa-maria\/ppgep\/wp-content\/uploads\/sites\/551\/2019\/04\/Resolucao_Interna_PPGEP_N_12.pdf\" target=\"_blank\" rel=\"noopener noreferrer\">RESOLU\u00c7\u00c3O INTERNA DO PPGEP N. 12<\/a><br \/>Disp\u00f5e sobre an\u00e1lise e crit\u00e9rios para credenciamento de coorientador de tese de doutorado e disserta\u00e7\u00e3o de mestrado no Programa de Po\u0301s-Graduac\u0327a\u0303o em Engenharia de Produ\u00e7\u00e3o (PPGEP), a partir de 16.04.2019.<\/p>\n<p>\u00a0<\/p>\n<p><a href=\"https:\/\/www.ufsm.br\/app\/uploads\/sites\/551\/2025\/08\/Resolucao-Interna-PPGEP-16-1.pdf\" target=\"_blank\" rel=\"noopener\">RESOLU\u00c7\u00c3O INTERNA DO PPGEP N. 16<\/a><br \/>Cria a disciplina obrigat\u00f3ria \u201cProdu\u00e7\u00e3o Cient\u00edfica e Intelectual\u201d para o Curso de Mestrado, tendo como base a Resolu\u00e7\u00e3o Interna do PPGEP N. 21.<\/p>\n<p>\u00a0<\/p>\n<p><a href=\"https:\/\/www.ufsm.br\/app\/uploads\/sites\/551\/2025\/06\/Resolucao-Interna-PPGEP-17-1.pdf\" target=\"_blank\" rel=\"noopener\">RESOLU\u00c7\u00c3O INTERNA DO PPGEP N. 17<\/a><br \/>Estabelece as normas gerais e os crit\u00e9rios de concess\u00e3o e manuten\u00e7\u00e3o de bolsas em n\u00edvel de Mestrado e Doutorado do Programa de Po\u0301s-Graduac\u0327a\u0303o em Engenharia de Produ\u00e7\u00e3o, tendo como base a Resolu\u00e7\u00e3o Interna do PPGEP N. 21.<\/p>\n<p>\u00a0<\/p>\n<p><a href=\"https:\/\/www.ufsm.br\/app\/uploads\/sites\/551\/2025\/06\/Resolucao-Interna-PPGEP-18.pdf\" target=\"_blank\" rel=\"noopener\">RESOLU\u00c7\u00c3O INTERNA DO PPGEP N. 18<\/a><br \/>Estabelece os crite\u0301rios para obtenc\u0327a\u0303o de cre\u0301ditos por meio de publicac\u0327o\u0303es de cunho te\u0301cnico-cienti\u0301fico pelos discentes em ni\u0301vel de Doutorado do Programa de Po\u0301s-Graduac\u0327a\u0303o em Engenharia de Produ\u00e7\u00e3o (PPGEP), tendo como base a Resolu\u00e7\u00e3o Interna do PPGEP N. 21.<\/p>\n<p>\u00a0<\/p>\n<p><a href=\"https:\/\/www.ufsm.br\/app\/uploads\/sites\/551\/2025\/06\/Resolucao-Interna-PPGEP-19-1.pdf\" target=\"_blank\" rel=\"noopener\">RESOLU\u00c7\u00c3O INTERNA DO PPGEP N. 19<\/a><br \/>Estabelece os crite\u0301rios para a utilizac\u0327a\u0303o de artigos completos em perio\u0301dicos para atribuic\u0327a\u0303o do ti\u0301tulo de Doutor em Engenharia de Produc\u0327a\u0303o no Programa de Po\u0301s-Graduac\u0327a\u0303o em Engenharia de Produc\u0327a\u0303o (PPGEP), tendo como base a Resolu\u00e7\u00e3o Interna do PPGEP N. 21.<\/p>\n<p>Informamos que est\u00e1 dispon\u00edvel para preenchimento o formul\u00e1rio de acordo com a Resolu\u00e7\u00e3o Interna do PPGEP N. 19 (comprovar a publica\u00e7\u00e3o ou aceita\u00e7\u00e3o final para publica\u00e7\u00e3o de, pelo menos, dois artigos cient\u00edficos completos, referente \u00e0 tese, para atribui\u00e7\u00e3o do t\u00edtulo de Doutor em Engenharia de Produ\u00e7\u00e3o no PPGEP). Formul\u00e1rio dispon\u00edvel no link <a style=\"font-size: revert\" href=\"https:\/\/forms.gle\/4RHvAp8dUyrdqud76\" target=\"_blank\" rel=\"noopener\" data-saferedirecturl=\"https:\/\/www.google.com\/url?q=https:\/\/forms.gle\/4RHvAp8dUyrdqud76&amp;source=gmail&amp;ust=1662121379032000&amp;usg=AOvVaw3mTPsrs8B89XTsW5roee41\">https:\/\/forms.gle\/4RHvAp8dUyrdqud76<\/a><\/p>\n<p>\u00a0<\/p>\n<p><a href=\"https:\/\/www.ufsm.br\/app\/uploads\/sites\/551\/2022\/12\/Resolucao-Interna-PPGEP-20.pdf\" target=\"_blank\" rel=\"noopener\">RESOLU\u00c7\u00c3O INTERNA DO PPGEP N. 20<\/a><br \/>O Colegiado do Programa de P\u00f3s-Gradua\u00e7\u00e3o em Engenharia de Produ\u00e7\u00e3o (PPGEP), no uso de suas atribui\u00e7\u00f5es e considerando a necessidade de regulamentar o credenciamento e recredenciamento para docentes no PPGEP, em substitui\u00e7\u00e3o a Resolu\u00e7\u00e3o Interna do PPGEP N. 09.<\/p>\n<p>\u00a0<\/p>\n<p><a href=\"https:\/\/www.ufsm.br\/app\/uploads\/sites\/551\/2024\/10\/Resolucao-Interna-PPGEP-21-1.pdf\" target=\"_blank\" rel=\"noopener\">RESOLU\u00c7\u00c3O INTERNA DO PPGEP N. 21<\/a><br \/>Estabelece as normas gerais para defini\u00e7\u00e3o da \u201cQualidade da Produ\u00e7\u00e3o Cient\u00edfica\u201d, de acordo com os pontos por publica\u00e7\u00e3o em peri\u00f3dico (Tabela 1), pontos por publica\u00e7\u00e3o em congresso (Tabela 2) e pontos por produ\u00e7\u00e3o t\u00e9cnica (Tabela 3).<br \/><br \/><\/p>\n<div>\u00a0<\/div>\n<h3><strong>RESOLU\u00c7\u00d5ES ANTERIORES E N\u00c3O VIGENTES<\/strong><\/h3>\n<p>\u00a0<\/p>\n<p><a href=\"https:\/\/www.ufsm.br\/cursos\/pos-graduacao\/santa-maria\/ppgep\/wp-content\/uploads\/sites\/551\/2019\/04\/Resolucao_Interna_PPGEP_N_01.pdf\" target=\"_blank\" rel=\"noopener noreferrer\">RESOLU\u00c7\u00c3O INTERNA DO PPGEP N. 01<\/a><br \/>Regulamenta a distribui\u00e7\u00e3o de bolsas para os discentes.<\/p>\n<p>\u00a0<\/p>\n<p><a href=\"https:\/\/www.ufsm.br\/cursos\/pos-graduacao\/santa-maria\/ppgep\/wp-content\/uploads\/sites\/551\/2019\/04\/Resolucao_Interna_PPGEP_N_02.pdf\" target=\"_blank\" rel=\"noopener noreferrer\">RESOLU\u00c7\u00c3O INTERNA DO PPGEP N. 02<\/a><br \/>Regulamenta o Credenciamento e Descredenciamento dos Docentes.<\/p>\n<p>\u00a0<\/p>\n<p><a href=\"https:\/\/www.ufsm.br\/cursos\/pos-graduacao\/santa-maria\/ppgep\/wp-content\/uploads\/sites\/551\/2019\/04\/Resolucao_Interna_PPGEP_N_03.pdf\" target=\"_blank\" rel=\"noopener noreferrer\">RESOLU\u00c7\u00c3O INTERNA DO PPGEP N. 03<\/a><br \/>Cria a disciplina obrigat\u00f3ria &#8220;Produ\u00e7\u00e3o Cient\u00edfica e Intelectual&#8221;.<\/p>\n<p>\u00a0<\/p>\n<p><a href=\"https:\/\/www.ufsm.br\/cursos\/pos-graduacao\/santa-maria\/ppgep\/wp-content\/uploads\/sites\/551\/2019\/04\/Resolucao_Interna_PPGEP_N_04.pdf\" target=\"_blank\" rel=\"noopener noreferrer\">RESOLU\u00c7\u00c3O INTERNA DO PPGEP N. 04<\/a><br \/>Regulamenta a distribui\u00e7\u00e3o de Bolsas para os discentes do Curso de Mestrado, a partir de 02.01.2013.<\/p>\n<p>\u00a0<\/p>\n<p><a href=\"https:\/\/www.ufsm.br\/cursos\/pos-graduacao\/santa-maria\/ppgep\/wp-content\/uploads\/sites\/551\/2019\/04\/Resolucao_Interna_PPGEP_N_05.pdf\" target=\"_blank\" rel=\"noopener noreferrer\">RESOLU\u00c7\u00c3O INTERNA DO PPGEP N. 05<\/a><br \/>Regulamenta o Credenciamento e Descredenciamento dos Docentes do Curso de Mestrado, a partir de 01.01.2013.<\/p>\n<p>\u00a0<\/p>\n<p><a href=\"https:\/\/www.ufsm.br\/cursos\/pos-graduacao\/santa-maria\/ppgep\/wp-content\/uploads\/sites\/551\/2019\/04\/Resolucao_Interna_PPGEP_N_06.pdf\" target=\"_blank\" rel=\"noopener noreferrer\">RESOLU\u00c7\u00c3O INTERNA DO PPGEP N. 06<\/a><br \/>Cria a disciplina obrigat\u00f3ria \u201cProdu\u00e7\u00e3o Cient\u00edfica e Intelectual\u201d para o Curso de Mestrado, para os candidatos que ingressarem a partir de 01.01.2013.<\/p>\n<p>\u00a0<\/p>\n<p><a href=\"https:\/\/www.ufsm.br\/cursos\/pos-graduacao\/santa-maria\/ppgep\/wp-content\/uploads\/sites\/551\/2019\/04\/Resolucao_Interna_PPGEP_N_07.pdf\" target=\"_blank\" rel=\"noopener noreferrer\">RESOLU\u00c7\u00c3O INTERNA DO PPGEP N. 07<\/a><br \/>Cria a disciplina obrigat\u00f3ria \u201cProdu\u00e7\u00e3o Cient\u00edfica e Intelectual\u201d para o Curso de Mestrado, para os candidatos que ingressarem a partir de 01.02.2014.<\/p>\n<p>\u00a0<\/p>\n<p><a href=\"https:\/\/www.ufsm.br\/cursos\/pos-graduacao\/santa-maria\/ppgep\/wp-content\/uploads\/sites\/551\/2019\/04\/Resolucao_Interna_PPGEP_N_08.pdf\" target=\"_blank\" rel=\"noopener noreferrer\">RESOLU\u00c7\u00c3O INTERNA DO PPGEP N. 08<\/a><br \/>Regulamenta o Credenciamento e Recredenciamento dos Docentes do Curso de Mestrado, a partir de 01.01.2015.<\/p>\n<p>\u00a0<\/p>\n<p><a href=\"https:\/\/www.ufsm.br\/cursos\/pos-graduacao\/santa-maria\/ppgep\/wp-content\/uploads\/sites\/551\/2019\/04\/Resolucao_Interna_PPGEP_N_09.pdf\" target=\"_blank\" rel=\"noopener noreferrer\">RESOLU\u00c7\u00c3O INTERNA DO PPGEP N. 09<\/a><br \/>Regulamenta o Credenciamento e Recredenciamento e Descredenciamento dos Docentes do Curso de Mestrado, a partir de 01.11.2018.<\/p>\n<p>\u00a0<\/p>\n<p><a href=\"https:\/\/www.ufsm.br\/cursos\/pos-graduacao\/santa-maria\/ppgep\/wp-content\/uploads\/sites\/551\/2019\/04\/Resolucao_Interna_PPGEP_N_10.pdf\" target=\"_blank\" rel=\"noopener noreferrer\">RESOLU\u00c7\u00c3O INTERNA DO PPGEP N. 10<\/a><br \/>Regulamenta a distribui\u00e7\u00e3o de Bolsas para os discentes do\u00a0Curso de Mestrado e Doutorado, a partir de 02.03.2019.<\/p>\n<p>\u00a0<\/p>\n<p><a href=\"https:\/\/www.ufsm.br\/cursos\/pos-graduacao\/santa-maria\/ppgep\/wp-content\/uploads\/sites\/551\/2019\/04\/Resolucao_Interna_PPGEP_N_10_Errata.pdf\" target=\"_blank\" rel=\"noopener noreferrer\">Errata \u00e0 Resolu\u00e7\u00e3o Interna do PPGEP N. 10<\/a><br \/>Quando alunos do PPGEP, em conjunto com professor(es), publicarem um artigo em perio\u0301dico,em anais de congresso e produ\u00e7\u00f5es t\u00e9cnicas, sera\u0301 atribui\u0301da ao aluno uma pontuac\u0327a\u0303o parcial, extrai\u0301da da divisa\u0303o do total de pontos do perio\u0301dico dividido pelo nu\u0301mero de alunos do PPGEP que participaram da produ\u00e7\u00e3o.\u00a0<\/p>\n<p>\u00a0<\/p>\n<p><a href=\"https:\/\/www.ufsm.br\/cursos\/pos-graduacao\/santa-maria\/ppgep\/wp-content\/uploads\/sites\/551\/2019\/04\/Resolucao_Interna_PPGEP_N_11.pdf\" target=\"_blank\" rel=\"noopener noreferrer\">RESOLU\u00c7\u00c3O INTERNA DO PPGEP N. 11<\/a><br \/>Estabelece as normas gerais e os crit\u00e9rios de concess\u00e3o e manuten\u00e7\u00e3o de bolsas em n\u00edvel de Mestrado e Doutorado do Programa de Po\u0301s-Graduac\u0327a\u0303o em Engenharia de Produ\u00e7\u00e3o, a partir de 26.03.2019.<\/p>\n<p>\u00a0<\/p>\n<p><a href=\"https:\/\/www.ufsm.br\/cursos\/pos-graduacao\/santa-maria\/ppgep\/wp-content\/uploads\/sites\/551\/2019\/04\/Resolucao_Interna_PPGEP_N_13.pdf\" target=\"_blank\" rel=\"noopener noreferrer\">RESOLU\u00c7\u00c3O INTERNA DO PPGEP N. 13<\/a><br \/>Estabelece os crite\u0301rios para obtenc\u0327a\u0303o de cre\u0301ditos por meio de publicac\u0327o\u0303es de cunho te\u0301cnico-cienti\u0301fico pelos discentes em ni\u0301vel de Doutorado do Programa de Po\u0301s-Graduac\u0327a\u0303o em Engenharia de Produ\u00e7\u00e3o (PPGEP), a partir de 16.04.2019.<\/p>\n<p>\u00a0<\/p>\n<p><a href=\"https:\/\/www.ufsm.br\/cursos\/pos-graduacao\/santa-maria\/ppgep\/wp-content\/uploads\/sites\/551\/2019\/04\/Resolucao_Interna_PPGEP_N_14.pdf\" target=\"_blank\" rel=\"noopener noreferrer\">RESOLU\u00c7\u00c3O INTERNA DO PPGEP N. 14<\/a><br \/>Estabelece os crite\u0301rios para a utilizac\u0327a\u0303o de artigos completos em perio\u0301dicos para atribuic\u0327a\u0303o do ti\u0301tulo de Doutor em Engenharia de Produc\u0327a\u0303o no Programa de Po\u0301s-Graduac\u0327a\u0303o em Engenharia de Produc\u0327a\u0303o (PPGEP), a partir de 16.04.2019.<\/p>\n<p>\u00a0<\/p>\n<p><a href=\"https:\/\/www.ufsm.br\/app\/uploads\/sites\/551\/2022\/04\/Resolucao-Interna-PPGEP-15-2.pdf\" target=\"_blank\" rel=\"noopener\">RESOLU\u00c7\u00c3O INTERNA DO PPGEP N. 15<\/a><br \/>Estabelece as normas gerais para defini\u00e7\u00e3o da Qualidade da Produ\u00e7\u00e3o Cient\u00edfica no Programa de Po\u0301s-Graduac\u0327a\u0303o em Engenharia de Produ\u00e7\u00e3o.<\/p>\n<p>\u00a0<\/p>\n<h3><strong>REGIMENTO GERAL ANTERIOR<\/strong><\/h3>\n<p>\u00a0<\/p>\n<p><a href=\"https:\/\/www.ufsm.br\/cursos\/pos-graduacao\/santa-maria\/ppgep\/wp-content\/uploads\/sites\/551\/2019\/04\/015-2014-Regimento-da-Ps-Graduao.pdf\" target=\"_blank\" rel=\"noopener noreferrer\">REGIMENTO GERAL DA P\u00d3S-GRADUA\u00c7\u00c3O E PESQUISA<\/a><br \/>Resolu\u00e7\u00e3o N. 015\/2014, de 7 de julho de 2014, Aprova o Regimento Geral da P\u00f3s-Gradua\u00e7\u00e3o Stricto\u00a0Sensu e Lato Sensu da Universidade Federal de\u00a0Santa Maria.<\/p>\n<h3>\u00a0<\/h3>\n<h3><strong>REGULAMENTO INTERNO ANTERIOR<\/strong><\/h3>\n<p><a href=\"https:\/\/www.ufsm.br\/cursos\/pos-graduacao\/santa-maria\/ppgep\/wp-content\/uploads\/sites\/551\/2019\/04\/Regulamento-PPGEP_Mestrado_Doutorado.pdf\" target=\"_blank\" rel=\"noopener noreferrer\">REGULAMENTO INTERNO DO PROGRAMA DE P\u00d3S GRADUA\u00c7\u00c3O EM ENGENHARIA DE PRODU\u00c7\u00c3O<\/a><\/p>\n","protected":false},"excerpt":{"rendered":"<p>\u00a0 REGULAMENTO GERAL \u00a0 REGULAMENTO GERAL DA P\u00d3S-GRADUA\u00c7\u00c3O Anexo da Resolu\u00e7\u00e3o UFSM N\u00b0 172, de 19 de agosto de 2024. Acessar o link https:\/\/www.ufsm.br\/pro-reitorias\/proplan\/anexo-i-da-resolucao-172-2024Documento dispon\u00edvel aqui. \u00a0 REGULAMENTO INTERNO \u00a0 PORTARIA NORMATIVA CT\/UFSM N. 001, DE 19 DE FEVEREIRO 2026 dispon\u00edvel aqui (em atualiza\u00e7\u00e3o). REGULAMENTO INTERNO DO PROGRAMA DE P\u00d3S GRADUA\u00c7\u00c3O EM ENGENHARIA DE PRODU\u00c7\u00c3O [&hellip;]<\/p>\n","protected":false},"author":118,"featured_media":0,"parent":0,"menu_order":0,"comment_status":"closed","ping_status":"closed","template":"","meta":{"footnotes":""},"categories":[],"tags":[],"class_list":["post-172","page","type-page","status-publish","hentry"],"acf":[],"_links":{"self":[{"href":"https:\/\/www.ufsm.br\/cursos\/pos-graduacao\/santa-maria\/ppgep\/wp-json\/wp\/v2\/pages\/172","targetHints":{"allow":["GET"]}}],"collection":[{"href":"https:\/\/www.ufsm.br\/cursos\/pos-graduacao\/santa-maria\/ppgep\/wp-json\/wp\/v2\/pages"}],"about":[{"href":"https:\/\/www.ufsm.br\/cursos\/pos-graduacao\/santa-maria\/ppgep\/wp-json\/wp\/v2\/types\/page"}],"author":[{"embeddable":true,"href":"https:\/\/www.ufsm.br\/cursos\/pos-graduacao\/santa-maria\/ppgep\/wp-json\/wp\/v2\/users\/118"}],"replies":[{"embeddable":true,"href":"https:\/\/www.ufsm.br\/cursos\/pos-graduacao\/santa-maria\/ppgep\/wp-json\/wp\/v2\/comments?post=172"}],"version-history":[{"count":0,"href":"https:\/\/www.ufsm.br\/cursos\/pos-graduacao\/santa-maria\/ppgep\/wp-json\/wp\/v2\/pages\/172\/revisions"}],"wp:attachment":[{"href":"https:\/\/www.ufsm.br\/cursos\/pos-graduacao\/santa-maria\/ppgep\/wp-json\/wp\/v2\/media?parent=172"}],"wp:term":[{"taxonomy":"category","embeddable":true,"href":"https:\/\/www.ufsm.br\/cursos\/pos-graduacao\/santa-maria\/ppgep\/wp-json\/wp\/v2\/categories?post=172"},{"taxonomy":"post_tag","embeddable":true,"href":"https:\/\/www.ufsm.br\/cursos\/pos-graduacao\/santa-maria\/ppgep\/wp-json\/wp\/v2\/tags?post=172"}],"curies":[{"name":"wp","href":"https:\/\/api.w.org\/{rel}","templated":true}]}}