{"id":1844,"date":"2023-11-10T17:37:47","date_gmt":"2023-11-10T20:37:47","guid":{"rendered":"https:\/\/www.ufsm.br\/cursos\/pos-graduacao\/santa-maria\/ppgep\/?page_id=1844"},"modified":"2023-11-10T17:48:54","modified_gmt":"2023-11-10T20:48:54","slug":"edital-n-11-2023-ppgep-de-acordo-com-o-edital-n-030-2023-da-capes","status":"publish","type":"page","link":"https:\/\/www.ufsm.br\/cursos\/pos-graduacao\/santa-maria\/ppgep\/edital-n-11-2023-ppgep-de-acordo-com-o-edital-n-030-2023-da-capes","title":{"rendered":"Edital N. 11\/2023\/PPGEP, de acordo com o Edital N.030\/2023 da CAPES"},"content":{"rendered":"\n<p>O Programa de P\u00f3s-Gradua\u00e7\u00e3o em Engenharia de Produ\u00e7\u00e3o da Universidade Federal de Santa Maria torna p\u00fablico o processo de sele\u00e7\u00e3o de candidatos(as) ao Programa Nacional de Doutorado Sandu\u00edche no Exterior (PDSE), Edital N. 11\/2023\/PPGEP (divulgado em 10\/11\/2023), de acordo com o <a href=\"https:\/\/www.gov.br\/capes\/pt-br\/centrais-de-conteudo\/editais\/06112023_Edital_2263037_SEI_2261948_Edital_30_2023.pdf\" target=\"_blank\" rel=\"noopener\">Edital N. 30\/2023 da CAPES<\/a>.<\/p>\n<p>Ser\u00e1 concedida 01 (uma) bolsa de Doutorado Sandu\u00edche no Exterior com vig\u00eancia m\u00ednima de 06 (seis) meses e m\u00e1ximo de 10 (dez) meses a um aluno de doutorado do PPGEP, de acordo com os requisitos descritos no edital.<\/p>\n<p>Esta sele\u00e7\u00e3o \u00e9 interna e contempla a um aluno de Doutorado do PPGEP.<\/p>\n<p><strong>As inscri\u00e7\u00f5es \u00e0 sele\u00e7\u00e3o interna acontecem de 13\/11\/2023 a 27\/11\/2023 \u00e0s 23h59min.<\/strong>\u00a0<a href=\"https:\/\/www.ufsm.br\/app\/uploads\/sites\/551\/2023\/11\/Edital-N.-11-2023-PPGEP-CAPES.pdf\" target=\"_blank\" rel=\"noopener\">ACESSE O EDITAL AQUI!<\/a>\u00a0A leitura do edital interno n\u00e3o isenta a leitura do\u00a0<a href=\"https:\/\/www.gov.br\/capes\/pt-br\/centrais-de-conteudo\/editais\/06112023_Edital_2263037_SEI_2261948_Edital_30_2023.pdf\" target=\"_blank\" rel=\"noopener\">Edital N. 30\/2023 da CAPES<\/a>.<\/p>\n<p>Acesse\u00a0<a href=\"https:\/\/www.gov.br\/capes\/pt-br\/acesso-a-informacao\/acoes-e-programas\/bolsas\/bolsas-e-auxilios-internacionais\/encontre-aqui\/paises\/multinacional\/programa-de-doutorado-sanduiche-no-exterior-pdse\" target=\"_blank\" rel=\"noreferrer noopener\">AQUI<\/a> a p\u00e1gina na CAPES \u2013 Programa de Doutorado Sandu\u00edche no Exterior e do Edital N. 30\/2023\/CAPES.<\/p>\n<ul>\n<li>Para acompanhar as etapas de avalia\u00e7\u00e3o e sele\u00e7\u00e3o interna no PPGEP,\u00a0<a href=\"https:\/\/www.ufsm.br\/cursos\/pos-graduacao\/santa-maria\/ppgep\/editais\/011-2023\" target=\"_blank\" rel=\"noopener\">clique\u00a0aqui<\/a>.<\/li>\n<\/ul>\n","protected":false},"excerpt":{"rendered":"<p>O Programa de P\u00f3s-Gradua\u00e7\u00e3o em Engenharia de Produ\u00e7\u00e3o da Universidade Federal de Santa Maria torna p\u00fablico o processo de sele\u00e7\u00e3o de candidatos(as) ao Programa Nacional de Doutorado Sandu\u00edche no Exterior (PDSE), Edital N. 11\/2023\/PPGEP (divulgado em 10\/11\/2023), de acordo com o Edital N. 30\/2023 da CAPES. Ser\u00e1 concedida 01 (uma) bolsa de Doutorado Sandu\u00edche no [&hellip;]<\/p>\n","protected":false},"author":818,"featured_media":0,"parent":0,"menu_order":0,"comment_status":"closed","ping_status":"closed","template":"","meta":{"footnotes":""},"categories":[],"tags":[],"class_list":["post-1844","page","type-page","status-publish","hentry"],"acf":[],"_links":{"self":[{"href":"https:\/\/www.ufsm.br\/cursos\/pos-graduacao\/santa-maria\/ppgep\/wp-json\/wp\/v2\/pages\/1844","targetHints":{"allow":["GET"]}}],"collection":[{"href":"https:\/\/www.ufsm.br\/cursos\/pos-graduacao\/santa-maria\/ppgep\/wp-json\/wp\/v2\/pages"}],"about":[{"href":"https:\/\/www.ufsm.br\/cursos\/pos-graduacao\/santa-maria\/ppgep\/wp-json\/wp\/v2\/types\/page"}],"author":[{"embeddable":true,"href":"https:\/\/www.ufsm.br\/cursos\/pos-graduacao\/santa-maria\/ppgep\/wp-json\/wp\/v2\/users\/818"}],"replies":[{"embeddable":true,"href":"https:\/\/www.ufsm.br\/cursos\/pos-graduacao\/santa-maria\/ppgep\/wp-json\/wp\/v2\/comments?post=1844"}],"version-history":[{"count":0,"href":"https:\/\/www.ufsm.br\/cursos\/pos-graduacao\/santa-maria\/ppgep\/wp-json\/wp\/v2\/pages\/1844\/revisions"}],"wp:attachment":[{"href":"https:\/\/www.ufsm.br\/cursos\/pos-graduacao\/santa-maria\/ppgep\/wp-json\/wp\/v2\/media?parent=1844"}],"wp:term":[{"taxonomy":"category","embeddable":true,"href":"https:\/\/www.ufsm.br\/cursos\/pos-graduacao\/santa-maria\/ppgep\/wp-json\/wp\/v2\/categories?post=1844"},{"taxonomy":"post_tag","embeddable":true,"href":"https:\/\/www.ufsm.br\/cursos\/pos-graduacao\/santa-maria\/ppgep\/wp-json\/wp\/v2\/tags?post=1844"}],"curies":[{"name":"wp","href":"https:\/\/api.w.org\/{rel}","templated":true}]}}