{"id":1940,"date":"2024-04-01T08:58:42","date_gmt":"2024-04-01T11:58:42","guid":{"rendered":"https:\/\/www.ufsm.br\/cursos\/pos-graduacao\/santa-maria\/ppgep\/?page_id=1940"},"modified":"2024-04-01T08:58:44","modified_gmt":"2024-04-01T11:58:44","slug":"edital-n-03-2024-ppgep-de-acordo-com-o-edital-n-06-2024-da-capes","status":"publish","type":"page","link":"https:\/\/www.ufsm.br\/cursos\/pos-graduacao\/santa-maria\/ppgep\/edital-n-03-2024-ppgep-de-acordo-com-o-edital-n-06-2024-da-capes","title":{"rendered":"Edital N. 03\/2024\/PPGEP, de acordo com o Edital N.06\/2024 da CAPES"},"content":{"rendered":"\n<p>O Programa de P\u00f3s-Gradua\u00e7\u00e3o em Engenharia de Produ\u00e7\u00e3o (PPGEP) da Universidade Federal de Santa Maria torna p\u00fablico o processo de sele\u00e7\u00e3o de candidatos(as) ao Programa Nacional de Doutorado Sandu\u00edche no Exterior (PDSE), de acordo com o Edital N. 06\/2024 \u2013 PDSE.<\/p>\n<p>Ser\u00e1 concedida 01 (uma) bolsa de Doutorado Sandu\u00edche no Exterior com vig\u00eancia m\u00ednima de 03 (tr\u00eas) meses e m\u00e1ximo de 06(seis) meses a um aluno de doutorado do PPGEP, de acordo com os requisitos descritos no edital.<\/p>\n<p>Esta sele\u00e7\u00e3o \u00e9 interna e contempla a um aluno de Doutorado do PPGEP.<\/p>\n<p><strong>As inscri\u00e7\u00f5es \u00e0 sele\u00e7\u00e3o interna acontecem de 1\u00ba at\u00e9 17 de abril de 2024 \u00e0s 23h59min.<\/strong><\/p>\n<p>\u00a0<a href=\"https:\/\/www.ufsm.br\/app\/uploads\/sites\/551\/2024\/04\/Edital-N.-003-2024-PPGEP-CAPES.pdf\" target=\"_blank\" rel=\"noopener\">ACESSE O EDITAL AQUI!<\/a>\u00a0A leitura do edital interno n\u00e3o isenta a leitura do\u00a0<a href=\"https:\/\/www.gov.br\/capes\/pt-br\/centrais-de-conteudo\/editais\/21032024_Edital_2344636_SEI_2343579_Edital_6_2024.pdf\" target=\"_blank\" rel=\"noopener\">Edital N. 06\/2024<\/a> da CAPES.<\/p>\n<p>Acesse\u00a0<a href=\"https:\/\/www.gov.br\/capes\/pt-br\/acesso-a-informacao\/acoes-e-programas\/bolsas\/bolsas-e-auxilios-internacionais\/encontre-aqui\/paises\/multinacional\/programa-de-doutorado-sanduiche-no-exterior-pdse\" target=\"_blank\" rel=\"noreferrer noopener\">AQUI<\/a> a p\u00e1gina na CAPES \u2013 Programa de Doutorado Sandu\u00edche no Exterior e do Edital N. 06\/2024\/CAPES.<\/p>\n<ul>\n<li>Para acompanhar as etapas de avalia\u00e7\u00e3o e sele\u00e7\u00e3o interna no PPGEP,\u00a0<a href=\"https:\/\/www.ufsm.br\/cursos\/pos-graduacao\/santa-maria\/ppgep\/editais\/003-2024\" target=\"_blank\" rel=\"noopener\">clique\u00a0aqui<\/a>.<\/li>\n<\/ul>\n","protected":false},"excerpt":{"rendered":"<p>O Programa de P\u00f3s-Gradua\u00e7\u00e3o em Engenharia de Produ\u00e7\u00e3o (PPGEP) da Universidade Federal de Santa Maria torna p\u00fablico o processo de sele\u00e7\u00e3o de candidatos(as) ao Programa Nacional de Doutorado Sandu\u00edche no Exterior (PDSE), de acordo com o Edital N. 06\/2024 \u2013 PDSE. Ser\u00e1 concedida 01 (uma) bolsa de Doutorado Sandu\u00edche no Exterior com vig\u00eancia m\u00ednima de [&hellip;]<\/p>\n","protected":false},"author":818,"featured_media":0,"parent":0,"menu_order":0,"comment_status":"closed","ping_status":"closed","template":"","meta":{"footnotes":""},"categories":[],"tags":[],"class_list":["post-1940","page","type-page","status-publish","hentry"],"acf":[],"_links":{"self":[{"href":"https:\/\/www.ufsm.br\/cursos\/pos-graduacao\/santa-maria\/ppgep\/wp-json\/wp\/v2\/pages\/1940","targetHints":{"allow":["GET"]}}],"collection":[{"href":"https:\/\/www.ufsm.br\/cursos\/pos-graduacao\/santa-maria\/ppgep\/wp-json\/wp\/v2\/pages"}],"about":[{"href":"https:\/\/www.ufsm.br\/cursos\/pos-graduacao\/santa-maria\/ppgep\/wp-json\/wp\/v2\/types\/page"}],"author":[{"embeddable":true,"href":"https:\/\/www.ufsm.br\/cursos\/pos-graduacao\/santa-maria\/ppgep\/wp-json\/wp\/v2\/users\/818"}],"replies":[{"embeddable":true,"href":"https:\/\/www.ufsm.br\/cursos\/pos-graduacao\/santa-maria\/ppgep\/wp-json\/wp\/v2\/comments?post=1940"}],"version-history":[{"count":0,"href":"https:\/\/www.ufsm.br\/cursos\/pos-graduacao\/santa-maria\/ppgep\/wp-json\/wp\/v2\/pages\/1940\/revisions"}],"wp:attachment":[{"href":"https:\/\/www.ufsm.br\/cursos\/pos-graduacao\/santa-maria\/ppgep\/wp-json\/wp\/v2\/media?parent=1940"}],"wp:term":[{"taxonomy":"category","embeddable":true,"href":"https:\/\/www.ufsm.br\/cursos\/pos-graduacao\/santa-maria\/ppgep\/wp-json\/wp\/v2\/categories?post=1940"},{"taxonomy":"post_tag","embeddable":true,"href":"https:\/\/www.ufsm.br\/cursos\/pos-graduacao\/santa-maria\/ppgep\/wp-json\/wp\/v2\/tags?post=1940"}],"curies":[{"name":"wp","href":"https:\/\/api.w.org\/{rel}","templated":true}]}}