{"id":2108,"date":"2024-10-01T12:03:16","date_gmt":"2024-10-01T15:03:16","guid":{"rendered":"https:\/\/www.ufsm.br\/cursos\/pos-graduacao\/santa-maria\/ppgep\/?page_id=2108"},"modified":"2024-12-19T10:02:10","modified_gmt":"2024-12-19T13:02:10","slug":"edital-n-065-2024-30-de-setembro-de-2024-nivel-doutorado-1a-janela","status":"publish","type":"page","link":"https:\/\/www.ufsm.br\/cursos\/pos-graduacao\/santa-maria\/ppgep\/edital-n-065-2024-30-de-setembro-de-2024-nivel-doutorado-1a-janela","title":{"rendered":"Edital N. 065\/2024, 30 de setembro de 2024, N\u00edvel Doutorado (1\u00aa janela)"},"content":{"rendered":"\n<p>As Coordena\u00e7\u00f5es dos Cursos e Programas de P\u00f3s-Gradua\u00e7\u00e3o e a Pr\u00f3-Reitoria de P\u00f3s-gradua\u00e7\u00e3o e Pesquisa (PRPGP) tornam p\u00fablico o edital de processo seletivo de P\u00f3s-gradua\u00e7\u00e3o, em n\u00edvel de Doutorado, Mestrado e Especializa\u00e7\u00e3o, para ingresso em 2025.<\/p>\n<p><strong>Per\u00edodo de inscri\u00e7\u00f5es: de 1\u00ba at\u00e9 30 de outubro de 2024 (1\u00aa janela de 2025).<\/strong><\/p>\n<p>As altera\u00e7\u00f5es do edital por meio de adendos, erratas ou retifica\u00e7\u00f5es, ser\u00e3o divulgadas sempre que necess\u00e1rias\u00a0na\u00a0p\u00e1gina web do\u00a0<a href=\"https:\/\/www.ufsm.br\/pro-reitorias\/prpgp\/editais\/065-2024\" target=\"_blank\" rel=\"noopener\">Edital N. 065\/2024<\/a>.<\/p>\n<p>As inscri\u00e7\u00f5es ser\u00e3o exclusivamente via web, no endere\u00e7o eletr\u00f4nico da p\u00e1gina web do Edital N. 065\/2024, no link\u00a0<a href=\"https:\/\/portal.ufsm.br\/concursos\/inscricao\/opcoes.html?edicao=4951\" target=\"_blank\" rel=\"noopener\">https:\/\/portal.ufsm.br\/concursos\/inscricao\/opcoes.html?edicao=4951<\/a>.<\/p>\n<p>Para esclarecer d\u00favidas sobre o edital espec\u00edfico, atendimento pessoal no campus da UFSM, pr\u00e9dio 08 (INPE) sala 2057 ou encaminhamento da d\u00favida via telefone (55 3220-8619) ou por e-mail (ppgep@ufsm.br).\u00a0<\/p>\n<p>A P\u00f3s-Gradua\u00e7\u00e3o em Engenharia de Produ\u00e7\u00e3o, N\u00edvel Doutorado, ofertar\u00e1 12 (doze) vagas.<\/p>\n<ul>\n<li>\n<p><a href=\"https:\/\/www.ufsm.br\/app\/uploads\/sites\/345\/2024\/09\/EDITGERAL_065_2024.pdf\" target=\"_blank\" rel=\"noopener\">EDITAL GERAL Edital N. 065\/2024, 30 de setembro de 2024<\/a>, edital da Pr\u00f3-Reitoria de P\u00f3s-Gradua\u00e7\u00e3o e Pesquisa (PRPGP); (01\/10\/2024)<\/p>\n<\/li>\n<li>\n<p><a href=\"https:\/\/www.ufsm.br\/app\/uploads\/sites\/345\/2024\/09\/DOUT_ENGPROD_065_2024.pdf\" target=\"_blank\" rel=\"noopener\">EDITAL ESPEC\u00cdFICO \u2013 DOUTORADO EM ENGENHARIA DE PRODU\u00c7\u00c3O<\/a>; (01\/10\/2024)<\/p>\n<\/li>\n<li>\n<p><a href=\"https:\/\/www.ufsm.br\/app\/uploads\/sites\/345\/2024\/09\/1J_DOUT_ENGPROD_065_2024.pdf\" target=\"_blank\" rel=\"noopener\">1\u00aa janela: Vagas e Cronogram<\/a>a; (01\/10\/2024)<\/p>\n<\/li>\n<li>\n<p><a href=\"https:\/\/www.ufsm.br\/app\/uploads\/sites\/551\/2024\/11\/Nota_1_Etapa_Classificao_PPGEP_2025-01_DOUTORADO.pdf\" target=\"_blank\" rel=\"noopener\">Nota da Planilha de Avalia\u00e7\u00e3o do Curr\u00edculo para Sele\u00e7\u00e3o<\/a>, conforme item 5.1.5 do EDITAL ESPEC\u00cdFICO, antes do prazo para pedido de reconsidera\u00e7\u00e3o; (07\/11\/2024)<\/p>\n<\/li>\n<li>\n<p><a href=\"https:\/\/www.ufsm.br\/app\/uploads\/sites\/551\/2024\/11\/Nota_1_Etapa_Classificao_apos_PPGEP_2025-01_DOUTORADO.pdf\" target=\"_blank\" rel=\"noopener\">Nota da Planilha de Avalia\u00e7\u00e3o do Curr\u00edculo para Sele\u00e7\u00e3o<\/a>, conforme item 5.1.5 do EDITAL ESPEC\u00cdFICO, ap\u00f3s o prazo para pedido de reconsidera\u00e7\u00e3o; (12\/11\/2024)<\/p>\n<\/li>\n<li>\n<p><a href=\"https:\/\/www.ufsm.br\/app\/uploads\/sites\/551\/2024\/11\/Nota_2_Etapa_Classificao_PPGEP_2025-01_DOUTORADO.pdf\" target=\"_blank\" rel=\"noopener\">Nota da avalia\u00e7\u00e3o do anteprojeto de pesquisa<\/a>, conforme item 5.2 do EDITAL ESPEC\u00cdFICO, antes do prazo para pedido de reconsidera\u00e7\u00e3o; (18\/11\/2024)<\/p>\n<\/li>\n<li>\n<p><a href=\"https:\/\/www.ufsm.br\/app\/uploads\/sites\/551\/2024\/11\/Nota_2_Etapa_Classificao_apos_PPGEP_2025-01_DOUTORADO.pdf\" target=\"_blank\" rel=\"noopener\">Nota da avalia\u00e7\u00e3o do anteprojeto de pesquisa<\/a>, conforme item 5.2 do EDITAL ESPEC\u00cdFICO, ap\u00f3s o prazo para pedido de reconsidera\u00e7\u00e3o; (21\/11\/2024)<\/p>\n<\/li>\n<li>\n<p>ETAPA 5.3 Da Defesa Oral: cronograma com as datas e hor\u00e1rios para a realiza\u00e7\u00e3o das defesas orais de cada candidato, rela\u00e7\u00e3o dispon\u00edvel\u00a0<a href=\"https:\/\/www.ufsm.br\/app\/uploads\/sites\/551\/2024\/11\/Entrevistas-Edital-N.065-2024-1a-janela.pdf\" target=\"_blank\" rel=\"noopener\">aqui<\/a>; (22\/11\/2024)<\/p>\n<\/li>\n<li>\n<p><a href=\"https:\/\/www.ufsm.br\/app\/uploads\/sites\/551\/2024\/12\/Relacao-Final-Candidatos-Classificados-12122024_DO-1.pdf\" target=\"_blank\" rel=\"noopener\">Rela\u00e7\u00e3o Pr\u00e9via dos candidatos classificados<\/a>\u00a0antes do per\u00edodo previsto \u00e0 interposi\u00e7\u00e3o de recurso administrativo; (12\/12\/2024)<\/p>\n<\/li>\n<li>\n<p>\u00c9 responsabilidade do candidato acompanhar as atualiza\u00e7\u00f5es e respectivo cronograma de atividades do edital na p\u00e1gina da PRPGP no link\u00a0<a href=\"https:\/\/www.ufsm.br\/pro-reitorias\/prpgp\/editais\/065-2024\" target=\"_blank\" rel=\"noopener\">aqui<\/a>; (19\/12\/2024)<\/p>\n<\/li>\n<\/ul>\n","protected":false},"excerpt":{"rendered":"<p>As Coordena\u00e7\u00f5es dos Cursos e Programas de P\u00f3s-Gradua\u00e7\u00e3o e a Pr\u00f3-Reitoria de P\u00f3s-gradua\u00e7\u00e3o e Pesquisa (PRPGP) tornam p\u00fablico o edital de processo seletivo de P\u00f3s-gradua\u00e7\u00e3o, em n\u00edvel de Doutorado, Mestrado e Especializa\u00e7\u00e3o, para ingresso em 2025. Per\u00edodo de inscri\u00e7\u00f5es: de 1\u00ba at\u00e9 30 de outubro de 2024 (1\u00aa janela de 2025). As altera\u00e7\u00f5es do edital [&hellip;]<\/p>\n","protected":false},"author":818,"featured_media":0,"parent":0,"menu_order":0,"comment_status":"closed","ping_status":"closed","template":"","meta":{"footnotes":""},"categories":[],"tags":[],"class_list":["post-2108","page","type-page","status-publish","hentry"],"acf":[],"_links":{"self":[{"href":"https:\/\/www.ufsm.br\/cursos\/pos-graduacao\/santa-maria\/ppgep\/wp-json\/wp\/v2\/pages\/2108","targetHints":{"allow":["GET"]}}],"collection":[{"href":"https:\/\/www.ufsm.br\/cursos\/pos-graduacao\/santa-maria\/ppgep\/wp-json\/wp\/v2\/pages"}],"about":[{"href":"https:\/\/www.ufsm.br\/cursos\/pos-graduacao\/santa-maria\/ppgep\/wp-json\/wp\/v2\/types\/page"}],"author":[{"embeddable":true,"href":"https:\/\/www.ufsm.br\/cursos\/pos-graduacao\/santa-maria\/ppgep\/wp-json\/wp\/v2\/users\/818"}],"replies":[{"embeddable":true,"href":"https:\/\/www.ufsm.br\/cursos\/pos-graduacao\/santa-maria\/ppgep\/wp-json\/wp\/v2\/comments?post=2108"}],"version-history":[{"count":0,"href":"https:\/\/www.ufsm.br\/cursos\/pos-graduacao\/santa-maria\/ppgep\/wp-json\/wp\/v2\/pages\/2108\/revisions"}],"wp:attachment":[{"href":"https:\/\/www.ufsm.br\/cursos\/pos-graduacao\/santa-maria\/ppgep\/wp-json\/wp\/v2\/media?parent=2108"}],"wp:term":[{"taxonomy":"category","embeddable":true,"href":"https:\/\/www.ufsm.br\/cursos\/pos-graduacao\/santa-maria\/ppgep\/wp-json\/wp\/v2\/categories?post=2108"},{"taxonomy":"post_tag","embeddable":true,"href":"https:\/\/www.ufsm.br\/cursos\/pos-graduacao\/santa-maria\/ppgep\/wp-json\/wp\/v2\/tags?post=2108"}],"curies":[{"name":"wp","href":"https:\/\/api.w.org\/{rel}","templated":true}]}}