{"id":2370,"date":"2025-10-07T18:33:10","date_gmt":"2025-10-07T21:33:10","guid":{"rendered":"https:\/\/www.ufsm.br\/cursos\/pos-graduacao\/santa-maria\/ppgep\/?page_id=2370"},"modified":"2025-12-10T10:44:30","modified_gmt":"2025-12-10T13:44:30","slug":"edital-n-030-2025-29-de-setembro-de-2025-nivel-doutorado-1a-janela-de-2026","status":"publish","type":"page","link":"https:\/\/www.ufsm.br\/cursos\/pos-graduacao\/santa-maria\/ppgep\/edital-n-030-2025-29-de-setembro-de-2025-nivel-doutorado-1a-janela-de-2026","title":{"rendered":"Edital N. 030\/2025, 29 de setembro de 2025, N\u00edvel Doutorado (1\u00aa janela de 2026)"},"content":{"rendered":"\n<p>\u00a0<\/p>\n<p>As Coordena\u00e7\u00f5es dos Cursos e Programas de P\u00f3s-Gradua\u00e7\u00e3o e a Pr\u00f3-Reitoria de P\u00f3s-gradua\u00e7\u00e3o e Pesquisa (PRPGP), tornam p\u00fablico o edital de processo seletivo de P\u00f3s-gradua\u00e7\u00e3o, em n\u00edvel de Mestrado, Doutorado e Especializa\u00e7\u00e3o, para ingresso em 2026.<\/p>\n<p><strong>Per\u00edodo de inscri\u00e7\u00f5es: de 29 de setembro at\u00e9 28 de outubro de 2025 (1\u00aa janela de 2026).<\/strong><\/p>\n<p>As altera\u00e7\u00f5es do edital por meio de adendos, erratas ou retifica\u00e7\u00f5es, ser\u00e3o divulgadas sempre que necess\u00e1rias\u00a0na\u00a0p\u00e1gina web do\u00a0<a href=\"https:\/\/www.ufsm.br\/pro-reitorias\/prpgp\/editais\/030-2025\" target=\"_blank\" rel=\"noopener\">Edital N. 030\/2025<\/a>.<\/p>\n<p>As inscri\u00e7\u00f5es ser\u00e3o exclusivamente via web, no endere\u00e7o eletr\u00f4nico da p\u00e1gina web do Edital N. 030\/2025, no link\u00a0<a href=\"https:\/\/portal.ufsm.br\/concursos\/inscricao\/opcoes.html?edicao=5126\" target=\"_blank\" rel=\"noopener\">https:\/\/portal.ufsm.br\/concursos\/inscricao\/opcoes.html?edicao=5126<\/a>.<\/p>\n<p>Para esclarecer d\u00favidas sobre o edital espec\u00edfico, atendimento pessoal no campus da UFSM, pr\u00e9dio 08 (INPE) sala 2057 ou encaminhamento da d\u00favida via telefone (55 3220-8619) ou por e-mail (ppgep@ufsm.br).\u00a0<\/p>\n<p>A P\u00f3s-Gradua\u00e7\u00e3o em Engenharia de Produ\u00e7\u00e3o, N\u00edvel Doutorado, ofertar\u00e1 10 (dez) vagas.<\/p>\n<ul>\n<li>\n<p>Para acessar o EDITAL GERAL Edital N. 030\/2025 e respectivas RETIFICA\u00c7\u00d5ES, acesse o link\u00a0<a href=\"https:\/\/www.ufsm.br\/pro-reitorias\/prpgp\/editais\/030-2025\" target=\"_blank\" rel=\"noopener\">https:\/\/www.ufsm.br\/pro-reitorias\/prpgp\/editais\/030-2025 ;<\/a>\u00a0(07\/10\/2025)<\/p>\n<\/li>\n<li>\n<p><a href=\"https:\/\/www.ufsm.br\/app\/uploads\/sites\/345\/2025\/08\/DOUT_ENGPROD_30_2025.pdf\" target=\"_blank\" rel=\"noopener\">EDITAL ESPEC\u00cdFICO \u2013 DOUTORADO EM ENGENHARIA DE PRODU\u00c7\u00c3O<\/a>; (07\/10\/2025)<\/p>\n<\/li>\n<li>\n<p><a href=\"https:\/\/www.ufsm.br\/app\/uploads\/sites\/345\/2025\/08\/1JAN_DOUT_ENGPROD_30_2025.pdf\" target=\"_blank\" rel=\"noopener\">1\u00aa janela de 2026: Vagas e Cronograma<\/a>; (07\/10\/2025)<\/p>\n<\/li>\n<li>\n<p><a href=\"https:\/\/www.ufsm.br\/app\/uploads\/sites\/551\/2025\/11\/Nota_1_Etapa_Classificao_PPGEP_2026-01_DOUTORADO.pdf\" target=\"_blank\" rel=\"noopener\">Nota da Planilha de Avalia\u00e7\u00e3o do Curr\u00edculo para Sele\u00e7\u00e3o<\/a>, conforme item 5.1.5 do EDITAL ESPEC\u00cdFICO, antes do prazo para pedido de reconsidera\u00e7\u00e3o; (07\/11\/2025)<\/p>\n<\/li>\n<li>\n<p><a href=\"https:\/\/www.ufsm.br\/app\/uploads\/sites\/551\/2025\/11\/Nota_1_Etapa_Classificao_apos_PPGEP_2026-01_DOUTORADO.pdf\" target=\"_blank\" rel=\"noopener\">Nota da Planilha de Avalia\u00e7\u00e3o do Curr\u00edculo para Sele\u00e7\u00e3o<\/a>, conforme item 5.1.5 do EDITAL ESPEC\u00cdFICO, ap\u00f3s o prazo para pedido de reconsidera\u00e7\u00e3o; (12\/11\/2025)<\/p>\n<\/li>\n<li>\n<p><a href=\"https:\/\/www.ufsm.br\/app\/uploads\/sites\/551\/2025\/11\/Nota_2_Etapa_Classificao_PPGEP_2026-01_DOUTORADO.pdf\" target=\"_blank\" rel=\"noopener\">Nota da avalia\u00e7\u00e3o do anteprojeto de pesquisa<\/a>, conforme item 5.2 do EDITAL ESPEC\u00cdFICO, antes do prazo para pedido de reconsidera\u00e7\u00e3o; (19\/11\/2025)<\/p>\n<\/li>\n<li>\n<p><a href=\"https:\/\/www.ufsm.br\/app\/uploads\/sites\/551\/2025\/11\/Nota_2_Etapa_Classificao_apos_PPGEP_2026-01_DOUTORADO.pdf\" target=\"_blank\" rel=\"noopener\">Nota da avalia\u00e7\u00e3o do anteprojeto de pesquisa<\/a>, conforme item 5.2 do EDITAL ESPEC\u00cdFICO, ap\u00f3s o prazo para pedido de reconsidera\u00e7\u00e3o; (26\/11\/2025)<\/p>\n<\/li>\n<li>\n<p>ETAPA 5.3 Da Defesa Oral: cronograma com as datas e hor\u00e1rios para a realiza\u00e7\u00e3o das defesas orais de cada candidato, rela\u00e7\u00e3o dispon\u00edvel\u00a0<a href=\"https:\/\/www.ufsm.br\/app\/uploads\/sites\/551\/2025\/12\/Entrevistas-Edital-N.030-2025-1a-janela.pdf\" target=\"_blank\" rel=\"noopener\">aqui<\/a>; (01\/12\/2025)<\/p>\n<\/li>\n<li>\n<p><a href=\"https:\/\/www.ufsm.br\/app\/uploads\/sites\/551\/2025\/12\/Relacao-Final-Candidatos-Classificados-05122025_DO.pdf\" target=\"_blank\" rel=\"noopener\">Rela\u00e7\u00e3o Pr\u00e9via dos(as) candidatos(as) classificados(as)<\/a> antes do per\u00edodo previsto \u00e0 interposi\u00e7\u00e3o de recurso administrativo; (10\/12\/2025)<\/p>\n<\/li>\n<li>\n<p><span style=\"background-color: #ffff00\">\u00c9 responsabilidade do(a) candidato(a) acompanhar as atualiza\u00e7\u00f5es e publica\u00e7\u00f5es do edital na p\u00e1gina da PRPGP no link\u00a0<a style=\"background-color: #ffff00\" href=\"https:\/\/www.ufsm.br\/pro-reitorias\/prpgp\/editais\/030-2025\" target=\"_blank\" rel=\"noopener\">aqui<\/a>; (10\/12\/2025)<\/span><\/p>\n<\/li>\n<\/ul>\n","protected":false},"excerpt":{"rendered":"<p>\u00a0 As Coordena\u00e7\u00f5es dos Cursos e Programas de P\u00f3s-Gradua\u00e7\u00e3o e a Pr\u00f3-Reitoria de P\u00f3s-gradua\u00e7\u00e3o e Pesquisa (PRPGP), tornam p\u00fablico o edital de processo seletivo de P\u00f3s-gradua\u00e7\u00e3o, em n\u00edvel de Mestrado, Doutorado e Especializa\u00e7\u00e3o, para ingresso em 2026. Per\u00edodo de inscri\u00e7\u00f5es: de 29 de setembro at\u00e9 28 de outubro de 2025 (1\u00aa janela de 2026). As [&hellip;]<\/p>\n","protected":false},"author":818,"featured_media":0,"parent":0,"menu_order":0,"comment_status":"closed","ping_status":"closed","template":"","meta":{"footnotes":""},"categories":[],"tags":[],"class_list":["post-2370","page","type-page","status-publish","hentry"],"acf":[],"_links":{"self":[{"href":"https:\/\/www.ufsm.br\/cursos\/pos-graduacao\/santa-maria\/ppgep\/wp-json\/wp\/v2\/pages\/2370","targetHints":{"allow":["GET"]}}],"collection":[{"href":"https:\/\/www.ufsm.br\/cursos\/pos-graduacao\/santa-maria\/ppgep\/wp-json\/wp\/v2\/pages"}],"about":[{"href":"https:\/\/www.ufsm.br\/cursos\/pos-graduacao\/santa-maria\/ppgep\/wp-json\/wp\/v2\/types\/page"}],"author":[{"embeddable":true,"href":"https:\/\/www.ufsm.br\/cursos\/pos-graduacao\/santa-maria\/ppgep\/wp-json\/wp\/v2\/users\/818"}],"replies":[{"embeddable":true,"href":"https:\/\/www.ufsm.br\/cursos\/pos-graduacao\/santa-maria\/ppgep\/wp-json\/wp\/v2\/comments?post=2370"}],"version-history":[{"count":0,"href":"https:\/\/www.ufsm.br\/cursos\/pos-graduacao\/santa-maria\/ppgep\/wp-json\/wp\/v2\/pages\/2370\/revisions"}],"wp:attachment":[{"href":"https:\/\/www.ufsm.br\/cursos\/pos-graduacao\/santa-maria\/ppgep\/wp-json\/wp\/v2\/media?parent=2370"}],"wp:term":[{"taxonomy":"category","embeddable":true,"href":"https:\/\/www.ufsm.br\/cursos\/pos-graduacao\/santa-maria\/ppgep\/wp-json\/wp\/v2\/categories?post=2370"},{"taxonomy":"post_tag","embeddable":true,"href":"https:\/\/www.ufsm.br\/cursos\/pos-graduacao\/santa-maria\/ppgep\/wp-json\/wp\/v2\/tags?post=2370"}],"curies":[{"name":"wp","href":"https:\/\/api.w.org\/{rel}","templated":true}]}}