{"id":2451,"date":"2026-03-16T18:05:28","date_gmt":"2026-03-16T21:05:28","guid":{"rendered":"https:\/\/www.ufsm.br\/cursos\/pos-graduacao\/santa-maria\/ppgep\/?page_id=2451"},"modified":"2026-03-24T12:45:05","modified_gmt":"2026-03-24T15:45:05","slug":"discente","status":"publish","type":"page","link":"https:\/\/www.ufsm.br\/cursos\/pos-graduacao\/santa-maria\/ppgep\/discente","title":{"rendered":"Discente"},"content":{"rendered":"\n<p><a href=\"https:\/\/www.ufsm.br\/pro-reitorias\/prpgp\/servicos\/ato-de-entrega-de-mdt-tutorial\" target=\"_blank\" rel=\"noopener\">Ato de entrega de disserta\u00e7\u00e3o\/tese<\/a><\/p>\n<p><a href=\"https:\/\/www.ufsm.br\/cursos\/pos-graduacao\/santa-maria\/ppgep\/ajuste-de-matricula-de-pos-graduacao\" target=\"_blank\" rel=\"noopener\">Ajuste de matr\u00edcula de p\u00f3s-gradua\u00e7\u00e3o (no prazo e fora do prazo do calend\u00e1rio acad\u00eamico)<\/a><\/p>\n<p><a href=\"https:\/\/www.ufsm.br\/cursos\/pos-graduacao\/santa-maria\/ppgep\/bolsa-de-estudo-de-mestrado\" target=\"_blank\" rel=\"noopener\">Bolsa de estudo de mestrado<\/a><\/p>\n<p><a href=\"https:\/\/www.ufsm.br\/cursos\/pos-graduacao\/santa-maria\/ppgep\/bolsa-de-estudo-de-doutorado\" target=\"_blank\" rel=\"noopener\">Bolsa de estudo de doutorado<\/a><\/p>\n<p><a href=\"https:\/\/www.ufsm.br\/pro-reitorias\/prpgp\/servicos\/cancelamento-de-curso-de-pos-graduacao\" target=\"_blank\" rel=\"noopener\">Cancelamento de curso de mestrado\/doutorado<\/a><\/p>\n<p><a href=\"https:\/\/www.ufsm.br\/cursos\/pos-graduacao\/santa-maria\/ppgep\/teste-de-suficiencia\" target=\"_blank\" rel=\"noopener\">Comprova\u00e7\u00e3o de sufici\u00eancia em l\u00edngua estrangeira de p\u00f3s-gradua\u00e7\u00e3o<\/a><\/p>\n<p><a href=\"https:\/\/www.ufsm.br\/cursos\/pos-graduacao\/santa-maria\/ppgep\/coorientacao-para-aluno-de-mestrado-doutorado\" target=\"_blank\" rel=\"noopener\">Coorienta\u00e7\u00e3o para aluno de mestrado\/doutorado<\/a><\/p>\n<p><a href=\"https:\/\/www.ufsm.br\/cursos\/pos-graduacao\/santa-maria\/ppgep\/dispensa-ou-aproveitamento-de-disciplinas\" target=\"_blank\" rel=\"noopener\">Dispensa\/Aproveitamento de disciplinas de P\u00f3s-Gradua\u00e7\u00e3o<\/a><\/p>\n<p><a href=\"https:\/\/www.ufsm.br\/cursos\/pos-graduacao\/santa-maria\/ppgep\/procedimentos-para-abrir-o-processo-de-defesa-de-dissertacao\" target=\"_blank\" rel=\"noopener\">Defesa de disserta\u00e7\u00e3o de mestrado\/tese de doutorado<\/a><\/p>\n<p><a href=\"https:\/\/www.ufsm.br\/cursos\/pos-graduacao\/santa-maria\/ppgep\/defesa-fechada-ao-publico\" target=\"_blank\" rel=\"noopener\">Defesa fechada ao p\u00fablico<\/a><\/p>\n<p><a href=\"https:\/\/www.ufsm.br\/cursos\/pos-graduacao\/santa-maria\/ppgep\/docencia-orientada\" target=\"_blank\" rel=\"noopener\">Doc\u00eancia orientada<\/a><\/p>\n<p><a href=\"https:\/\/www.ufsm.br\/cursos\/pos-graduacao\/santa-maria\/ppgep\/entrega-da-versao-final-da-dissertacao-tese\" target=\"_blank\" rel=\"noopener\">Entrega da vers\u00e3o final da disserta\u00e7\u00e3o\/tese<\/a><\/p>\n<p><a href=\"https:\/\/www.ufsm.br\/cursos\/pos-graduacao\/santa-maria\/ppgep\/disciplinas-ofertadas\" target=\"_blank\" rel=\"noopener\">Hor\u00e1rio das disciplinas<\/a><\/p>\n<p><a href=\"https:\/\/www.ufsm.br\/cursos\/pos-graduacao\/santa-maria\/ppgep\/legislacao\" target=\"_blank\" rel=\"noopener\">Legisla\u00e7\u00e3o<\/a><\/p>\n<p><a href=\"https:\/\/www.ufsm.br\/pro-reitorias\/prpgp\/servicos\/afastamento-licenca-de-discente-da-pos-graduacao\" target=\"_blank\" rel=\"noopener\">Licen\u00e7a sa\u00fade\/maternidade\/paternidade com suspens\u00e3o do prazo de conclus\u00e3o de curso de mestrado\/doutorado<\/a><\/p>\n<p><a href=\"https:\/\/www.ufsm.br\/cursos\/pos-graduacao\/santa-maria\/ppgep\/matricula-extracurricular-de-mestrado-doutorado\" target=\"_blank\" rel=\"noopener\">Matr\u00edcula extracurricular de mestrado\/doutorado<\/a><\/p>\n<p><a href=\"https:\/\/www.ufsm.br\/cursos\/pos-graduacao\/santa-maria\/ppgep\/pagamento-de-taxa-de-publicacao-de-estudante\" target=\"_blank\" rel=\"noopener\">Pagamento de taxa de publica\u00e7\u00e3o de estudante<\/a><\/p>\n<p><a href=\"https:\/\/www.ufsm.br\/cursos\/pos-graduacao\/santa-maria\/ppgep\/procedimentos-ao-preenchimento-do-plano-de-estudos-on-line\" target=\"_blank\" rel=\"noopener\">Plano de estudos<\/a><\/p>\n<p><a href=\"https:\/\/www.ufsm.br\/cursos\/pos-graduacao\/santa-maria\/ppgep\/preenchimento-ata-de-defesa-de-membros-nao-presenciais\" target=\"_blank\" rel=\"noopener\">Preenchimento ata de defesa de membros n\u00e3o presenciais<\/a><\/p>\n<p><a href=\"https:\/\/www.ufsm.br\/cursos\/pos-graduacao\/santa-maria\/ppgep\/prorrogacao-de-prazo-do-exame-de-qualificacao\" target=\"_blank\" rel=\"noopener\">Prorroga\u00e7\u00e3o de prazo do exame de qualifica\u00e7\u00e3o de mestrado\/doutorado<\/a><\/p>\n<p><a href=\"https:\/\/www.ufsm.br\/cursos\/pos-graduacao\/santa-maria\/ppgep\/prorrogacao-de-prazo-para-defesa-de-dissertacao-tese\" target=\"_blank\" rel=\"noopener\">Prorroga\u00e7\u00e3o de prazo para defesa de disserta\u00e7\u00e3o\/tese<\/a><\/p>\n<p><a href=\"https:\/\/www.ufsm.br\/cursos\/pos-graduacao\/santa-maria\/ppgep\/qualificacao-de-dissertacao-de-mestrado\" target=\"_blank\" rel=\"noopener\">Qualifica\u00e7\u00e3o de disserta\u00e7\u00e3o de mestrado\/tese de doutorado<\/a><\/p>\n<p><a href=\"https:\/\/www.ufsm.br\/pro-reitorias\/prpgp\/servicos\/revisao-de-desligamento-discente\" target=\"_blank\" rel=\"noopener\">Revis\u00e3o de desligamento discente de mestrado\/doutorado<\/a><\/p>\n<p><a href=\"https:\/\/www.ufsm.br\/cursos\/pos-graduacao\/santa-maria\/ppgep\/urgencia-para-emissao-de-diploma-da-pos-graduacao\" target=\"_blank\" rel=\"noopener\">Urg\u00eancia para emiss\u00e3o de diploma da p\u00f3s-gradua\u00e7\u00e3o<\/a><\/p>\n<p>\u00a0<\/p>\n","protected":false},"excerpt":{"rendered":"<p>Ato de entrega de disserta\u00e7\u00e3o\/tese Ajuste de matr\u00edcula de p\u00f3s-gradua\u00e7\u00e3o (no prazo e fora do prazo do calend\u00e1rio acad\u00eamico) Bolsa de estudo de mestrado Bolsa de estudo de doutorado Cancelamento de curso de mestrado\/doutorado Comprova\u00e7\u00e3o de sufici\u00eancia em l\u00edngua estrangeira de p\u00f3s-gradua\u00e7\u00e3o Coorienta\u00e7\u00e3o para aluno de mestrado\/doutorado Dispensa\/Aproveitamento de disciplinas de P\u00f3s-Gradua\u00e7\u00e3o Defesa de disserta\u00e7\u00e3o [&hellip;]<\/p>\n","protected":false},"author":818,"featured_media":0,"parent":0,"menu_order":0,"comment_status":"closed","ping_status":"closed","template":"","meta":{"footnotes":""},"categories":[],"tags":[],"class_list":["post-2451","page","type-page","status-publish","hentry"],"acf":[],"_links":{"self":[{"href":"https:\/\/www.ufsm.br\/cursos\/pos-graduacao\/santa-maria\/ppgep\/wp-json\/wp\/v2\/pages\/2451","targetHints":{"allow":["GET"]}}],"collection":[{"href":"https:\/\/www.ufsm.br\/cursos\/pos-graduacao\/santa-maria\/ppgep\/wp-json\/wp\/v2\/pages"}],"about":[{"href":"https:\/\/www.ufsm.br\/cursos\/pos-graduacao\/santa-maria\/ppgep\/wp-json\/wp\/v2\/types\/page"}],"author":[{"embeddable":true,"href":"https:\/\/www.ufsm.br\/cursos\/pos-graduacao\/santa-maria\/ppgep\/wp-json\/wp\/v2\/users\/818"}],"replies":[{"embeddable":true,"href":"https:\/\/www.ufsm.br\/cursos\/pos-graduacao\/santa-maria\/ppgep\/wp-json\/wp\/v2\/comments?post=2451"}],"version-history":[{"count":0,"href":"https:\/\/www.ufsm.br\/cursos\/pos-graduacao\/santa-maria\/ppgep\/wp-json\/wp\/v2\/pages\/2451\/revisions"}],"wp:attachment":[{"href":"https:\/\/www.ufsm.br\/cursos\/pos-graduacao\/santa-maria\/ppgep\/wp-json\/wp\/v2\/media?parent=2451"}],"wp:term":[{"taxonomy":"category","embeddable":true,"href":"https:\/\/www.ufsm.br\/cursos\/pos-graduacao\/santa-maria\/ppgep\/wp-json\/wp\/v2\/categories?post=2451"},{"taxonomy":"post_tag","embeddable":true,"href":"https:\/\/www.ufsm.br\/cursos\/pos-graduacao\/santa-maria\/ppgep\/wp-json\/wp\/v2\/tags?post=2451"}],"curies":[{"name":"wp","href":"https:\/\/api.w.org\/{rel}","templated":true}]}}