{"id":2452,"date":"2026-03-16T18:28:41","date_gmt":"2026-03-16T21:28:41","guid":{"rendered":"https:\/\/www.ufsm.br\/cursos\/pos-graduacao\/santa-maria\/ppgep\/?page_id=2452"},"modified":"2026-03-16T18:42:40","modified_gmt":"2026-03-16T21:42:40","slug":"coorientacao-para-aluno-de-mestrado-doutorado","status":"publish","type":"page","link":"https:\/\/www.ufsm.br\/cursos\/pos-graduacao\/santa-maria\/ppgep\/coorientacao-para-aluno-de-mestrado-doutorado","title":{"rendered":"Coorienta\u00e7\u00e3o para aluno de mestrado\/doutorado"},"content":{"rendered":"\n<p>Primeiramente o aluno precisar\u00e1 assinar o termo de concord\u00e2ncia de assinatura eletr\u00f4nica conforme tutorial a seguir:\u00a0<a href=\"https:\/\/www.ufsm.br\/app\/uploads\/sites\/416\/2020\/04\/Passo-a-passo-termo-assinatura-eletronica-PEN-SIE.pdf\">https:\/\/www.ufsm.br\/app\/uploads\/sites\/416\/2020\/04\/Passo-a-passo-termo-assinatura-eletronica-PEN-SIE.pdf<\/a>\u00a0, caso ainda n\u00e3o tenha.<\/p>\n<p>Caso o Coorientador pretendido\u00a0n\u00e3o\u00a0seja da UFSM e n\u00e3o tenha cadastro como usu\u00e1rio externo, precisar\u00e1 fazer o cadastro\u00a0clicando no link\u00a0<a href=\"https:\/\/www.ufsm.br\/orgaos-suplementares\/dag\/pen\/servicos\/cadastro-de-usuarios-externos\/\">https:\/\/www.ufsm.br\/orgaos-suplementares\/dag\/pen\/servicos\/cadastro-de-usuarios-externos\/<\/a>\u00a0e no bot\u00e3o \u201csolicitar servi\u00e7o\u201d. Ap\u00f3s o recebimento da confirma\u00e7\u00e3o do cadastro precisar\u00e1\u00a0concordar com o termo de assinatura eletr\u00f4nica,\u00a0conforme tutorial\u00a0<a href=\"https:\/\/www.ufsm.br\/app\/uploads\/sites\/416\/2020\/04\/Passo-a-passo-termo-assinatura-eletronica-PEN-SIE.pdf\">https:\/\/www.ufsm.br\/app\/uploads\/sites\/416\/2020\/04\/Passo-a-passo-termo-assinatura-eletronica-PEN-SIE.pdf<\/a>.<\/p>\n<p>Ap\u00f3s obter a confirma\u00e7\u00e3o da assinatura eletr\u00f4nica, o aluno deve abrir o processo eletr\u00f4nico de Processo de\u00a0Coorienta\u00e7\u00e3o\u00a0no portal de processos:\u00a0<a href=\"https:\/\/portal.ufsm.br\/documentos\/login.html\">https:\/\/portal.ufsm.br\/documentos\/login.html<\/a><\/p>\n<p>Requerimento para anexar no processo: <a href=\"https:\/\/www.ufsm.br\/cursos\/pos-graduacao\/santa-maria\/ppgep\/wp-content\/uploads\/sites\/551\/2019\/08\/Solicita%C3%A7%C3%A3o-de-Coorientador_PPGEP.docx\" target=\"_blank\" rel=\"noopener\">Solicita\u00e7\u00e3o de coorienta\u00e7\u00e3o para aluno de mestrado\/doutorado.<\/a><\/p>\n<p>O aluno precisar\u00e1 entrar com login (matr\u00edcula) e senha (senha do portal do aluno), clicando em \u201can\u00f4nimo\u201d e \u201cLogin\u201d<\/p>\n<figure class=\"wp-block-image\"><img decoding=\"async\" class=\"wp-image-983\" src=\"https:\/\/www.ufsm.br\/app\/uploads\/sites\/516\/2022\/05\/1-1.jpg\" alt=\"\" \/><\/figure>\n<figure class=\"wp-block-image\"><img decoding=\"async\" class=\"wp-image-984\" src=\"https:\/\/www.ufsm.br\/app\/uploads\/sites\/516\/2022\/05\/2-1.jpg\" alt=\"\" \/><\/figure>\n<p><strong>PARA ABERTURA DO PROCESSO PELO ALUNO<\/strong><\/p>\n<p>1.\u00a0Clicar em \u201cNovo\u201d e \u201cProcesso\u201d<\/p>\n<figure class=\"wp-block-image\"><img decoding=\"async\" class=\"wp-image-985\" src=\"https:\/\/www.ufsm.br\/app\/uploads\/sites\/516\/2022\/05\/3-1.jpg\" alt=\"\" \/><\/figure>\n<p><br \/>2. Escolher o \u201cTipo documental\u201d do processo: \u201cProcesso de coorienta\u00e7\u00e3o para aluno de mestrado\/doutorado (134.331)\u201d.<\/p>\n<p>\u2013\u00a0No campo\u00a0proced\u00eancia aparecer\u00e1 o nome do aluno.<br \/>\u2013 O aluno pode complementar a descri\u00e7\u00e3o, se quiser, e clicar em salvar.<\/p>\n<figure class=\"wp-block-image\"><img decoding=\"async\" class=\"wp-image-986\" src=\"https:\/\/www.ufsm.br\/app\/uploads\/sites\/516\/2022\/05\/4.png\" alt=\"\" \/><\/figure>\n<p>3. Clicar em \u201cAdicionar\u201d e \u201cenviar\u201d para anexar ao processo a solicita\u00e7\u00e3o de coorienta\u00e7\u00e3o, contendo justificativa, em formato PDF, conforme\u00a0<a href=\"https:\/\/www.ufsm.br\/app\/uploads\/sites\/874\/2023\/04\/Solicitacao_Coorientacao-2.docx\" data-type=\"page\" data-id=\"416\">modelo<\/a>.<\/p>\n<figure class=\"wp-block-image\"><img decoding=\"async\" class=\"wp-image-987\" src=\"https:\/\/www.ufsm.br\/app\/uploads\/sites\/516\/2022\/05\/5.png\" alt=\"\" \/><\/figure>\n<p>4. No tipo documental escrever: Solicita\u00e7\u00e3o de coorienta\u00e7\u00e3o de aluno de mestrado\/doutorado\u201d. Escolher o documento, marcar: \u201cgerado eletronicamente\u201d, \u201csem autentica\u00e7\u00e3o\u201d; \u201cassinar o documento?\u201d marcar \u201csim\u201d e clicar em \u201cadicionar\u201d.<\/p>\n<figure class=\"wp-block-image\"><img decoding=\"async\" class=\"wp-image-988\" src=\"https:\/\/www.ufsm.br\/app\/uploads\/sites\/516\/2022\/05\/6.png\" alt=\"\" \/><\/figure>\n<p>5. Fazer o mesmo procedimento para incluir o curriculo lattes do coorientador pretendido<\/p>\n<figure class=\"wp-block-image\"><img decoding=\"async\" class=\"wp-image-989\" src=\"https:\/\/www.ufsm.br\/app\/uploads\/sites\/516\/2022\/05\/7.png\" alt=\"\" \/><\/figure>\n<p>6. Depois de incluir todos os documentos, o aluno deve clicar em salvar.<\/p>\n<figure class=\"wp-block-image\"><img decoding=\"async\" class=\"wp-image-990\" src=\"https:\/\/www.ufsm.br\/app\/uploads\/sites\/516\/2022\/05\/8-1.jpg\" alt=\"\" \/><\/figure>\n<p>7. Inserir o v\u00ednculo (discente) e a senha do portal do aluno e clicar em \u201cok\u201d.<\/p>\n<figure class=\"wp-block-image\"><img decoding=\"async\" class=\"wp-image-991\" src=\"https:\/\/www.ufsm.br\/app\/uploads\/sites\/516\/2022\/05\/9.jpg\" alt=\"\" \/><\/figure>\n<p>8. Clicar em \u201ctramitar\u201d<\/p>\n<figure class=\"wp-block-image\"><img decoding=\"async\" class=\"wp-image-992\" src=\"https:\/\/www.ufsm.br\/app\/uploads\/sites\/516\/2022\/05\/10.png\" alt=\"\" \/><\/figure>\n<p>9. Em \u201cpr\u00f3ximo passo\u201d, o \u201cDestino inicial\u201d ser\u00e1 a divis\u00e3o de protocolo. No \u201cDespacho\u201d, digitar \u201cEncaminhar para o professor (nome do orientador do aluno)\u201d. Clicar em \u201cTramitar\u201d.<\/p>\n<figure class=\"wp-block-image\"><img decoding=\"async\" class=\"wp-image-993\" src=\"https:\/\/www.ufsm.br\/app\/uploads\/sites\/516\/2022\/05\/11.png\" alt=\"\" \/><\/figure>\n<p><br \/><strong>PARA TRAMITA\u00c7\u00c3O PELO ORIENTADOR<\/strong><br \/>\u2013 O orientador deve assinar o documento \u201cSolicita\u00e7\u00e3o de Coorienta\u00e7\u00e3o\u201d\u00a0inclu\u00eddo pelo aluno, clicar em tramitar e escrever no despacho que est\u00e1 de acordo com a solicita\u00e7\u00e3o.<\/p>\n<p>\u2013 O processo deve ser tramitado para\u00a0o coorientador pretendido.<\/p>\n<p><strong>PARA TRAMITA\u00c7\u00c3O PELO\u00a0<\/strong><strong>CO<\/strong><strong>ORIENTADOR\u00a0<\/strong><strong>PRETENDIDO<\/strong><\/p>\n<p>\u2013\u00a0O\u00a0coorientador pretendido\u00a0precisar\u00e1 acessar a\u00a0<a href=\"https:\/\/portal.ufsm.br\/caixapostal\/index.html\">caixa postal da UFSM<\/a>,\u00a0assinar o documento \u201cSolicita\u00e7\u00e3o de Coorienta\u00e7\u00e3o\u201d\u00a0inclu\u00eddo pelo aluno, clicar em tramitar e escrever no despacho que est\u00e1 de acordo com a solicita\u00e7\u00e3o.<br \/>\u2013 O processo deve ser tramitado para unidade PROGRAMA DE P\u00d3S-GRADUA\u00c7\u00c3O EM ENGENHARIA DE PRODU\u00c7\u00c3O &#8211; 07.10.02.00.0.0<\/p>\n","protected":false},"excerpt":{"rendered":"<p>Primeiramente o aluno precisar\u00e1 assinar o termo de concord\u00e2ncia de assinatura eletr\u00f4nica conforme tutorial a seguir:\u00a0https:\/\/www.ufsm.br\/app\/uploads\/sites\/416\/2020\/04\/Passo-a-passo-termo-assinatura-eletronica-PEN-SIE.pdf\u00a0, caso ainda n\u00e3o tenha. Caso o Coorientador pretendido\u00a0n\u00e3o\u00a0seja da UFSM e n\u00e3o tenha cadastro como usu\u00e1rio externo, precisar\u00e1 fazer o cadastro\u00a0clicando no link\u00a0https:\/\/www.ufsm.br\/orgaos-suplementares\/dag\/pen\/servicos\/cadastro-de-usuarios-externos\/\u00a0e no bot\u00e3o \u201csolicitar servi\u00e7o\u201d. Ap\u00f3s o recebimento da confirma\u00e7\u00e3o do cadastro precisar\u00e1\u00a0concordar com o termo de [&hellip;]<\/p>\n","protected":false},"author":818,"featured_media":0,"parent":0,"menu_order":0,"comment_status":"closed","ping_status":"closed","template":"","meta":{"footnotes":""},"categories":[],"tags":[],"class_list":["post-2452","page","type-page","status-publish","hentry"],"acf":[],"_links":{"self":[{"href":"https:\/\/www.ufsm.br\/cursos\/pos-graduacao\/santa-maria\/ppgep\/wp-json\/wp\/v2\/pages\/2452","targetHints":{"allow":["GET"]}}],"collection":[{"href":"https:\/\/www.ufsm.br\/cursos\/pos-graduacao\/santa-maria\/ppgep\/wp-json\/wp\/v2\/pages"}],"about":[{"href":"https:\/\/www.ufsm.br\/cursos\/pos-graduacao\/santa-maria\/ppgep\/wp-json\/wp\/v2\/types\/page"}],"author":[{"embeddable":true,"href":"https:\/\/www.ufsm.br\/cursos\/pos-graduacao\/santa-maria\/ppgep\/wp-json\/wp\/v2\/users\/818"}],"replies":[{"embeddable":true,"href":"https:\/\/www.ufsm.br\/cursos\/pos-graduacao\/santa-maria\/ppgep\/wp-json\/wp\/v2\/comments?post=2452"}],"version-history":[{"count":0,"href":"https:\/\/www.ufsm.br\/cursos\/pos-graduacao\/santa-maria\/ppgep\/wp-json\/wp\/v2\/pages\/2452\/revisions"}],"wp:attachment":[{"href":"https:\/\/www.ufsm.br\/cursos\/pos-graduacao\/santa-maria\/ppgep\/wp-json\/wp\/v2\/media?parent=2452"}],"wp:term":[{"taxonomy":"category","embeddable":true,"href":"https:\/\/www.ufsm.br\/cursos\/pos-graduacao\/santa-maria\/ppgep\/wp-json\/wp\/v2\/categories?post=2452"},{"taxonomy":"post_tag","embeddable":true,"href":"https:\/\/www.ufsm.br\/cursos\/pos-graduacao\/santa-maria\/ppgep\/wp-json\/wp\/v2\/tags?post=2452"}],"curies":[{"name":"wp","href":"https:\/\/api.w.org\/{rel}","templated":true}]}}