{"id":2453,"date":"2026-03-16T18:49:03","date_gmt":"2026-03-16T21:49:03","guid":{"rendered":"https:\/\/www.ufsm.br\/cursos\/pos-graduacao\/santa-maria\/ppgep\/?page_id=2453"},"modified":"2026-03-16T18:53:13","modified_gmt":"2026-03-16T21:53:13","slug":"procedimentos-ao-preenchimento-do-plano-de-estudos-on-line","status":"publish","type":"page","link":"https:\/\/www.ufsm.br\/cursos\/pos-graduacao\/santa-maria\/ppgep\/procedimentos-ao-preenchimento-do-plano-de-estudos-on-line","title":{"rendered":"Procedimentos ao preenchimento do Plano de Estudos On-line"},"content":{"rendered":"\n<div class=\"wp-block-group\"><div class=\"wp-block-group__inner-container is-layout-constrained wp-block-group-is-layout-constrained\">\n<p>O plano de estudos on-line esta dispon\u00edvel desde 27\/11\/2013 e os alunos que ingressaram em cursos de p\u00f3s-gradua\u00e7\u00e3o a partir do 2\u00ba semestre de 2013 s\u00f3 podem abrir seus processos de defesa de MDT se tiverem preenchidos e aprovados seus planos de estudos on-line.<\/p>\n<p>O preenchimento do Plano de Estudos \u00e9 realizado no Portal Estudantil (<a href=\"https:\/\/portal.ufsm.br\/estudantil\" target=\"_blank\" rel=\"noopener\">https:\/\/portal.ufsm.br\/estudantil<\/a>) pelo(a) pr\u00f3prio(a) discente, no menu P\u00f3s-Gradua\u00e7\u00e3o e op\u00e7\u00e3o Plano de Estudos e deve ser submetido para aprova\u00e7\u00e3o antes do final do primeiro semestre letivo de curso, sob risco de trancamento para matr\u00edcula no 2\u00ba semestre letivo de ingresso, caso n\u00e3o seja cumprido o prazo.<\/p>\n<p>Para abrir o processo de solicita\u00e7\u00e3o de defesa de MDT (ao final do curso), \u00e9 necess\u00e1rio que o aluno esteja com seu plano de estudos devidamente cumprido. Esta \u00e9 uma responsabilidade de todo aluno de p\u00f3s-gradua\u00e7\u00e3o. Al\u00e9m disso, \u00e9 importante que o aluno saiba que, uma vez aberto o processo de defesa de MDT, n\u00e3o \u00e9 mais permitido alterar o plano de estudos.<\/p>\n<p>Conforme o Regulamento Geral da PG da UFSM, todo(a) discente dever\u00e1 ter um(a) orientador(a) desde a 1\u00aa (primeira) matr\u00edcula e, quando da necessidade para o desenvolvimento dos estudos, o discente poder\u00e1 dispor de coorientador(es\/as).<\/p>\n<ul>\n<li>O(A) orientador(a) dever\u00e1 ser docente credenciado(a) no curso de p\u00f3s-gradua\u00e7\u00e3o, tendo como atribui\u00e7\u00f5es:\n<ul>\n<li>Definir o plano de estudos e suas poss\u00edveis reformula\u00e7\u00f5es, juntamente com o(a) discente;<\/li>\n<li>Orientar os trabalhos finais; e,<\/li>\n<li>Presidir a banca examinadora da defesa de seu(sua) orientando(a).<\/li>\n<\/ul>\n<\/li>\n<li>Poder\u00e3o atuar como coorientador(es\/as):\n<ul>\n<li>Docentes credenciados no curso de p\u00f3s-gradua\u00e7\u00e3o, ou,<\/li>\n<li>Docentes ou pesquisadores(as) n\u00e3o credenciados, desde que aprovados pelo colegiado.<\/li>\n<li>O t\u00edtulo de doutor(a) poder\u00e1 ser dispensado nos mestrados profissionais, conforme previsto no SNPG.<\/li>\n<li>A atua\u00e7\u00e3o eventual de coorienta\u00e7\u00e3o n\u00e3o caracteriza um(a) docente ou pesquisador(a) como integrante do corpo docente do curso.<\/li>\n<\/ul>\n<\/li>\n<li>Ao(s) coorientador(es\/as) incumbe colaborar com o projeto de pesquisa do(a) discente, interagindo com o(a) orientador(a), no planejamento inicial, na implementa\u00e7\u00e3o e\/ou na reda\u00e7\u00e3o do trabalho final e dos artigos cient\u00edficos.\n<ul>\n<li>O nome e a designa\u00e7\u00e3o de coorientador(a) constar\u00e1 na portaria da banca examinadora do trabalho final e na ata de defesa.<\/li>\n<\/ul>\n<\/li>\n<li>Quando houver solicita\u00e7\u00e3o do(a) discente e\/ou do(a) orientador(a) para<strong>\u00a0troca de orienta\u00e7\u00e3o<\/strong>, o colegiado dever\u00e1 se manifestar a respeito e, no caso da necessidade de nova orienta\u00e7\u00e3o, esta dever\u00e1 ser homologada, ap\u00f3s ci\u00eancia do discente e do(a) novo(a) orientador(a) designado(a) pelo colegiado.\n<ul>\n<li>Ap\u00f3s aprovada, a altera\u00e7\u00e3o de orientadores \u00e9 feita com a altera\u00e7\u00e3o do Plano de Estudos, com o(a) novo(a) orientador(a) informado(a) no respectivo campo do plano de estudos.<\/li>\n<\/ul>\n<\/li>\n<\/ul>\n<p><strong>OBSERVA\u00c7\u00d5ES SOBRE O PLANO DE ESTUDOS<\/strong><\/p>\n<ul>\n<li>Observar se as disciplinas (c\u00f3digos e nomes) e n\u00famero de cr\u00e9ditos inseridos no Plano de Estudos est\u00e3o de acordo com as informa\u00e7\u00f5es do hist\u00f3rico escolar;<\/li>\n<li>Inserir sufici\u00eancia\/profici\u00eancia em L\u00edngua Estrangeira;<\/li>\n<li>\u00c9 poss\u00edvel se matricular em disciplinas que est\u00e3o fora do plano e n\u00e3o \u00e9 necess\u00e1rio alterar o plano para cursar estas disciplinas.\n<ul>\n<li>Elas apenas v\u00e3o fazer parte do hist\u00f3rico escolar e, caso houver reprova\u00e7\u00e3o, contar\u00e3o para o desligamento por dupla reprova\u00e7\u00e3o.<\/li>\n<\/ul>\n<\/li>\n<li>\u00c9 exigido o exame de qualifica\u00e7\u00e3o de discentes em Cursos de Doutorado e deve-se ter conclu\u00eddo pelo menos 75% dos cr\u00e9ditos previstos no Plano de Estudos (obrigat\u00f3rios + optativos);\n<ul>\n<li>O discente dever\u00e1 ter conclu\u00eddo, no m\u00ednimo, setenta e cinco por cento dos cr\u00e9ditos requeridos pelo regulamento do programa de p\u00f3s-gradua\u00e7\u00e3o para solicitar o exame de qualifica\u00e7\u00e3o.<\/li>\n<li>Para discentes de Cursos de Mestrado poder\u00e1 ser exigido o exame de qualifica\u00e7\u00e3o quando definido no Regulamento do Programa de P\u00f3s-Gradua\u00e7\u00e3o.\n<ul>\n<li>O exame de qualifica\u00e7\u00e3o do mestrado \u00e9 normatizado internamente pelos cursos e n\u00e3o h\u00e1 abertura de processo de defesa MDT online no sistema de plano de estudos e defesa.<\/li>\n<\/ul>\n<\/li>\n<\/ul>\n<\/li>\n<li>Para abrir o processo de defesa ao final do curso, no sistema de plano de estudos e defesa, \u00e9 necess\u00e1rio que o plano de estudos esteja devidamente cumprido.\n<ul>\n<li>Uma vez aberto o processo de defesa de MDT, n\u00e3o \u00e9 mais permitido alterar o plano de estudos.<\/li>\n<\/ul>\n<\/li>\n<\/ul>\n<p><strong>SOBRE TROCA DE ORIENTADORES NA ORIENTA\u00c7\u00c3O DISCENTE<\/strong><\/p>\n<ol>\n<li>A altera\u00e7\u00e3o de orientadores de cada discente \u00e9 feita com a altera\u00e7\u00e3o no plano de estudos, ou seja, quando houver altera\u00e7\u00e3o na orienta\u00e7\u00e3o discente, ela \u00e9 feita atrav\u00e9s da altera\u00e7\u00e3o do(a) docente orientador(a) informado no plano de estudos.<\/li>\n<li>Ap\u00f3s aprovada, a altera\u00e7\u00e3o de orientadores \u00e9 feita com a altera\u00e7\u00e3o do Plano de Estudos, com o(a) novo(a) orientador(a) informado(a) no respectivo campo do plano de estudos.<\/li>\n<\/ol>\n<p><strong>TUTORIAL PLANO DE ESTUDOS <\/strong>dispon\u00edvel <a href=\"https:\/\/www.ufsm.br\/app\/uploads\/sites\/345\/2022\/02\/TUTORIAL-PLANO-DE-ESTUDOS.pdf\" target=\"_blank\" rel=\"noopener\">aqui<\/a>.<\/p>\n<\/div><\/div>\n\n\n\n\n","protected":false},"excerpt":{"rendered":"<p>O plano de estudos on-line esta dispon\u00edvel desde 27\/11\/2013 e os alunos que ingressaram em cursos de p\u00f3s-gradua\u00e7\u00e3o a partir do 2\u00ba semestre de 2013 s\u00f3 podem abrir seus processos de defesa de MDT se tiverem preenchidos e aprovados seus planos de estudos on-line. O preenchimento do Plano de Estudos \u00e9 realizado no Portal Estudantil [&hellip;]<\/p>\n","protected":false},"author":818,"featured_media":0,"parent":0,"menu_order":0,"comment_status":"closed","ping_status":"closed","template":"","meta":{"footnotes":""},"categories":[],"tags":[],"class_list":["post-2453","page","type-page","status-publish","hentry"],"acf":[],"_links":{"self":[{"href":"https:\/\/www.ufsm.br\/cursos\/pos-graduacao\/santa-maria\/ppgep\/wp-json\/wp\/v2\/pages\/2453","targetHints":{"allow":["GET"]}}],"collection":[{"href":"https:\/\/www.ufsm.br\/cursos\/pos-graduacao\/santa-maria\/ppgep\/wp-json\/wp\/v2\/pages"}],"about":[{"href":"https:\/\/www.ufsm.br\/cursos\/pos-graduacao\/santa-maria\/ppgep\/wp-json\/wp\/v2\/types\/page"}],"author":[{"embeddable":true,"href":"https:\/\/www.ufsm.br\/cursos\/pos-graduacao\/santa-maria\/ppgep\/wp-json\/wp\/v2\/users\/818"}],"replies":[{"embeddable":true,"href":"https:\/\/www.ufsm.br\/cursos\/pos-graduacao\/santa-maria\/ppgep\/wp-json\/wp\/v2\/comments?post=2453"}],"version-history":[{"count":0,"href":"https:\/\/www.ufsm.br\/cursos\/pos-graduacao\/santa-maria\/ppgep\/wp-json\/wp\/v2\/pages\/2453\/revisions"}],"wp:attachment":[{"href":"https:\/\/www.ufsm.br\/cursos\/pos-graduacao\/santa-maria\/ppgep\/wp-json\/wp\/v2\/media?parent=2453"}],"wp:term":[{"taxonomy":"category","embeddable":true,"href":"https:\/\/www.ufsm.br\/cursos\/pos-graduacao\/santa-maria\/ppgep\/wp-json\/wp\/v2\/categories?post=2453"},{"taxonomy":"post_tag","embeddable":true,"href":"https:\/\/www.ufsm.br\/cursos\/pos-graduacao\/santa-maria\/ppgep\/wp-json\/wp\/v2\/tags?post=2453"}],"curies":[{"name":"wp","href":"https:\/\/api.w.org\/{rel}","templated":true}]}}