{"id":2454,"date":"2026-03-16T18:56:53","date_gmt":"2026-03-16T21:56:53","guid":{"rendered":"https:\/\/www.ufsm.br\/cursos\/pos-graduacao\/santa-maria\/ppgep\/?page_id=2454"},"modified":"2026-03-23T17:54:04","modified_gmt":"2026-03-23T20:54:04","slug":"prorrogacao-de-prazo-para-defesa-de-dissertacao-tese","status":"publish","type":"page","link":"https:\/\/www.ufsm.br\/cursos\/pos-graduacao\/santa-maria\/ppgep\/prorrogacao-de-prazo-para-defesa-de-dissertacao-tese","title":{"rendered":"Prorroga\u00e7\u00e3o de prazo para defesa de disserta\u00e7\u00e3o\/tese"},"content":{"rendered":"\n<p>Os(As) discentes dos cursos de p\u00f3s-gradua\u00e7\u00e3o da UFSM podem solicitar a prorroga\u00e7\u00e3o do prazo de defesa, conforme as orienta\u00e7\u00f5es constante nesta p\u00e1gina e descritas abaixo.<\/p>\n<p>O\u00a0<strong>Processo de prorroga\u00e7\u00e3o de prazo para defesa de disserta\u00e7\u00e3o ou tese pode ser aberto pelo discente<\/strong>\u00a0no\u00a0<a href=\"https:\/\/portal.ufsm.br\/documentos\/index.html\">Portal Documentos da UFSM<\/a>.<\/p>\n<ul>\n<li>Menu Novo &gt; Processo&gt; seleciona o PEN com tipo documental \u201c<strong>Processo de prorroga\u00e7\u00e3o de prazo para defesa de disserta\u00e7\u00e3o\/tese (134.333)<\/strong>\u201c<\/li>\n<\/ul>\n<p><b><u>Procedimento:<\/u>\u00a0<\/b>discente abre o PEN anexando o\u00a0<a href=\"https:\/\/www.ufsm.br\/app\/uploads\/sites\/345\/2018\/08\/Requerimento_Prorrogacao_Prazo_Defesa_Stricto-Sensu.docx\">requerimento de prorroga\u00e7\u00e3o de prazo Stricto Sensu<\/a>\u00a0e demais documentos em formato PDF leg\u00edvel, tramita para o(a) orientador(a) e este tramita ao Curso para an\u00e1lise do Colegiado. Se aprovado pelo Colegiado, anexa a ata da reuni\u00e3o e tramita o Processo para a unidade 01.09.01.04.0.0 \u2013 N\u00daCLEO DE CONTROLE ACAD\u00caMICO DA P\u00d3S-GRADUA\u00c7\u00c3O (NCAPG\/PRPGP),\u00a0<strong>INFORMANDO no despacho o prazo homologado pelo colegiado com a data limite para a prorroga\u00e7\u00e3o<\/strong>.<\/p>\n<p><strong>Fluxo da abertura do PEN de prorroga\u00e7\u00e3o de prazo para defesa:<br \/><\/strong>Discente &gt; Orientador(a) &gt; Curso\/Colegiado &gt; N\u00facleo de Controle Acad\u00eamico da P\u00f3s-Gradua\u00e7\u00e3o da PRPGP.<\/p>\n","protected":false},"excerpt":{"rendered":"<p>Os(As) discentes dos cursos de p\u00f3s-gradua\u00e7\u00e3o da UFSM podem solicitar a prorroga\u00e7\u00e3o do prazo de defesa, conforme as orienta\u00e7\u00f5es constante nesta p\u00e1gina e descritas abaixo. O\u00a0Processo de prorroga\u00e7\u00e3o de prazo para defesa de disserta\u00e7\u00e3o ou tese pode ser aberto pelo discente\u00a0no\u00a0Portal Documentos da UFSM. Menu Novo &gt; Processo&gt; seleciona o PEN com tipo documental \u201cProcesso [&hellip;]<\/p>\n","protected":false},"author":818,"featured_media":0,"parent":0,"menu_order":0,"comment_status":"closed","ping_status":"closed","template":"","meta":{"footnotes":""},"categories":[],"tags":[],"class_list":["post-2454","page","type-page","status-publish","hentry"],"acf":[],"_links":{"self":[{"href":"https:\/\/www.ufsm.br\/cursos\/pos-graduacao\/santa-maria\/ppgep\/wp-json\/wp\/v2\/pages\/2454","targetHints":{"allow":["GET"]}}],"collection":[{"href":"https:\/\/www.ufsm.br\/cursos\/pos-graduacao\/santa-maria\/ppgep\/wp-json\/wp\/v2\/pages"}],"about":[{"href":"https:\/\/www.ufsm.br\/cursos\/pos-graduacao\/santa-maria\/ppgep\/wp-json\/wp\/v2\/types\/page"}],"author":[{"embeddable":true,"href":"https:\/\/www.ufsm.br\/cursos\/pos-graduacao\/santa-maria\/ppgep\/wp-json\/wp\/v2\/users\/818"}],"replies":[{"embeddable":true,"href":"https:\/\/www.ufsm.br\/cursos\/pos-graduacao\/santa-maria\/ppgep\/wp-json\/wp\/v2\/comments?post=2454"}],"version-history":[{"count":0,"href":"https:\/\/www.ufsm.br\/cursos\/pos-graduacao\/santa-maria\/ppgep\/wp-json\/wp\/v2\/pages\/2454\/revisions"}],"wp:attachment":[{"href":"https:\/\/www.ufsm.br\/cursos\/pos-graduacao\/santa-maria\/ppgep\/wp-json\/wp\/v2\/media?parent=2454"}],"wp:term":[{"taxonomy":"category","embeddable":true,"href":"https:\/\/www.ufsm.br\/cursos\/pos-graduacao\/santa-maria\/ppgep\/wp-json\/wp\/v2\/categories?post=2454"},{"taxonomy":"post_tag","embeddable":true,"href":"https:\/\/www.ufsm.br\/cursos\/pos-graduacao\/santa-maria\/ppgep\/wp-json\/wp\/v2\/tags?post=2454"}],"curies":[{"name":"wp","href":"https:\/\/api.w.org\/{rel}","templated":true}]}}