{"id":2458,"date":"2026-03-16T20:51:02","date_gmt":"2026-03-16T23:51:02","guid":{"rendered":"https:\/\/www.ufsm.br\/cursos\/pos-graduacao\/santa-maria\/ppgep\/?page_id=2458"},"modified":"2026-03-17T12:58:51","modified_gmt":"2026-03-17T15:58:51","slug":"procedimentos-para-abrir-o-processo-de-defesa-de-dissertacao","status":"publish","type":"page","link":"https:\/\/www.ufsm.br\/cursos\/pos-graduacao\/santa-maria\/ppgep\/procedimentos-para-abrir-o-processo-de-defesa-de-dissertacao","title":{"rendered":"Procedimentos para abrir o processo de defesa de disserta\u00e7\u00e3o\/tese"},"content":{"rendered":"\n<p><strong>ATEN\u00c7\u00c3O:<\/strong>\u00a0Ap\u00f3s aberto o processo de defesa, o v\u00ednculo com o curso \u00e9 o processo de defesa e o aluno se encontra em situa\u00e7\u00e3o de ALUNO REGULAR \u2013 DEFESA SOLICITADA. Dessa forma, a evas\u00e3o do curso (com conclus\u00e3o ou n\u00e3o) se d\u00e1 com a finaliza\u00e7\u00e3o do processo de defesa com a realiza\u00e7\u00e3o da defesa ou sem a realiza\u00e7\u00e3o da defesa.<\/p>\n<p><strong>PROCEDIMENTOS GERAIS PARA O PROCESSO DE DEFESA<\/strong><\/p>\n<p>O regulamento do curso\/programa de p\u00f3s-gradua\u00e7\u00e3o \u00e9 que define as exig\u00eancias de integraliza\u00e7\u00e3o de cr\u00e9ditos em disciplinas e atividades complementares necess\u00e1rias para a realiza\u00e7\u00e3o da defesa.<\/p>\n<p>\u00c9 responsabilidade do(a) discente a abertura de um \u00fanico processo de defesa de monografia, disserta\u00e7\u00e3o ou de tese indicando a composi\u00e7\u00e3o da banca e data de defesa atendendo aos prazos internos para tramita\u00e7\u00e3o destes processos.<\/p>\n<p>Uma vez aberto o processo de defesa de disserta\u00e7\u00e3o ou tese pelo discente, o processo deve ser tramitado ao(\u00e0) orientador(a) para anu\u00eancia e, posteriormente, encaminhado para aprova\u00e7\u00e3o pelo colegiado do programa de p\u00f3s-gradua\u00e7\u00e3o.<\/p>\n<p>O(A) discente dever\u00e1 fornecer um exemplar da disserta\u00e7\u00e3o ou tese para cada membro da banca examinadora, com anteced\u00eancia m\u00ednima de 15 (quinze) dias da data de defesa.<\/p>\n<p>Poder\u00e1 haver pend\u00eancias na solicita\u00e7\u00e3o de abertura do processo de defesa de MDT, cabendo ao discente verificar junto ao seu orientador e curso\/PPG.<\/p>\n<ul>\n<li>Caso o(a) discente tenha empr\u00e9stimo ou multa pendente junto \u00e0 biblioteca, aparecer\u00e1 um aviso sobre a situa\u00e7\u00e3o.<\/li>\n<li>Caso o(a) discente n\u00e3o tenha conclu\u00eddo todas as disciplinas constantes no seu(ua) Plano de Estudos, ou seja, disciplinas em situa\u00e7\u00e3o de \u201cvencidas\u201d no planos, o<br \/>processo online mostrar\u00e1 as pend\u00eancias em disciplinas que impedem a abertura do processo de defesa online.<\/li>\n<li>Nesses casos, o(a) discente dever\u00e1 proceder com a verifica\u00e7\u00e3o do seu Plano de Estudos junto com seu(ua) orientador(a) e Coordena\u00e7\u00e3o\/Secretaria do curso.<\/li>\n<\/ul>\n<p><strong>PROCEDIMENTOS ESPEC\u00cdFICOS PARA O PROCESSO DE DEFESA DE DISSERTA\u00c7\u00c3O<\/strong><\/p>\n<ul>\n<li>O exame de qualifica\u00e7\u00e3o \u00e9 obrigat\u00f3rio para todos(as) os(as) discentes de mestrado e doutorado do PPGEP;<\/li>\n<li>O(a) discente dever\u00e1 integralizar, no m\u00ednimo, 24 (vinte e quatro) cr\u00e9ditos, dos quais 1 (um) cr\u00e9dito corresponde \u00e0 disciplina obrigat\u00f3ria de produ\u00e7\u00e3o cient\u00edfica e intelectual, conforme <a style=\"font-size: revert\" href=\"https:\/\/www.ufsm.br\/cursos\/pos-graduacao\/santa-maria\/ppgep\/legislacao\" target=\"_blank\" rel=\"noopener\">Resolu\u00e7\u00e3o Interna do PPGEP N\u00ba 16<\/a><span style=\"font-size: revert;color: initial\">;<\/span><\/li>\n<li>O(a) discente dever\u00e1 comprovar sufici\u00eancia em l\u00edngua estrangeira, observando a Resolu\u00e7\u00e3o UFSM n.\u00b0 003\/2010 ou outra que a substitua. No qual dever\u00e1 demonstrar capacidade de leitura e compreens\u00e3o em 1 (uma) l\u00edngua estrangeira;<\/li>\n<li>A banca examinadora ser\u00e1 constitu\u00edda de 3 (tr\u00eas) membros(as) efetivos(as) e 1 (um\/uma) suplente para a defesa de disserta\u00e7\u00e3o, sendo pelo menos, 1 (um\/uma) membro(a) de outra Institui\u00e7\u00e3o. Todos(as) os(as) docentes com <a href=\"https:\/\/www.scopus.com\/pages\/home#author\" target=\"_blank\" rel=\"noopener\">h-index<\/a> igual ou maior que 3;<\/li>\n<li>\u00a0\u00c9 responsabilidade do(a) discente verificar com o(a) docente externo os seguintes dados: nome completo do(a) docente conforme curr\u00edculo lattes, data de nascimento, n\u00famero de CPF e sigla da institui\u00e7\u00e3o\/universidade;<\/li>\n<li>O(a) discente \u00e9 respons\u00e1vel por abrir o processo de defesa de disserta\u00e7\u00e3o via no Portal do Aluno, <strong style=\"font-size: revert;color: initial\">com pelo menos 21 dias de anteced\u00eancia ao ato acad\u00eamico de defesa;<\/strong><\/li>\n<li>Acessar <a href=\"https:\/\/www.ufsm.br\/app\/uploads\/sites\/345\/2018\/08\/TUTORIAL.pdf\" target=\"_blank\" rel=\"noopener\">Tutorial de preenchimento<\/a>.<\/li>\n<\/ul>\n<p>Fluxo do processo de defesa de disserta\u00e7\u00e3o: discente&gt;orientador&gt;coordena\u00e7\u00e3o de curso&gt;controle acad\u00eamico da p\u00f3s-gradua\u00e7\u00e3o&gt;pr\u00f3-reitoria de p\u00f3s-gradua\u00e7\u00e3o e pesquisa&gt;curso.<\/p>\n<p><b>Links \u00fateis:<\/b><br \/><a href=\"https:\/\/portal.ufsm.br\/aluno\/\">Portal do aluno<\/a>.<br \/><a href=\"https:\/\/portal.ufsm.br\/usuario\/index.html\">Caixa postal<\/a>.<br \/><a href=\"https:\/\/www.ufsm.br\/orgaos-suplementares\/biblioteca\/normas-abnt-mdt\">Normas e arquivos modelo para reda\u00e7\u00e3o de MDT<\/a><\/p>\n<p><strong>PROCEDIMENTOS ESPEC\u00cdFICOS PARA O PROCESSO DE DEFESA DE TESE<\/strong><\/p>\n<ul>\n<li>O exame de qualifica\u00e7\u00e3o \u00e9 obrigat\u00f3rio para todos(as) os(as) discentes de mestrado e doutorado do PPGEP;<\/li>\n<li>O(a) discente\u00a0dever\u00e1 integralizar, no m\u00ednimo, 48 (quarenta e oito) cr\u00e9ditos;<\/li>\n<li>O(a) discente dever\u00e1 comprovar sufici\u00eancia em l\u00edngua estrangeira, observando a Resolu\u00e7\u00e3o UFSM n.\u00b0 003\/2010 ou outra que a substitua. No qual dever\u00e1 demonstrar capacidade de leitura e compreens\u00e3o em 2 (duas) l\u00ednguas estrangeiras;<\/li>\n<li>O(a) discente dever\u00e1 comprovar a publica\u00e7\u00e3o ou aceita\u00e7\u00e3o para publica\u00e7\u00e3o de, pelo menos, 2 (dois) artigos cient\u00edficos completos referentes \u00e0 Tese com o(a) candidato(a) como primeiro autor(a) em peri\u00f3dicos, conforme<a href=\"https:\/\/www.ufsm.br\/cursos\/pos-graduacao\/santa-maria\/ppgep\/legislacao\" target=\"_blank\" rel=\"noopener\"> Resolu\u00e7\u00e3o Interna do PPGEP N\u00ba19<\/a>;<\/li>\n<li>A banca examinadora ser\u00e1 constitu\u00edda de 5 (cinco) membros(as) efetivos(as) e 1 (um\/uma) suplente para defesa de tese,\u00a0sendo pelo menos, 2 (dois\/duas) membros(as) de outra Institui\u00e7\u00e3o. Todos(as)\u00a0 os(as) docentes com <a href=\"https:\/\/www.scopus.com\/pages\/home#author\" target=\"_blank\" rel=\"noopener\">h-index<\/a> igual ou maior que 5;<\/li>\n<li>\u00c9 responsabilidade do(a) discente verificar com o(a) docente externo os seguintes dados: nome completo do(a) docente conforme curr\u00edculo lattes, data de nascimento, n\u00famero de CPF e sigla da institui\u00e7\u00e3o\/universidade;<\/li>\n<li>O(a) discente \u00e9 respons\u00e1vel por abrir o processo de defesa de tese via no Portal do Aluno, <strong style=\"font-size: revert;color: initial\">com pelo menos 21 dias de anteced\u00eancia ao ato acad\u00eamico de defesa;<\/strong><\/li>\n<li>Acessar <a href=\"https:\/\/www.ufsm.br\/app\/uploads\/sites\/345\/2018\/08\/TUTORIAL.pdf\" target=\"_blank\" rel=\"noopener\">Tutorial de preenchimento<\/a>.\u00a0<\/li>\n<\/ul>\n<p>Fluxo do processo de defesa de tese: discente&gt;orientador&gt;coordena\u00e7\u00e3o de curso&gt;controle acad\u00eamico da p\u00f3s-gradua\u00e7\u00e3o&gt;pr\u00f3-reitoria de p\u00f3s-gradua\u00e7\u00e3o e pesquisa&gt;curso.<\/p>\n<p><b>Links \u00fateis:<\/b><br \/><a href=\"https:\/\/portal.ufsm.br\/aluno\/\">Portal do aluno<\/a>.<br \/><a href=\"https:\/\/portal.ufsm.br\/usuario\/index.html\">Caixa postal<\/a>.<br \/><a href=\"https:\/\/www.ufsm.br\/orgaos-suplementares\/biblioteca\/normas-abnt-mdt\">Normas e arquivos modelo para reda\u00e7\u00e3o de MDT<\/a><\/p>\n<p><strong>ENCERRAMENTO DO PROCESSO DE DEFESA PARA EMISS\u00c3O DO DIPLOMA\/CERTIFICADO<\/strong><\/p>\n<p>Ap\u00f3s aprova\u00e7\u00e3o na defesa e entrega da vers\u00e3o final da MDT pelo processo \u201c<a href=\"https:\/\/www.ufsm.br\/pro-reitorias\/prpgp\/servicos\/ato-de-entrega-de-mdt-tutorial\/\" target=\"_blank\" rel=\"noopener\">Ato de Entrega de MDT<\/a>\u201d com as altera\u00e7\u00f5es propostas pela Banca Examinadora, a Coordena\u00e7\u00e3o do Curso envia o processo de defesa \u00e0 Pr\u00f3-Reitoria de P\u00f3s-Gradua\u00e7\u00e3o e Pesquisa \u2013 PRPGP com a ata de defesa completamente preenchida, que posteriormente \u00e9 encaminhada ao N\u00daCLEO DE CONTROLE ACAD\u00caMICO DA P\u00d3S-GRADUA\u00c7\u00c3O (NCAPG\/PRPGP) para finaliza\u00e7\u00e3o do processo de defesa e abertura do processo de registro e emiss\u00e3o de diploma\/certificado.<\/p>\n<p>Oportunamente a secretaria do curso enviar\u00e1 as orienta\u00e7\u00f5es e documentos necess\u00e1rios para o(a) discente entregar o material final, para emiss\u00e3o do diploma\/certificado.\u00a0<\/p>\n<p>Saiba mais sobre <span style=\"color: revert;font-size: revert;font-weight: revert\">Diplomas e Certificados de P\u00f3s-Gradua\u00e7\u00e3o, acessar <a href=\"https:\/\/www.ufsm.br\/pro-reitorias\/prpgp\/servicos\/diplomas-e-certificados-de-pos-graduacao\" target=\"_blank\" rel=\"noopener\">aqui<\/a>.<\/span><\/p>\n<p><strong>SOBRE O DESLIGAMENTO POR N\u00c3O ENTREGA DA VERS\u00c3O DEFINITIVA OU NORMA DO CURSO<\/strong><\/p>\n<ul>\n<li>As orienta\u00e7\u00f5es constam no\u00a0<a href=\"https:\/\/www.ufsm.br\/app\/uploads\/sites\/345\/2022\/06\/MEMORANDO-CIRC-002.2024-informa-sobre-desligamento-e-desarquivamento-de-processo-de-defesa.pdf\" target=\"_blank\" rel=\"noopener\">Memorando Circular 002\/2024\/PRPGP<\/a>, que informa sobre o desligamento por n\u00e3o entrega da vers\u00e3o definitiva da MDT ou norma interna do curso.<\/li>\n<\/ul>\n","protected":false},"excerpt":{"rendered":"<p>ATEN\u00c7\u00c3O:\u00a0Ap\u00f3s aberto o processo de defesa, o v\u00ednculo com o curso \u00e9 o processo de defesa e o aluno se encontra em situa\u00e7\u00e3o de ALUNO REGULAR \u2013 DEFESA SOLICITADA. Dessa forma, a evas\u00e3o do curso (com conclus\u00e3o ou n\u00e3o) se d\u00e1 com a finaliza\u00e7\u00e3o do processo de defesa com a realiza\u00e7\u00e3o da defesa ou sem [&hellip;]<\/p>\n","protected":false},"author":818,"featured_media":0,"parent":0,"menu_order":0,"comment_status":"closed","ping_status":"closed","template":"","meta":{"footnotes":""},"categories":[],"tags":[],"class_list":["post-2458","page","type-page","status-publish","hentry"],"acf":[],"_links":{"self":[{"href":"https:\/\/www.ufsm.br\/cursos\/pos-graduacao\/santa-maria\/ppgep\/wp-json\/wp\/v2\/pages\/2458","targetHints":{"allow":["GET"]}}],"collection":[{"href":"https:\/\/www.ufsm.br\/cursos\/pos-graduacao\/santa-maria\/ppgep\/wp-json\/wp\/v2\/pages"}],"about":[{"href":"https:\/\/www.ufsm.br\/cursos\/pos-graduacao\/santa-maria\/ppgep\/wp-json\/wp\/v2\/types\/page"}],"author":[{"embeddable":true,"href":"https:\/\/www.ufsm.br\/cursos\/pos-graduacao\/santa-maria\/ppgep\/wp-json\/wp\/v2\/users\/818"}],"replies":[{"embeddable":true,"href":"https:\/\/www.ufsm.br\/cursos\/pos-graduacao\/santa-maria\/ppgep\/wp-json\/wp\/v2\/comments?post=2458"}],"version-history":[{"count":0,"href":"https:\/\/www.ufsm.br\/cursos\/pos-graduacao\/santa-maria\/ppgep\/wp-json\/wp\/v2\/pages\/2458\/revisions"}],"wp:attachment":[{"href":"https:\/\/www.ufsm.br\/cursos\/pos-graduacao\/santa-maria\/ppgep\/wp-json\/wp\/v2\/media?parent=2458"}],"wp:term":[{"taxonomy":"category","embeddable":true,"href":"https:\/\/www.ufsm.br\/cursos\/pos-graduacao\/santa-maria\/ppgep\/wp-json\/wp\/v2\/categories?post=2458"},{"taxonomy":"post_tag","embeddable":true,"href":"https:\/\/www.ufsm.br\/cursos\/pos-graduacao\/santa-maria\/ppgep\/wp-json\/wp\/v2\/tags?post=2458"}],"curies":[{"name":"wp","href":"https:\/\/api.w.org\/{rel}","templated":true}]}}