{"id":2464,"date":"2026-03-16T22:13:46","date_gmt":"2026-03-17T01:13:46","guid":{"rendered":"https:\/\/www.ufsm.br\/cursos\/pos-graduacao\/santa-maria\/ppgep\/?page_id=2464"},"modified":"2026-03-16T22:47:08","modified_gmt":"2026-03-17T01:47:08","slug":"ajuste-de-matricula-de-pos-graduacao","status":"publish","type":"page","link":"https:\/\/www.ufsm.br\/cursos\/pos-graduacao\/santa-maria\/ppgep\/ajuste-de-matricula-de-pos-graduacao","title":{"rendered":"Ajuste de matr\u00edcula de p\u00f3s-gradua\u00e7\u00e3o"},"content":{"rendered":"\n<div>\n<p><strong>SOBRE A MATR\u00cdCULA EM DISCIPLINAS NO PRAZO DO CALEND\u00c1RIO<\/strong><\/p>\n<p><span style=\"font-size: revert;color: initial\">A matr\u00edcula &#8211; ajuste pode ser solicitado pelo portal estudantil ou \u00e0 coordena\u00e7\u00e3o de curso\/secretaria, de acordo com o <\/span><a style=\"font-size: revert\" href=\"https:\/\/www.ufsm.br\/calendario\" target=\"_blank\" rel=\"noopener\">calend\u00e1rio acad\u00eamico vigente<\/a><span style=\"font-size: revert;color: initial\">.<\/span><\/p>\n<\/div>\n<div>\n<p>Corresponde ao per\u00edodo para estudantes de Gradua\u00e7\u00e3o e P\u00f3s-Gradua\u00e7\u00e3o solicitarem ajuste de matr\u00edcula (inclus\u00e3o ou exclus\u00e3o de disciplinas da matr\u00edcula) pelo Portal Estudantil ou diretamente ao Curso, a crit\u00e9rio do Curso e per\u00edodo para as Coordena\u00e7\u00f5es de Curso lan\u00e7arem as altera\u00e7\u00f5es no sistema SIE, referente ao semestre corrente.<\/p>\n<p>O estudante pode solicitar o ajuste de matr\u00edcula para o e-mail ppgep@ufsm.br, preenchendo o <a href=\"https:\/\/www.ufsm.br\/app\/uploads\/sites\/551\/2026\/03\/Requerimento-de-Matrcula.docx\">Requerimento de ajuste de matr\u00edcula em formato .PDF<\/a> (desconsiderar os campos para assinaturas).<\/p>\n<p><strong style=\"font-size: revert;color: initial\">SOBRE A MATR\u00cdCULA EM DISCIPLINAS FORA DE PRAZO DO CALEND\u00c1RIO<\/strong><\/p>\n<\/div>\n<div>\n<p>Os ajustes fora de prazo n\u00e3o s\u00e3o realizados para disciplinas de semestres anteriores ao vigente.<\/p>\n<p>Para todos os casos, a matr\u00edcula em disciplinas ap\u00f3s o in\u00edcio do semestre letivo apenas pode ser realizada desde que seja garantida a participa\u00e7\u00e3o efetiva em 100% das atividades de cada disciplina e com frequ\u00eancia de 75%, ou seja, \u00e9 necess\u00e1rio que as aulas n\u00e3o tenham ultrapassado 25% do total de aulas que caracteriza reprova\u00e7\u00e3o por frequ\u00eancia.<\/p>\n<p>A matr\u00edcula em disciplinas condensadas que s\u00e3o ofertadas durante o semestre letivo vigente, n\u00e3o caracteriza matr\u00edcula fora de prazo e podem ser realizadas pelas secretarias dos cursos de p\u00f3s-gradua\u00e7\u00e3o antes do in\u00edcio das aulas.<\/p>\n<p>As secretarias dos cursos de p\u00f3s-gradua\u00e7\u00e3o possuem acesso para oferta de disciplinas e matr\u00edcula a qualquer momento, podendo serem executadas desde que respeitadas as atividades das disciplinas, a frequ\u00eancia de cada discente nas aulas e a concord\u00e2ncia de cada docente respons\u00e1vel pelas disciplinas.<\/p>\n<p><strong style=\"font-size: revert;color: initial\">PROCEDIMENTO PARA O PROCESSO DE AJUSTE DE MATR\u00cdCULA FORA DO PRAZO<\/strong><\/p>\n<\/div>\n<ol>\n<li>O PEN do processo de ajuste de matr\u00edcula pode ser aberto pelo curso\/secretaria ou pelo(a) discente no\u00a0<a href=\"https:\/\/portal.ufsm.br\/documentos\/index.html\">Portal Documentos da UFSM<\/a>.\n<ul>\n<li>Na tela de \u201cNovo Processo\u201d o primeiro campo a ser informado \u00e9 o de \u201cV\u00ednculo\u201d, que mostrar\u00e1 todos os tipos de v\u00ednculos que o(a) usu\u00e1rio(a) possui com a UFSM e cada\u00a0<strong>usu\u00e1rio deve selecionar o v\u00ednculo desejado<\/strong>.<\/li>\n<li>No\u00a0<a href=\"https:\/\/portal.ufsm.br\/documentos\/mainMenu.html\">Portal Documentos<\/a>: Clica em Novo &gt; Processo&gt; seleciona o V\u00cdNCULO DESEJADO e o PEN com tipo documental\u00a0<strong>\u201cProcesso de ajuste de matr\u00edcula de p\u00f3s-gradua\u00e7\u00e3o fora do prazo (134.22)\u201d<\/strong><\/li>\n<\/ul>\n<\/li>\n<li>O curso\/secretaria vai analisar a solicita\u00e7\u00e3o de matr\u00edcula em disciplinas fora de prazo recebida e realizar os devidos encaminhamentos de acordo com as disciplinas envolvidas.\n<ul>\n<li>Anexar a manifesta\u00e7\u00e3o do discente sobre sua situa\u00e7\u00e3o na respectiva disciplina (quando o processo n\u00e3o for aberto pelo discente).<\/li>\n<li>Tramitar ou anexar a manifesta\u00e7\u00e3o do(a) docente orientador(a), caso necess\u00e1rio.<\/li>\n<li>Tramitar ou anexar a manifesta\u00e7\u00e3o do(a) docente respons\u00e1vel por esta disciplina, no qual informa sobre o caso em rela\u00e7\u00e3o ao discente envolvido e, se for o caso, da participa\u00e7\u00e3o e avalia\u00e7\u00e3o do discente na disciplina, da sua carga hor\u00e1ria ofertada e realizada (frequ\u00eancia) e se concorda ou n\u00e3o com o ajuste.<\/li>\n<li>Demais documentos que forem necess\u00e1rios para o caso.<\/li>\n<\/ul>\n<\/li>\n<li>O curso\/secretaria anexa o Memorando no PEN com a manifesta\u00e7\u00e3o do curso sobre a situa\u00e7\u00e3o e a concord\u00e2ncia do\u00a0<span class=\"il\">ajuste<\/span>. Caso for necess\u00e1rio, encaminhar manifesta\u00e7\u00f5es do colegiado e\/ou departamentos envolvidos.<\/li>\n<li>Tramitar o processo para o N\u00facleo de Controle Acad\u00eamico da P\u00f3s-Gradua\u00e7\u00e3o \u2013 NCAPG\/CPG\/PRPGP (unidade 01.09.01.04.0.0)<\/li>\n<li>O processo retorna para conhecimento do curso e arquivamento.<\/li>\n<\/ol>\n<p><strong>OBSERVA\u00c7\u00d5ES<\/strong><\/p>\n<div>\n<ul>\n<li>N\u00e3o h\u00e1\u00a0<strong>trancamento total<\/strong>\u00a0de curso de p\u00f3s-gradua\u00e7\u00e3o ou\u00a0<strong>trancamento parcial<\/strong>\u00a0de disciplinas dos curso de p\u00f3s-gradua\u00e7\u00e3o, n\u00e3o estando previstos no regulamento da p\u00f3s-gradua\u00e7\u00e3o da UFSM.<\/li>\n<li>Em casos espec\u00edficos, o curso pode solicitar a exclus\u00e3o de uma disciplina atrav\u00e9s do cancelamento de matr\u00edcula e esta solicita\u00e7\u00e3o deve ser enviada com a documenta\u00e7\u00e3o (manifesta\u00e7\u00e3o) dispon\u00edvel para que a situa\u00e7\u00e3o seja analisada e deferida para registro acad\u00eamico desta altera\u00e7\u00e3o.<\/li>\n<li>As disciplinas que constam no plano de estudos de cada discente devem ser cursadas em algum momento do curso.<\/li>\n<li>A disciplina que n\u00e3o for conclu\u00edda no semestre de oferta, de acordo com o normatizado no Regulamento Geral da PG, deve ter o lan\u00e7amento do conceito I, de Incompleto, com a conclus\u00e3o n\u00e3o ultrapassando 2 (dois) semestres letivos subsequentes para os cursos Stricto Sensu e 1 semestre letivo subsequente para cursos Lato Sensu.<\/li>\n<\/ul>\n<\/div>\n\n\n","protected":false},"excerpt":{"rendered":"<p>SOBRE A MATR\u00cdCULA EM DISCIPLINAS NO PRAZO DO CALEND\u00c1RIO A matr\u00edcula &#8211; ajuste pode ser solicitado pelo portal estudantil ou \u00e0 coordena\u00e7\u00e3o de curso\/secretaria, de acordo com o calend\u00e1rio acad\u00eamico vigente. Corresponde ao per\u00edodo para estudantes de Gradua\u00e7\u00e3o e P\u00f3s-Gradua\u00e7\u00e3o solicitarem ajuste de matr\u00edcula (inclus\u00e3o ou exclus\u00e3o de disciplinas da matr\u00edcula) pelo Portal Estudantil ou [&hellip;]<\/p>\n","protected":false},"author":818,"featured_media":0,"parent":0,"menu_order":0,"comment_status":"closed","ping_status":"closed","template":"","meta":{"footnotes":""},"categories":[],"tags":[],"class_list":["post-2464","page","type-page","status-publish","hentry"],"acf":[],"_links":{"self":[{"href":"https:\/\/www.ufsm.br\/cursos\/pos-graduacao\/santa-maria\/ppgep\/wp-json\/wp\/v2\/pages\/2464","targetHints":{"allow":["GET"]}}],"collection":[{"href":"https:\/\/www.ufsm.br\/cursos\/pos-graduacao\/santa-maria\/ppgep\/wp-json\/wp\/v2\/pages"}],"about":[{"href":"https:\/\/www.ufsm.br\/cursos\/pos-graduacao\/santa-maria\/ppgep\/wp-json\/wp\/v2\/types\/page"}],"author":[{"embeddable":true,"href":"https:\/\/www.ufsm.br\/cursos\/pos-graduacao\/santa-maria\/ppgep\/wp-json\/wp\/v2\/users\/818"}],"replies":[{"embeddable":true,"href":"https:\/\/www.ufsm.br\/cursos\/pos-graduacao\/santa-maria\/ppgep\/wp-json\/wp\/v2\/comments?post=2464"}],"version-history":[{"count":0,"href":"https:\/\/www.ufsm.br\/cursos\/pos-graduacao\/santa-maria\/ppgep\/wp-json\/wp\/v2\/pages\/2464\/revisions"}],"wp:attachment":[{"href":"https:\/\/www.ufsm.br\/cursos\/pos-graduacao\/santa-maria\/ppgep\/wp-json\/wp\/v2\/media?parent=2464"}],"wp:term":[{"taxonomy":"category","embeddable":true,"href":"https:\/\/www.ufsm.br\/cursos\/pos-graduacao\/santa-maria\/ppgep\/wp-json\/wp\/v2\/categories?post=2464"},{"taxonomy":"post_tag","embeddable":true,"href":"https:\/\/www.ufsm.br\/cursos\/pos-graduacao\/santa-maria\/ppgep\/wp-json\/wp\/v2\/tags?post=2464"}],"curies":[{"name":"wp","href":"https:\/\/api.w.org\/{rel}","templated":true}]}}