{"id":2470,"date":"2026-03-16T23:25:11","date_gmt":"2026-03-17T02:25:11","guid":{"rendered":"https:\/\/www.ufsm.br\/cursos\/pos-graduacao\/santa-maria\/ppgep\/?page_id=2470"},"modified":"2026-03-17T14:27:09","modified_gmt":"2026-03-17T17:27:09","slug":"bolsa-de-estudo-de-doutorado","status":"publish","type":"page","link":"https:\/\/www.ufsm.br\/cursos\/pos-graduacao\/santa-maria\/ppgep\/bolsa-de-estudo-de-doutorado","title":{"rendered":"Bolsa de estudo de doutorado"},"content":{"rendered":"\n<p dir=\"ltr\">A Pr\u00f3-Reitoria de P\u00f3s-Gradua\u00e7\u00e3o e Pesquisa, atrav\u00e9s do N\u00facleo de Sele\u00e7\u00e3o e Bolsas da P\u00f3s-Gradua\u00e7\u00e3o (NSB\/CPG), acompanha e executa alguns programas de bolsas de mestrado, doutorado e p\u00f3s-doutorado.<\/p>\n<p dir=\"ltr\">Cada programa de p\u00f3s-gradua\u00e7\u00e3o acad\u00eamico pode ter um determinado n\u00famero de bolsas para atendimento a alunos de mestrado, doutorado e pesquisadores. As bolsas s\u00e3o concedidas por ag\u00eancias federais e estaduais de fomento (CAPES, CNPq, FAPERGS, etc) ou ainda com financiamento privado. Os crit\u00e9rios de concess\u00e3o e o gerenciamento e execu\u00e7\u00e3o das bolsas concedidas s\u00e3o de responsabilidade de cada Programa de P\u00f3s-Gradua\u00e7\u00e3o.<\/p>\n<p>Os estudantes de p\u00f3s-gradua\u00e7\u00e3o podem pleitear bolsas de doutorado, por meio de uma sele\u00e7\u00e3o, normatizada atrav\u00e9s de um edital espec\u00edfico, com previs\u00e3o de divulga\u00e7\u00e3o no in\u00edcio de cada semestre no ano corrente.<\/p>\n<p>A sele\u00e7\u00e3o ser\u00e1 de acordo com a\u00a0<a href=\"https:\/\/www.ufsm.br\/cursos\/pos-graduacao\/santa-maria\/ppgep\/legislacao\" target=\"_blank\" rel=\"noopener\">Resolu\u00e7\u00e3o Interna do PPGEP N. 17<\/a>\u00a0(estabelece as normas gerais e os crit\u00e9rios de concess\u00e3o e manuten\u00e7\u00e3o de bolsas em n\u00edvel de Mestrado e Doutorado do Programa de Po\u0301s-Graduac\u0327a\u0303o em Engenharia de Produ\u00e7\u00e3o, tendo como base a\u00a0<a href=\"https:\/\/www.ufsm.br\/cursos\/pos-graduacao\/santa-maria\/ppgep\/legislacao\" target=\"_blank\" rel=\"noopener\">Resolu\u00e7\u00e3o Interna do PPGEP N. 21<\/a>).<\/p>\n<p dir=\"ltr\">Principais programas de bolsas CAPES:<br \/><strong><a href=\"https:\/\/www.gov.br\/capes\/pt-br\/acesso-a-informacao\/acoes-e-programas\/bolsas\/bolsas-no-pais\/programa-de-demanda-social-ds\">Programa de Demanda Social \u2013 DS<\/a><\/strong><br \/><strong><a href=\"https:\/\/www.gov.br\/capes\/pt-br\/acesso-a-informacao\/acoes-e-programas\/bolsas\/bolsas-no-pais\/proex\">Programa de Excel\u00eancia Acad\u00eamica \u2013 PROEX<\/a><\/strong><br \/><strong><a href=\"https:\/\/www.gov.br\/capes\/pt-br\/acesso-a-informacao\/acoes-e-programas\/bolsas\/bolsas-no-pais\/pnpd-capes\">Programa Nacional de P\u00f3s-Doutorado \u2013 PNPD<\/a><\/strong><br \/>Informa\u00e7\u00f5es sobre os demais programas:\u00a0<strong><a href=\"https:\/\/www.gov.br\/capes\/pt-br\">www.capes.gov.br<\/a><\/strong><\/p>\n<div><strong>N\u00c3O CONCLUS\u00c3O DO CURSO E RESTITUI\u00c7\u00c3O DE VALORES<\/strong><\/div>\n<div>A n\u00e3o conclus\u00e3o de curso de alunos\u00a0<strong>bolsistas DS\/CAPES<\/strong>\u00a0requer a devolu\u00e7\u00e3o dos valores recebidos, conforme Art. 13 do Regulamento DS\/CAPES:<\/div>\n<blockquote>\n<p>\u201cArt. 13, Par\u00e1grafo \u00fanico: A n\u00e3o conclus\u00e3o do curso acarretar\u00e1 a obriga\u00e7\u00e3o de restituir os valores despendidos com a bolsa, salvo se motivada por caso fortuito, for\u00e7a maior, circunst\u00e2ncia alheia \u00e0 sua vontade ou doen\u00e7a grave devidamente comprovada. A avalia\u00e7\u00e3o dessas situa\u00e7\u00f5es fica condicionada \u00e0 aprova\u00e7\u00e3o pela Diretoria Colegiada da CAPES, em despacho fundamentado.\u201d<\/p>\n<\/blockquote>\n<p><strong>BOLSAS CNPq e FAPERGS<\/strong>:\u00a0s\u00e3o pleiteadas e gerenciadas diretamente pela Coordena\u00e7\u00e3o do Programa ou pelo(a) orientador(a) do(a) discente. As consultas podem ser feitas nas p\u00e1ginas das respectivas ag\u00eancias:<strong>\u00a0<a href=\"https:\/\/www.gov.br\/cnpq\/pt-br\">www.cnpq.br<\/a><\/strong>\u00a0e\u00a0<strong><a href=\"http:\/\/www.fapergs.rs.gov.br\/\">www.fapergs.rs.gov.br<\/a><\/strong><\/p>\n<p><strong>\u00daLTIMOS EDITAIS DE SELE\u00c7\u00c3O PARA CONSULTA<\/strong><\/p>\n<ul>\n<li>\n<p>Edital 02\/2026 N\u00edvel Doutorado, processo dispon\u00edvel\u00a0<a href=\"https:\/\/www.ufsm.br\/cursos\/pos-graduacao\/santa-maria\/ppgep\/editais\/002-2026\" target=\"_blank\" rel=\"noopener\">aqui<\/a>\u00a0(19\/02\/2026)<\/p>\n<\/li>\n<li>\n<p>Edital 12\/2025 N\u00edvel Doutorado, processo dispon\u00edvel\u00a0<a href=\"https:\/\/www.ufsm.br\/cursos\/pos-graduacao\/santa-maria\/ppgep\/editais\/012-2025\" target=\"_blank\" rel=\"noopener\">aqui<\/a>\u00a0(28\/08\/2025)<\/p>\n<\/li>\n<li>\n<p>Edital 06\/2025 N\u00edvel Doutorado, processo dispon\u00edvel\u00a0<a href=\"https:\/\/www.ufsm.br\/cursos\/pos-graduacao\/santa-maria\/ppgep\/editais\/006-2025\" target=\"_blank\" rel=\"noopener\">aqui<\/a>\u00a0(23\/06\/2025) \u2013\u00a0<a href=\"https:\/\/www.ufsm.br\/app\/uploads\/sites\/551\/2025\/06\/Edital_06_2025_Bolsa_DOUTORADO_CAPES_PPGEP_Resultado.pdf\" target=\"_blank\" rel=\"noopener\">Resultado<\/a>\u00a0(02\/07\/2025)<\/p>\n<\/li>\n<li>\n<p>Edital 02\/2025 N\u00edvel Doutorado, processo dispon\u00edvel\u00a0<a href=\"https:\/\/www.ufsm.br\/cursos\/pos-graduacao\/santa-maria\/ppgep\/editais\/002-2025\" target=\"_blank\" rel=\"noopener\">aqui\u00a0<\/a>(25\/02\/2025) \u2013\u00a0<a href=\"https:\/\/www.ufsm.br\/app\/uploads\/sites\/551\/2025\/02\/Edital_02_2025_Bolsa_DOUTORADO_CAPES_PPGEP_Resultado.pdf\" target=\"_blank\" rel=\"noopener\">Resultado\u00a0<\/a>(07\/03\/2025)<\/p>\n<\/li>\n<li>\n<p>Edital 13\/2024 N\u00edvel Doutorado, processo dispon\u00edvel\u00a0<a href=\"https:\/\/www.ufsm.br\/cursos\/pos-graduacao\/santa-maria\/ppgep\/editais\/013-2024\" target=\"_blank\" rel=\"noopener\">aqui<\/a>\u00a0(09\/09\/2024) \u2013\u00a0<a href=\"https:\/\/www.ufsm.br\/app\/uploads\/sites\/551\/2024\/09\/Edital_13_2024_Bolsa_DOUTORADO_CAPES_PPGEP_Resultado.pdf\" target=\"_blank\" rel=\"noopener\">Resultado<\/a>\u00a0(13\/09\/2024)<\/p>\n<\/li>\n<li>\n<p>Edital 10\/2024 N\u00edvel Doutorado, processo dispon\u00edvel\u00a0<a href=\"https:\/\/www.ufsm.br\/cursos\/pos-graduacao\/santa-maria\/ppgep\/editais\/010-2024\" target=\"_blank\" rel=\"noopener\">aqui<\/a>\u00a0(02\/07\/2024) \u2013\u00a0<a href=\"https:\/\/www.ufsm.br\/app\/uploads\/sites\/551\/2024\/07\/Edital_10_2024_Bolsa_DOUTORADO_CAPES_PPGEP_Resultado.pdf\" target=\"_blank\" rel=\"noopener\">Resultado<\/a>\u00a0(09\/07\/2024)<\/p>\n<\/li>\n<li>\n<p>Edital 01\/2024 N\u00edvel Doutorado, processo dispon\u00edvel\u00a0<a href=\"https:\/\/www.ufsm.br\/cursos\/pos-graduacao\/santa-maria\/ppgep\/editais\/001-2024\" target=\"_blank\" rel=\"noopener\">aqui<\/a>\u00a0(23\/02\/2024) \u2013\u00a0<a href=\"https:\/\/www.ufsm.br\/app\/uploads\/sites\/551\/2024\/03\/Edital_01_2024_Bolsa_DOUTORADO_CAPES_PPGEP_Resultado.pdf\" target=\"_blank\" rel=\"noopener\">Resultado\u00a0<\/a>(06\/03\/2024)<\/p>\n<\/li>\n<li>\n<p>Edital 02\/2023 N\u00edvel Doutorado, processo de sele\u00e7\u00e3o dispon\u00edvel\u00a0<a href=\"https:\/\/www.ufsm.br\/cursos\/pos-graduacao\/santa-maria\/ppgep\/editais\/002-2023\" target=\"_blank\" rel=\"noopener\">aqui<\/a>\u00a0(14\/03\/2023) \u2013\u00a0<a href=\"https:\/\/www.ufsm.br\/app\/uploads\/sites\/551\/2023\/03\/Edital_02_2023_Bolsa_DOUTORADO_CAPES_PPGEP_Resultado.pdf\" target=\"_blank\" rel=\"noopener\">Resultado\u00a0<\/a>(17\/03\/2023)<\/p>\n<\/li>\n<li>\n<p>Edital 07\/2022 N\u00edvel Doutorado:\u00a0<a href=\"https:\/\/www.ufsm.br\/cursos\/pos-graduacao\/santa-maria\/ppgep\/editais\/007-2022\/\" target=\"_blank\" rel=\"noopener\">Edital<\/a>\u00a0(22\/08\/2022) \u2013\u00a0<a href=\"https:\/\/www.ufsm.br\/cursos\/pos-graduacao\/santa-maria\/ppgep\/editais\/007-2022\/\" target=\"_blank\" rel=\"noopener\">Resultado<\/a>\u00a0(31\/08\/2022)<\/p>\n<\/li>\n<li>\n<p>Edital 06\/2022 N\u00edvel Doutorado:\u00a0<a href=\"https:\/\/www.ufsm.br\/cursos\/pos-graduacao\/santa-maria\/ppgep\/editais\/006-2022\/\" target=\"_blank\" rel=\"noopener\">Edital\u00a0<\/a>(01\/07\/2022) \u2013\u00a0<a href=\"https:\/\/www.ufsm.br\/app\/uploads\/sites\/551\/2022\/07\/Edital_06_2022_Bolsa_DOUTORADO_CAPES_PPGEP_Resultado.pdf\" target=\"_blank\" rel=\"noopener\">Resultado<\/a>\u00a0(08\/07\/2022)<\/p>\n<\/li>\n<li>\n<p>Edital 03\/2022 N\u00edvel Doutorado:\u00a0<a href=\"https:\/\/www.ufsm.br\/cursos\/pos-graduacao\/santa-maria\/ppgep\/editais\/003-2022\/\" target=\"_blank\" rel=\"noopener\">Edital\u00a0<\/a>(05\/04\/2022) \u2013\u00a0<a href=\"https:\/\/www.ufsm.br\/app\/uploads\/sites\/551\/2022\/04\/Edital_03_2022_Bolsa_DOUTORADO_CAPES_PPGEP_Resultado.pdf\" target=\"_blank\" rel=\"noopener\">Resultado\u00a0<\/a>(11\/04\/2022)<\/p>\n<\/li>\n<li>\n<p>Edital 02\/2021 N\u00edvel Doutorado:\u00a0<a href=\"https:\/\/www.ufsm.br\/app\/uploads\/sites\/551\/2021\/03\/Edital_02_2021_Bolsa_DOUTORADO_CAPES_PPGEP.pdf\" target=\"_blank\" rel=\"noopener\">Edital\u00a0<\/a>(05\/03\/2021) \u2013\u00a0<a href=\"https:\/\/www.ufsm.br\/app\/uploads\/sites\/551\/2021\/03\/Edital_02_2021_Bolsa_DOUTORADO_CAPES_PPGEP_Resultado.pdf\" target=\"_blank\" rel=\"noopener\">Resultado\u00a0<\/a>(09\/03\/2021)<\/p>\n<\/li>\n<li>\n<p>Edital 02\/2020 N\u00edvel Doutorado:\u00a0<a href=\"https:\/\/www.ufsm.br\/cursos\/pos-graduacao\/santa-maria\/ppgep\/wp-content\/uploads\/sites\/551\/2020\/03\/Edital_02_2020_Bolsa_DOUTORADO_CAPES_PPGEP.pdf\" target=\"_blank\" rel=\"noopener noreferrer\">Edital<\/a>\u00a0(09\/03\/2020) \u2013\u00a0<a href=\"https:\/\/www.ufsm.br\/cursos\/pos-graduacao\/santa-maria\/ppgep\/wp-content\/uploads\/sites\/551\/2020\/03\/Edital_02_2012_Bolsa_CAPES_PPGEP_Resultado.pdf\" target=\"_blank\" rel=\"noopener noreferrer\">Resultado<\/a>\u00a0(10\/03\/2020)<\/p>\n<\/li>\n<li>\n<p>Edital 06\/2019 N\u00edvel Doutorado:\u00a0<a href=\"https:\/\/www.ufsm.br\/cursos\/pos-graduacao\/santa-maria\/ppgep\/wp-content\/uploads\/sites\/551\/2019\/05\/Edital_06_2019_Bolsa_CAPES_PPGEP.pdf\" target=\"_blank\" rel=\"noopener noreferrer\">Edital<\/a>\u00a0(28\/05\/2019) \u2013\u00a0<a href=\"https:\/\/www.ufsm.br\/cursos\/pos-graduacao\/santa-maria\/ppgep\/wp-content\/uploads\/sites\/551\/2019\/05\/Edital_06_2019_Bolsa_CAPES_PPGEP_Resultado.pdf\" target=\"_blank\" rel=\"noopener noreferrer\">Resultado<\/a>\u00a0(30\/05\/2019)<\/p>\n<\/li>\n<li>\n<p>Edital 05\/2019 N\u00edvel Doutorado:\u00a0<a href=\"https:\/\/www.ufsm.br\/cursos\/pos-graduacao\/santa-maria\/ppgep\/wp-content\/uploads\/sites\/551\/2019\/05\/Edital_05_2019_Bolsa_CAPES_PPGEP.pdf\" target=\"_blank\" rel=\"noopener noreferrer\">Edital<\/a>\u00a0(07\/05\/2019) \u2013\u00a0<a href=\"https:\/\/www.ufsm.br\/cursos\/pos-graduacao\/santa-maria\/ppgep\/wp-content\/uploads\/sites\/551\/2019\/05\/Edital_05_2019_Bolsa_CAPES_PPGEP_Resultado.pdf\" target=\"_blank\" rel=\"noopener noreferrer\">Resultado<\/a>\u00a0(08\/05\/2019)<\/p>\n<\/li>\n<li>\n<p>Edital 04\/2019 N\u00edvel Doutorado:\u00a0<a href=\"https:\/\/www.ufsm.br\/cursos\/pos-graduacao\/santa-maria\/ppgep\/wp-content\/uploads\/sites\/551\/2019\/04\/Edital_04_2019_Bolsa_CAPES_PPGEP.pdf\" target=\"_blank\" rel=\"noopener noreferrer\">Edital<\/a>\u00a0(15\/04\/2019) \u2013\u00a0<a href=\"https:\/\/www.ufsm.br\/cursos\/pos-graduacao\/santa-maria\/ppgep\/wp-content\/uploads\/sites\/551\/2019\/04\/Edital_04_2019_Bolsa_CAPES_PPGEP_Resultado.pdf\" target=\"_blank\" rel=\"noopener noreferrer\">Resultado<\/a>\u00a0(16\/04\/2019)<\/p>\n<\/li>\n<\/ul>\n","protected":false},"excerpt":{"rendered":"<p>A Pr\u00f3-Reitoria de P\u00f3s-Gradua\u00e7\u00e3o e Pesquisa, atrav\u00e9s do N\u00facleo de Sele\u00e7\u00e3o e Bolsas da P\u00f3s-Gradua\u00e7\u00e3o (NSB\/CPG), acompanha e executa alguns programas de bolsas de mestrado, doutorado e p\u00f3s-doutorado. Cada programa de p\u00f3s-gradua\u00e7\u00e3o acad\u00eamico pode ter um determinado n\u00famero de bolsas para atendimento a alunos de mestrado, doutorado e pesquisadores. As bolsas s\u00e3o concedidas por ag\u00eancias [&hellip;]<\/p>\n","protected":false},"author":818,"featured_media":0,"parent":0,"menu_order":0,"comment_status":"closed","ping_status":"closed","template":"","meta":{"footnotes":""},"categories":[],"tags":[],"class_list":["post-2470","page","type-page","status-publish","hentry"],"acf":[],"_links":{"self":[{"href":"https:\/\/www.ufsm.br\/cursos\/pos-graduacao\/santa-maria\/ppgep\/wp-json\/wp\/v2\/pages\/2470","targetHints":{"allow":["GET"]}}],"collection":[{"href":"https:\/\/www.ufsm.br\/cursos\/pos-graduacao\/santa-maria\/ppgep\/wp-json\/wp\/v2\/pages"}],"about":[{"href":"https:\/\/www.ufsm.br\/cursos\/pos-graduacao\/santa-maria\/ppgep\/wp-json\/wp\/v2\/types\/page"}],"author":[{"embeddable":true,"href":"https:\/\/www.ufsm.br\/cursos\/pos-graduacao\/santa-maria\/ppgep\/wp-json\/wp\/v2\/users\/818"}],"replies":[{"embeddable":true,"href":"https:\/\/www.ufsm.br\/cursos\/pos-graduacao\/santa-maria\/ppgep\/wp-json\/wp\/v2\/comments?post=2470"}],"version-history":[{"count":0,"href":"https:\/\/www.ufsm.br\/cursos\/pos-graduacao\/santa-maria\/ppgep\/wp-json\/wp\/v2\/pages\/2470\/revisions"}],"wp:attachment":[{"href":"https:\/\/www.ufsm.br\/cursos\/pos-graduacao\/santa-maria\/ppgep\/wp-json\/wp\/v2\/media?parent=2470"}],"wp:term":[{"taxonomy":"category","embeddable":true,"href":"https:\/\/www.ufsm.br\/cursos\/pos-graduacao\/santa-maria\/ppgep\/wp-json\/wp\/v2\/categories?post=2470"},{"taxonomy":"post_tag","embeddable":true,"href":"https:\/\/www.ufsm.br\/cursos\/pos-graduacao\/santa-maria\/ppgep\/wp-json\/wp\/v2\/tags?post=2470"}],"curies":[{"name":"wp","href":"https:\/\/api.w.org\/{rel}","templated":true}]}}