{"id":2476,"date":"2026-03-17T00:15:06","date_gmt":"2026-03-17T03:15:06","guid":{"rendered":"https:\/\/www.ufsm.br\/cursos\/pos-graduacao\/santa-maria\/ppgep\/?page_id=2476"},"modified":"2026-03-17T15:30:38","modified_gmt":"2026-03-17T18:30:38","slug":"docente","status":"publish","type":"page","link":"https:\/\/www.ufsm.br\/cursos\/pos-graduacao\/santa-maria\/ppgep\/docente","title":{"rendered":"Docente"},"content":{"rendered":"\n<p><a href=\"https:\/\/www.ufsm.br\/cursos\/pos-graduacao\/santa-maria\/ppgep\/credenciamento-e-recredenciamento\" target=\"_blank\" rel=\"noopener\">Credenciamento e recredenciamento<\/a><\/p>\n<p><a href=\"https:\/\/www.ufsm.br\/cursos\/pos-graduacao\/santa-maria\/ppgep\/legislacao\" target=\"_blank\" rel=\"noopener\">Legisla\u00e7\u00e3o<\/a><\/p>\n<p>Pagamento de di\u00e1rias e passagens<\/p>\n<p>Restitui\u00e7\u00e3o de taxa de inscri\u00e7\u00e3o em evento externo<\/p>\n<p>Restitui\u00e7\u00e3o de taxa de publica\u00e7\u00e3o de servidor<\/p>\n<p>Solicita\u00e7\u00e3o de passagens rodovi\u00e1rias<\/p>\n<p>Tradu\u00e7\u00e3o\/revis\u00e3o de textos cient\u00edfico, Edital Pr\u00f3-Publica\u00e7\u00f5es<\/p>\n<p>P\u00e1gina em atualiza\u00e7\u00e3o 17\/03\/2026<\/p>\n","protected":false},"excerpt":{"rendered":"<p>Credenciamento e recredenciamento Legisla\u00e7\u00e3o Pagamento de di\u00e1rias e passagens Restitui\u00e7\u00e3o de taxa de inscri\u00e7\u00e3o em evento externo Restitui\u00e7\u00e3o de taxa de publica\u00e7\u00e3o de servidor Solicita\u00e7\u00e3o de passagens rodovi\u00e1rias Tradu\u00e7\u00e3o\/revis\u00e3o de textos cient\u00edfico, Edital Pr\u00f3-Publica\u00e7\u00f5es P\u00e1gina em atualiza\u00e7\u00e3o 17\/03\/2026<\/p>\n","protected":false},"author":818,"featured_media":0,"parent":0,"menu_order":0,"comment_status":"closed","ping_status":"closed","template":"","meta":{"footnotes":""},"categories":[],"tags":[],"class_list":["post-2476","page","type-page","status-publish","hentry"],"acf":[],"_links":{"self":[{"href":"https:\/\/www.ufsm.br\/cursos\/pos-graduacao\/santa-maria\/ppgep\/wp-json\/wp\/v2\/pages\/2476","targetHints":{"allow":["GET"]}}],"collection":[{"href":"https:\/\/www.ufsm.br\/cursos\/pos-graduacao\/santa-maria\/ppgep\/wp-json\/wp\/v2\/pages"}],"about":[{"href":"https:\/\/www.ufsm.br\/cursos\/pos-graduacao\/santa-maria\/ppgep\/wp-json\/wp\/v2\/types\/page"}],"author":[{"embeddable":true,"href":"https:\/\/www.ufsm.br\/cursos\/pos-graduacao\/santa-maria\/ppgep\/wp-json\/wp\/v2\/users\/818"}],"replies":[{"embeddable":true,"href":"https:\/\/www.ufsm.br\/cursos\/pos-graduacao\/santa-maria\/ppgep\/wp-json\/wp\/v2\/comments?post=2476"}],"version-history":[{"count":0,"href":"https:\/\/www.ufsm.br\/cursos\/pos-graduacao\/santa-maria\/ppgep\/wp-json\/wp\/v2\/pages\/2476\/revisions"}],"wp:attachment":[{"href":"https:\/\/www.ufsm.br\/cursos\/pos-graduacao\/santa-maria\/ppgep\/wp-json\/wp\/v2\/media?parent=2476"}],"wp:term":[{"taxonomy":"category","embeddable":true,"href":"https:\/\/www.ufsm.br\/cursos\/pos-graduacao\/santa-maria\/ppgep\/wp-json\/wp\/v2\/categories?post=2476"},{"taxonomy":"post_tag","embeddable":true,"href":"https:\/\/www.ufsm.br\/cursos\/pos-graduacao\/santa-maria\/ppgep\/wp-json\/wp\/v2\/tags?post=2476"}],"curies":[{"name":"wp","href":"https:\/\/api.w.org\/{rel}","templated":true}]}}